{"id":75160,"date":"2025-11-24T19:09:45","date_gmt":"2025-11-24T19:09:45","guid":{"rendered":"https:\/\/hummy.ee\/product\/kong-walther-osterbro-bundle-mini-vaunulukkosarja\/"},"modified":"2026-01-09T13:44:42","modified_gmt":"2026-01-09T13:44:42","slug":"kong-walther-osterbro-bundle-mini-vaunulukkosarja","status":"publish","type":"product","link":"https:\/\/hummy.ee\/fi\/tuote\/kong-walther-osterbro-bundle-mini-vaunulukkosarja\/","title":{"rendered":"Kong.Walther \u00d8sterbro Bundle\/Mini vaunulukkosarja"},"content":{"rendered":"<h6>Molemmat k\u00e4sineet voidaan kiinnitt\u00e4\u00e4 lastenrattaat, lastenrattaisiin, laatikkopy\u00f6r\u00e4\u00e4n, lastenpy\u00f6r\u00e4\u00e4n tai lenkkipy\u00f6r\u00e4\u00e4n. Lasten &#8221;Mini\"-koko sopii noin 1-8-vuotiaille lapsille. \u00d8sterbro-hanskat on valmistettu kest\u00e4v\u00e4st\u00e4 polyuretaanista ja niiss\u00e4 on l\u00e4mmin fleecevuori. Ne ovat tuulen- ja vedenkest\u00e4v\u00e4t, ja molemmilla puolilla olevat vetoketjut tekev\u00e4t asentamisesta nopeaa ja helppoa.   <\/h6>\n<h6><\/h6>\n<h6><em><strong>Ominaisuudet<\/strong><\/em><\/h6>\n<ul data-start=\"995\" data-end=\"1494\">\n<li data-start=\"995\" data-end=\"1050\">\n<h6>2 parin k\u00e4sinepakkaus - vanhemmalle + lapselle.<\/h6>\n<\/li>\n<li data-start=\"1051\" data-end=\"1089\">\n<h6>S\u00e4\u00e4st\u00e4t enemm\u00e4n ostamalla ne sarjana<\/h6>\n<\/li>\n<li data-start=\"1090\" data-end=\"1138\">\n<h6>Lapsen &#8221;Mini\"-koko sopii 1-8-vuotiaille.<\/h6>\n<\/li>\n<li data-start=\"1139\" data-end=\"1231\">\n<h6>Voidaan kiinnitt\u00e4\u00e4 lastenvaunuihin, lastenrattaisiin, laatikkopy\u00f6r\u00e4\u00e4n, polkupy\u00f6r\u00e4\u00e4n ja lenkkipy\u00f6r\u00e4\u00e4n.<\/h6>\n<\/li>\n<li data-start=\"1232\" data-end=\"1255\">\n<h6>L\u00e4mmin fleecevuori<\/h6>\n<\/li>\n<li data-start=\"1256\" data-end=\"1284\">\n<h6>Tuulen- ja vedenkest\u00e4v\u00e4<\/h6>\n<\/li>\n<li data-start=\"1285\" data-end=\"1346\">\n<h6>Vetoketju molemmin puolin helppoa asennusta varten<\/h6>\n<\/li>\n<\/ul>\n<h6><em><strong>Materiaalit osoitteesta<\/strong><\/em><\/h6>\n<ul>\n<li data-start=\"1365\" data-end=\"1404\">\n<h6>P\u00e4\u00e4llystekerros: 100 % polyuretaania.<\/h6>\n<\/li>\n<li data-start=\"1407\" data-end=\"1447\">\n<h6>Vuori ja pehmuste: 100% polyesteri<\/h6>\n<\/li>\n<\/ul>\n<h6 data-start=\"962\" data-end=\"983\"><strong><em>Huolto-opas<\/em><\/strong><\/h6>\n<ul data-start=\"984\" data-end=\"1014\">\n<li data-start=\"984\" data-end=\"995\">\n<h6 data-start=\"986\" data-end=\"995\">Kemiallinen pesu<\/h6>\n<\/li>\n<li data-start=\"996\" data-end=\"1014\">\n<h6 data-start=\"998\" data-end=\"1014\">Ilmakuiva<\/h6>\n<\/li>\n<\/ul>\n<h6><\/h6>\n","protected":false},"excerpt":{"rendered":"<h6 data-start=\"381\" data-end=\"595\">Sek\u00e4 isoilla ett\u00e4 pienill\u00e4 on oikeus l\u00e4mpimiin ja miellytt\u00e4viin k\u00e4siin - ja s\u00e4\u00e4st\u00e4t viel\u00e4 enemm\u00e4n, kun ostat sarjan. Se on t\u00e4ydellinen ratkaisu perheille, jotka viett\u00e4v\u00e4t paljon aikaa ulkona, k\u00e4vellen tai py\u00f6r\u00e4illen. Kong.Walther-merkin \u00d8sterbro-vaunuhansikasetti sis\u00e4lt\u00e4\u00e4 kaksi paria hanskoja:<br data-start=\"308\" data-end=\"311\">yksi pari vanhemmille, yksi pari lapselle.  <\/h6>\n<div class=\"elementor-element elementor-element-26a2bbb e-add-to-cart--show-quantity-yes elementor-widget elementor-widget-woocommerce-product-add-to-cart\" data-id=\"26a2bbb\" data-element_type=\"widget\" data-widget_type=\"woocommerce-product-add-to-cart.default\">\n<div class=\"elementor-widget-container\">\n<div class=\"elementor-add-to-cart elementor-product-simple\">\n<form class=\"cart\" action=\"https:\/\/hummy.ee\/toode\/kong-walther-osterbro-bundle-mini-vankrikinnaste-komplekt-2\/\" enctype=\"multipart\/form-data\" method=\"post\">\n<div class=\"quantity\"><\/div>\n<\/form>\n<\/div>\n<\/div>\n<\/div>\n","protected":false},"featured_media":79774,"comment_status":"open","ping_status":"closed","template":"","meta":{"_acf_changed":false,"om_disable_all_campaigns":false,"_monsterinsights_skip_tracking":false,"_monsterinsights_sitenote_active":false,"_monsterinsights_sitenote_note":"","_monsterinsights_sitenote_category":0,"_uf_show_specific_survey":0,"_uf_disable_surveys":false,"site-sidebar-layout":"default","site-content-layout":"","ast-site-content-layout":"default","site-content-style":"default","site-sidebar-style":"default","ast-global-header-display":"","ast-banner-title-visibility":"","ast-main-header-display":"","ast-hfb-above-header-display":"","ast-hfb-below-header-display":"","ast-hfb-mobile-header-display":"","site-post-title":"","ast-breadcrumbs-content":"","ast-featured-img":"","footer-sml-layout":"","theme-transparent-header-meta":"default","adv-header-id-meta":"","stick-header-meta":"","header-above-stick-meta":"","header-main-stick-meta":"","header-below-stick-meta":"","astra-migrate-meta-layouts":"set","ast-page-background-enabled":"default","ast-page-background-meta":{"desktop":{"background-color":"var(--ast-global-color-4)","background-image":"","background-repeat":"repeat","background-position":"center center","background-size":"auto","background-attachment":"scroll","background-type":"","background-media":"","overlay-type":"","overlay-color":"","overlay-opacity":"","overlay-gradient":""},"tablet":{"background-color":"","background-image":"","background-repeat":"repeat","background-position":"center center","background-size":"auto","background-attachment":"scroll","background-type":"","background-media":"","overlay-type":"","overlay-color":"","overlay-opacity":"","overlay-gradient":""},"mobile":{"background-color":"","background-image":"","background-repeat":"repeat","background-position":"center center","background-size":"auto","background-attachment":"scroll","background-type":"","background-media":"","overlay-type":"","overlay-color":"","overlay-opacity":"","overlay-gradient":""}},"ast-content-background-meta":{"desktop":{"background-color":"var(--ast-global-color-5)","background-image":"","background-repeat":"repeat","background-position":"center center","background-size":"auto","background-attachment":"scroll","background-type":"","background-media":"","overlay-type":"","overlay-color":"","overlay-opacity":"","overlay-gradient":""},"tablet":{"background-color":"var(--ast-global-color-5)","background-image":"","background-repeat":"repeat","background-position":"center center","background-size":"auto","background-attachment":"scroll","background-type":"","background-media":"","overlay-type":"","overlay-color":"","overlay-opacity":"","overlay-gradient":""},"mobile":{"background-color":"var(--ast-global-color-5)","background-image":"","background-repeat":"repeat","background-position":"center center","background-size":"auto","background-attachment":"scroll","background-type":"","background-media":"","overlay-type":"","overlay-color":"","overlay-opacity":"","overlay-gradient":""}}},"product_brand":[],"product_cat":[1186,1185,518],"product_tag":[],"class_list":{"0":"post-75160","1":"product","2":"type-product","3":"status-publish","4":"has-post-thumbnail","6":"product_cat-kahleet","7":"product_cat-kongwalther","8":"product_cat-uudet-tuotteet","9":"desktop-align-left","10":"tablet-align-left","11":"mobile-align-left","13":"first","14":"instock","15":"taxable","16":"shipping-taxable","17":"purchasable","18":"product-type-simple"},"acf":[],"aioseo_notices":[],"_links":{"self":[{"href":"https:\/\/hummy.ee\/fi\/wp-json\/wp\/v2\/product\/75160","targetHints":{"allow":["GET"]}}],"collection":[{"href":"https:\/\/hummy.ee\/fi\/wp-json\/wp\/v2\/product"}],"about":[{"href":"https:\/\/hummy.ee\/fi\/wp-json\/wp\/v2\/types\/product"}],"replies":[{"embeddable":true,"href":"https:\/\/hummy.ee\/fi\/wp-json\/wp\/v2\/comments?post=75160"}],"version-history":[{"count":4,"href":"https:\/\/hummy.ee\/fi\/wp-json\/wp\/v2\/product\/75160\/revisions"}],"predecessor-version":[{"id":77815,"href":"https:\/\/hummy.ee\/fi\/wp-json\/wp\/v2\/product\/75160\/revisions\/77815"}],"wp:featuredmedia":[{"embeddable":true,"href":"https:\/\/hummy.ee\/fi\/wp-json\/wp\/v2\/media\/79774"}],"wp:attachment":[{"href":"https:\/\/hummy.ee\/fi\/wp-json\/wp\/v2\/media?parent=75160"}],"wp:term":[{"taxonomy":"product_brand","embeddable":true,"href":"https:\/\/hummy.ee\/fi\/wp-json\/wp\/v2\/product_brand?post=75160"},{"taxonomy":"product_cat","embeddable":true,"href":"https:\/\/hummy.ee\/fi\/wp-json\/wp\/v2\/product_cat?post=75160"},{"taxonomy":"product_tag","embeddable":true,"href":"https:\/\/hummy.ee\/fi\/wp-json\/wp\/v2\/product_tag?post=75160"}],"curies":[{"name":"wp","href":"https:\/\/api.w.org\/{rel}","templated":true}]}}