{"id":68524,"date":"2025-09-11T12:45:22","date_gmt":"2025-09-11T12:45:22","guid":{"rendered":"https:\/\/hummy.ee\/product\/leclercbaby-monnalisa-lastenrattaat-kahdelle-lapselle\/"},"modified":"2026-04-13T16:57:05","modified_gmt":"2026-04-13T16:57:05","slug":"leclercbaby-monnalisa-sisarusrattaat","status":"publish","type":"product","link":"https:\/\/hummy.ee\/fi\/tuote\/leclercbaby-monnalisa-sisarusrattaat\/","title":{"rendered":"Leclercbaby Monnalisa sisarusrattaat"},"content":{"rendered":"<h6 data-start=\"76\" data-end=\"909\">Leclercbaby Monnalisa -matkarattaat on suunniteltu modernille ja tyylitietoiselle vanhemmalle, joka arvostaa mukavuutta ja ylellist\u00e4 muotoilua. Rajoitetun er\u00e4n rattaat erottuvat vaaleanpunaisella metallirungolla, pehmeill\u00e4 vaaleanpunaisilla yksityiskohdilla, kiilt\u00e4vill\u00e4 vetoketjuilla ja kauniilla Monnalisan tunnusomaisella kukkakuosilla, joka tuo jokaiselle k\u00e4velylle erityist\u00e4 s\u00e4ihkett\u00e4. Ainutlaatuisen yhden k\u00e4den automaattisen taittomekanismin ansiosta Monnalisa-matkarattaat ovat helppoja ja k\u00e4tevi\u00e4 k\u00e4ytt\u00e4\u00e4 my\u00f6s silloin, kun pid\u00e4t lasta syliss\u00e4. Rattaat painavat vain 6,6 kg, ovat k\u00e4simatkatavarakokoiset ja mahtuvat useimpien lentoyhti\u00f6iden matkustamoon, mik\u00e4 tekee matkustamisesta helppoa ja huolettomaa. Sopii jopa 22 kg painavalle lapselle, ja Leclercbaby Twin Duo -liittimien avulla voit muuttaa kaksi erillist\u00e4 Monnalisa-matkaratasta nopeasti kahden lapsen rattaiksi \u2013 ihanteellinen ratkaisu kaksosille tai perheille, joissa on kaksi pient\u00e4 lasta.    <\/h6>\n<p>&nbsp;<\/p>\n<h6><strong>Laatikon sis\u00e4lt\u00f6:<\/strong><\/h6>\n<ul>\n<li>\n<h6>Etukaari (2 kpl)<\/h6>\n<\/li>\n<li>\n<h6>Suojapussi (2 kpl)<\/h6>\n<\/li>\n<li>\n<h6><a href=\"https:\/\/hummy.ee\/fi\/tuote\/leclercbaby-twin-duo-liittimet\/\" target=\"_blank\" rel=\"noopener\">Twin\/Duo liittimet<\/a> (3 kpl)<\/h6>\n<\/li>\n<\/ul>\n<h6><strong><em>K\u00e4ytt\u00f6mukavuutta sinulle ja vauvallesi:<\/em><\/strong><\/h6>\n<ul>\n<li>\n<h6>Kuomussa kurkistusikkuna ja kangasp\u00e4\u00e4llinen (magneettinen)<\/h6>\n<\/li>\n<li>\n<h6>3 asentoon s\u00e4\u00e4dett\u00e4v\u00e4 selk\u00e4noja (voidaan laskea my\u00f6s kokonaan alas)<\/h6>\n<\/li>\n<li>\n<h6>S\u00e4\u00e4dett\u00e4v\u00e4 jalkatuki (toimii jatkopalana selk\u00e4nojan ollessa laskettuna t\u00e4ysin alas)<\/h6>\n<\/li>\n<\/ul>\n<h6><strong><em>Helppo k\u00e4ytt\u00e4\u00e4:<\/em><\/strong><\/h6>\n<ul>\n<li>\n<h6>Yhden k\u00e4den taittoj\u00e4rjestelm\u00e4<\/h6>\n<\/li>\n<li>\n<h6>5-pistemagneettiturvavy\u00f6<\/h6>\n<\/li>\n<li>\n<h6>Jousitetut py\u00f6r\u00e4t<\/h6>\n<\/li>\n<li>\n<h6>Suuri jalkatuki<\/h6>\n<\/li>\n<li>\n<h6>N\u00e4pp\u00e4r\u00e4t kiinnikkeet hoitokassille ja organizer<\/h6>\n<\/li>\n<\/ul>\n<h6><strong><em>S\u00e4\u00e4suoja:<\/em><\/strong><\/h6>\n<ul>\n<li>\n<h6>Jatkettava kuomu 50+ SPF<\/h6>\n<\/li>\n<li>\n<h6>600D vett\u00e4 hylkiv\u00e4 kangas<\/h6>\n<\/li>\n<\/ul>\n<h6><strong><em>Eritt\u00e4in laadukkaat materiaalit<\/em><\/strong><\/h6>\n<ul>\n<li>\n<h6>Keinonahalla p\u00e4\u00e4llystetty aisa + etukaari (PU)<\/h6>\n<\/li>\n<li>\n<h6>Lujatekoinen s\u00e4ilytyspussi<\/h6>\n<\/li>\n<li>\n<h6>100 % PU py\u00f6r\u00e4t ja paljon muuta<\/h6>\n<\/li>\n<\/ul>\n<h6><strong><em>Tekniset tiedot:<\/em><\/strong><\/h6>\n<ul>\n<li>\n<h6>Paino py\u00f6r\u00e4t mukaan lukien: 6,6 kg (yhden vaunun paino).<\/h6>\n<\/li>\n<li>\n<h6>Ty\u00f6nt\u00f6kahvan korkeus: 101,5 cm<\/h6>\n<\/li>\n<li>\n<h6>Leveys avattuna: 47 cm<\/h6>\n<\/li>\n<li>\n<h6>Mitat taitettuna: 56 \u00d7 47 \u00d7 24 cm.<\/h6>\n<\/li>\n<\/ul>\n<p>&nbsp;<\/p>\n<h6><strong><em>Kukkakuvio tuo ripauksen romantiikkaa!<\/em><\/strong><\/h6>\n<h6 data-start=\"2408\" data-end=\"2798\">Oletko valmis hauskoihin seikkailuihin yhdess\u00e4 uusien Leclerc Baby by Monnalisa -matkarattaiden kanssa? Ainutlaatuisen yhdell\u00e4 k\u00e4dell\u00e4 k\u00e4ytett\u00e4v\u00e4n taittomekanismin ansiosta voit nauttia matkasta k\u00e4tev\u00e4sti, mukavasti ja turvallisesti. N\u00e4iss\u00e4 Limited edition -rattaissa on ruusukullan s\u00e4vyinen runko, vaaleanpunaiset yksityiskohdat py\u00f6riss\u00e4 ja muita huolella valittuja tyylikk\u00e4it\u00e4 varusteita, kuten esimerkiksi s\u00e4ihkyv\u00e4t pinkit vetoketjut. Ikoninen Monnalisan kukkaprintti viimeistelee kokonaisuuden.  <\/h6>\n<p>&nbsp;<\/p>\n<h6 data-start=\"2800\" data-end=\"3093\">qw2Leclerc Baby by Monnalisa -rattaissa on kolme v\u00e4rivaihtoehtoa: Antique Pink, Birch ja Black, ja hohtava ruusukullan s\u00e4vyinen runko viimeistelee ikonisen kukkaprintin. Leclerc Baby by Monnalisa -mallistosta l\u00f6yd\u00e4t my\u00f6s lapsiperheen arkea helpottavat yhteensopivat tarvikkeet, jotka viimeistelev\u00e4t kokonaisuuden.  <\/h6>\n<p>&nbsp;<\/p>\n<h6><em>Lue lis\u00e4\u00e4 siit\u00e4, miten valita matkarattaat Hummyn <a href=\"https:\/\/hummy.ee\/fi\/blogi\/\" target=\"_blank\" rel=\"noopener\">blogista<\/a>.<\/em><\/h6>\n<h6><em>Tutustu Leclercbaby-linkkiin <a href=\"https:\/\/www.youtube.com\/watch?v=HFbqUnqFFXA\">t\u00e4\u00e4ll\u00e4 <\/a>.j<\/em><em>a Monnalisa-vaunu <\/em><em><a href=\"https:\/\/www.youtube.com\/watch?v=PR4culPs7BE\" target=\"_blank\" rel=\"noopener\">t\u00e4\u00e4ll\u00e4.<\/a><\/em><\/h6>\n","protected":false},"excerpt":{"rendered":"<h6 data-start=\"508\" data-end=\"825\">Muuta kaksi erillist\u00e4 Leclercbaby Monnalisa -kukkakuosista matkarattaat hetkess\u00e4 kahden lapsen rattaiksi Leclercbaby Twin Duo -liittimien avulla (3 kpl pakkauksessa). T\u00e4ydellinen ratkaisu kaksosille tai perheille, joissa on kaksi pient\u00e4 lasta \u2013 yksinkertainen mutta tukeva setti yhdist\u00e4\u00e4 rattaat turvallisesti ja mahdollistaa mukavan vierekk\u00e4in liikkumisen. Tarvitsetko joustavuutta? Irrota kolme liitint\u00e4 sekunneissa ja k\u00e4yt\u00e4 rattaita erikseen \u2013 yhdet kummallekin vanhemmalle! Olipa kyseess\u00e4 arjen k\u00e4vely tai seikkailu luonnossa, n\u00e4m\u00e4 liittimet antavat sinulle vapauden vaihtaa helposti yhden ja kahden lapsen k\u00e4yt\u00f6n v\u00e4lill\u00e4. K\u00e4\u00e4nn\u00e4 vain liitint\u00e4, ja rattaat ovat hetkess\u00e4 taas erikseen k\u00e4ytett\u00e4viss\u00e4.     <\/h6>\n","protected":false},"featured_media":68502,"comment_status":"open","ping_status":"closed","template":"","meta":{"_acf_changed":false,"om_disable_all_campaigns":false,"_monsterinsights_skip_tracking":false,"_monsterinsights_sitenote_active":false,"_monsterinsights_sitenote_note":"","_monsterinsights_sitenote_category":0,"_uf_show_specific_survey":0,"_uf_disable_surveys":false,"site-sidebar-layout":"default","site-content-layout":"","ast-site-content-layout":"default","site-content-style":"default","site-sidebar-style":"default","ast-global-header-display":"","ast-banner-title-visibility":"","ast-main-header-display":"","ast-hfb-above-header-display":"","ast-hfb-below-header-display":"","ast-hfb-mobile-header-display":"","site-post-title":"","ast-breadcrumbs-content":"","ast-featured-img":"","footer-sml-layout":"","theme-transparent-header-meta":"default","adv-header-id-meta":"","stick-header-meta":"","header-above-stick-meta":"","header-main-stick-meta":"","header-below-stick-meta":"","astra-migrate-meta-layouts":"set","ast-page-background-enabled":"default","ast-page-background-meta":{"desktop":{"background-color":"var(--ast-global-color-4)","background-image":"","background-repeat":"repeat","background-position":"center center","background-size":"auto","background-attachment":"scroll","background-type":"","background-media":"","overlay-type":"","overlay-color":"","overlay-opacity":"","overlay-gradient":""},"tablet":{"background-color":"","background-image":"","background-repeat":"repeat","background-position":"center center","background-size":"auto","background-attachment":"scroll","background-type":"","background-media":"","overlay-type":"","overlay-color":"","overlay-opacity":"","overlay-gradient":""},"mobile":{"background-color":"","background-image":"","background-repeat":"repeat","background-position":"center center","background-size":"auto","background-attachment":"scroll","background-type":"","background-media":"","overlay-type":"","overlay-color":"","overlay-opacity":"","overlay-gradient":""}},"ast-content-background-meta":{"desktop":{"background-color":"var(--ast-global-color-5)","background-image":"","background-repeat":"repeat","background-position":"center center","background-size":"auto","background-attachment":"scroll","background-type":"","background-media":"","overlay-type":"","overlay-color":"","overlay-opacity":"","overlay-gradient":""},"tablet":{"background-color":"var(--ast-global-color-5)","background-image":"","background-repeat":"repeat","background-position":"center center","background-size":"auto","background-attachment":"scroll","background-type":"","background-media":"","overlay-type":"","overlay-color":"","overlay-opacity":"","overlay-gradient":""},"mobile":{"background-color":"var(--ast-global-color-5)","background-image":"","background-repeat":"repeat","background-position":"center center","background-size":"auto","background-attachment":"scroll","background-type":"","background-media":"","overlay-type":"","overlay-color":"","overlay-opacity":"","overlay-gradient":""}}},"product_brand":[],"product_cat":[561,507,324,409],"product_tag":[],"class_list":{"0":"post-68524","1":"product","2":"type-product","3":"status-publish","4":"has-post-thumbnail","6":"product_cat-kaksosrattaat","7":"product_cat-kampanja","8":"product_cat-leclercbaby","9":"product_cat-karryt","10":"desktop-align-left","11":"tablet-align-left","12":"mobile-align-left","14":"first","15":"instock","16":"sale","17":"taxable","18":"shipping-taxable","19":"purchasable","20":"product-type-variable"},"acf":[],"aioseo_notices":[],"_links":{"self":[{"href":"https:\/\/hummy.ee\/fi\/wp-json\/wp\/v2\/product\/68524","targetHints":{"allow":["GET"]}}],"collection":[{"href":"https:\/\/hummy.ee\/fi\/wp-json\/wp\/v2\/product"}],"about":[{"href":"https:\/\/hummy.ee\/fi\/wp-json\/wp\/v2\/types\/product"}],"replies":[{"embeddable":true,"href":"https:\/\/hummy.ee\/fi\/wp-json\/wp\/v2\/comments?post=68524"}],"version-history":[{"count":13,"href":"https:\/\/hummy.ee\/fi\/wp-json\/wp\/v2\/product\/68524\/revisions"}],"predecessor-version":[{"id":86648,"href":"https:\/\/hummy.ee\/fi\/wp-json\/wp\/v2\/product\/68524\/revisions\/86648"}],"wp:featuredmedia":[{"embeddable":true,"href":"https:\/\/hummy.ee\/fi\/wp-json\/wp\/v2\/media\/68502"}],"wp:attachment":[{"href":"https:\/\/hummy.ee\/fi\/wp-json\/wp\/v2\/media?parent=68524"}],"wp:term":[{"taxonomy":"product_brand","embeddable":true,"href":"https:\/\/hummy.ee\/fi\/wp-json\/wp\/v2\/product_brand?post=68524"},{"taxonomy":"product_cat","embeddable":true,"href":"https:\/\/hummy.ee\/fi\/wp-json\/wp\/v2\/product_cat?post=68524"},{"taxonomy":"product_tag","embeddable":true,"href":"https:\/\/hummy.ee\/fi\/wp-json\/wp\/v2\/product_tag?post=68524"}],"curies":[{"name":"wp","href":"https:\/\/api.w.org\/{rel}","templated":true}]}}