{"id":68449,"date":"2025-09-11T12:21:45","date_gmt":"2025-09-11T12:21:45","guid":{"rendered":"https:\/\/hummy.ee\/product\/leclercbaby-influencer-lastenvaunut-kahdelle-lapselle\/"},"modified":"2026-04-14T06:38:44","modified_gmt":"2026-04-14T06:38:44","slug":"leclercbaby-influencer-sisarusrattaat","status":"publish","type":"product","link":"https:\/\/hummy.ee\/fi\/tuote\/leclercbaby-influencer-sisarusrattaat\/","title":{"rendered":"Leclercbaby Influencer sisarusrattaat"},"content":{"rendered":"<h6>Upeiden suklaanruskeiden ja vaaleanpunaisten yksityiskohtien ansiosta Leclerc Baby Influencer on markkinoiden ehdoton trendisetteri. Upeat v\u00e4riyhdistelm\u00e4t, kauniit materiaalit ja mahtavan k\u00e4ytt\u00f6mukavuuden varmistava automaattinen OneTouch-taittomekanismi. <\/h6>\n<h6>Nyt voit muuttaa kaksi erillist\u00e4 Influencer-ratasta hetkess\u00e4 kahden lapsen rattaiksi Twin Duo -liittimien avulla. Ihanteellinen ratkaisu kaksosille tai perheille, joissa on kaksi pient\u00e4 lasta. Pakkaa rattaat k\u00e4tev\u00e4sti mukaan matkakassiin niin autolla, junalla kuin lentokoneella matkustaessasi. Vain 6,6 kg painava Influencer on kevyt, laadukas ja kompakti. Erinomaista on my\u00f6s se, ett\u00e4 rattaat sopivat jopa 22 kg painavalle lapselle. K\u00e4simatkatavaran kokoinen \u2013 mahtuu lentokoneen matkustamossa yl\u00e4hyllylle.     <\/h6>\n<p>&nbsp;<\/p>\n<h6><strong>Laatikon sis\u00e4lt\u00f6:<\/strong><\/h6>\n<ul>\n<li>\n<h6>Mukinpidike (2 kpl)<\/h6>\n<\/li>\n<li>\n<h6>Etukaari (2 kpl)<\/h6>\n<\/li>\n<li>\n<h6>Suojapussi (2 kpl)<\/h6>\n<\/li>\n<li>\n<h6><a href=\"https:\/\/hummy.ee\/fi\/tuote\/leclercbaby-twin-duo-liittimet\/\" target=\"_blank\" rel=\"noopener\">Twin\/Duo liittimet<\/a> (3 kpl)<\/h6>\n<\/li>\n<\/ul>\n<h6>Huom! Sadesuoja sis\u00e4ltyy Grey Melange -v\u00e4risiin rattaisiin. <\/h6>\n<p>&nbsp;<\/p>\n<h6><strong><em>Miksi valita Leclercbaby matkarattaat?<\/em><\/strong><\/h6>\n<h6>Miksi n\u00e4hd\u00e4 vaivaa monimutkaisen ja painavan perinteisen rattaan kanssa, kun voit valita jotain helpompaa ja k\u00e4yt\u00e4nn\u00f6llisemp\u00e4\u00e4? Itse asiassa Leclercbaby -matkarattaat ovat \u00e4\u00e4rimm\u00e4isen helppok\u00e4ytt\u00f6isi\u00e4 \u2013 ne taittuvat kasaan ja avautuvat yhdell\u00e4 k\u00e4dell\u00e4. T\u00e4m\u00e4 tarkoittaa, ett\u00e4 voit valmistella rattaan samalla kun pid\u00e4t lasta toisessa k\u00e4dess\u00e4.  <\/h6>\n<p>&nbsp;<\/p>\n<h6>Lis\u00e4ksi kokoontaitto tapahtuu vain yhdell\u00e4 liikkeell\u00e4 ja painovoiman avulla. Toisin kuin monissa muissa rattaissa, emme ole k\u00e4ytt\u00e4neet herkki\u00e4 jousia tai ilmat\u00e4ytteisi\u00e4 renkaita, mik\u00e4 tekee koko j\u00e4rjestelm\u00e4st\u00e4 entist\u00e4 kest\u00e4v\u00e4mm\u00e4n. Tietenkin t\u00e4m\u00e4 kuuluu my\u00f6s takuumme piiriin!  <\/h6>\n<p>&nbsp;<\/p>\n<h6><strong><em>K\u00e4ytt\u00f6mukavuutta sinulle ja vauvallesi:<\/em><\/strong><\/h6>\n<ul>\n<li>\n<h6>Kuomussa kurkistusikkuna ja kangasp\u00e4\u00e4llinen (magneettinen)<\/h6>\n<\/li>\n<li>\n<h6>3 asentoon s\u00e4\u00e4dett\u00e4v\u00e4 selk\u00e4noja (voidaan laskea my\u00f6s kokonaan alas)<\/h6>\n<\/li>\n<li>\n<h6>S\u00e4\u00e4dett\u00e4v\u00e4 jalkatuki (toimii jatkopalana selk\u00e4nojan ollessa laskettuna t\u00e4ysin alas)<\/h6>\n<\/li>\n<\/ul>\n<h6><strong><em>Helppo k\u00e4ytt\u00e4\u00e4:<\/em><\/strong><\/h6>\n<ul>\n<li>\n<h6>Irrotettava etukaari<\/h6>\n<\/li>\n<li>\n<h6>5-pistemagneettiturvavy\u00f6<\/h6>\n<\/li>\n<li>\n<h6>Jousitetut py\u00f6r\u00e4t<\/h6>\n<\/li>\n<li>\n<h6>Suuri jalkatuki<\/h6>\n<\/li>\n<li>\n<h6>N\u00e4pp\u00e4r\u00e4t kiinnikkeet hoitokassille ja organizer<\/h6>\n<\/li>\n<\/ul>\n<h6><em><strong>S\u00e4\u00e4nkest\u00e4v\u00e4:<\/strong><\/em><\/h6>\n<ul>\n<li>\n<h6>Jatkettava kuomu 50+ SPF<\/h6>\n<\/li>\n<li>\n<h6>600D vett\u00e4 hylkiv\u00e4 kangas<\/h6>\n<\/li>\n<li>\n<h6>Eritt\u00e4in laadukkaat materiaalit<\/h6>\n<\/li>\n<li>\n<h6>Keinonahalla p\u00e4\u00e4llystetty aisa + etukaari (PU)<\/h6>\n<\/li>\n<li>\n<h6>Lujatekoinen s\u00e4ilytyspussi<\/h6>\n<\/li>\n<li>\n<h6>100 % PU py\u00f6r\u00e4t ja paljon muuta<\/h6>\n<\/li>\n<\/ul>\n<h6><em><strong>Lis\u00e4tietoja:<\/strong><\/em><\/h6>\n<ul>\n<li>\n<h6>Matkarattaat saa taitettua kasaan ja avattua yhdell\u00e4 liikkeell\u00e4<\/h6>\n<\/li>\n<li>\n<h6>K\u00e4simatkatavaran koko - mahtuu matkustamon yl\u00e4osastoon.<\/h6>\n<\/li>\n<li>\n<h6>Sopii 6 kuukauden i\u00e4st\u00e4 aina 22 kg:aan \/ noin 5 .  vuoden ik\u00e4\u00e4n asti<\/h6>\n<\/li>\n<li>\n<h6>Saatavilla eri malleina sek\u00e4 yhdistelmin\u00e4, joissa on my\u00f6s vaunukoppa.<\/h6>\n<\/li>\n<li>\n<h6>Mitat kokoontaitettuna: 56 x 47 x 24 cm.<\/h6>\n<\/li>\n<li>\n<h6>Paino: 6,6 kg (yhden vaunun paino).<\/h6>\n<\/li>\n<\/ul>\n<h6><em>Lue lis\u00e4\u00e4 siit\u00e4, miten valita matkarattaat Hummyn <a href=\"https:\/\/hummy.ee\/fi\/blogi\/\" target=\"_blank\" rel=\"noopener\">blogista<\/a>.<\/em><\/h6>\n<h6><em>Tutustu Leclercbaby-linkkiin <a href=\"https:\/\/www.youtube.com\/watch?v=HFbqUnqFFXA\">t\u00e4\u00e4ll\u00e4 <\/a>j<\/em><em>a Infuencer-vaunu <a href=\"https:\/\/www.youtube.com\/watch?v=g6HBcJQz3l8\" target=\"_blank\" rel=\"noopener\">t\u00e4\u00e4lt\u00e4.<\/a><\/em><\/h6>\n","protected":false},"excerpt":{"rendered":"<h6 data-start=\"136\" data-end=\"429\">Muuta kaksi erillist\u00e4 Leclercbaby Influencer -kevytrattaat hetkess\u00e4 kahden lapsen rattaiksi Leclercbaby Twin Duo -liittimien avulla (3 kpl pakkauksessa). T\u00e4ydellinen ratkaisu kaksosille tai perheille, joissa on kaksi pient\u00e4 lasta \u2013 yksinkertainen mutta tukeva setti yhdist\u00e4\u00e4 rattaat turvallisesti ja mahdollistaa mukavan vierekk\u00e4in liikkumisen. Tarvitsetko joustavuutta? Irrota kolme liitint\u00e4 sekunneissa ja k\u00e4yt\u00e4 rattaita erikseen \u2013 yhdet kummallekin vanhemmalle! Olipa kyseess\u00e4 arjen k\u00e4vely tai seikkailu luonnossa, n\u00e4m\u00e4 liittimet antavat sinulle vapauden vaihtaa helposti yhden ja kahden lapsen k\u00e4yt\u00f6n v\u00e4lill\u00e4. K\u00e4\u00e4nn\u00e4 vain liitint\u00e4, ja rattaat ovat hetkess\u00e4 taas erikseen k\u00e4ytett\u00e4viss\u00e4.     <\/h6>\n","protected":false},"featured_media":68334,"comment_status":"open","ping_status":"closed","template":"","meta":{"_acf_changed":false,"om_disable_all_campaigns":false,"_monsterinsights_skip_tracking":false,"_monsterinsights_sitenote_active":false,"_monsterinsights_sitenote_note":"","_monsterinsights_sitenote_category":0,"_uf_show_specific_survey":0,"_uf_disable_surveys":false,"site-sidebar-layout":"default","site-content-layout":"","ast-site-content-layout":"default","site-content-style":"default","site-sidebar-style":"default","ast-global-header-display":"","ast-banner-title-visibility":"","ast-main-header-display":"","ast-hfb-above-header-display":"","ast-hfb-below-header-display":"","ast-hfb-mobile-header-display":"","site-post-title":"","ast-breadcrumbs-content":"","ast-featured-img":"","footer-sml-layout":"","theme-transparent-header-meta":"default","adv-header-id-meta":"","stick-header-meta":"","header-above-stick-meta":"","header-main-stick-meta":"","header-below-stick-meta":"","astra-migrate-meta-layouts":"set","ast-page-background-enabled":"default","ast-page-background-meta":{"desktop":{"background-color":"var(--ast-global-color-4)","background-image":"","background-repeat":"repeat","background-position":"center center","background-size":"auto","background-attachment":"scroll","background-type":"","background-media":"","overlay-type":"","overlay-color":"","overlay-opacity":"","overlay-gradient":""},"tablet":{"background-color":"","background-image":"","background-repeat":"repeat","background-position":"center center","background-size":"auto","background-attachment":"scroll","background-type":"","background-media":"","overlay-type":"","overlay-color":"","overlay-opacity":"","overlay-gradient":""},"mobile":{"background-color":"","background-image":"","background-repeat":"repeat","background-position":"center center","background-size":"auto","background-attachment":"scroll","background-type":"","background-media":"","overlay-type":"","overlay-color":"","overlay-opacity":"","overlay-gradient":""}},"ast-content-background-meta":{"desktop":{"background-color":"var(--ast-global-color-5)","background-image":"","background-repeat":"repeat","background-position":"center center","background-size":"auto","background-attachment":"scroll","background-type":"","background-media":"","overlay-type":"","overlay-color":"","overlay-opacity":"","overlay-gradient":""},"tablet":{"background-color":"var(--ast-global-color-5)","background-image":"","background-repeat":"repeat","background-position":"center center","background-size":"auto","background-attachment":"scroll","background-type":"","background-media":"","overlay-type":"","overlay-color":"","overlay-opacity":"","overlay-gradient":""},"mobile":{"background-color":"var(--ast-global-color-5)","background-image":"","background-repeat":"repeat","background-position":"center center","background-size":"auto","background-attachment":"scroll","background-type":"","background-media":"","overlay-type":"","overlay-color":"","overlay-opacity":"","overlay-gradient":""}}},"product_brand":[],"product_cat":[561,507,324,409],"product_tag":[],"class_list":{"0":"post-68449","1":"product","2":"type-product","3":"status-publish","4":"has-post-thumbnail","6":"product_cat-kaksosrattaat","7":"product_cat-kampanja","8":"product_cat-leclercbaby","9":"product_cat-karryt","10":"desktop-align-left","11":"tablet-align-left","12":"mobile-align-left","14":"first","15":"instock","16":"sale","17":"taxable","18":"shipping-taxable","19":"purchasable","20":"product-type-variable"},"acf":[],"aioseo_notices":[],"_links":{"self":[{"href":"https:\/\/hummy.ee\/fi\/wp-json\/wp\/v2\/product\/68449","targetHints":{"allow":["GET"]}}],"collection":[{"href":"https:\/\/hummy.ee\/fi\/wp-json\/wp\/v2\/product"}],"about":[{"href":"https:\/\/hummy.ee\/fi\/wp-json\/wp\/v2\/types\/product"}],"replies":[{"embeddable":true,"href":"https:\/\/hummy.ee\/fi\/wp-json\/wp\/v2\/comments?post=68449"}],"version-history":[{"count":13,"href":"https:\/\/hummy.ee\/fi\/wp-json\/wp\/v2\/product\/68449\/revisions"}],"predecessor-version":[{"id":86657,"href":"https:\/\/hummy.ee\/fi\/wp-json\/wp\/v2\/product\/68449\/revisions\/86657"}],"wp:featuredmedia":[{"embeddable":true,"href":"https:\/\/hummy.ee\/fi\/wp-json\/wp\/v2\/media\/68334"}],"wp:attachment":[{"href":"https:\/\/hummy.ee\/fi\/wp-json\/wp\/v2\/media?parent=68449"}],"wp:term":[{"taxonomy":"product_brand","embeddable":true,"href":"https:\/\/hummy.ee\/fi\/wp-json\/wp\/v2\/product_brand?post=68449"},{"taxonomy":"product_cat","embeddable":true,"href":"https:\/\/hummy.ee\/fi\/wp-json\/wp\/v2\/product_cat?post=68449"},{"taxonomy":"product_tag","embeddable":true,"href":"https:\/\/hummy.ee\/fi\/wp-json\/wp\/v2\/product_tag?post=68449"}],"curies":[{"name":"wp","href":"https:\/\/api.w.org\/{rel}","templated":true}]}}