{"id":68292,"date":"2025-09-11T11:45:25","date_gmt":"2025-09-11T11:45:25","guid":{"rendered":"https:\/\/hummy.ee\/product\/leclercbaby-influencer-xl-lastenvaunut-kahdelle-lapselle\/"},"modified":"2026-04-13T17:03:37","modified_gmt":"2026-04-13T17:03:37","slug":"leclercbaby-influencer-xl-sisarusrattaat","status":"publish","type":"product","link":"https:\/\/hummy.ee\/fi\/tuote\/leclercbaby-influencer-xl-sisarusrattaat\/","title":{"rendered":"Leclercbaby Influencer XL sisarusrattaat"},"content":{"rendered":"<h6>Influencer XL avartaa arkea.\u202fXL on Influencerin \u201disoveli\u201d, joka huomataan varmasti. Kuten Influencerkin, my\u00f6s XL voidaan taittaa kokoon ja avata vain 1,5 sekunnissa yhdell\u00e4 painikkeen painalluksella!   Rattaissa on reilun kokoiset py\u00f6r\u00e4t, joten niill\u00e4 p\u00e4\u00e4see helposti liikkumaan my\u00f6s maastossa ja tutustumaan ymp\u00e4rist\u00f6\u00f6n. Isot py\u00f6r\u00e4t tekev\u00e4t rattaiden alaosasta tilavamman, ja ainutlaatuisen taittomekanismin ansiosta Influencer\u202fXL\u202f-rattaat sopivat erinomaisesti matkailuun, kaupunkiin, luontoon tutustumiseen ja vaihtelevalla pohjalla liikkumiseen. Istuinosassa on pehme\u00e4 toppaus, joten lapsi viihtyy rattaissa pidemmill\u00e4kin matkoilla.   <\/h6>\n<p>&nbsp;<\/p>\n<h6><strong>Laatikon sis\u00e4lt\u00f6:<\/strong><\/h6>\n<ul>\n<li>\n<h6>Mukinpidike (2 kpl)<\/h6>\n<\/li>\n<li>\n<h6>Etukaari (2 kpl)<\/h6>\n<\/li>\n<li>\n<h6>Suojapussi (2 kpl)<\/h6>\n<\/li>\n<li>\n<h6><a href=\"https:\/\/hummy.ee\/fi\/tuote\/leclercbaby-twin-duo-liittimet\/\" target=\"_blank\" rel=\"noopener\">Twin\/Duo liittimet<\/a> (3 kpl)<\/h6>\n<\/li>\n<\/ul>\n<h6>Laadun huomaa pienist\u00e4 yksityiskohdista\u2026 Me Leclerc Babyll\u00e4 kiinnit\u00e4mme huomiota yksityiskohtiin, toimivuuteen, turvallisuuteen, SEK\u00c4 tyyliin.<\/h6>\n<p>&nbsp;<\/p>\n<h6 class=\"wp-block-heading\"><strong><em>Ominaisuudet:<\/em><\/strong><\/h6>\n<h6>Influencer XL -rattaissa on magneettisesti avautuva ja sulkeutuva tuuletusaukko, joka mahdollistaa erinomaisen ilmankierron l\u00e4mpim\u00e4ll\u00e4 s\u00e4\u00e4ll\u00e4 ja nukkuvan vauvan tilan hallinnan. Selk\u00e4puolella on eritt\u00e4in suuri tasku, joka on ihanteellinen matkapuhelimelle, avaimille jne., jos olet l\u00e4hd\u00f6ss\u00e4 vain pikaiselle retkelle etk\u00e4 halua ottaa vaippapussia mukaan. Heijastava valjaat k\u00e4sivarsissa auttavat pit\u00e4m\u00e4\u00e4n lapsesi turvassa talviy\u00f6n\u00e4, ja niiss\u00e4 on SPF50+-aurinkosuoja. K\u00e4sinojan vetoketjullinen jatkopaneeli auttaa varmistamaan hyv\u00e4n ilmankierron ja tuo esiin rattaiden upean tyylin. Hienosti viimeistellyt vetoketjut lis\u00e4\u00e4v\u00e4t tyyli\u00e4 Elcee the Fox -vetoketjuilla.    <\/h6>\n<p>&nbsp;<\/p>\n<h6><strong><em>Lis\u00e4tarvikkeet:<\/em><\/strong><\/h6>\n<h6><a href=\"https:\/\/hummy.ee\/fi\/tuote\/leclercbaby-adapteri-turvakaukalolle\/\">Lis\u00e4istuinsovittimien avulla lapsesi<\/a> voi nauttia mukavasta matkasta ryhm\u00e4n 0+ turvaistuimessa syntym\u00e4st\u00e4 l\u00e4htien. T\u00e4ydenn\u00e4 vaunun ulkon\u00e4k\u00f6\u00e4 muutamalla lis\u00e4varusteella. Valitse ylellinen vaippalaukku, jalkapeite, organisointilaite, autosovittimet tai istuimella varustettu jalusta. <\/h6>\n<h6>Saatavana trendikk\u00e4iss\u00e4 kuoseissa. N\u00e4iden k\u00e4tevien lastenrattaiden avulla kuljetat lapsesi helposti minne hyv\u00e4ns\u00e4!<\/h6>\n<p>&nbsp;<\/p>\n<h6><em><strong>Turvallisuus:<\/strong><\/em><\/h6>\n<ul>\n<li>\n<h6>Kuomussa heijastavat putket<\/h6>\n<\/li>\n<li>\n<h6>Reilun kokoinen jarrupoljin (toimii my\u00f6s sandaaleilla ja korkokengill\u00e4)<\/h6>\n<\/li>\n<li>\n<h6>5-pistemagneettiturvavy\u00f6<\/h6>\n<\/li>\n<\/ul>\n<h6><em><strong>K\u00e4ytt\u00f6mukavuutta sinulle ja vauvallesi:<\/strong><\/em><\/h6>\n<ul>\n<li>\n<h6>Kuomussa kurkistusikkuna ja kangasp\u00e4\u00e4llinen (magneettinen)<\/h6>\n<\/li>\n<li>\n<h6>3 asentoon s\u00e4\u00e4dett\u00e4v\u00e4 selk\u00e4noja (voidaan laskea my\u00f6s kokonaan alas)<\/h6>\n<\/li>\n<li>\n<h6>S\u00e4\u00e4dett\u00e4v\u00e4 jalkatuki (toimii jatkopalana selk\u00e4nojan ollessa laskettuna t\u00e4ysin alas)<\/h6>\n<\/li>\n<li>\n<h6>Takana iso s\u00e4ilytystasku<\/h6>\n<\/li>\n<li>\n<h6>Iso pehmustettu istuin (soveltuu 22 kg asti)<\/h6>\n<\/li>\n<\/ul>\n<h6><em><strong>Helppo k\u00e4ytt\u00e4\u00e4:<\/strong><\/em><\/h6>\n<ul>\n<li>\n<h6>Rattaat taittuvat kokoon ja avautuvat yhdell\u00e4 painalluksella<\/h6>\n<\/li>\n<li>\n<h6>Irrotettava etukaari<\/h6>\n<\/li>\n<li>\n<h6>Jousitus kaikissa py\u00f6riss\u00e4<\/h6>\n<\/li>\n<li>\n<h6>N\u00e4pp\u00e4r\u00e4t kiinnikkeet hoitokassille ja organizer<\/h6>\n<\/li>\n<li>\n<h6>Iso ostoskori, kantokyky 3 kg<\/h6>\n<\/li>\n<li>\n<h6 data-start=\"300\" data-end=\"491\">Influencer XL on kevyt, sill\u00e4 se painaa vain 8,2 kg (yhden vaunun paino).<\/h6>\n<\/li>\n<li>\n<h6>Mahtuu lentokoneen matkustamon yl\u00e4lokeroon<\/h6>\n<\/li>\n<\/ul>\n<h6><em><strong>S\u00e4\u00e4nkest\u00e4v\u00e4:<\/strong><\/em><\/h6>\n<ul>\n<li>\n<h6>Jatkettava kuomu 50+ SPF<\/h6>\n<\/li>\n<li>\n<h6>600D vett\u00e4 hylkiv\u00e4 kangas<\/h6>\n<\/li>\n<li>\n<h6>Takaosassa tuuletuspaneeli<\/h6>\n<\/li>\n<\/ul>\n<h6><em><strong>Eritt\u00e4in laadukkaat materiaalit<\/strong><\/em><\/h6>\n<ul>\n<li>\n<h6>Keinonahalla p\u00e4\u00e4llystetty aisa + etukaari (PU)<\/h6>\n<\/li>\n<li>\n<h6>Lujatekoinen s\u00e4ilytyspussi<\/h6>\n<\/li>\n<li>\n<h6>100 % PU-py\u00f6r\u00e4t ja paljon muuta<\/h6>\n<\/li>\n<\/ul>\n<h6><strong><em>Influencer XL -rattaiden tekniset tiedot:<\/em><\/strong><\/h6>\n<ul>\n<li>\n<h6>Paino: 8,2 kg<\/h6>\n<\/li>\n<li>\n<h6>Suurin istumapaino: 22 kg<\/h6>\n<\/li>\n<li>\n<h6>Ostoskorin enimm\u00e4ispaino: 3 kg<\/h6>\n<\/li>\n<li>\n<h6>Korkeus avattuna: 104 cm<\/h6>\n<\/li>\n<li>\n<h6>Syvyys avattuna: 63 cm<\/h6>\n<\/li>\n<li>\n<h6>Leveys avattuna: 51 cm<\/h6>\n<\/li>\n<li>\n<h6>Korkeus kokoontaitettuna: 60 cm<\/h6>\n<\/li>\n<li>\n<h6>Syvyys taitettuna: 24 cm<\/h6>\n<\/li>\n<li>\n<h6>Leveys taitettuna: 45 cm<\/h6>\n<\/li>\n<li>\n<h6>Rungon materiaali: jauhemaalattu alumiini<\/h6>\n<\/li>\n<li>\n<h6>Saatavilla olevat v\u00e4rit Army Green, Sand Chocolate Black Brown Musta Brown<\/h6>\n<\/li>\n<\/ul>\n<h6><em>Lue lis\u00e4\u00e4 siit\u00e4, miten valita matkarattaat Hummyn <a href=\"https:\/\/hummy.ee\/fi\/blogi\/\" target=\"_blank\" rel=\"noopener\">blogista<\/a>.<\/em><\/h6>\n<h6>Tutustu Leclercbaby-linkkiin <a href=\"https:\/\/www.youtube.com\/watch?v=HFbqUnqFFXA\"><em>t\u00e4\u00e4ll\u00e4<\/em> <\/a> ja Influencer XL -vaunuihin <em style=\"font-size: 1.1em; font-weight: bold;\"><a href=\"https:\/\/www.youtube.com\/watch?v=_SOvYmYOX_Y\" target=\"_blank\" rel=\"noopener\">t\u00e4\u00e4ll\u00e4.<\/a><\/em><\/h6>\n","protected":false},"excerpt":{"rendered":"<h6 data-start=\"136\" data-end=\"429\">Muuta kaksi erillist\u00e4 Leclercbaby Influencer XL -matkarattaat hetkess\u00e4 Leclercbaby Influencer XL -sisarusrattaiksi Leclercbaby Twin Duo -liittimien avulla (3 kpl pakkauksessa). T\u00e4ydellinen ratkaisu kaksosille tai perheille, joissa on kaksi pient\u00e4 lasta \u2013 yksinkertainen mutta tukeva setti yhdist\u00e4\u00e4 rattaat turvallisesti ja mahdollistaa mukavan vierekk\u00e4in liikkumisen. Tarvitsetko joustavuutta? Irrota kolme liitint\u00e4 sekunneissa ja k\u00e4yt\u00e4 rattaita erikseen \u2013 yhdet kummallekin vanhemmalle! Olipa kyseess\u00e4 arjen k\u00e4vely tai seikkailu luonnossa, n\u00e4m\u00e4 liittimet antavat sinulle vapauden vaihtaa helposti yhden ja kahden lapsen k\u00e4yt\u00f6n v\u00e4lill\u00e4. K\u00e4\u00e4nn\u00e4 vain liitint\u00e4, ja rattaat ovat hetkess\u00e4 taas erikseen k\u00e4ytett\u00e4viss\u00e4.     <\/h6>\n","protected":false},"featured_media":68274,"comment_status":"open","ping_status":"closed","template":"","meta":{"_acf_changed":false,"om_disable_all_campaigns":false,"_monsterinsights_skip_tracking":false,"_monsterinsights_sitenote_active":false,"_monsterinsights_sitenote_note":"","_monsterinsights_sitenote_category":0,"_uf_show_specific_survey":0,"_uf_disable_surveys":false,"site-sidebar-layout":"default","site-content-layout":"","ast-site-content-layout":"default","site-content-style":"default","site-sidebar-style":"default","ast-global-header-display":"","ast-banner-title-visibility":"","ast-main-header-display":"","ast-hfb-above-header-display":"","ast-hfb-below-header-display":"","ast-hfb-mobile-header-display":"","site-post-title":"","ast-breadcrumbs-content":"","ast-featured-img":"","footer-sml-layout":"","theme-transparent-header-meta":"default","adv-header-id-meta":"","stick-header-meta":"","header-above-stick-meta":"","header-main-stick-meta":"","header-below-stick-meta":"","astra-migrate-meta-layouts":"set","ast-page-background-enabled":"default","ast-page-background-meta":{"desktop":{"background-color":"var(--ast-global-color-4)","background-image":"","background-repeat":"repeat","background-position":"center center","background-size":"auto","background-attachment":"scroll","background-type":"","background-media":"","overlay-type":"","overlay-color":"","overlay-opacity":"","overlay-gradient":""},"tablet":{"background-color":"","background-image":"","background-repeat":"repeat","background-position":"center center","background-size":"auto","background-attachment":"scroll","background-type":"","background-media":"","overlay-type":"","overlay-color":"","overlay-opacity":"","overlay-gradient":""},"mobile":{"background-color":"","background-image":"","background-repeat":"repeat","background-position":"center center","background-size":"auto","background-attachment":"scroll","background-type":"","background-media":"","overlay-type":"","overlay-color":"","overlay-opacity":"","overlay-gradient":""}},"ast-content-background-meta":{"desktop":{"background-color":"var(--ast-global-color-5)","background-image":"","background-repeat":"repeat","background-position":"center center","background-size":"auto","background-attachment":"scroll","background-type":"","background-media":"","overlay-type":"","overlay-color":"","overlay-opacity":"","overlay-gradient":""},"tablet":{"background-color":"var(--ast-global-color-5)","background-image":"","background-repeat":"repeat","background-position":"center center","background-size":"auto","background-attachment":"scroll","background-type":"","background-media":"","overlay-type":"","overlay-color":"","overlay-opacity":"","overlay-gradient":""},"mobile":{"background-color":"var(--ast-global-color-5)","background-image":"","background-repeat":"repeat","background-position":"center center","background-size":"auto","background-attachment":"scroll","background-type":"","background-media":"","overlay-type":"","overlay-color":"","overlay-opacity":"","overlay-gradient":""}}},"product_brand":[],"product_cat":[561,507,324,409],"product_tag":[],"class_list":{"0":"post-68292","1":"product","2":"type-product","3":"status-publish","4":"has-post-thumbnail","6":"product_cat-kaksosrattaat","7":"product_cat-kampanja","8":"product_cat-leclercbaby","9":"product_cat-karryt","10":"desktop-align-left","11":"tablet-align-left","12":"mobile-align-left","14":"first","15":"instock","16":"sale","17":"taxable","18":"shipping-taxable","19":"purchasable","20":"product-type-variable"},"acf":[],"aioseo_notices":[],"_links":{"self":[{"href":"https:\/\/hummy.ee\/fi\/wp-json\/wp\/v2\/product\/68292","targetHints":{"allow":["GET"]}}],"collection":[{"href":"https:\/\/hummy.ee\/fi\/wp-json\/wp\/v2\/product"}],"about":[{"href":"https:\/\/hummy.ee\/fi\/wp-json\/wp\/v2\/types\/product"}],"replies":[{"embeddable":true,"href":"https:\/\/hummy.ee\/fi\/wp-json\/wp\/v2\/comments?post=68292"}],"version-history":[{"count":14,"href":"https:\/\/hummy.ee\/fi\/wp-json\/wp\/v2\/product\/68292\/revisions"}],"predecessor-version":[{"id":86649,"href":"https:\/\/hummy.ee\/fi\/wp-json\/wp\/v2\/product\/68292\/revisions\/86649"}],"wp:featuredmedia":[{"embeddable":true,"href":"https:\/\/hummy.ee\/fi\/wp-json\/wp\/v2\/media\/68274"}],"wp:attachment":[{"href":"https:\/\/hummy.ee\/fi\/wp-json\/wp\/v2\/media?parent=68292"}],"wp:term":[{"taxonomy":"product_brand","embeddable":true,"href":"https:\/\/hummy.ee\/fi\/wp-json\/wp\/v2\/product_brand?post=68292"},{"taxonomy":"product_cat","embeddable":true,"href":"https:\/\/hummy.ee\/fi\/wp-json\/wp\/v2\/product_cat?post=68292"},{"taxonomy":"product_tag","embeddable":true,"href":"https:\/\/hummy.ee\/fi\/wp-json\/wp\/v2\/product_tag?post=68292"}],"curies":[{"name":"wp","href":"https:\/\/api.w.org\/{rel}","templated":true}]}}