{"id":68231,"date":"2025-09-11T10:09:29","date_gmt":"2025-09-11T10:09:29","guid":{"rendered":"https:\/\/hummy.ee\/product\/leclercbaby-influencer-air-kaksikierroksiset-lastenrattaat\/"},"modified":"2026-04-13T16:37:40","modified_gmt":"2026-04-13T16:37:40","slug":"leclercbaby-influencer-air-sisarusrattaat","status":"publish","type":"product","link":"https:\/\/hummy.ee\/fi\/tuote\/leclercbaby-influencer-air-sisarusrattaat\/","title":{"rendered":"Leclercbaby Influencer Air sisarusrattaat"},"content":{"rendered":"<h6>L\u00e4hde liikkeelle ja tutustu maailmaan Leclercbaby Influencer Air -matkarattaiden kanssa miss\u00e4 tahansa. Matkarattaiden k\u00e4ytt\u00f6 on eritt\u00e4in helppoa, sill\u00e4 ne voi taittaa kokoon ja avata eritt\u00e4in nopeasti yhdell\u00e4 k\u00e4dell\u00e4. Takana oleva tuuletusikkuna tarjoaa lapselle viilennyst\u00e4 ja tasku pit\u00e4\u00e4 puhelimen, avaimet tai tutin k\u00e4den ulottuvilla. Pakkaa rattaat k\u00e4tev\u00e4sti mukaan matkakassiin niin autolla, junalla kuin lentokoneella matkustaessasi. Vain 6,6 kg painava Influencer Air on kevyt, siisti ja kompakti. Erinomaista on my\u00f6s se, ett\u00e4 rattaat sopivat jopa 22 kg painavalle lapselle. K\u00e4simatkatavaran kokoinen \u2013 mahtuu lentokoneen matkustamossa yl\u00e4hyllylle.      <\/h6>\n<p>&nbsp;<\/p>\n<h6><strong>Laatikon sis\u00e4lt\u00f6:<\/strong><\/h6>\n<ul>\n<li>\n<h6>Mukinpidike (2 kpl)<\/h6>\n<\/li>\n<li>\n<h6>Etukaari (2 kpl)<\/h6>\n<\/li>\n<li>\n<h6>Suojapussi (2 kpl)<\/h6>\n<\/li>\n<li>\n<h6><a href=\"https:\/\/hummy.ee\/fi\/tuote\/leclercbaby-twin-duo-liittimet\/\" target=\"_blank\" rel=\"noopener\">Twin\/Duo liittimet<\/a> (3 kpl)<\/h6>\n<\/li>\n<\/ul>\n<h6>Laadun huomaa pienist\u00e4 yksityiskohdista\u2026 Me Leclerc Babyll\u00e4 kiinnit\u00e4mme huomiota yksityiskohtiin, toimivuuteen, turvallisuuteen, SEK\u00c4 tyyliin.<\/h6>\n<p>&nbsp;<\/p>\n<h6 class=\"wp-block-heading\"><strong><em>Ominaisuudet:<\/em><\/strong><\/h6>\n<h6>Influencer Air -matkarattaissa on magneettisesti avattava ja suljettava tuuletusaukko, joka mahdollistaa erinomaisen ilmanvaihdon l\u00e4mpim\u00e4ll\u00e4 s\u00e4\u00e4ll\u00e4 sek\u00e4 helpottaa nukkuvan lapsen voinnin tarkkailua. Takana on erityisen suuri tasku, joka sopii t\u00e4ydellisesti puhelimelle, avaimille ja muille pienille tavaroille, kun l\u00e4hdet vain nopeasti ulos etk\u00e4 halua ottaa hoitolaukkua mukaan. Kuomun heijastava yksityiskohta parantaa lapsen turvallisuutta talvi-iltaisin, ja siin\u00e4 on SPF50+ -aurinkosuoja. Kuomun vetoketjullinen jatkopaneeli parantaa ilmanvaihtoa ja korostaa rattaiden tyylik\u00e4st\u00e4 ulkon\u00e4k\u00f6\u00e4. Hienosti viimeistellyt vetoketjut on varustettu Elcee the Fox -vetimill\u00e4, jotka lis\u00e4\u00e4v\u00e4t kokonaisuuteen tyylikkyytt\u00e4.    <\/h6>\n<p>&nbsp;<\/p>\n<h6><strong><em>Lis\u00e4tarvikkeet:<\/em><\/strong><\/h6>\n<h6>Saatavana sovittimia <a href=\"https:\/\/hummy.ee\/fi\/tuote\/leclercbaby-adapteri-turvakaukalolle\/\">autonistuimiin<\/a>, joiden ansiosta lapsesi voi nauttia mukavasta kyydist\u00e4 syntym\u00e4st\u00e4\u00e4n l\u00e4htien Group 0+ -turvaistuimessaan. T\u00e4ydenn\u00e4 ulkon\u00e4k\u00f6 t\u00e4ydelliseksi Influencer Airin lis\u00e4tarvikkeilla. Vaihtoehtoina ylellinen vaippakassi, l\u00e4mp\u00f6pussi, lokerikko ja autonistuinsovittimet.  <\/h6>\n<h6>Saatavana trendikk\u00e4iss\u00e4 kuoseissa. N\u00e4iden k\u00e4tevien lastenrattaiden avulla kuljetat lapsesi helposti minne hyv\u00e4ns\u00e4!<\/h6>\n<p>&nbsp;<\/p>\n<h6><em><strong>Turvallisuus:<\/strong><\/em><\/h6>\n<ul>\n<li>\n<h6>Kuomussa heijastavat putket<\/h6>\n<\/li>\n<li>\n<h6>Reilun kokoinen jarrupoljin (toimii my\u00f6s sandaaleilla ja korkokengill\u00e4)<\/h6>\n<\/li>\n<li>\n<h6>5-pistemagneettiturvavy\u00f6<\/h6>\n<\/li>\n<\/ul>\n<h6><em><strong>K\u00e4ytt\u00f6mukavuutta sinulle ja vauvallesi:<\/strong><\/em><\/h6>\n<ul>\n<li>\n<h6>Kuomussa kurkistusikkuna ja kangasp\u00e4\u00e4llinen (magneettinen)<\/h6>\n<\/li>\n<li>\n<h6>3 asentoon s\u00e4\u00e4dett\u00e4v\u00e4 selk\u00e4noja (voidaan laskea my\u00f6s kokonaan alas)<\/h6>\n<\/li>\n<li>\n<h6>S\u00e4\u00e4dett\u00e4v\u00e4 jalkatuki (toimii jatkopalana selk\u00e4nojan ollessa laskettuna t\u00e4ysin alas)<\/h6>\n<\/li>\n<li>\n<h6>Takana iso s\u00e4ilytystasku<\/h6>\n<\/li>\n<li>\n<h6>Iso pehmustettu istuin (soveltuu 22 kg asti)<\/h6>\n<\/li>\n<\/ul>\n<h6><em><strong>Helppo k\u00e4ytt\u00e4\u00e4:<\/strong><\/em><\/h6>\n<ul>\n<li>\n<h6>Rattaat taittuvat kokoon ja avautuvat yhdell\u00e4 painalluksella<\/h6>\n<\/li>\n<li>\n<h6>Irrotettava etukaari<\/h6>\n<\/li>\n<li>\n<h6>Jousitus kaikissa py\u00f6riss\u00e4<\/h6>\n<\/li>\n<li>\n<h6>N\u00e4pp\u00e4r\u00e4t kiinnikkeet hoitokassille ja organizer<\/h6>\n<\/li>\n<li>\n<h6>Iso ostoskori, kantokyky 3 kg<\/h6>\n<\/li>\n<li>\n<h6 data-start=\"300\" data-end=\"491\">Influencer Air on kevyt, sill\u00e4 se painaa vain 6,6 kg (yhden vaunun paino).<\/h6>\n<\/li>\n<li>\n<h6>Mahtuu lentokoneen matkustamon yl\u00e4lokeroon<\/h6>\n<\/li>\n<\/ul>\n<h6><em><strong>S\u00e4\u00e4nkest\u00e4v\u00e4:<\/strong><\/em><\/h6>\n<ul>\n<li>\n<h6>Jatkettava kuomu 50+ SPF<\/h6>\n<\/li>\n<li>\n<h6>600D vett\u00e4 hylkiv\u00e4 kangas<\/h6>\n<\/li>\n<li>\n<h6>Takaosassa tuuletuspaneeli<\/h6>\n<\/li>\n<\/ul>\n<h6><em><strong>Eritt\u00e4in laadukkaat materiaalit:<\/strong><\/em><\/h6>\n<ul>\n<li>\n<h6>Keinonahalla p\u00e4\u00e4llystetty aisa + etukaari (PU)<\/h6>\n<\/li>\n<li>\n<h6>Lujatekoinen s\u00e4ilytyspussi<\/h6>\n<\/li>\n<li>\n<h6>100 % PU-py\u00f6r\u00e4t ja paljon muuta<\/h6>\n<\/li>\n<\/ul>\n<h6><em>Lue lis\u00e4\u00e4 siit\u00e4, miten valita matkarattaat Hummyn <a href=\"https:\/\/hummy.ee\/fi\/blogi\/\" target=\"_blank\" rel=\"noopener\">blogista<\/a>.<\/em><\/h6>\n<h6><em>Tutustu Leclercbaby-liittimeen <a href=\"https:\/\/www.youtube.com\/watch?v=HFbqUnqFFXA\">t\u00e4\u00e4ll\u00e4 <\/a>ja Influencer Air -matkarattaisiin <a href=\"https:\/\/www.youtube.com\/watch?v=ejW-shrQYEk\" target=\"_blank\" rel=\"noopener\">t\u00e4\u00e4ll\u00e4<\/a>.<\/em><\/h6>\n","protected":false},"excerpt":{"rendered":"<h6 data-start=\"136\" data-end=\"429\">Muuta kaksi erillist\u00e4 Leclercbaby Influencer Air -matkarattaat hetkess\u00e4 kahden lapsen rattaiksi Leclercbaby Twin Duo -liittimien avulla (3 kpl pakkauksessa). T\u00e4ydellinen ratkaisu kaksosille tai perheille, joissa on kaksi pient\u00e4 lasta \u2013 yksinkertainen mutta tukeva setti yhdist\u00e4\u00e4 rattaat turvallisesti ja mahdollistaa mukavan vierekk\u00e4in liikkumisen. Tarvitsetko joustavuutta? Irrota kolme liitint\u00e4 sekunneissa ja k\u00e4yt\u00e4 rattaita erikseen \u2013 yhdet kummallekin vanhemmalle! Olipa kyseess\u00e4 arjen k\u00e4vely tai seikkailu luonnossa, n\u00e4m\u00e4 liittimet antavat sinulle vapauden vaihtaa helposti yhden ja kahden lapsen k\u00e4yt\u00f6n v\u00e4lill\u00e4. K\u00e4\u00e4nn\u00e4 vain liitint\u00e4, ja rattaat ovat hetkess\u00e4 taas erikseen k\u00e4ytett\u00e4viss\u00e4.     <\/h6>\n","protected":false},"featured_media":68146,"comment_status":"open","ping_status":"closed","template":"","meta":{"_acf_changed":false,"om_disable_all_campaigns":false,"_monsterinsights_skip_tracking":false,"_monsterinsights_sitenote_active":false,"_monsterinsights_sitenote_note":"","_monsterinsights_sitenote_category":0,"_uf_show_specific_survey":0,"_uf_disable_surveys":false,"site-sidebar-layout":"default","site-content-layout":"","ast-site-content-layout":"default","site-content-style":"default","site-sidebar-style":"default","ast-global-header-display":"","ast-banner-title-visibility":"","ast-main-header-display":"","ast-hfb-above-header-display":"","ast-hfb-below-header-display":"","ast-hfb-mobile-header-display":"","site-post-title":"","ast-breadcrumbs-content":"","ast-featured-img":"","footer-sml-layout":"","theme-transparent-header-meta":"default","adv-header-id-meta":"","stick-header-meta":"","header-above-stick-meta":"","header-main-stick-meta":"","header-below-stick-meta":"","astra-migrate-meta-layouts":"set","ast-page-background-enabled":"default","ast-page-background-meta":{"desktop":{"background-color":"var(--ast-global-color-4)","background-image":"","background-repeat":"repeat","background-position":"center center","background-size":"auto","background-attachment":"scroll","background-type":"","background-media":"","overlay-type":"","overlay-color":"","overlay-opacity":"","overlay-gradient":""},"tablet":{"background-color":"","background-image":"","background-repeat":"repeat","background-position":"center center","background-size":"auto","background-attachment":"scroll","background-type":"","background-media":"","overlay-type":"","overlay-color":"","overlay-opacity":"","overlay-gradient":""},"mobile":{"background-color":"","background-image":"","background-repeat":"repeat","background-position":"center center","background-size":"auto","background-attachment":"scroll","background-type":"","background-media":"","overlay-type":"","overlay-color":"","overlay-opacity":"","overlay-gradient":""}},"ast-content-background-meta":{"desktop":{"background-color":"var(--ast-global-color-5)","background-image":"","background-repeat":"repeat","background-position":"center center","background-size":"auto","background-attachment":"scroll","background-type":"","background-media":"","overlay-type":"","overlay-color":"","overlay-opacity":"","overlay-gradient":""},"tablet":{"background-color":"var(--ast-global-color-5)","background-image":"","background-repeat":"repeat","background-position":"center center","background-size":"auto","background-attachment":"scroll","background-type":"","background-media":"","overlay-type":"","overlay-color":"","overlay-opacity":"","overlay-gradient":""},"mobile":{"background-color":"var(--ast-global-color-5)","background-image":"","background-repeat":"repeat","background-position":"center center","background-size":"auto","background-attachment":"scroll","background-type":"","background-media":"","overlay-type":"","overlay-color":"","overlay-opacity":"","overlay-gradient":""}}},"product_brand":[],"product_cat":[561,507,324,409],"product_tag":[],"class_list":{"0":"post-68231","1":"product","2":"type-product","3":"status-publish","4":"has-post-thumbnail","6":"product_cat-kaksosrattaat","7":"product_cat-kampanja","8":"product_cat-leclercbaby","9":"product_cat-karryt","10":"desktop-align-left","11":"tablet-align-left","12":"mobile-align-left","14":"first","15":"instock","16":"sale","17":"taxable","18":"shipping-taxable","19":"purchasable","20":"product-type-variable"},"acf":[],"aioseo_notices":[],"_links":{"self":[{"href":"https:\/\/hummy.ee\/fi\/wp-json\/wp\/v2\/product\/68231","targetHints":{"allow":["GET"]}}],"collection":[{"href":"https:\/\/hummy.ee\/fi\/wp-json\/wp\/v2\/product"}],"about":[{"href":"https:\/\/hummy.ee\/fi\/wp-json\/wp\/v2\/types\/product"}],"replies":[{"embeddable":true,"href":"https:\/\/hummy.ee\/fi\/wp-json\/wp\/v2\/comments?post=68231"}],"version-history":[{"count":16,"href":"https:\/\/hummy.ee\/fi\/wp-json\/wp\/v2\/product\/68231\/revisions"}],"predecessor-version":[{"id":86646,"href":"https:\/\/hummy.ee\/fi\/wp-json\/wp\/v2\/product\/68231\/revisions\/86646"}],"wp:featuredmedia":[{"embeddable":true,"href":"https:\/\/hummy.ee\/fi\/wp-json\/wp\/v2\/media\/68146"}],"wp:attachment":[{"href":"https:\/\/hummy.ee\/fi\/wp-json\/wp\/v2\/media?parent=68231"}],"wp:term":[{"taxonomy":"product_brand","embeddable":true,"href":"https:\/\/hummy.ee\/fi\/wp-json\/wp\/v2\/product_brand?post=68231"},{"taxonomy":"product_cat","embeddable":true,"href":"https:\/\/hummy.ee\/fi\/wp-json\/wp\/v2\/product_cat?post=68231"},{"taxonomy":"product_tag","embeddable":true,"href":"https:\/\/hummy.ee\/fi\/wp-json\/wp\/v2\/product_tag?post=68231"}],"curies":[{"name":"wp","href":"https:\/\/api.w.org\/{rel}","templated":true}]}}