{"id":66222,"date":"2025-08-08T13:12:37","date_gmt":"2025-08-08T13:12:37","guid":{"rendered":"https:\/\/hummy.ee\/product\/abc-design-salsa-5-run-aloitussarja\/"},"modified":"2026-04-14T17:12:38","modified_gmt":"2026-04-14T17:12:38","slug":"abc-design-salsa-5-run-3in1-yhdistelmavaunut","status":"publish","type":"product","link":"https:\/\/hummy.ee\/fi\/tuote\/abc-design-salsa-5-run-3in1-yhdistelmavaunut\/","title":{"rendered":"ABC Design Salsa 5 Run 3-in-1 yhdistelm\u00e4vaunut"},"content":{"rendered":"<h6><strong><em>Laatikon sis\u00e4lt\u00f6:<\/em><\/strong><\/h6>\n<ul data-spread=\"false\">\n<li>\n<h6>Vaunukoppa<\/h6>\n<\/li>\n<li>\n<h6>Istuinosa<\/h6>\n<\/li>\n<li>\n<h6>Organizer-vaunulaukku<\/h6>\n<\/li>\n<li>\n<h6><a href=\"https:\/\/hummy.ee\/fi\/tuote\/abc-design-tulip-i-size-turvakehikko\/\" target=\"_blank\" rel=\"noopener\">Tulip-turvakehikko <\/a><\/h6>\n<\/li>\n<li>\n<h6>Turvakaukalon <a href=\"https:\/\/hummy.ee\/fi\/tuote\/abc-design-turvatelineen-sovitin\/\" target=\"_blank\" rel=\"noopener\">adapterit<\/a><\/h6>\n<\/li>\n<li>\n<h6>Uusi CozyCloud\u00ae-patja<\/h6>\n<\/li>\n<li>\n<h6>Etukaari<\/h6>\n<\/li>\n<li>\n<h6>Kuomu (UPF 50+)<\/h6>\n<\/li>\n<\/ul>\n<h6><strong><em>Sujuva ajokokemus kaikilla pinnoilla<\/em><\/strong><\/h6>\n<ul>\n<li class=\"elementor-widget-container\">\n<h6>Kolme suurta ilmakumipy\u00f6r\u00e4\u00e4, lukittava etupy\u00f6r\u00e4 ja laadukas jousitus takaavat vakauden my\u00f6s ep\u00e4tasaisella alustalla.<\/h6>\n<\/li>\n<li class=\"elementor-widget-container\">\n<h6>Ty\u00f6nt\u00f6aisaan sijoitettu k\u00e4sijarru ja seisontajarru, luotettavat levyjarrut sek\u00e4 rannehihna lis\u00e4\u00e4v\u00e4t turvallisuutta.<\/h6>\n<\/li>\n<li class=\"elementor-widget-container\">\n<h6>Heijastinnauhat takaavat paremman n\u00e4kyvyyden my\u00f6s h\u00e4m\u00e4r\u00e4ss\u00e4.<\/h6>\n<\/li>\n<li class=\"elementor-widget-container\">\n<h6>Pehmustettu istuin voidaan s\u00e4\u00e4t\u00e4\u00e4 vaakasuoraan asentoon, mik\u00e4 tarjoaa lapselle maksimaalisen mukavuuden.<\/h6>\n<\/li>\n<li>\n<h6><span style=\"font-size: 1.1em;\">Rajattomasti s\u00e4\u00e4dett\u00e4v\u00e4 HappyBelt\u00ae 5-pistevaljas takaa tukevan ja turvallisen istuma-asennon.<\/span><\/h6>\n<\/li>\n<\/ul>\n<h6><strong><em>K\u00e4yt\u00e4nn\u00f6llinen ja ergonominen muotoilu<\/em><\/strong><\/h6>\n<ul>\n<li>\n<h6>S\u00e4\u00e4dett\u00e4v\u00e4 ty\u00f6nt\u00f6aisa<\/h6>\n<\/li>\n<li>\n<h6>Magneettinen turvavy\u00f6j\u00e4rjestelm\u00e4<\/h6>\n<\/li>\n<li>\n<h6>Pehmustetut olkahihnat<\/h6>\n<\/li>\n<li>\n<h6>Kompakti, kokoontaitettava muotoilu<\/h6>\n<\/li>\n<li>\n<h6>P\u00e4ivitt\u00e4iseen k\u00e4ytt\u00f6\u00f6n ja urheiluun Salsa 5 Run -juoksuk\u00e4rry ei ole suunniteltu vain urheiluun \u2013 sit\u00e4 voidaan k\u00e4ytt\u00e4\u00e4 my\u00f6s jokap\u00e4iv\u00e4isiin k\u00e4velyihin ja retkiin<\/h6>\n<\/li>\n<li>\n<h6>Pakkaukseen sis\u00e4ltyy ABC Design -vaunukoppa ja turvakaukalo adaptereineen, mik\u00e4 tekee siit\u00e4 sopivan k\u00e4ytett\u00e4v\u00e4ksi syntym\u00e4st\u00e4 l\u00e4htien<\/h6>\n<\/li>\n<\/ul>\n<h6 class=\"wp-block-heading\"><em><strong>Tulip-turvakaukalo \u2013 takaa aina optimaalisen suojan<\/strong><\/em><\/h6>\n<h6>Sis\u00e4\u00e4nommeltu istuintyyny tukee vauvaa tehokkaasti liikkeell\u00e4 ollessa, ja hieman kaareva pohja mahdollistaa turvakaukalon kevyen keinumisen. Helpon kiinnitysmekanismin ansiosta Tulip-turvakaukalo voidaan muuntaa nopeasti travel systemiksi \u2013 asenna se muutamassa liikkeess\u00e4 Salsa 5 Run -rattaisiin tai kiinnit\u00e4 turvakaukalo turvallisesti ajoneuvoon <a href=\"https:\/\/hummy.ee\/fi\/tuote\/abc-design-isofix-base-juuripohja\/\">Isofix Base Root <\/a>-alustan (lis\u00e4varuste) avulla. Tulip-turvakaukalo sopii 0\u201315 kuukauden ik\u00e4isille, 45\u201385 cm pituisille tai enint\u00e4\u00e4n 13 kg painaville lapsille. S\u00e4\u00e4dett\u00e4v\u00e4 p\u00e4\u00e4ntuki on helposti mukautettavissa lapsen mittoihin. Irrotettava p\u00e4\u00e4llinen on pest\u00e4v\u00e4.<\/h6>\n<p>&nbsp;<\/p>\n<h6><strong><em>Lis\u00e4ominaisuudet:<\/em><\/strong><\/h6>\n<ul>\n<li style=\"list-style-type: none;\">\n<ul data-spread=\"false\">\n<li>\n<h6>Jousitetut ja laakeroidut py\u00f6r\u00e4t<\/h6>\n<\/li>\n<li>\n<h6>ilmakumirenkaat<\/h6>\n<\/li>\n<li>\n<h6>K\u00e4\u00e4ntyv\u00e4t py\u00f6r\u00e4t<\/h6>\n<\/li>\n<li>\n<h6>Mahdollisuus kiinnitt\u00e4\u00e4 turvakaukalo runkoon<\/h6>\n<\/li>\n<li>\n<h6>S\u00e4\u00e4dett\u00e4v\u00e4 selk\u00e4noja ja jalkatuki<\/h6>\n<\/li>\n<li>\n<h6>Vett\u00e4 hylkiv\u00e4 materiaali<\/h6>\n<\/li>\n<li>\n<h6>Irrotettavat py\u00f6r\u00e4t ja etukaari<\/h6>\n<\/li>\n<li>\n<h6>Suuri kori (enint\u00e4\u00e4n 5 kg)<\/h6>\n<\/li>\n<li>\n<h6>K\u00e4\u00e4nnett\u00e4v\u00e4 istuin<\/h6>\n<\/li>\n<li>\n<h6>Kuljetuslukko<\/h6>\n<\/li>\n<li>\n<h6>K\u00e4\u00e4nnett\u00e4v\u00e4 istuin<\/h6>\n<\/li>\n<li>\n<h6>N\u00e4pp\u00e4r\u00e4t kiinnikkeet hoitokassille ja organizer<\/h6>\n<\/li>\n<li>\n<h6>Yksiosaisesti kokoontaitettava<\/h6>\n<\/li>\n<\/ul>\n<\/li>\n<\/ul>\n<h6><strong><em>Yhteensopivuus ja yhteensopivuus:<\/em><\/strong><\/h6>\n<ul data-spread=\"false\">\n<li>\n<h6>Ik\u00e4suositus: syntym\u00e4st\u00e4 l\u00e4htien<\/h6>\n<\/li>\n<li>\n<h6>Kantavuus: enint\u00e4\u00e4n 27 kg (lapsi enint\u00e4\u00e4n 22 kg + 5 kg lis\u00e4\u00e4 korissa)<\/h6>\n<\/li>\n<\/ul>\n<h6><\/h6>\n<h6><\/h6>\n<h6><em>Katso <a href=\"https:\/\/www.youtube.com\/watch?v=CTDmPW1ZHTo\">esittelyvideo <\/a>ja saat lis\u00e4tietoja.<\/em><\/h6>\n<h6><\/h6>\n<h6><em>Hyv\u00e4t py\u00f6r\u00e4t tekev\u00e4t lastenvaunujen k\u00e4yt\u00f6st\u00e4 huomattavasti mukavampaa! Katso lis\u00e4\u00e4 Hummy-<a href=\"https:\/\/hummy.ee\/fi\/mitka-pyorilla-varustetut-lastenrattaat-minun-pitaisi-valita\/\" target=\"_blank\" rel=\"nofollow noopener\">blogista <\/a>ja l\u00f6yd\u00e4 itsellesi sopivin ratkaisu. <\/em><\/h6>\n","protected":false},"excerpt":{"rendered":"<h6>ABC Design Salsa 5 Run 3-in-1 -yhdistelm\u00e4vaunut \u2013 urheilullinen ja mukava valinta aktiivisille perheille. Tutustu juoksuk\u00e4rryyn, joka tekee lapsestasi treenikumppanin. T\u00e4m\u00e4 kevyt ja mukava aloituspaketti tukee aktiivista el\u00e4m\u00e4ntapaa ja tarjoaa lapselle turvallisen ja vakaan ajokokemuksen \u2013 niin rattaissa, autossa kuin travel systemin\u00e4 yhdess\u00e4 Tulip-turvakaukalon kanssa.<\/h6>\n<h6><\/h6>\n<h6>Lapsesi kokee maksimaalisen makuu- ja nukkumismukavuuden sek\u00e4 rattaissa ett\u00e4 turvakaukalossa, ja turvallisuus on aina taattu. Sen varmistavat kaksi laadukasta ja turvallista tuotetta yhdess\u00e4 paketissa: ABC Design Salsa Run -yhdistelm\u00e4vaunut ja Tulip i-Size -turvakaukalo. Tulip on saanut ADAC- ja Stiftung Warentest -testeiss\u00e4 arvosanan \u2018hyv\u00e4\u2019 (2,2), mik\u00e4 todistaa sen olevan yksi turvallisimmista vaihtoehdoista pienokaisellesi.<\/h6>\n","protected":false},"featured_media":41644,"comment_status":"open","ping_status":"closed","template":"","meta":{"_acf_changed":false,"om_disable_all_campaigns":false,"_monsterinsights_skip_tracking":false,"_monsterinsights_sitenote_active":false,"_monsterinsights_sitenote_note":"","_monsterinsights_sitenote_category":0,"_uf_show_specific_survey":0,"_uf_disable_surveys":false,"site-sidebar-layout":"default","site-content-layout":"","ast-site-content-layout":"default","site-content-style":"default","site-sidebar-style":"default","ast-global-header-display":"","ast-banner-title-visibility":"","ast-main-header-display":"","ast-hfb-above-header-display":"","ast-hfb-below-header-display":"","ast-hfb-mobile-header-display":"","site-post-title":"","ast-breadcrumbs-content":"","ast-featured-img":"","footer-sml-layout":"","theme-transparent-header-meta":"default","adv-header-id-meta":"","stick-header-meta":"","header-above-stick-meta":"","header-main-stick-meta":"","header-below-stick-meta":"","astra-migrate-meta-layouts":"set","ast-page-background-enabled":"default","ast-page-background-meta":{"desktop":{"background-color":"var(--ast-global-color-4)","background-image":"","background-repeat":"repeat","background-position":"center center","background-size":"auto","background-attachment":"scroll","background-type":"","background-media":"","overlay-type":"","overlay-color":"","overlay-opacity":"","overlay-gradient":""},"tablet":{"background-color":"","background-image":"","background-repeat":"repeat","background-position":"center center","background-size":"auto","background-attachment":"scroll","background-type":"","background-media":"","overlay-type":"","overlay-color":"","overlay-opacity":"","overlay-gradient":""},"mobile":{"background-color":"","background-image":"","background-repeat":"repeat","background-position":"center center","background-size":"auto","background-attachment":"scroll","background-type":"","background-media":"","overlay-type":"","overlay-color":"","overlay-opacity":"","overlay-gradient":""}},"ast-content-background-meta":{"desktop":{"background-color":"var(--ast-global-color-5)","background-image":"","background-repeat":"repeat","background-position":"center center","background-size":"auto","background-attachment":"scroll","background-type":"","background-media":"","overlay-type":"","overlay-color":"","overlay-opacity":"","overlay-gradient":""},"tablet":{"background-color":"var(--ast-global-color-5)","background-image":"","background-repeat":"repeat","background-position":"center center","background-size":"auto","background-attachment":"scroll","background-type":"","background-media":"","overlay-type":"","overlay-color":"","overlay-opacity":"","overlay-gradient":""},"mobile":{"background-color":"var(--ast-global-color-5)","background-image":"","background-repeat":"repeat","background-position":"center center","background-size":"auto","background-attachment":"scroll","background-type":"","background-media":"","overlay-type":"","overlay-color":"","overlay-opacity":"","overlay-gradient":""}}},"product_brand":[],"product_cat":[527,507,319,574],"product_tag":[],"class_list":{"0":"post-66222","1":"product","2":"type-product","3":"status-publish","4":"has-post-thumbnail","6":"product_cat-abc-design-fi","7":"product_cat-kampanja","8":"product_cat-uncategorized-fi","9":"product_cat-urheilukarryt","10":"desktop-align-left","11":"tablet-align-left","12":"mobile-align-left","14":"first","15":"instock","16":"taxable","17":"shipping-taxable","18":"purchasable","19":"product-type-variable"},"acf":[],"aioseo_notices":[],"_links":{"self":[{"href":"https:\/\/hummy.ee\/fi\/wp-json\/wp\/v2\/product\/66222","targetHints":{"allow":["GET"]}}],"collection":[{"href":"https:\/\/hummy.ee\/fi\/wp-json\/wp\/v2\/product"}],"about":[{"href":"https:\/\/hummy.ee\/fi\/wp-json\/wp\/v2\/types\/product"}],"replies":[{"embeddable":true,"href":"https:\/\/hummy.ee\/fi\/wp-json\/wp\/v2\/comments?post=66222"}],"version-history":[{"count":15,"href":"https:\/\/hummy.ee\/fi\/wp-json\/wp\/v2\/product\/66222\/revisions"}],"predecessor-version":[{"id":86766,"href":"https:\/\/hummy.ee\/fi\/wp-json\/wp\/v2\/product\/66222\/revisions\/86766"}],"wp:featuredmedia":[{"embeddable":true,"href":"https:\/\/hummy.ee\/fi\/wp-json\/wp\/v2\/media\/41644"}],"wp:attachment":[{"href":"https:\/\/hummy.ee\/fi\/wp-json\/wp\/v2\/media?parent=66222"}],"wp:term":[{"taxonomy":"product_brand","embeddable":true,"href":"https:\/\/hummy.ee\/fi\/wp-json\/wp\/v2\/product_brand?post=66222"},{"taxonomy":"product_cat","embeddable":true,"href":"https:\/\/hummy.ee\/fi\/wp-json\/wp\/v2\/product_cat?post=66222"},{"taxonomy":"product_tag","embeddable":true,"href":"https:\/\/hummy.ee\/fi\/wp-json\/wp\/v2\/product_tag?post=66222"}],"curies":[{"name":"wp","href":"https:\/\/api.w.org\/{rel}","templated":true}]}}