{"id":64989,"date":"2025-07-11T10:24:12","date_gmt":"2025-07-11T10:24:12","guid":{"rendered":"https:\/\/hummy.ee\/product\/abc-design-urheilu-lausanne-20l-reppu\/"},"modified":"2025-12-28T13:04:41","modified_gmt":"2025-12-28T13:04:41","slug":"abc-design-urheilu-lausanne-20l-reppu","status":"publish","type":"product","link":"https:\/\/hummy.ee\/fi\/tuote\/abc-design-urheilu-lausanne-20l-reppu\/","title":{"rendered":"ABC Design Urheilu Lausanne 20L reppu"},"content":{"rendered":"<h6 data-start=\"555\" data-end=\"586\"><em><strong>Joustava Rolltop-malli<\/strong><\/em><\/h6>\n<h6 data-start=\"587\" data-end=\"769\">Rolltop-j\u00e4rjestelm\u00e4n ansiosta voit s\u00e4\u00e4t\u00e4\u00e4 repun koon tarpeidesi mukaan - se on kompakti jokap\u00e4iv\u00e4iseen k\u00e4ytt\u00f6\u00f6n. Tilava muotoilu jopa 20 litraa pitk\u00e4\u00e4 p\u00e4iv\u00e4\u00e4 tai vaellusta varten.<\/h6>\n<p>&nbsp;<\/p>\n<h6 data-start=\"776\" data-end=\"819\"><em><strong>Vedenpit\u00e4v\u00e4 ja poikkeuksellisen kest\u00e4v\u00e4<\/strong><\/em><\/h6>\n<h6 data-start=\"820\" data-end=\"1054\">Valmistettu korkealaatuisesta nailonista ja p\u00e4\u00e4llystetty TPU-vedenpit\u00e4v\u00e4ll\u00e4 kerroksella, joka pit\u00e4\u00e4 varusteesi kuivina sateella. Materiaali on repeytymisen ja hankauksen kest\u00e4v\u00e4\u00e4, helppohoitoista ja PFC-vapaata - turvallista sinulle ja ymp\u00e4rist\u00f6lle.<\/h6>\n<p>&nbsp;<\/p>\n<h6 data-start=\"1061\" data-end=\"1095\"><strong><em>Actionkameran pidike olkahihnassa<\/em><\/strong><\/h6>\n<h6 data-start=\"1096\" data-end=\"1278\">Vasemmassa olkahihnassa olevan 360\u00b0 k\u00e4\u00e4ntyv\u00e4n kamerakiinnikkeen ansiosta voit kuvata seikkailusi t\u00e4ysin k\u00e4det vapaana. Ihanteellinen py\u00f6r\u00e4ilyyn, patikointiin tai vaikkapa k\u00e4velyyn lastenvaunujen kanssa.<\/h6>\n<p>&nbsp;<\/p>\n<h6 data-start=\"1285\" data-end=\"1319\"><em><strong>Maksimaalinen k\u00e4ytt\u00f6mukavuus<\/strong><\/em><\/h6>\n<h6 data-start=\"1320\" data-end=\"1575\">Ergonomiset olka-, rinta- ja lantiohihnat takaavat turvallisen istuvuuden ja mukavuuden. Olkahihnoissa on tuuletuskanavat, ja hihnoissa on D-renkaat lis\u00e4varusteiden kiinnitt\u00e4mist\u00e4 varten.<\/h6>\n<h6 data-start=\"1320\" data-end=\"1575\">SOS-pilli sijaitsee rintahihnan soljessa h\u00e4t\u00e4tilanteita varten.<\/h6>\n<p>&nbsp;<\/p>\n<h6 data-start=\"1582\" data-end=\"1627\"><strong><em>\u00c4lykk\u00e4\u00e4sti sijoitetut taskut ja saavutettavuus<\/em><\/strong><\/h6>\n<ul data-start=\"1628\" data-end=\"1910\">\n<li data-start=\"1628\" data-end=\"1730\">\n<h6 data-start=\"1630\" data-end=\"1730\">Kaksi vedenpit\u00e4vill\u00e4 vetoketjuilla varustettua ulkotaskua tarjoavat nopean p\u00e4\u00e4syn avaimille, puhelimelle tai lompakolle.<\/h6>\n<\/li>\n<li data-start=\"1731\" data-end=\"1817\">\n<h6 data-start=\"1733\" data-end=\"1817\">Etupuolella oleva joustava kuminauha on ihanteellinen takin tai hatun pit\u00e4miseen.<\/h6>\n<\/li>\n<li data-start=\"1818\" data-end=\"1910\">\n<h6 data-start=\"1820\" data-end=\"1910\">Sis\u00e4ll\u00e4 on sis\u00e4inen verkkotasku ja erillinen lis\u00e4tasku, jotta kaikki pysyy j\u00e4rjestyksess\u00e4.<\/h6>\n<\/li>\n<\/ul>\n<h6 data-start=\"1917\" data-end=\"1992\"><strong><em>Innovatiivinen ilmal\u00e4pp\u00e4 - suojaa varusteita ja pit\u00e4\u00e4 repun kunnossa.<\/em><\/strong><\/h6>\n<h6 data-start=\"1993\" data-end=\"2268\">Ilmal\u00e4p\u00e4n avulla reppu voidaan puhaltaa t\u00e4yteen - se luo suojaavan ilmatyynyn, joka vaimentaa iskuja ja auttaa reppua pysym\u00e4\u00e4n pinnalla, jos se putoaa veteen. Voit tarvittaessa tyhjent\u00e4\u00e4 repun ilmat ja taittaa sen kokoon s\u00e4ilytyksen helpottamiseksi.<\/h6>\n<p>&nbsp;<\/p>\n<h6 data-start=\"2275\" data-end=\"2318\"><em><strong>Ihanteellinen my\u00f6s vanhemmille<\/strong><\/em><\/h6>\n<h6 data-start=\"2319\" data-end=\"2602\">Erityisen muotoillun selk\u00e4paneelin ansiosta Lausanne-reppu voidaan helposti kiinnitt\u00e4\u00e4 lastenvaunuihin (yhteensopiva ABC Design Sportsin <a href=\"https:\/\/hummy.ee\/fi\/tuote\/abc-design-urheilun-yleiskiinnitys\/\">yleiskiinnikkeen<\/a> kanssa). Se sopii my\u00f6s k\u00e4ytett\u00e4v\u00e4ksi esimerkiksi py\u00f6r\u00e4vaunun kanssa - k\u00e4det vapaina ja kaikki tarvittava k\u00e4den ulottuvilla.<\/h6>\n<p>&nbsp;<\/p>\n<h6 data-start=\"2609\" data-end=\"2673\"><em><strong>Toiminnallisuus, kest\u00e4vyys ja moderni muotoilu yhdess\u00e4 laukussa.<\/strong><\/em><\/h6>\n<h6 data-start=\"2674\" data-end=\"2897\">Lausanne 20L -reppu on enemm\u00e4n kuin pelkk\u00e4 laukku - se on tarkoitettu aktiivisille ihmisille, jotka eiv\u00e4t tingi tyylist\u00e4, mukavuudesta tai laadusta. T\u00e4ydellinen kumppani ty\u00f6h\u00f6n, vaellukselle tai perhep\u00e4iv\u00e4ksi luontoon.<\/h6>\n<p>&nbsp;<\/p>\n<h6><em>Katso <a href=\"https:\/\/www.youtube.com\/watch?v=5v02cAlyJvI\" target=\"_blank\" rel=\"noopener\">esittelyvideo<\/a>, josta saat lis\u00e4tietoja.<\/em><\/h6>\n","protected":false},"excerpt":{"rendered":"<h6 data-start=\"257\" data-end=\"331\">Premium Outdoor -reppu kaupunkiseikkailuihin ja ulkoiluun. Lausanne 20L -reppu on suunniteltu niille, jotka odottavat varusteiltaan enemm\u00e4n: vedenpit\u00e4v\u00e4, kest\u00e4v\u00e4 ja \u00e4lykk\u00e4ill\u00e4 ominaisuuksilla varustettu reppu on t\u00e4ydellinen kumppani - olitpa sitten menossa kaupunkiin, mets\u00e4\u00e4n tai vuoristoon.<\/h6>\n","protected":false},"featured_media":64687,"comment_status":"open","ping_status":"closed","template":"","meta":{"_acf_changed":false,"om_disable_all_campaigns":false,"_monsterinsights_skip_tracking":false,"_monsterinsights_sitenote_active":false,"_monsterinsights_sitenote_note":"","_monsterinsights_sitenote_category":0,"_uf_show_specific_survey":0,"_uf_disable_surveys":false,"site-sidebar-layout":"default","site-content-layout":"","ast-site-content-layout":"default","site-content-style":"default","site-sidebar-style":"default","ast-global-header-display":"","ast-banner-title-visibility":"","ast-main-header-display":"","ast-hfb-above-header-display":"","ast-hfb-below-header-display":"","ast-hfb-mobile-header-display":"","site-post-title":"","ast-breadcrumbs-content":"","ast-featured-img":"","footer-sml-layout":"","theme-transparent-header-meta":"default","adv-header-id-meta":"","stick-header-meta":"","header-above-stick-meta":"","header-main-stick-meta":"","header-below-stick-meta":"","astra-migrate-meta-layouts":"set","ast-page-background-enabled":"default","ast-page-background-meta":{"desktop":{"background-color":"var(--ast-global-color-4)","background-image":"","background-repeat":"repeat","background-position":"center center","background-size":"auto","background-attachment":"scroll","background-type":"","background-media":"","overlay-type":"","overlay-color":"","overlay-opacity":"","overlay-gradient":""},"tablet":{"background-color":"","background-image":"","background-repeat":"repeat","background-position":"center center","background-size":"auto","background-attachment":"scroll","background-type":"","background-media":"","overlay-type":"","overlay-color":"","overlay-opacity":"","overlay-gradient":""},"mobile":{"background-color":"","background-image":"","background-repeat":"repeat","background-position":"center center","background-size":"auto","background-attachment":"scroll","background-type":"","background-media":"","overlay-type":"","overlay-color":"","overlay-opacity":"","overlay-gradient":""}},"ast-content-background-meta":{"desktop":{"background-color":"var(--ast-global-color-5)","background-image":"","background-repeat":"repeat","background-position":"center center","background-size":"auto","background-attachment":"scroll","background-type":"","background-media":"","overlay-type":"","overlay-color":"","overlay-opacity":"","overlay-gradient":""},"tablet":{"background-color":"var(--ast-global-color-5)","background-image":"","background-repeat":"repeat","background-position":"center center","background-size":"auto","background-attachment":"scroll","background-type":"","background-media":"","overlay-type":"","overlay-color":"","overlay-opacity":"","overlay-gradient":""},"mobile":{"background-color":"var(--ast-global-color-5)","background-image":"","background-repeat":"repeat","background-position":"center center","background-size":"auto","background-attachment":"scroll","background-type":"","background-media":"","overlay-type":"","overlay-color":"","overlay-opacity":"","overlay-gradient":""}}},"product_brand":[273],"product_cat":[536,1152,1155,1151],"product_tag":[],"class_list":{"0":"post-64989","1":"product","2":"type-product","3":"status-publish","4":"has-post-thumbnail","6":"product_brand-abc-design","7":"product_cat-laukut-ja-reput","8":"product_cat-sport-fi","9":"product_cat-sport-fi-2","10":"product_cat-ulkona-kaytettavat-laukut","11":"desktop-align-left","12":"tablet-align-left","13":"mobile-align-left","15":"first","16":"onbackorder","17":"taxable","18":"shipping-taxable","19":"purchasable","20":"product-type-variable"},"acf":[],"aioseo_notices":[],"_links":{"self":[{"href":"https:\/\/hummy.ee\/fi\/wp-json\/wp\/v2\/product\/64989","targetHints":{"allow":["GET"]}}],"collection":[{"href":"https:\/\/hummy.ee\/fi\/wp-json\/wp\/v2\/product"}],"about":[{"href":"https:\/\/hummy.ee\/fi\/wp-json\/wp\/v2\/types\/product"}],"replies":[{"embeddable":true,"href":"https:\/\/hummy.ee\/fi\/wp-json\/wp\/v2\/comments?post=64989"}],"version-history":[{"count":7,"href":"https:\/\/hummy.ee\/fi\/wp-json\/wp\/v2\/product\/64989\/revisions"}],"predecessor-version":[{"id":77383,"href":"https:\/\/hummy.ee\/fi\/wp-json\/wp\/v2\/product\/64989\/revisions\/77383"}],"wp:featuredmedia":[{"embeddable":true,"href":"https:\/\/hummy.ee\/fi\/wp-json\/wp\/v2\/media\/64687"}],"wp:attachment":[{"href":"https:\/\/hummy.ee\/fi\/wp-json\/wp\/v2\/media?parent=64989"}],"wp:term":[{"taxonomy":"product_brand","embeddable":true,"href":"https:\/\/hummy.ee\/fi\/wp-json\/wp\/v2\/product_brand?post=64989"},{"taxonomy":"product_cat","embeddable":true,"href":"https:\/\/hummy.ee\/fi\/wp-json\/wp\/v2\/product_cat?post=64989"},{"taxonomy":"product_tag","embeddable":true,"href":"https:\/\/hummy.ee\/fi\/wp-json\/wp\/v2\/product_tag?post=64989"}],"curies":[{"name":"wp","href":"https:\/\/api.w.org\/{rel}","templated":true}]}}