{"id":62808,"date":"2025-06-16T09:26:25","date_gmt":"2025-06-16T09:26:25","guid":{"rendered":"https:\/\/hummy.ee\/product\/abc-design-urheilu-locarno-45l-matkalaukku\/"},"modified":"2026-04-19T13:46:31","modified_gmt":"2026-04-19T13:46:31","slug":"abc-design-sports-locarno-45l-matkalaukku","status":"publish","type":"product","link":"https:\/\/hummy.ee\/fi\/tuote\/abc-design-sports-locarno-45l-matkalaukku\/","title":{"rendered":"ABC Design Sports Locarno 45L matkalaukku"},"content":{"rendered":"<h6 data-start=\"659\" data-end=\"701\"><em><strong data-start=\"663\" data-end=\"701\">Laaja avattavuus ja \u00e4lyk\u00e4s sis\u00e4tilan jakautuminen<\/strong><\/em><\/h6>\n<h6 data-start=\"702\" data-end=\"1135\">Suuri p\u00e4\u00e4lokero avautuu matkalaukkumaisesti ja pysyy auki, jotta pakkaaminen olisi mahdollisimman helppoa ja nopeaa. Siin\u00e4 on runsaasti tilaa vaatteille, kengille ja varusteille. Kaksi sis\u00e4ist\u00e4 sivutaskua \u2013 vetoketjullinen verkkotasku ja irrotettava tarrakiinnitteinen pussi \u2013 pit\u00e4v\u00e4t pienemm\u00e4t tavarat j\u00e4rjestyksess\u00e4 ja helposti l\u00f6ydett\u00e4viss\u00e4. P\u00e4\u00e4lokero suljetaan vedenpit\u00e4v\u00e4ll\u00e4 vetoketjulla, joka voidaan lis\u00e4turvaa varten lukita matkalaukun lukolla. Sopii erinomaisesti lentomatkustamiseen.<\/h6>\n<p>&nbsp;<\/p>\n<h6 data-start=\"1142\" data-end=\"1190\"><em><strong data-start=\"1146\" data-end=\"1190\">Ulkotasku ja osoiteikkunallinen korttitasku<\/strong><\/em><\/h6>\n<h6 data-start=\"1191\" data-end=\"1462\">Kassin ulkopuolella oleva vedenpit\u00e4v\u00e4 vetoketjullinen tasku suojaa t\u00e4rkeit\u00e4 tavaroita, kuten lompakkoa tai matkustusasiakirjoja, ja mahdollistaa nopean p\u00e4\u00e4syn niihin. L\u00e4pin\u00e4kyv\u00e4ll\u00e4 ikkunalla varustettu osoitetasku auttaa palauttamaan kassin omistajalleen nopeammin, jos se katoaa. Erityisen k\u00e4tev\u00e4 lento- tai junamatkoilla.<\/h6>\n<p>&nbsp;<\/p>\n<h6 data-start=\"1469\" data-end=\"1523\"><em><strong data-start=\"1473\" data-end=\"1523\">Kanna haluamallasi tavalla <\/strong><\/em><\/h6>\n<h6 data-start=\"1524\" data-end=\"1963\">Locarnoa voi kantaa reppuna, olkap\u00e4\u00e4ll\u00e4 tai perinteisesti kantokahvasta. Pehmustetut olkahihnat tarjoavat mukavuutta my\u00f6s pidemmill\u00e4 matkoilla. S\u00e4\u00e4dett\u00e4v\u00e4 rintaremmi mukautuu tarkasti k\u00e4ytt\u00e4j\u00e4n mukaan. Pikakiinnityssoljen avulla hihnat voidaan irrottaa nopeasti ja tarvittaessa kokonaan laukusta. T\u00e4m\u00e4 v\u00e4hent\u00e4\u00e4 kulumista ja tekee laukusta helpomman s\u00e4ilytt\u00e4\u00e4 \u2013 olipa kyseess\u00e4 matkatavaratila, auto tai lentokent\u00e4n check-in.<\/h6>\n<h6 data-start=\"1965\" data-end=\"2105\"><\/h6>\n<h6 data-start=\"1965\" data-end=\"2105\">Kaksi vahvistettua sivukahvaa tekev\u00e4t nostamisesta ja k\u00e4sittelyst\u00e4 helppoa kaikissa tilanteissa, esimerkiksi julkisessa liikenteess\u00e4 tai matkatavarahylly\u00e4 k\u00e4ytett\u00e4ess\u00e4.<\/h6>\n<p>&nbsp;<\/p>\n<h6 data-start=\"2112\" data-end=\"2163\"><em><strong data-start=\"2116\" data-end=\"2163\">Ulkopuoliset kiinnitykset ja parempi n\u00e4kyvyys<\/strong><\/em><\/h6>\n<h6 data-start=\"2164\" data-end=\"2460\">Jokaisella sivulla olevat nelj\u00e4 D-rengasta mahdollistavat karabiinien, hihnojen tai lis\u00e4varusteiden kiinnitt\u00e4misen. Kassin pohjan alla on kaksi vahvistettua paneelia aukkoineen, joiden kautta voidaan kiinnitt\u00e4\u00e4 esimerkiksi makuualusta, takki tai muuta varustusta. Nelj\u00e4n sivun heijastimet parantavat n\u00e4kyvyytt\u00e4 pime\u00e4ss\u00e4.<\/h6>\n<p>&nbsp;<\/p>\n<h6 data-start=\"2467\" data-end=\"2516\"><em><strong data-start=\"2471\" data-end=\"2516\">Ilmal\u00e4pp\u00e4 tilavuuden s\u00e4\u00e4t\u00f6\u00f6n ja suojaksi<\/strong><\/em><\/h6>\n<h6 data-start=\"2517\" data-end=\"2917\">Integroitu ilmal\u00e4pp\u00e4 mahdollistaa kassin tilavuuden s\u00e4\u00e4t\u00e4misen ja sis\u00e4ll\u00f6n suojaamisen. Ilmaa sis\u00e4\u00e4n p\u00e4\u00e4stett\u00e4ess\u00e4 muodostuu suojaava ilmatyyny, joka vaimentaa iskuja ja pit\u00e4\u00e4 herk\u00e4t tavarat, kuten kameravarusteet tai matkamuistot, turvassa. Ilman poistamisen j\u00e4lkeen kassi muuttuu matalammaksi ja kompaktimmaksi. Ihanteellinen matkatavarahyllyihin tai autoon sijoittamiseen.<\/h6>\n<p>&nbsp;<\/p>\n<h6 data-start=\"2924\" data-end=\"2988\"><em><strong data-start=\"2928\" data-end=\"2988\">S\u00e4\u00e4nkest\u00e4v\u00e4, helppohoitoinen ja ymp\u00e4rist\u00f6yst\u00e4v\u00e4llinen<\/strong><\/em><\/h6>\n<h6 data-start=\"2989\" data-end=\"3382\">Locarno on valmistettu kest\u00e4v\u00e4st\u00e4 TPU-pinnoitetusta nailonista \u2013 vett\u00e4 hylkiv\u00e4, kulutusta kest\u00e4v\u00e4 ja pitk\u00e4ik\u00e4inen. My\u00f6s ankarissa s\u00e4\u00e4olosuhteissa sis\u00e4lt\u00f6 pysyy suojattuna, ja puhdistaminen on helppoa \u2013 riitt\u00e4\u00e4 kostea liina. Kassi on t\u00e4ysin PFC-vapaa, mik\u00e4 tarkoittaa, ettei sen valmistuksessa ole k\u00e4ytetty haitallisia kemikaaleja.<\/h6>\n<h6 data-start=\"3389\" data-end=\"3426\"><\/h6>\n<p>&nbsp;<\/p>\n<p>&nbsp;<\/p>\n<h6><em>Katso <a href=\"https:\/\/www.youtube.com\/watch?v=ewkq8wb6JDg\" target=\"_blank\" rel=\"noopener\">esittelyvideo<\/a>, josta saat lis\u00e4tietoja.<\/em><\/h6>\n","protected":false},"excerpt":{"rendered":"<h6>Locarno-matkalaukku on luotettava kumppani kaikille, jotka eiv\u00e4t halua tehd\u00e4 kompromisseja tien p\u00e4\u00e4ll\u00e4. Sen 45 litran tilavuus, vankka rakenne ja monipuoliset kantovaihtoehdot tekev\u00e4t siit\u00e4 ihanteellisen viikonloppumatkoille, vaelluksille, urheilutapahtumiin ja lentomatkoille. Minimalistinen muotoilu kohtaa \u00e4lykk\u00e4\u00e4t ominaisuudet \u2013 niille, jotka tarvitsevat muutakin kuin pelk\u00e4n laukun.<\/h6>\n","protected":false},"featured_media":62792,"comment_status":"open","ping_status":"closed","template":"","meta":{"_acf_changed":false,"om_disable_all_campaigns":false,"_monsterinsights_skip_tracking":false,"_monsterinsights_sitenote_active":false,"_monsterinsights_sitenote_note":"","_monsterinsights_sitenote_category":0,"_uf_show_specific_survey":0,"_uf_disable_surveys":false,"site-sidebar-layout":"default","site-content-layout":"","ast-site-content-layout":"default","site-content-style":"default","site-sidebar-style":"default","ast-global-header-display":"","ast-banner-title-visibility":"","ast-main-header-display":"","ast-hfb-above-header-display":"","ast-hfb-below-header-display":"","ast-hfb-mobile-header-display":"","site-post-title":"","ast-breadcrumbs-content":"","ast-featured-img":"","footer-sml-layout":"","theme-transparent-header-meta":"default","adv-header-id-meta":"","stick-header-meta":"","header-above-stick-meta":"","header-main-stick-meta":"","header-below-stick-meta":"","astra-migrate-meta-layouts":"set","ast-page-background-enabled":"default","ast-page-background-meta":{"desktop":{"background-color":"var(--ast-global-color-4)","background-image":"","background-repeat":"repeat","background-position":"center center","background-size":"auto","background-attachment":"scroll","background-type":"","background-media":"","overlay-type":"","overlay-color":"","overlay-opacity":"","overlay-gradient":""},"tablet":{"background-color":"","background-image":"","background-repeat":"repeat","background-position":"center center","background-size":"auto","background-attachment":"scroll","background-type":"","background-media":"","overlay-type":"","overlay-color":"","overlay-opacity":"","overlay-gradient":""},"mobile":{"background-color":"","background-image":"","background-repeat":"repeat","background-position":"center center","background-size":"auto","background-attachment":"scroll","background-type":"","background-media":"","overlay-type":"","overlay-color":"","overlay-opacity":"","overlay-gradient":""}},"ast-content-background-meta":{"desktop":{"background-color":"var(--ast-global-color-5)","background-image":"","background-repeat":"repeat","background-position":"center center","background-size":"auto","background-attachment":"scroll","background-type":"","background-media":"","overlay-type":"","overlay-color":"","overlay-opacity":"","overlay-gradient":""},"tablet":{"background-color":"var(--ast-global-color-5)","background-image":"","background-repeat":"repeat","background-position":"center center","background-size":"auto","background-attachment":"scroll","background-type":"","background-media":"","overlay-type":"","overlay-color":"","overlay-opacity":"","overlay-gradient":""},"mobile":{"background-color":"var(--ast-global-color-5)","background-image":"","background-repeat":"repeat","background-position":"center center","background-size":"auto","background-attachment":"scroll","background-type":"","background-media":"","overlay-type":"","overlay-color":"","overlay-opacity":"","overlay-gradient":""}}},"product_brand":[],"product_cat":[527,536,1155,1152,1151,518],"product_tag":[],"class_list":{"0":"post-62808","1":"product","2":"type-product","3":"status-publish","4":"has-post-thumbnail","6":"product_cat-abc-design-fi","7":"product_cat-laukut-ja-reput","8":"product_cat-sport-fi-2","9":"product_cat-sport-fi","10":"product_cat-ulkona-kaytettavat-laukut","11":"product_cat-uudet-tuotteet","12":"desktop-align-left","13":"tablet-align-left","14":"mobile-align-left","16":"first","17":"onbackorder","18":"taxable","19":"shipping-taxable","20":"purchasable","21":"product-type-variable"},"acf":[],"aioseo_notices":[],"_links":{"self":[{"href":"https:\/\/hummy.ee\/fi\/wp-json\/wp\/v2\/product\/62808","targetHints":{"allow":["GET"]}}],"collection":[{"href":"https:\/\/hummy.ee\/fi\/wp-json\/wp\/v2\/product"}],"about":[{"href":"https:\/\/hummy.ee\/fi\/wp-json\/wp\/v2\/types\/product"}],"replies":[{"embeddable":true,"href":"https:\/\/hummy.ee\/fi\/wp-json\/wp\/v2\/comments?post=62808"}],"version-history":[{"count":7,"href":"https:\/\/hummy.ee\/fi\/wp-json\/wp\/v2\/product\/62808\/revisions"}],"predecessor-version":[{"id":87186,"href":"https:\/\/hummy.ee\/fi\/wp-json\/wp\/v2\/product\/62808\/revisions\/87186"}],"wp:featuredmedia":[{"embeddable":true,"href":"https:\/\/hummy.ee\/fi\/wp-json\/wp\/v2\/media\/62792"}],"wp:attachment":[{"href":"https:\/\/hummy.ee\/fi\/wp-json\/wp\/v2\/media?parent=62808"}],"wp:term":[{"taxonomy":"product_brand","embeddable":true,"href":"https:\/\/hummy.ee\/fi\/wp-json\/wp\/v2\/product_brand?post=62808"},{"taxonomy":"product_cat","embeddable":true,"href":"https:\/\/hummy.ee\/fi\/wp-json\/wp\/v2\/product_cat?post=62808"},{"taxonomy":"product_tag","embeddable":true,"href":"https:\/\/hummy.ee\/fi\/wp-json\/wp\/v2\/product_tag?post=62808"}],"curies":[{"name":"wp","href":"https:\/\/api.w.org\/{rel}","templated":true}]}}