{"id":61951,"date":"2025-06-15T09:22:02","date_gmt":"2025-06-15T09:22:02","guid":{"rendered":"https:\/\/hummy.ee\/?post_type=product&#038;p=61951"},"modified":"2025-12-28T13:05:06","modified_gmt":"2025-12-28T13:05:06","slug":"abc-design-aktiivinen-reppu-kopeeri","status":"publish","type":"product","link":"https:\/\/hummy.ee\/fi\/tuote\/abc-design-aktiivinen-reppu-kopeeri\/","title":{"rendered":"ABC Design Sports Geneven laukku"},"content":{"rendered":"<h6 data-start=\"470\" data-end=\"812\"><strong><em>J\u00e4rjestetty sisustus, vedenpit\u00e4v\u00e4 rakenne ja lukittava s\u00e4ilytyspaikka<\/em><\/strong><br data-start=\"514\" data-end=\"517\" \/>Geneva-laukussa on suuri p\u00e4\u00e4lokero, jonka sis\u00e4puolella on vedenpit\u00e4v\u00e4 vetoketju, ja se on ihanteellinen v\u00e4lipaloille, vesipullolle, vaipoille tai arvotavaroille. Sis\u00e4\u00e4nrakennetun turval\u00e4p\u00e4n ansiosta laukku voidaan haluttaessa lukita tavallisella matkatavaralukolla. N\u00e4in kaikki pysyy turvassa, olitpa sitten leikkipuistossa, el\u00e4intarhassa tai kaupunkikierroksella.<\/h6>\n<p>&nbsp;<\/p>\n<h6 data-start=\"814\" data-end=\"1093\"><em><strong>S\u00e4\u00e4nkest\u00e4v\u00e4, helppohoitoinen ja ymp\u00e4rist\u00f6yst\u00e4v\u00e4llinen.<\/strong><\/em><br data-start=\"874\" data-end=\"877\" \/>Laukku on valmistettu kest\u00e4v\u00e4st\u00e4 nailonista, jossa on vett\u00e4 hylkiv\u00e4 TPU-pinnoite. Se on vedenpit\u00e4v\u00e4, repim\u00e4t\u00f6n ja helppo puhdistaa kostealla liinalla. Ihanteellinen niin jokap\u00e4iv\u00e4iseen k\u00e4ytt\u00f6\u00f6n kuin ulkoseikkailuihin. Lis\u00e4ksi laukku on PFC-vapaa, mik\u00e4 tarkoittaa, ett\u00e4 se ei sis\u00e4ll\u00e4 haitallisia kemikaaleja, joita voi p\u00e4\u00e4st\u00e4 ymp\u00e4rist\u00f6\u00f6n. Se ei siis ole ainoastaan kest\u00e4v\u00e4 ja vahva, vaan my\u00f6s parempi sinulle ja luonnolle.<\/h6>\n<p>&nbsp;<\/p>\n<h6 data-start=\"1275\" data-end=\"1629\"><strong><em>Joustava kiinnitys - lastenrattaista skootteriin<\/em><\/strong><br data-start=\"1340\" data-end=\"1343\" \/>Geneva-laukku kiinnittyy helposti ja turvallisesti erilaisiin arkisiin kumppaneihin. Erityisten taka-aukkojen ansiosta voit kiinnitt\u00e4\u00e4 sen suoraan rattaisiin tai py\u00f6r\u00e4vaunuun ABC Design Sports -yleisliit\u00e4nn\u00e4n avulla. T\u00e4ydellinen vauvan kanssa matkustamiseen tai py\u00f6r\u00e4retkelle!<\/h6>\n<p>&nbsp;<\/p>\n<h6 data-start=\"1631\" data-end=\"1917\">Lis\u00e4ksi laukussa on kaksi k\u00e4yt\u00e4nn\u00f6llist\u00e4 takkikiinnikett\u00e4, jotka lis\u00e4\u00e4v\u00e4t joustavuutta. Voit kiinnitt\u00e4\u00e4 sen esimerkiksi s\u00e4hk\u00f6skootterin ohjaustankoon, py\u00f6r\u00e4telineeseen, retkeilytuoliin tai vaikka lapsen kolmipy\u00f6r\u00e4\u00e4n.<\/h6>\n<p>&nbsp;<\/p>\n<h6 data-start=\"1919\" data-end=\"2113\">Laukun ulkopuolella on kaksi ylim\u00e4\u00e4r\u00e4ist\u00e4 hihnaa, joihin voit kiinnitt\u00e4\u00e4 karabiinit tai pienet tarvikkeet, jotka haluat napata nopeasti. Olitpa sitten urheilemassa tai liikkeell\u00e4 lapsesi kanssa, t\u00e4m\u00e4 laukku on todella monipuolinen.<\/h6>\n<p>&nbsp;<\/p>\n<h6 data-start=\"2115\" data-end=\"2347\"><em><strong>Kompakti koko<\/strong><\/em><br data-start=\"2151\" data-end=\"2154\" \/>Geneva-laukku on ihanteellinen pieni kumppani matkalle. Kevyt, kest\u00e4v\u00e4 ja monipuolinen. Se mukautuu p\u00e4iv\u00e4si mukaan ja varmistaa, ett\u00e4 kaikki todella tarvitsemasi on aina mukanasi.<\/h6>\n<h6 data-start=\"2115\" data-end=\"2347\"><\/h6>\n<p>&nbsp;<\/p>\n<h6><em>Katso <a href=\"https:\/\/www.youtube.com\/watch?v=ozyK9NJwyHM\">esittelyvideo<\/a>, josta saat lis\u00e4tietoja.<\/em><\/h6>\n","protected":false},"excerpt":{"rendered":"<h6>Kompakti kumppani jokaiseen seikkailuun. Geneven laukku on t\u00e4ydellinen valinta jokap\u00e4iv\u00e4isiin aktiviteetteihin, matkoille ja pitkille k\u00e4velyretkille, olipa k\u00e4yt\u00f6ss\u00e4si sitten rattaat, per\u00e4vaunu, pakkauskehikko tai s\u00e4hk\u00f6k\u00e4ytt\u00f6iset lastenrattaat. Se tarjoaa 4,5 litran vedenpit\u00e4v\u00e4n rakenteen ja harkittujen yksityiskohtien ansiosta juuri sit\u00e4, mit\u00e4 tarvitset liikkeell\u00e4: turvallisuutta, j\u00e4rjestyst\u00e4 ja luotettavuutta.<\/h6>\n<h6><\/h6>\n","protected":false},"featured_media":62227,"comment_status":"closed","ping_status":"closed","template":"","meta":{"_acf_changed":false,"om_disable_all_campaigns":false,"_monsterinsights_skip_tracking":false,"_monsterinsights_sitenote_active":false,"_monsterinsights_sitenote_note":"","_monsterinsights_sitenote_category":0,"_uf_show_specific_survey":0,"_uf_disable_surveys":false,"site-sidebar-layout":"default","site-content-layout":"","ast-site-content-layout":"default","site-content-style":"default","site-sidebar-style":"default","ast-global-header-display":"","ast-banner-title-visibility":"","ast-main-header-display":"","ast-hfb-above-header-display":"","ast-hfb-below-header-display":"","ast-hfb-mobile-header-display":"","site-post-title":"","ast-breadcrumbs-content":"","ast-featured-img":"","footer-sml-layout":"","theme-transparent-header-meta":"default","adv-header-id-meta":"","stick-header-meta":"","header-above-stick-meta":"","header-main-stick-meta":"","header-below-stick-meta":"","astra-migrate-meta-layouts":"set","ast-page-background-enabled":"default","ast-page-background-meta":{"desktop":{"background-color":"var(--ast-global-color-4)","background-image":"","background-repeat":"repeat","background-position":"center center","background-size":"auto","background-attachment":"scroll","background-type":"","background-media":"","overlay-type":"","overlay-color":"","overlay-opacity":"","overlay-gradient":""},"tablet":{"background-color":"","background-image":"","background-repeat":"repeat","background-position":"center center","background-size":"auto","background-attachment":"scroll","background-type":"","background-media":"","overlay-type":"","overlay-color":"","overlay-opacity":"","overlay-gradient":""},"mobile":{"background-color":"","background-image":"","background-repeat":"repeat","background-position":"center center","background-size":"auto","background-attachment":"scroll","background-type":"","background-media":"","overlay-type":"","overlay-color":"","overlay-opacity":"","overlay-gradient":""}},"ast-content-background-meta":{"desktop":{"background-color":"var(--ast-global-color-5)","background-image":"","background-repeat":"repeat","background-position":"center center","background-size":"auto","background-attachment":"scroll","background-type":"","background-media":"","overlay-type":"","overlay-color":"","overlay-opacity":"","overlay-gradient":""},"tablet":{"background-color":"var(--ast-global-color-5)","background-image":"","background-repeat":"repeat","background-position":"center center","background-size":"auto","background-attachment":"scroll","background-type":"","background-media":"","overlay-type":"","overlay-color":"","overlay-opacity":"","overlay-gradient":""},"mobile":{"background-color":"var(--ast-global-color-5)","background-image":"","background-repeat":"repeat","background-position":"center center","background-size":"auto","background-attachment":"scroll","background-type":"","background-media":"","overlay-type":"","overlay-color":"","overlay-opacity":"","overlay-gradient":""}}},"product_brand":[273],"product_cat":[527,536,1152,1155,1151,518],"product_tag":[329,327],"class_list":{"0":"post-61951","1":"product","2":"type-product","3":"status-publish","4":"has-post-thumbnail","6":"product_brand-abc-design","7":"product_cat-abc-design-fi","8":"product_cat-laukut-ja-reput","9":"product_cat-sport-fi","10":"product_cat-sport-fi-2","11":"product_cat-ulkona-kaytettavat-laukut","12":"product_cat-uudet-tuotteet","13":"product_tag-erilliset-tuotteet","14":"product_tag-raataloity-verkkosivusto","15":"desktop-align-left","16":"tablet-align-left","17":"mobile-align-left","19":"first","20":"instock","21":"taxable","22":"shipping-taxable","23":"purchasable","24":"product-type-variable"},"acf":[],"aioseo_notices":[],"_links":{"self":[{"href":"https:\/\/hummy.ee\/fi\/wp-json\/wp\/v2\/product\/61951","targetHints":{"allow":["GET"]}}],"collection":[{"href":"https:\/\/hummy.ee\/fi\/wp-json\/wp\/v2\/product"}],"about":[{"href":"https:\/\/hummy.ee\/fi\/wp-json\/wp\/v2\/types\/product"}],"replies":[{"embeddable":true,"href":"https:\/\/hummy.ee\/fi\/wp-json\/wp\/v2\/comments?post=61951"}],"version-history":[{"count":11,"href":"https:\/\/hummy.ee\/fi\/wp-json\/wp\/v2\/product\/61951\/revisions"}],"predecessor-version":[{"id":77385,"href":"https:\/\/hummy.ee\/fi\/wp-json\/wp\/v2\/product\/61951\/revisions\/77385"}],"wp:featuredmedia":[{"embeddable":true,"href":"https:\/\/hummy.ee\/fi\/wp-json\/wp\/v2\/media\/62227"}],"wp:attachment":[{"href":"https:\/\/hummy.ee\/fi\/wp-json\/wp\/v2\/media?parent=61951"}],"wp:term":[{"taxonomy":"product_brand","embeddable":true,"href":"https:\/\/hummy.ee\/fi\/wp-json\/wp\/v2\/product_brand?post=61951"},{"taxonomy":"product_cat","embeddable":true,"href":"https:\/\/hummy.ee\/fi\/wp-json\/wp\/v2\/product_cat?post=61951"},{"taxonomy":"product_tag","embeddable":true,"href":"https:\/\/hummy.ee\/fi\/wp-json\/wp\/v2\/product_tag?post=61951"}],"curies":[{"name":"wp","href":"https:\/\/api.w.org\/{rel}","templated":true}]}}