{"id":61698,"date":"2025-06-14T18:39:08","date_gmt":"2025-06-14T18:39:08","guid":{"rendered":"https:\/\/hummy.ee\/product\/the-jiffle-vaunun-ohjaamo\/"},"modified":"2026-04-19T17:00:22","modified_gmt":"2026-04-19T17:00:22","slug":"the-jiffle-cabin","status":"publish","type":"product","link":"https:\/\/hummy.ee\/fi\/tuote\/the-jiffle-cabin\/","title":{"rendered":"The Jiffle cabin"},"content":{"rendered":"<h6 data-start=\"492\" data-end=\"806\">Kun ulkona sataa tai tuulee voimakkaasti, hyttin kaikki sivut voidaan helposti sulkea. N\u00e4in lapsesi pysyy kuivana ja miellytt\u00e4v\u00e4n l\u00e4mpim\u00e4n\u00e4. L\u00e4mpim\u00e4mpin\u00e4 p\u00e4ivin\u00e4 wagonin hytti tarjoaa varjoa, samalla kun hienoverkolliset sivut ja etuosa takaavat erinomaisen ilmanvaihdon \u2013 raikas ilma kiert\u00e4\u00e4 vapaasti, mutta hy\u00f6nteiset ja roiskeet pysyv\u00e4t loitolla.<\/h6>\n<p>&nbsp;<\/p>\n<h6 data-start=\"808\" data-end=\"1093\">Lapsesi p\u00e4\u00e4see helposti sis\u00e4\u00e4n ja ulos omasta luksuskyydist\u00e4\u00e4n. Hyttin yl\u00e4osassa on k\u00e4tev\u00e4 vetoketju, jonka kautta p\u00e4\u00e4see k\u00e4siksi matkustajan kahvaan \u2013 t\u00e4m\u00e4 tarkoittaa, ett\u00e4 lapsi voi seist\u00e4 turvallisesti vaunun takana pit\u00e4en kiinni kahvasta. T\u00e4m\u00e4 on sek\u00e4 turvallinen ett\u00e4 hauska tapa matkustaa mukana.<\/h6>\n<p>&nbsp;<\/p>\n<h6 data-start=\"1100\" data-end=\"1131\"><em><strong data-start=\"1100\" data-end=\"1131\">T\u00e4rke\u00e4\u00e4 tietoa ennen ostoa:<\/strong><\/em><\/h6>\n<p>&nbsp;<\/p>\n<ul data-start=\"1132\" data-end=\"1378\">\n<li data-start=\"1132\" data-end=\"1183\">\n<h6 data-start=\"1134\" data-end=\"1183\">Hytti sopii vain The Jiffle <a href=\"https:\/\/hummy.ee\/fi\/tuote\/the-jiffle-vaunu\/\">Wagoniin<\/a>.<\/h6>\n<\/li>\n<li data-start=\"1184\" data-end=\"1265\">\n<h6 data-start=\"1186\" data-end=\"1265\"><a href=\"https:\/\/hummy.ee\/fi\/tuote\/the-jiffle-apukuljettajan-kauha\/\" target=\"_blank\" rel=\"noopener\">Matkustajan kahvan<\/a> olemassaolo on v\u00e4ltt\u00e4m\u00e4t\u00f6n hyttin k\u00e4ytt\u00e4miseksi The Jiffle Wagoni kanssa.<\/h6>\n<\/li>\n<li data-start=\"1266\" data-end=\"1378\">\n<h6 data-start=\"1268\" data-end=\"1378\">Huomioithan, ett\u00e4 t\u00e4m\u00e4 hytti sopii vain <strong data-start=\"1310\" data-end=\"1332\">The Jiffle Wagon 2<\/strong> -malliin eik\u00e4 ole yhteensopiva aiempien versioiden kanssa.<\/h6>\n<\/li>\n<\/ul>\n<p>&nbsp;<\/p>\n","protected":false},"excerpt":{"rendered":"<h6 data-start=\"120\" data-end=\"168\">The Jiffle -s\u00e4\u00e4nkest\u00e4v\u00e4 wagonin hytti \u2013 mukavuutta kaikissa s\u00e4\u00e4olosuhteissa. T\u00e4m\u00e4 tyylik\u00e4s ja toiminnallinen hytti tekee The Jiffle Wagoniin entist\u00e4 monipuolisemman ja mukavamman kumppanin jokap\u00e4iv\u00e4isille k\u00e4velyille ja seikkailuille. S\u00e4\u00e4nkest\u00e4v\u00e4st\u00e4 materiaalista valmistettu hytti suojaa lastasi sateelta, tuulelta ja kirkkaalta auringonpaisteelta \u2013 s\u00e4\u00e4st\u00e4 riippumatta pieni matkustajasi pysyy aina suojassa ja turvassa.<\/h6>\n","protected":false},"featured_media":61107,"comment_status":"open","ping_status":"closed","template":"","meta":{"_acf_changed":false,"om_disable_all_campaigns":false,"_monsterinsights_skip_tracking":false,"_monsterinsights_sitenote_active":false,"_monsterinsights_sitenote_note":"","_monsterinsights_sitenote_category":0,"_uf_show_specific_survey":0,"_uf_disable_surveys":false,"site-sidebar-layout":"default","site-content-layout":"","ast-site-content-layout":"default","site-content-style":"default","site-sidebar-style":"default","ast-global-header-display":"","ast-banner-title-visibility":"","ast-main-header-display":"","ast-hfb-above-header-display":"","ast-hfb-below-header-display":"","ast-hfb-mobile-header-display":"","site-post-title":"","ast-breadcrumbs-content":"","ast-featured-img":"","footer-sml-layout":"","theme-transparent-header-meta":"default","adv-header-id-meta":"","stick-header-meta":"","header-above-stick-meta":"","header-main-stick-meta":"","header-below-stick-meta":"","astra-migrate-meta-layouts":"set","ast-page-background-enabled":"default","ast-page-background-meta":{"desktop":{"background-color":"var(--ast-global-color-4)","background-image":"","background-repeat":"repeat","background-position":"center center","background-size":"auto","background-attachment":"scroll","background-type":"","background-media":"","overlay-type":"","overlay-color":"","overlay-opacity":"","overlay-gradient":""},"tablet":{"background-color":"","background-image":"","background-repeat":"repeat","background-position":"center center","background-size":"auto","background-attachment":"scroll","background-type":"","background-media":"","overlay-type":"","overlay-color":"","overlay-opacity":"","overlay-gradient":""},"mobile":{"background-color":"","background-image":"","background-repeat":"repeat","background-position":"center center","background-size":"auto","background-attachment":"scroll","background-type":"","background-media":"","overlay-type":"","overlay-color":"","overlay-opacity":"","overlay-gradient":""}},"ast-content-background-meta":{"desktop":{"background-color":"var(--ast-global-color-5)","background-image":"","background-repeat":"repeat","background-position":"center center","background-size":"auto","background-attachment":"scroll","background-type":"","background-media":"","overlay-type":"","overlay-color":"","overlay-opacity":"","overlay-gradient":""},"tablet":{"background-color":"var(--ast-global-color-5)","background-image":"","background-repeat":"repeat","background-position":"center center","background-size":"auto","background-attachment":"scroll","background-type":"","background-media":"","overlay-type":"","overlay-color":"","overlay-opacity":"","overlay-gradient":""},"mobile":{"background-color":"var(--ast-global-color-5)","background-image":"","background-repeat":"repeat","background-position":"center center","background-size":"auto","background-attachment":"scroll","background-type":"","background-media":"","overlay-type":"","overlay-color":"","overlay-opacity":"","overlay-gradient":""}}},"product_brand":[],"product_cat":[777],"product_tag":[],"class_list":{"0":"post-61698","1":"product","2":"type-product","3":"status-publish","4":"has-post-thumbnail","6":"product_cat-jiffle-fi","7":"desktop-align-left","8":"tablet-align-left","9":"mobile-align-left","11":"first","12":"instock","13":"taxable","14":"shipping-taxable","15":"purchasable","16":"product-type-simple"},"acf":[],"aioseo_notices":[],"_links":{"self":[{"href":"https:\/\/hummy.ee\/fi\/wp-json\/wp\/v2\/product\/61698","targetHints":{"allow":["GET"]}}],"collection":[{"href":"https:\/\/hummy.ee\/fi\/wp-json\/wp\/v2\/product"}],"about":[{"href":"https:\/\/hummy.ee\/fi\/wp-json\/wp\/v2\/types\/product"}],"replies":[{"embeddable":true,"href":"https:\/\/hummy.ee\/fi\/wp-json\/wp\/v2\/comments?post=61698"}],"version-history":[{"count":7,"href":"https:\/\/hummy.ee\/fi\/wp-json\/wp\/v2\/product\/61698\/revisions"}],"predecessor-version":[{"id":87203,"href":"https:\/\/hummy.ee\/fi\/wp-json\/wp\/v2\/product\/61698\/revisions\/87203"}],"wp:featuredmedia":[{"embeddable":true,"href":"https:\/\/hummy.ee\/fi\/wp-json\/wp\/v2\/media\/61107"}],"wp:attachment":[{"href":"https:\/\/hummy.ee\/fi\/wp-json\/wp\/v2\/media?parent=61698"}],"wp:term":[{"taxonomy":"product_brand","embeddable":true,"href":"https:\/\/hummy.ee\/fi\/wp-json\/wp\/v2\/product_brand?post=61698"},{"taxonomy":"product_cat","embeddable":true,"href":"https:\/\/hummy.ee\/fi\/wp-json\/wp\/v2\/product_cat?post=61698"},{"taxonomy":"product_tag","embeddable":true,"href":"https:\/\/hummy.ee\/fi\/wp-json\/wp\/v2\/product_tag?post=61698"}],"curies":[{"name":"wp","href":"https:\/\/api.w.org\/{rel}","templated":true}]}}