{"id":60717,"date":"2025-06-02T18:32:17","date_gmt":"2025-06-02T18:32:17","guid":{"rendered":"https:\/\/hummy.ee\/?post_type=product&#038;p=60717"},"modified":"2025-12-28T12:56:13","modified_gmt":"2025-12-28T12:56:13","slug":"the-jiffle-vaunu-2-vaunusarja-kopeeri","status":"publish","type":"product","link":"https:\/\/hummy.ee\/fi\/tuote\/the-jiffle-vaunu-2-vaunusarja-kopeeri\/","title":{"rendered":"The Jiffle wagon 2+ yhdistelm\u00e4vaunut"},"content":{"rendered":"<h6><em><strong>Mukava kaikenik\u00e4isille<\/strong><\/em><\/h6>\n<h6>Vaunusarjassa on tuuletettu vaunukoppa. Noin 6 kuukauden i\u00e4ss\u00e4 vauva haluaa istua pystyasennossa, joten vaunuissa on mukava istuin. Istuin on k\u00e4\u00e4nnett\u00e4viss\u00e4, joten lapsi voi katsoa suoraan sinuun tai tutkia ymp\u00e4r\u00f6iv\u00e4\u00e4 maailmaa kasvot menosuuntaan. Onko sinulla vauvasi lis\u00e4ksi taapero tai esikoululainen, joka osaa tasapainoilla hyvin pystyss\u00e4 seistess\u00e4\u00e4n? Anna isoveljen tai -siskon ratsastaa integroidun jalustan kyydiss\u00e4.<\/h6>\n<p>&nbsp;<\/p>\n<h6><em><strong>Soveltuu hinaukseen<\/strong><\/em><\/h6>\n<h6>Jiffle ei sovellu vain lastenvaunuiksi ja rattaiksi, vaan my\u00f6s mukavaksi per\u00e4vaunuksi. Ihanteellinen mukavalle retkelle el\u00e4intarhaan tai teemapuistoon. Lapsesi voi helposti kiivet\u00e4 sis\u00e4\u00e4n ja ulos tai voit k\u00e4ytt\u00e4\u00e4 sit\u00e4 tavaroiden kuljettamiseen. Vet\u00e4v\u00e4n vaunun pohja on eritt\u00e4in tukeva - valmistettu kest\u00e4v\u00e4st\u00e4 bambusta. Lis\u00e4ksi per\u00e4k\u00e4rryn mukava pehme\u00e4 Duo &amp; Cart -istuin on ostettavissa erikseen.<\/h6>\n<p>&nbsp;<\/p>\n<h6>The Jiffle wagon on lastenrattaat, rattaat, jalusta, vedett\u00e4v\u00e4t vaunut ja s\u00e4ilytyskori yhdess\u00e4. Ihanteellinen hauskalle retkelle el\u00e4intarhaan, luontoon tai teemapuistoon. Tutki maailmaa lapsesi kanssa tinkim\u00e4tt\u00e4 mukavuudesta tai liikkuvuudesta.<\/h6>\n<p>&nbsp;<\/p>\n<h6>The Jiffle wagon 2+:ssa on uudet v\u00e4rit ja isommat py\u00f6r\u00e4t. Niin kaupunkilaisille kuin luonnon yst\u00e4villekin.<\/h6>\n<p>&nbsp;<\/p>\n<h6><em><strong>Useita muita yksityiskohtia on lis\u00e4tty k\u00e4yt\u00f6n helpottamiseksi entisest\u00e4\u00e4n.<\/strong><\/em><\/h6>\n<ul>\n<li>\n<h6>rattaat (lastenrattaat ja vaunukoppa), jalusta ja lastenrattaat yhdess\u00e4 kappaleessa.<\/h6>\n<\/li>\n<li>\n<h6>sopiva syntym\u00e4st\u00e4 l\u00e4htien<\/h6>\n<\/li>\n<li>\n<h6>mitat kokoontaitettuna: 80 x 50 x 25 cm<\/h6>\n<\/li>\n<li>\n<h6>Korin, aurinkosuojan ja istuinosan ilmanvaihtoa voidaan s\u00e4\u00e4t\u00e4\u00e4 helposti.<\/h6>\n<\/li>\n<li>\n<h6>k\u00e4\u00e4nnett\u00e4v\u00e4 istuin<\/h6>\n<\/li>\n<li>\n<h6>jarrut vasemmalle ja oikealle jalalle<\/h6>\n<\/li>\n<li>\n<h6>irrotettava istuimen p\u00e4\u00e4llinen on helppo pest\u00e4<\/h6>\n<\/li>\n<li>\n<h6>jousitus suoraan vaunukopan ja istuimen alla<\/h6>\n<\/li>\n<li>\n<h6>lastenvaunujen korin alla on ulosvedett\u00e4v\u00e4 jalusta.<\/h6>\n<\/li>\n<li>\n<h6>istuin ja pehmustettu vedett\u00e4v\u00e4 vaunu saatavana erikseen.<\/h6>\n<\/li>\n<li>\n<h6>vaunun runkoa voidaan k\u00e4ytt\u00e4\u00e4 turvaistuimen kehikkona erikseen myyt\u00e4vien sovittimien avulla.<\/h6>\n<\/li>\n<li>\n<h6>voidaan k\u00e4ytt\u00e4\u00e4 my\u00f6s kahden lapsen kanssa (toinen istuma-asennossa, toinen s\u00e4ilytysasennossa).<\/h6>\n<\/li>\n<\/ul>\n<p>&nbsp;<\/p>\n<h6>Lue lis\u00e4\u00e4 Hummy <a href=\"https:\/\/hummy.ee\/fi\/the-jiffle-vaunut-enemman-kuin-vaunuilta-voisi-odottaa\/\">-blogista<\/a> ja katso <a href=\"https:\/\/youtu.be\/E0A7CEXsU74?si=Y1NSEBD7V8koOfMq\">esittelyvideo<\/a>.<\/h6>\n","protected":false},"excerpt":{"rendered":"<h6>The Jiffle wagon 2+ yhdistelm\u00e4vaunu: kuusi 1 hengen vaunua. Innovatiivisen The Jiffle wagon 2+ -vaunusetin avulla voit olla hyvin valmistautunut heti ensimm\u00e4isest\u00e4 p\u00e4iv\u00e4st\u00e4 l\u00e4htien. Se on lastenrattaiden, jalustan ja vaunujen setti. Siin\u00e4 on my\u00f6s runsaasti tilaa kaikille tavaroillesi ja erinomainen jousitus mukavaa k\u00e4vely\u00e4 varten. Suuri kori voidaan lukita, jotta sit\u00e4 on helppo kuljettaa autossa. Voittanut Baby Innovation Award 2022 &amp; 2023 -palkinnon Kind+Jugendissa.<\/h6>\n","protected":false},"featured_media":60868,"comment_status":"closed","ping_status":"closed","template":"","meta":{"_acf_changed":false,"om_disable_all_campaigns":false,"_monsterinsights_skip_tracking":false,"_monsterinsights_sitenote_active":false,"_monsterinsights_sitenote_note":"","_monsterinsights_sitenote_category":0,"_uf_show_specific_survey":0,"_uf_disable_surveys":false,"site-sidebar-layout":"default","site-content-layout":"","ast-site-content-layout":"default","site-content-style":"default","site-sidebar-style":"default","ast-global-header-display":"","ast-banner-title-visibility":"","ast-main-header-display":"","ast-hfb-above-header-display":"","ast-hfb-below-header-display":"","ast-hfb-mobile-header-display":"","site-post-title":"","ast-breadcrumbs-content":"","ast-featured-img":"","footer-sml-layout":"","theme-transparent-header-meta":"default","adv-header-id-meta":"","stick-header-meta":"","header-above-stick-meta":"","header-main-stick-meta":"","header-below-stick-meta":"","astra-migrate-meta-layouts":"set","ast-page-background-enabled":"default","ast-page-background-meta":{"desktop":{"background-color":"var(--ast-global-color-4)","background-image":"","background-repeat":"repeat","background-position":"center center","background-size":"auto","background-attachment":"scroll","background-type":"","background-media":"","overlay-type":"","overlay-color":"","overlay-opacity":"","overlay-gradient":""},"tablet":{"background-color":"","background-image":"","background-repeat":"repeat","background-position":"center center","background-size":"auto","background-attachment":"scroll","background-type":"","background-media":"","overlay-type":"","overlay-color":"","overlay-opacity":"","overlay-gradient":""},"mobile":{"background-color":"","background-image":"","background-repeat":"repeat","background-position":"center center","background-size":"auto","background-attachment":"scroll","background-type":"","background-media":"","overlay-type":"","overlay-color":"","overlay-opacity":"","overlay-gradient":""}},"ast-content-background-meta":{"desktop":{"background-color":"var(--ast-global-color-5)","background-image":"","background-repeat":"repeat","background-position":"center center","background-size":"auto","background-attachment":"scroll","background-type":"","background-media":"","overlay-type":"","overlay-color":"","overlay-opacity":"","overlay-gradient":""},"tablet":{"background-color":"var(--ast-global-color-5)","background-image":"","background-repeat":"repeat","background-position":"center center","background-size":"auto","background-attachment":"scroll","background-type":"","background-media":"","overlay-type":"","overlay-color":"","overlay-opacity":"","overlay-gradient":""},"mobile":{"background-color":"var(--ast-global-color-5)","background-image":"","background-repeat":"repeat","background-position":"center center","background-size":"auto","background-attachment":"scroll","background-type":"","background-media":"","overlay-type":"","overlay-color":"","overlay-opacity":"","overlay-gradient":""}}},"product_brand":[276],"product_cat":[777,561,507,410,319],"product_tag":[],"class_list":{"0":"post-60717","1":"product","2":"type-product","3":"status-publish","4":"has-post-thumbnail","6":"product_brand-the-jiffle","7":"product_cat-jiffle-fi","8":"product_cat-kaksosrattaat","9":"product_cat-kampanja","10":"product_cat-sailioauto","11":"product_cat-uncategorized-fi","12":"desktop-align-left","13":"tablet-align-left","14":"mobile-align-left","16":"first","17":"instock","18":"taxable","19":"shipping-taxable","20":"purchasable","21":"product-type-variable"},"acf":[],"aioseo_notices":[],"_links":{"self":[{"href":"https:\/\/hummy.ee\/fi\/wp-json\/wp\/v2\/product\/60717","targetHints":{"allow":["GET"]}}],"collection":[{"href":"https:\/\/hummy.ee\/fi\/wp-json\/wp\/v2\/product"}],"about":[{"href":"https:\/\/hummy.ee\/fi\/wp-json\/wp\/v2\/types\/product"}],"replies":[{"embeddable":true,"href":"https:\/\/hummy.ee\/fi\/wp-json\/wp\/v2\/comments?post=60717"}],"version-history":[{"count":7,"href":"https:\/\/hummy.ee\/fi\/wp-json\/wp\/v2\/product\/60717\/revisions"}],"predecessor-version":[{"id":77371,"href":"https:\/\/hummy.ee\/fi\/wp-json\/wp\/v2\/product\/60717\/revisions\/77371"}],"wp:featuredmedia":[{"embeddable":true,"href":"https:\/\/hummy.ee\/fi\/wp-json\/wp\/v2\/media\/60868"}],"wp:attachment":[{"href":"https:\/\/hummy.ee\/fi\/wp-json\/wp\/v2\/media?parent=60717"}],"wp:term":[{"taxonomy":"product_brand","embeddable":true,"href":"https:\/\/hummy.ee\/fi\/wp-json\/wp\/v2\/product_brand?post=60717"},{"taxonomy":"product_cat","embeddable":true,"href":"https:\/\/hummy.ee\/fi\/wp-json\/wp\/v2\/product_cat?post=60717"},{"taxonomy":"product_tag","embeddable":true,"href":"https:\/\/hummy.ee\/fi\/wp-json\/wp\/v2\/product_tag?post=60717"}],"curies":[{"name":"wp","href":"https:\/\/api.w.org\/{rel}","templated":true}]}}