{"id":58523,"date":"2025-04-26T18:38:34","date_gmt":"2025-04-26T18:38:34","guid":{"rendered":"https:\/\/hummy.ee\/?post_type=product&#038;p=58523"},"modified":"2026-04-16T08:47:29","modified_gmt":"2026-04-16T08:47:29","slug":"circle-s-three-yhdistelmavaunut","status":"publish","type":"product","link":"https:\/\/hummy.ee\/fi\/tuote\/circle-s-three-yhdistelmavaunut\/","title":{"rendered":"Circle S Three 3-in-1 yhdistelm\u00e4vaunut"},"content":{"rendered":"<h6><strong><em>Mit\u00e4 sis\u00e4ltyy:<\/em><\/strong><\/h6>\n<ul>\n<li>\n<h6>Vaunukoppa<\/h6>\n<\/li>\n<li>\n<h6>Istuinosa<\/h6>\n<\/li>\n<li>\n<h6>CozyCloud-patjat<\/h6>\n<\/li>\n<li>\n<h6>Turvatelineen sovittimet (<a href=\"https:\/\/hummy.ee\/fi\/tuote\/abc-design-tulip-i-size-turvakehikko\/\">paloturvatelineeseen)<\/a><\/h6>\n<\/li>\n<li>\n<h6><a href=\"https:\/\/hummy.ee\/fi\/tuote\/abc-design-tulip-i-size-turvakehikko\/\" target=\"_blank\" rel=\"noopener\">Tulip i-Size<\/a><\/h6>\n<\/li>\n<\/ul>\n<h6><\/h6>\n<h6><strong><em>Miksi valita S Three -?<\/em><\/strong><\/h6>\n<ul>\n<li>\n<h6>Suuri vaunukoppa: mukava ja tuulettuva vaunukoppa takaa ilmankierron ja vauvan mukavuuden.<\/h6>\n<\/li>\n<li>\n<h6>Kokoontaitettava vaunukoppa: tilava mutta kokoontaitettuna kompakti - ihanteellinen s\u00e4ilytykseen autossa.<\/h6>\n<\/li>\n<li>\n<h6>Ergonominen CozyCloud\u00ae-patja: hengitt\u00e4v\u00e4n materiaalin ansiosta patja auttaa s\u00e4ilytt\u00e4m\u00e4\u00e4n ihanteellisen nukkuma-asennon. Kodikas CozyCloud-patja auttaa s\u00e4ilytt\u00e4m\u00e4\u00e4n miellytt\u00e4v\u00e4n nukkuma-asennon. Irrotettava p\u00e4\u00e4llinen on pest\u00e4v\u00e4.<\/h6>\n<\/li>\n<li>\n<h6>K\u00e4\u00e4nnett\u00e4v\u00e4 istuin: lapsen kasvaessa vaunukoppa voidaan vaihtaa istuimeen, joka mukautuu t\u00e4ysin lapsen tarpeisiin.<\/h6>\n<\/li>\n<li>\n<h6>Pidentyv\u00e4 UPF50+ aurinkosuoja - suojaa auringolta ja sateelta.<\/h6>\n<\/li>\n<li>\n<h6>HappyBelt\u00ae-turvavy\u00f6t, joissa on magneettikiinnikkeet: lapsesi kiinnitt\u00e4minen on helppoa ja turvallista.<\/h6>\n<\/li>\n<li>\n<h6>Suuret py\u00f6r\u00e4t ilmakammiolla: Vakauden ja tasaisen ajon kaikilla pinnoilla.<\/h6>\n<\/li>\n<li>\n<h6>Yhteensopivuus <a href=\"https:\/\/hummy.ee\/fi\/tuote\/abc-design-tulip-i-size-turvakehikko\/\">ABC Designin Tulip-telineen<\/a> kanssa: paketin mukana toimitetaan telineadapterit ja <a href=\"https:\/\/hummy.ee\/fi\/tuote\/abc-design-tulip-i-size-turvakehikko\/\" target=\"_blank\" rel=\"noopener\">Tulip-teline<\/a>, joiden avulla S Three voidaan muuttaa k\u00e4yt\u00e4nn\u00f6lliseksi matkustusj\u00e4rjestelm\u00e4ksi.<\/h6>\n<\/li>\n<\/ul>\n<h6 class=\"wp-block-heading\"><em><strong>Tulip-turvakaukalo \u2013 takaa aina optimaalisen suojan<\/strong><\/em><\/h6>\n<h6>Sis\u00e4\u00e4nommeltu istuintyyny tukee vauvaa tehokkaasti h\u00e4nen liikkuessaan, ja hieman kaareva pohja antaa istuimelle mahdollisuuden keinua hieman. Yksinkertaisen kiinnitysmekanisminsa ansiosta Tulip voidaan muuttaa nopeasti matkustusj\u00e4rjestelm\u00e4ksi - kiinnit\u00e4 se Circle S Three -vaunukehikkoon muutamalla k\u00e4denliikkeell\u00e4 tai k\u00e4yt\u00e4 Isofix <a href=\"https:\/\/hummy.ee\/fi\/tuote\/abc-design-isofix-base-juuripohja\/\">Root -jalustaa, jotta vaunu voidaan asentaa turvallisesti<\/a> ajoneuvoon. Tulip sopii 0-15 kuukauden ik\u00e4isille, 45-85 cm pitkille ja enint\u00e4\u00e4n 13 kg painaville lapsille. Tuolin s\u00e4\u00e4dett\u00e4v\u00e4 p\u00e4\u00e4ntuki on helppo s\u00e4\u00e4t\u00e4\u00e4 lapsen koon mukaan. Irrotettava p\u00e4\u00e4llinen on pest\u00e4v\u00e4.<\/h6>\n<h6><\/h6>\n<h6>Tunnustettu turvallisuus! Tulip on saanut ADAC:n ja Stiftung Warentestin testeiss\u00e4 arvosanan &#8221;hyv\u00e4\" (2,2), mik\u00e4 osoittaa, ett\u00e4 se on yksi turvallisimmista vaihtoehdoista pienelle lapsellesi.<\/h6>\n<p>&nbsp;<\/p>\n<h6><strong><em>Turvalaatikon tekniset eritelm\u00e4t<\/em><\/strong><\/h6>\n<ul>\n<li data-start=\"1352\" data-end=\"1469\">\n<h6>Mitat (p x l x k): 64 x 44 x 59 cm.<\/h6>\n<\/li>\n<li data-start=\"1352\" data-end=\"1469\">\n<h6>Paino: 3,95 kg<\/h6>\n<\/li>\n<li data-start=\"1352\" data-end=\"1469\">\n<h6>Sopii: 0-15 kk, 45-85 cm, enint\u00e4\u00e4n 13 kg.<\/h6>\n<\/li>\n<\/ul>\n<h6><strong><em>Lastenrattaiden tekniset tiedot<\/em><\/strong><\/h6>\n<ul>\n<li>\n<h6>Ik\u00e4: Sopii syntym\u00e4st\u00e4 4-vuotiaille.<\/h6>\n<\/li>\n<li>\n<h6>Lapsen enimm\u00e4ispaino: 22,0 kg<\/h6>\n<\/li>\n<li>\n<h6>Ostoskorin kapasiteetti: 5,0 kg<\/h6>\n<\/li>\n<li>\n<h6>K\u00e4ytt\u00f6: kaupunkitiet, puistot, soratiet, mets\u00e4autotiet.<\/h6>\n<\/li>\n<li>\n<h6>Ty\u00f6nt\u00f6tanko: s\u00e4\u00e4dett\u00e4viss\u00e4 95-109 cm<\/h6>\n<\/li>\n<li>\n<h6>Yhdell\u00e4 k\u00e4dell\u00e4 taittaminen: nopeaa ja helppoa<\/h6>\n<\/li>\n<li>\n<h6>Py\u00f6r\u00e4t: ilmakammio - edess\u00e4 20 cm, takana 29 cm<\/h6>\n<\/li>\n<li>\n<h6>Jousitus: nelipy\u00f6r\u00e4jousitus<\/h6>\n<\/li>\n<\/ul>\n<h6><\/h6>\n<h6><em><strong>Mitat ja painot<\/strong><\/em><\/h6>\n<ul>\n<li>\n<h6>Avattuna: 78 x 57 x 105 cm (L x S x K)<\/h6>\n<\/li>\n<li>\n<h6>Taitettuna: 84 x 57 x 63,5 cm<\/h6>\n<\/li>\n<li>\n<h6>Taitettuna ilman py\u00f6ri\u00e4: 78 x 45 x 45 cm<\/h6>\n<\/li>\n<li>\n<h6>Runko: 8,4 kg<\/h6>\n<\/li>\n<li>\n<h6>Istuin: 3,8 kg<\/h6>\n<\/li>\n<\/ul>\n<h6><em><strong>Huolto<\/strong><\/em><\/h6>\n<h6>Runko - kostealla liinalla, kangas - k\u00e4sinpesu 30\u00b0C:ssa.<\/h6>\n<p>&nbsp;<\/p>\n<h6><\/h6>\n<h6><em><strong>S\u00e4ili\u00f6sarjan yksityiskohdat<\/strong><\/em><\/h6>\n<ul>\n<li>\n<h6>Istuma-alue: 22 x 31 cm<\/h6>\n<\/li>\n<li>\n<h6>Selk\u00e4noja: 50 x 26,5 cm<\/h6>\n<\/li>\n<li>\n<h6>Jalkatuki: 16 x 32,5 cm<\/h6>\n<\/li>\n<li>\n<h6>Lamamin pinta-ala: 85 x 90 cm<\/h6>\n<\/li>\n<li>\n<h6>Turvatanko: irrotettava<\/h6>\n<\/li>\n<li>\n<h6>Suuri huppu: UV-suoja UPF50+<\/h6>\n<\/li>\n<\/ul>\n<p>&nbsp;<\/p>\n<h6><em>Tutustu vaunusarjaan <a href=\"https:\/\/www.youtube.com\/watch?time_continue=323&amp;v=qKmnqWho624&amp;embeds_referring_euri=https%3A%2F%2Fwww.abc-design.de%2F\" target=\"_blank\" rel=\"noopener\">esittelyvideolla<\/a>.<\/em><\/h6>\n<p>&nbsp;<\/p>\n<h6 class=\"wp-block-column\"><em>Hyv\u00e4t py\u00f6r\u00e4t tekev\u00e4t lastenvaunujen k\u00e4yt\u00f6st\u00e4 huomattavasti mukavampaa! Katso lis\u00e4\u00e4 Hummy-<a href=\"https:\/\/hummy.ee\/fi\/mitka-pyorilla-varustetut-lastenrattaat-minun-pitaisi-valita\/\" target=\"_blank\" rel=\"nofollow noopener\">blogista <\/a>ja l\u00f6yd\u00e4 itsellesi sopivin ratkaisu. <\/em><\/h6>\n","protected":false},"excerpt":{"rendered":"<h6>Circle S Three by ABC Design all in one -vaunusarja - t\u00e4ydellinen vaunusarja jokaiseen maastoon! Etsitk\u00f6 k\u00e4rryj\u00e4, jotka sopivat t\u00e4ydellisesti niin kaupungin kaduille kuin ulkoilmael\u00e4myksiin? S Three on t\u00e4ydellinen valintasi! Suuret air-camber-py\u00f6r\u00e4t ja nelipy\u00f6r\u00e4jousitus takaavat maksimaalisen mukavuuden ja tasaisen kyydin mill\u00e4 tahansa alustalla - olipa kyseess\u00e4 sitten sile\u00e4 asfalttitie tai mets\u00e4polku.<\/h6>\n","protected":false},"featured_media":56086,"comment_status":"open","ping_status":"closed","template":"","meta":{"_acf_changed":false,"om_disable_all_campaigns":false,"_monsterinsights_skip_tracking":false,"_monsterinsights_sitenote_active":false,"_monsterinsights_sitenote_note":"","_monsterinsights_sitenote_category":0,"_uf_show_specific_survey":0,"_uf_disable_surveys":false,"site-sidebar-layout":"default","site-content-layout":"","ast-site-content-layout":"default","site-content-style":"default","site-sidebar-style":"default","ast-global-header-display":"","ast-banner-title-visibility":"","ast-main-header-display":"","ast-hfb-above-header-display":"","ast-hfb-below-header-display":"","ast-hfb-mobile-header-display":"","site-post-title":"","ast-breadcrumbs-content":"","ast-featured-img":"","footer-sml-layout":"","theme-transparent-header-meta":"default","adv-header-id-meta":"","stick-header-meta":"","header-above-stick-meta":"","header-main-stick-meta":"","header-below-stick-meta":"","astra-migrate-meta-layouts":"set","ast-page-background-enabled":"default","ast-page-background-meta":{"desktop":{"background-color":"var(--ast-global-color-4)","background-image":"","background-repeat":"repeat","background-position":"center center","background-size":"auto","background-attachment":"scroll","background-type":"","background-media":"","overlay-type":"","overlay-color":"","overlay-opacity":"","overlay-gradient":""},"tablet":{"background-color":"","background-image":"","background-repeat":"repeat","background-position":"center center","background-size":"auto","background-attachment":"scroll","background-type":"","background-media":"","overlay-type":"","overlay-color":"","overlay-opacity":"","overlay-gradient":""},"mobile":{"background-color":"","background-image":"","background-repeat":"repeat","background-position":"center center","background-size":"auto","background-attachment":"scroll","background-type":"","background-media":"","overlay-type":"","overlay-color":"","overlay-opacity":"","overlay-gradient":""}},"ast-content-background-meta":{"desktop":{"background-color":"var(--ast-global-color-5)","background-image":"","background-repeat":"repeat","background-position":"center center","background-size":"auto","background-attachment":"scroll","background-type":"","background-media":"","overlay-type":"","overlay-color":"","overlay-opacity":"","overlay-gradient":""},"tablet":{"background-color":"var(--ast-global-color-5)","background-image":"","background-repeat":"repeat","background-position":"center center","background-size":"auto","background-attachment":"scroll","background-type":"","background-media":"","overlay-type":"","overlay-color":"","overlay-opacity":"","overlay-gradient":""},"mobile":{"background-color":"var(--ast-global-color-5)","background-image":"","background-repeat":"repeat","background-position":"center center","background-size":"auto","background-attachment":"scroll","background-type":"","background-media":"","overlay-type":"","overlay-color":"","overlay-opacity":"","overlay-gradient":""}}},"product_brand":[],"product_cat":[527,410,319],"product_tag":[],"class_list":{"0":"post-58523","1":"product","2":"type-product","3":"status-publish","4":"has-post-thumbnail","6":"product_cat-abc-design-fi","7":"product_cat-sailioauto","8":"product_cat-uncategorized-fi","9":"desktop-align-left","10":"tablet-align-left","11":"mobile-align-left","13":"first","14":"outofstock","15":"taxable","16":"shipping-taxable","17":"purchasable","18":"product-type-variable"},"acf":[],"aioseo_notices":[],"_links":{"self":[{"href":"https:\/\/hummy.ee\/fi\/wp-json\/wp\/v2\/product\/58523","targetHints":{"allow":["GET"]}}],"collection":[{"href":"https:\/\/hummy.ee\/fi\/wp-json\/wp\/v2\/product"}],"about":[{"href":"https:\/\/hummy.ee\/fi\/wp-json\/wp\/v2\/types\/product"}],"replies":[{"embeddable":true,"href":"https:\/\/hummy.ee\/fi\/wp-json\/wp\/v2\/comments?post=58523"}],"version-history":[{"count":17,"href":"https:\/\/hummy.ee\/fi\/wp-json\/wp\/v2\/product\/58523\/revisions"}],"predecessor-version":[{"id":86802,"href":"https:\/\/hummy.ee\/fi\/wp-json\/wp\/v2\/product\/58523\/revisions\/86802"}],"wp:featuredmedia":[{"embeddable":true,"href":"https:\/\/hummy.ee\/fi\/wp-json\/wp\/v2\/media\/56086"}],"wp:attachment":[{"href":"https:\/\/hummy.ee\/fi\/wp-json\/wp\/v2\/media?parent=58523"}],"wp:term":[{"taxonomy":"product_brand","embeddable":true,"href":"https:\/\/hummy.ee\/fi\/wp-json\/wp\/v2\/product_brand?post=58523"},{"taxonomy":"product_cat","embeddable":true,"href":"https:\/\/hummy.ee\/fi\/wp-json\/wp\/v2\/product_cat?post=58523"},{"taxonomy":"product_tag","embeddable":true,"href":"https:\/\/hummy.ee\/fi\/wp-json\/wp\/v2\/product_tag?post=58523"}],"curies":[{"name":"wp","href":"https:\/\/api.w.org\/{rel}","templated":true}]}}