{"id":57565,"date":"2025-04-23T19:44:17","date_gmt":"2025-04-23T19:44:17","guid":{"rendered":"https:\/\/hummy.ee\/product\/ulkotyyny\/"},"modified":"2026-04-20T13:36:19","modified_gmt":"2026-04-20T13:36:19","slug":"tukityyny-outdoor-block","status":"publish","type":"product","link":"https:\/\/hummy.ee\/fi\/tuote\/tukityyny-outdoor-block\/","title":{"rendered":"Tukityyny - Outdoor Block"},"content":{"rendered":"<h6 data-start=\"376\" data-end=\"401\"><strong><em>1, 2, 3 - leikin aika!<\/em><\/strong><\/h6>\n<h6 data-start=\"403\" data-end=\"531\">Rohkaise pient\u00e4 lastasi tutkimaan ulkoilmaa ja selvitt\u00e4m\u00e4\u00e4n, miten patjaa voi k\u00e4ytt\u00e4\u00e4 muutenkin. Tuleeko siit\u00e4 leikkiv\u00e4line vai tuleeko siit\u00e4 hauska tyynysota?<\/h6>\n<p>&nbsp;<\/p>\n<h6 data-start=\"709\" data-end=\"728\"><strong><em>Aika olla yhdess\u00e4<\/em><\/strong><\/h6>\n<h6 data-start=\"730\" data-end=\"880\">Halaile pient\u00e4 lastasi, jaa hauskoja tarinoita, naura ja vain nauti toistenne seurasta, jotta jokainen yhteinen hetki olisi arvokas muisto.<\/h6>\n<p>&nbsp;<\/p>\n<h6><\/h6>\n<h6><\/h6>\n","protected":false},"excerpt":{"rendered":"<h6>Wigiwama ulkotyyny \u2013 leikkis\u00e4 ja k\u00e4yt\u00e4nn\u00f6llinen lis\u00e4 lasten ulkokalusteisiin. Tyylik\u00e4s tyyny, joka t\u00e4ydent\u00e4\u00e4 t\u00e4ydellisesti Outdoor-<a href=\"https:\/\/hummy.ee\/fi\/tuote\/sakkituoli-outdoor\/\" target=\"_blank\" rel=\"noopener\">s\u00e4kkituolin <\/a>ja <a href=\"https:\/\/hummy.ee\/fi\/tuote\/nelionmuotoinen-outdoor\/\" target=\"_blank\" rel=\"noopener\">ulkorahin<\/a>. Se on suunniteltu lasten mukavuutta ja tyyli\u00e4 silm\u00e4ll\u00e4 pit\u00e4en \u2013 leikkis\u00e4 mutta k\u00e4yt\u00e4nn\u00f6llinen sisustuselementti, joka sopii niin terassille, puutarhaan kuin uima-altaan reunalle.<\/h6>\n","protected":false},"featured_media":57526,"comment_status":"open","ping_status":"closed","template":"","meta":{"_acf_changed":false,"om_disable_all_campaigns":false,"_monsterinsights_skip_tracking":false,"_monsterinsights_sitenote_active":false,"_monsterinsights_sitenote_note":"","_monsterinsights_sitenote_category":0,"_uf_show_specific_survey":0,"_uf_disable_surveys":false,"site-sidebar-layout":"default","site-content-layout":"","ast-site-content-layout":"default","site-content-style":"default","site-sidebar-style":"default","ast-global-header-display":"","ast-banner-title-visibility":"","ast-main-header-display":"","ast-hfb-above-header-display":"","ast-hfb-below-header-display":"","ast-hfb-mobile-header-display":"","site-post-title":"","ast-breadcrumbs-content":"","ast-featured-img":"","footer-sml-layout":"","theme-transparent-header-meta":"default","adv-header-id-meta":"","stick-header-meta":"","header-above-stick-meta":"","header-main-stick-meta":"","header-below-stick-meta":"","astra-migrate-meta-layouts":"set","ast-page-background-enabled":"default","ast-page-background-meta":{"desktop":{"background-color":"var(--ast-global-color-4)","background-image":"","background-repeat":"repeat","background-position":"center center","background-size":"auto","background-attachment":"scroll","background-type":"","background-media":"","overlay-type":"","overlay-color":"","overlay-opacity":"","overlay-gradient":""},"tablet":{"background-color":"","background-image":"","background-repeat":"repeat","background-position":"center center","background-size":"auto","background-attachment":"scroll","background-type":"","background-media":"","overlay-type":"","overlay-color":"","overlay-opacity":"","overlay-gradient":""},"mobile":{"background-color":"","background-image":"","background-repeat":"repeat","background-position":"center center","background-size":"auto","background-attachment":"scroll","background-type":"","background-media":"","overlay-type":"","overlay-color":"","overlay-opacity":"","overlay-gradient":""}},"ast-content-background-meta":{"desktop":{"background-color":"var(--ast-global-color-5)","background-image":"","background-repeat":"repeat","background-position":"center center","background-size":"auto","background-attachment":"scroll","background-type":"","background-media":"","overlay-type":"","overlay-color":"","overlay-opacity":"","overlay-gradient":""},"tablet":{"background-color":"var(--ast-global-color-5)","background-image":"","background-repeat":"repeat","background-position":"center center","background-size":"auto","background-attachment":"scroll","background-type":"","background-media":"","overlay-type":"","overlay-color":"","overlay-opacity":"","overlay-gradient":""},"mobile":{"background-color":"var(--ast-global-color-5)","background-image":"","background-repeat":"repeat","background-position":"center center","background-size":"auto","background-attachment":"scroll","background-type":"","background-media":"","overlay-type":"","overlay-color":"","overlay-opacity":"","overlay-gradient":""}}},"product_brand":[],"product_cat":[961],"product_tag":[],"class_list":{"0":"post-57565","1":"product","2":"type-product","3":"status-publish","4":"has-post-thumbnail","6":"product_cat-wigiwama-fi","7":"desktop-align-left","8":"tablet-align-left","9":"mobile-align-left","11":"first","12":"instock","13":"sale","14":"taxable","15":"shipping-taxable","16":"purchasable","17":"product-type-variable"},"acf":[],"aioseo_notices":[],"_links":{"self":[{"href":"https:\/\/hummy.ee\/fi\/wp-json\/wp\/v2\/product\/57565","targetHints":{"allow":["GET"]}}],"collection":[{"href":"https:\/\/hummy.ee\/fi\/wp-json\/wp\/v2\/product"}],"about":[{"href":"https:\/\/hummy.ee\/fi\/wp-json\/wp\/v2\/types\/product"}],"replies":[{"embeddable":true,"href":"https:\/\/hummy.ee\/fi\/wp-json\/wp\/v2\/comments?post=57565"}],"version-history":[{"count":6,"href":"https:\/\/hummy.ee\/fi\/wp-json\/wp\/v2\/product\/57565\/revisions"}],"predecessor-version":[{"id":87335,"href":"https:\/\/hummy.ee\/fi\/wp-json\/wp\/v2\/product\/57565\/revisions\/87335"}],"wp:featuredmedia":[{"embeddable":true,"href":"https:\/\/hummy.ee\/fi\/wp-json\/wp\/v2\/media\/57526"}],"wp:attachment":[{"href":"https:\/\/hummy.ee\/fi\/wp-json\/wp\/v2\/media?parent=57565"}],"wp:term":[{"taxonomy":"product_brand","embeddable":true,"href":"https:\/\/hummy.ee\/fi\/wp-json\/wp\/v2\/product_brand?post=57565"},{"taxonomy":"product_cat","embeddable":true,"href":"https:\/\/hummy.ee\/fi\/wp-json\/wp\/v2\/product_cat?post=57565"},{"taxonomy":"product_tag","embeddable":true,"href":"https:\/\/hummy.ee\/fi\/wp-json\/wp\/v2\/product_tag?post=57565"}],"curies":[{"name":"wp","href":"https:\/\/api.w.org\/{rel}","templated":true}]}}