{"id":57460,"date":"2025-04-23T19:06:46","date_gmt":"2025-04-23T19:06:46","guid":{"rendered":"https:\/\/hummy.ee\/product\/beanbag-pussi-pussi-tyokalu-outdoor\/"},"modified":"2026-02-18T08:37:15","modified_gmt":"2026-02-18T08:37:15","slug":"beanbag-pussi-pussi-tyokalu-outdoor","status":"publish","type":"product","link":"https:\/\/hummy.ee\/fi\/tuote\/beanbag-pussi-pussi-tyokalu-outdoor\/","title":{"rendered":"Beanbag - Outdoor"},"content":{"rendered":"<h6><em><strong>Hauskaa leikki\u00e4 ulkona<\/strong><\/em><\/h6>\n<h6>Ihanteellinen k\u00e4ytett\u00e4v\u00e4ksi aurinkoisena puutarhap\u00e4iv\u00e4n\u00e4 tai uima-altaalla. Se on kevyt, joten lapsesi voi siirt\u00e4\u00e4 sen sinne, miss\u00e4 h\u00e4n sit\u00e4 tarvitsee. Se on loistava valinta lasten ulkokalusteeksi 3-9-vuotiaille.<\/h6>\n<p>&nbsp;<\/p>\n<h6 data-start=\"0\" data-end=\"149\"><em><strong>Suunnittelu sopii mihin tahansa kotiin\/puutarhaan<\/strong><\/em><\/h6>\n<h6 data-start=\"0\" data-end=\"149\">Ajattoman muotoilunsa ja monipuolisten v\u00e4rivaihtoehtojensa ansiosta pehmopussi tai pussituoli sopii sek\u00e4 moderniin ett\u00e4 klassiseen sisustukseen. Sopii t\u00e4ydellisesti k\u00e4ytett\u00e4v\u00e4ksi Wigiwama Ottomaanien kanssa , joka on 3-9-vuotiaille tarkoitettu ulkoleikkisarja.<\/h6>\n<p>&nbsp;<\/p>\n<h6 data-start=\"302\" data-end=\"472\"><em><strong>Pehme\u00e4 estetiikka, kest\u00e4v\u00e4 muotoilu<\/strong><\/em><\/h6>\n<h6 data-start=\"302\" data-end=\"472\">Olemme valinneet huolellisesti korkealaatuisia ja kest\u00e4vi\u00e4 materiaaleja, jotta ulkoilmatuolisi kest\u00e4\u00e4 ja tarjoaa nautintoa vuosiksi.<\/h6>\n<p>&nbsp;<\/p>\n<h6 data-start=\"273\" data-end=\"303\"><em><strong data-start=\"273\" data-end=\"301\">Helppo huolto<\/strong><\/em><\/h6>\n<h6>Tuuban ulkokerros on vett\u00e4 ja likaa hylkiv\u00e4, joten sen huoltaminen on helppoa - tarvitset vain kostean liinan sen puhdistamiseen. Sis\u00e4puoli on vedenpit\u00e4v\u00e4 ja t\u00e4ytetty 100-prosenttisesti kierr\u00e4tett\u00e4v\u00e4ll\u00e4 polystyreenill\u00e4 (EPS).<\/h6>\n<h6><\/h6>\n<p>&nbsp;<\/p>\n<h6><strong><em>Tuotetiedot<\/em><\/strong><\/h6>\n<ul>\n<li>\n<h6>Mitat: 70 x 50 x 80 cm<\/h6>\n<\/li>\n<li>\n<h6>Paino: 3,5 kg<\/h6>\n<\/li>\n<li>\n<h6>Materiaalit - ulkokerros: s\u00e4\u00e4nkest\u00e4v\u00e4 OEKO-TEX\u00ae-sertifioitu 100 % olefiini - ymp\u00e4rist\u00f6yst\u00e4v\u00e4llisi\u00e4 kuituja, sis\u00e4kerros - vedenpit\u00e4v\u00e4 OEKO-TEX\u00ae 100 % polyesteri.<\/h6>\n<\/li>\n<li>\n<h6>T\u00e4yte: 100 % paisutettua polystyreeni\u00e4 (EPS).<\/h6>\n<\/li>\n<li>\n<h6>UV-kest\u00e4v\u00e4: testattu 1200 tunnin ajan, mik\u00e4 takaa pitk\u00e4kestoisen v\u00e4rinkeston.<\/h6>\n<\/li>\n<li>\n<h6>Kloorinkest\u00e4v\u00e4: soveltuu uima-altaalla k\u00e4ytett\u00e4v\u00e4ksi.<\/h6>\n<\/li>\n<\/ul>\n<h6><\/h6>\n<h6><strong><em>K\u00e4sintehty rakkaudella ja huolella<\/em><\/strong><\/h6>\n<h6 data-start=\"38\" data-end=\"329\">Meill\u00e4 on yli kymmenen vuoden kokemus, ja olemme ylpeit\u00e4 voidessamme toimittaa EU:n suurimmille v\u00e4hitt\u00e4iskauppiaille tuotteita, jotka on valmistettu huolella ja rakkaudella omassa tehtaassamme Latviassa. Valvomme itse tuotannon jokaista vaihetta, kiinnit\u00e4mme huomiota pienimpiinkin yksityiskohtiin ja kehit\u00e4mme ja innovoimme tuotteitamme jatkuvasti.<\/h6>\n","protected":false},"excerpt":{"rendered":"<h6>Wigiwama lasten s\u00e4kkituoli - monipuolinen ja tyylik\u00e4s lis\u00e4 lasten ulkokalusteisiin. T\u00e4ydellinen kumppani ikoniselle Ottomans-ulkotuolillemme. Wigiwama-s\u00e4kkituoli on suunniteltu tarjoamaan monipuolisuutta ulkoleikkeihin, jalkojen lepuuttamiseen tai ylim\u00e4\u00e4r\u00e4iseksi istuimeksi. Valmistettu s\u00e4\u00e4nkest\u00e4v\u00e4st\u00e4 OEKO-TEX\u00ae-sertifioidusta kankaasta.<\/h6>\n","protected":false},"featured_media":57343,"comment_status":"open","ping_status":"closed","template":"","meta":{"_acf_changed":false,"om_disable_all_campaigns":false,"_monsterinsights_skip_tracking":false,"_monsterinsights_sitenote_active":false,"_monsterinsights_sitenote_note":"","_monsterinsights_sitenote_category":0,"_uf_show_specific_survey":0,"_uf_disable_surveys":false,"site-sidebar-layout":"default","site-content-layout":"","ast-site-content-layout":"default","site-content-style":"default","site-sidebar-style":"default","ast-global-header-display":"","ast-banner-title-visibility":"","ast-main-header-display":"","ast-hfb-above-header-display":"","ast-hfb-below-header-display":"","ast-hfb-mobile-header-display":"","site-post-title":"","ast-breadcrumbs-content":"","ast-featured-img":"","footer-sml-layout":"","theme-transparent-header-meta":"default","adv-header-id-meta":"","stick-header-meta":"","header-above-stick-meta":"","header-main-stick-meta":"","header-below-stick-meta":"","astra-migrate-meta-layouts":"set","ast-page-background-enabled":"default","ast-page-background-meta":{"desktop":{"background-color":"var(--ast-global-color-4)","background-image":"","background-repeat":"repeat","background-position":"center center","background-size":"auto","background-attachment":"scroll","background-type":"","background-media":"","overlay-type":"","overlay-color":"","overlay-opacity":"","overlay-gradient":""},"tablet":{"background-color":"","background-image":"","background-repeat":"repeat","background-position":"center center","background-size":"auto","background-attachment":"scroll","background-type":"","background-media":"","overlay-type":"","overlay-color":"","overlay-opacity":"","overlay-gradient":""},"mobile":{"background-color":"","background-image":"","background-repeat":"repeat","background-position":"center center","background-size":"auto","background-attachment":"scroll","background-type":"","background-media":"","overlay-type":"","overlay-color":"","overlay-opacity":"","overlay-gradient":""}},"ast-content-background-meta":{"desktop":{"background-color":"var(--ast-global-color-5)","background-image":"","background-repeat":"repeat","background-position":"center center","background-size":"auto","background-attachment":"scroll","background-type":"","background-media":"","overlay-type":"","overlay-color":"","overlay-opacity":"","overlay-gradient":""},"tablet":{"background-color":"var(--ast-global-color-5)","background-image":"","background-repeat":"repeat","background-position":"center center","background-size":"auto","background-attachment":"scroll","background-type":"","background-media":"","overlay-type":"","overlay-color":"","overlay-opacity":"","overlay-gradient":""},"mobile":{"background-color":"var(--ast-global-color-5)","background-image":"","background-repeat":"repeat","background-position":"center center","background-size":"auto","background-attachment":"scroll","background-type":"","background-media":"","overlay-type":"","overlay-color":"","overlay-opacity":"","overlay-gradient":""}}},"product_brand":[],"product_cat":[961],"product_tag":[],"class_list":{"0":"post-57460","1":"product","2":"type-product","3":"status-publish","4":"has-post-thumbnail","6":"product_cat-wigiwama-fi","7":"desktop-align-left","8":"tablet-align-left","9":"mobile-align-left","11":"first","12":"instock","13":"sale","14":"taxable","15":"shipping-taxable","16":"purchasable","17":"product-type-variable"},"acf":[],"aioseo_notices":[],"_links":{"self":[{"href":"https:\/\/hummy.ee\/fi\/wp-json\/wp\/v2\/product\/57460","targetHints":{"allow":["GET"]}}],"collection":[{"href":"https:\/\/hummy.ee\/fi\/wp-json\/wp\/v2\/product"}],"about":[{"href":"https:\/\/hummy.ee\/fi\/wp-json\/wp\/v2\/types\/product"}],"replies":[{"embeddable":true,"href":"https:\/\/hummy.ee\/fi\/wp-json\/wp\/v2\/comments?post=57460"}],"version-history":[{"count":6,"href":"https:\/\/hummy.ee\/fi\/wp-json\/wp\/v2\/product\/57460\/revisions"}],"predecessor-version":[{"id":82545,"href":"https:\/\/hummy.ee\/fi\/wp-json\/wp\/v2\/product\/57460\/revisions\/82545"}],"wp:featuredmedia":[{"embeddable":true,"href":"https:\/\/hummy.ee\/fi\/wp-json\/wp\/v2\/media\/57343"}],"wp:attachment":[{"href":"https:\/\/hummy.ee\/fi\/wp-json\/wp\/v2\/media?parent=57460"}],"wp:term":[{"taxonomy":"product_brand","embeddable":true,"href":"https:\/\/hummy.ee\/fi\/wp-json\/wp\/v2\/product_brand?post=57460"},{"taxonomy":"product_cat","embeddable":true,"href":"https:\/\/hummy.ee\/fi\/wp-json\/wp\/v2\/product_cat?post=57460"},{"taxonomy":"product_tag","embeddable":true,"href":"https:\/\/hummy.ee\/fi\/wp-json\/wp\/v2\/product_tag?post=57460"}],"curies":[{"name":"wp","href":"https:\/\/api.w.org\/{rel}","templated":true}]}}