{"id":56894,"date":"2025-04-22T18:44:12","date_gmt":"2025-04-22T18:44:12","guid":{"rendered":"https:\/\/hummy.ee\/product\/circle-t-yksi-beebisisu\/"},"modified":"2026-04-18T11:35:00","modified_gmt":"2026-04-18T11:35:00","slug":"circle-t-one-vastasyntyneen-tukityyny","status":"publish","type":"product","link":"https:\/\/hummy.ee\/fi\/tuote\/circle-t-one-vastasyntyneen-tukityyny\/","title":{"rendered":"Circle T one newborn insert - vastasyntyneen tukityyny"},"content":{"rendered":"<h6>T One -vastasyntyneen tukityyny toimii klassisen vaunukopan tavoin ja tarjoaa vastasyntyneelle oikean ja ergonomisen makuuasennon.<\/h6>\n<p>&nbsp;<\/p>\n<h6><em><strong>Kevyt ja k\u00e4yt\u00e4nn\u00f6llinen muotoilu jokap\u00e4iv\u00e4iseen k\u00e4ytt\u00f6\u00f6n<\/strong><\/em><\/h6>\n<h6>Kevyen painon ja kahden k\u00e4yt\u00e4nn\u00f6llisen kantokahvan ansiosta vastasyntyneen tukityyny on helppo siirt\u00e4\u00e4. Helppok\u00e4ytt\u00f6inen kiinnitysj\u00e4rjestelm\u00e4 hihnoilla ja neppareilla takaa nopean ja varman asennuksen <a href=\"https:\/\/hummy.ee\/fi\/tuote\/circle-d-two-sisarusrattaat\/\">D Two<\/a> -istuimeen.<\/h6>\n<p>&nbsp;<\/p>\n<h6><strong><em>T\u00e4ydellinen ratkaisu my\u00f6s kaksosille<\/em><\/strong><\/h6>\n<h6>Kun perheess\u00e4 on kaksi pient\u00e4 seikkailijaa, Circle D Two -sisarusrattaat mahdollistavat kahden vastasyntyneen tukityynyn k\u00e4yt\u00f6n, tehden siit\u00e4 t\u00e4ydellisen ratkaisun kaksosten perheille. N\u00e4in molemmat lapset p\u00e4\u00e4sev\u00e4t tutustumaan maailmaan mukavasti ja turvallisesti syntym\u00e4st\u00e4 l\u00e4htien.<\/h6>\n<h6><\/h6>\n<p>&nbsp;<\/p>\n<h6><strong><em>Mukavuutta ja suojaa joka tilanteessa<\/em><\/strong><\/h6>\n<ul>\n<li>\n<h6>Pehme\u00e4 sis\u00e4vuori \u2013 lis\u00e4\u00e4 vauvalle mukavuutta ja kodikkuutta<\/h6>\n<\/li>\n<li>\n<h6>Vahvistetut sivut \u2013 tuovat lis\u00e4turvaa<\/h6>\n<\/li>\n<li>\n<h6>Vetoketjullinen tuulensuoja \u2013 suojaa tuulelta ja viileydelt\u00e4 kaikkina vuodenaikoina<\/h6>\n<\/li>\n<li>\n<h6>UPF50+ -suoja \u2013 erinomainen valinta aurinkoisiin p\u00e4iviin<\/h6>\n<\/li>\n<\/ul>\n<h6><strong><em>Miksi valita T One -vastasyntyneen tukityyny?<\/em><\/strong><\/h6>\n<ul>\n<li data-start=\"1397\" data-end=\"1695\">\n<h6>Turvallinen ja ergonominen \u2013 tarjoaa oikean ja mukavan makuuasennon syntym\u00e4st\u00e4 l\u00e4htien<\/h6>\n<\/li>\n<li data-start=\"1397\" data-end=\"1695\">\n<h6>S\u00e4\u00e4dett\u00e4v\u00e4 p\u00e4\u00e4ntuki ja jalkapeite \u2013 lis\u00e4\u00e4 mukavuutta ja suojaa s\u00e4\u00e4olosuhteilta<\/h6>\n<\/li>\n<li data-start=\"1397\" data-end=\"1695\">\n<h6>T\u00e4ydellinen kaksosille \u2013 mahdollistaa kahden vastasyntyneen tukityynyn k\u00e4yt\u00f6n yht\u00e4 aikaa<\/h6>\n<\/li>\n<\/ul>\n<h6><\/h6>\n<h6><em><strong>Tekniset tiedot<\/strong><\/em><\/h6>\n<ul>\n<li>\n<h6>Mitat: 75,5 x 30,0 x 17,0 cm<\/h6>\n<\/li>\n<li>\n<h6>Makuupinta: leveys 27,0 cm \/ pituus 72,0 cm<\/h6>\n<\/li>\n<li>\n<h6>Paino: 1,5 kg \u2013 t\u00e4ydellinen matkak\u00e4ytt\u00f6\u00f6n<\/h6>\n<\/li>\n<li>\n<h6>Hoito-ohje: K\u00e4sinpesu enint\u00e4\u00e4n 30 \u00b0C:ssa auttaa s\u00e4ilytt\u00e4m\u00e4\u00e4n materiaalin kest\u00e4vyyden ja raikkauden<\/h6>\n<\/li>\n<\/ul>\n<h6><em>Tutustu l\u00e4hemmin <a href=\"https:\/\/www.youtube.com\/watch?v=tY10JA5AP94\">T One<\/a> -vastasyntyneen tukityynyyn.<\/em><\/h6>\n","protected":false},"excerpt":{"rendered":"<h6><a href=\"https:\/\/hummy.ee\/fi\/tuote\/circle-d-two-sisarusrattaat\/\">Circle D Two<\/a> by ABC Design -sisarusrattaiden vastasyntyneen tukityyny \u2013 turvallinen ja mukava alusta alkaen. Circle T One -vastasyntyneen tukityyny tarjoaa turvallisen ja ergonomisen ratkaisun, jotta voit l\u00e4hte\u00e4 seikkailuihin jo syntym\u00e4st\u00e4 l\u00e4htien. \u00c4lykk\u00e4\u00e4n muotoilun ansiosta Circle D Two -sisarusrattaat sopivat sek\u00e4 vastasyntyneille ett\u00e4 suuremmille lapsille, tarjoten heille aina parhaan mahdollisen mukavuuden ja suojan.<\/h6>\n","protected":false},"featured_media":56860,"comment_status":"open","ping_status":"closed","template":"","meta":{"_acf_changed":false,"om_disable_all_campaigns":false,"_monsterinsights_skip_tracking":false,"_monsterinsights_sitenote_active":false,"_monsterinsights_sitenote_note":"","_monsterinsights_sitenote_category":0,"_uf_show_specific_survey":0,"_uf_disable_surveys":false,"site-sidebar-layout":"default","site-content-layout":"","ast-site-content-layout":"default","site-content-style":"default","site-sidebar-style":"default","ast-global-header-display":"","ast-banner-title-visibility":"","ast-main-header-display":"","ast-hfb-above-header-display":"","ast-hfb-below-header-display":"","ast-hfb-mobile-header-display":"","site-post-title":"","ast-breadcrumbs-content":"","ast-featured-img":"","footer-sml-layout":"","theme-transparent-header-meta":"default","adv-header-id-meta":"","stick-header-meta":"","header-above-stick-meta":"","header-main-stick-meta":"","header-below-stick-meta":"","astra-migrate-meta-layouts":"set","ast-page-background-enabled":"default","ast-page-background-meta":{"desktop":{"background-color":"var(--ast-global-color-4)","background-image":"","background-repeat":"repeat","background-position":"center center","background-size":"auto","background-attachment":"scroll","background-type":"","background-media":"","overlay-type":"","overlay-color":"","overlay-opacity":"","overlay-gradient":""},"tablet":{"background-color":"","background-image":"","background-repeat":"repeat","background-position":"center center","background-size":"auto","background-attachment":"scroll","background-type":"","background-media":"","overlay-type":"","overlay-color":"","overlay-opacity":"","overlay-gradient":""},"mobile":{"background-color":"","background-image":"","background-repeat":"repeat","background-position":"center center","background-size":"auto","background-attachment":"scroll","background-type":"","background-media":"","overlay-type":"","overlay-color":"","overlay-opacity":"","overlay-gradient":""}},"ast-content-background-meta":{"desktop":{"background-color":"var(--ast-global-color-5)","background-image":"","background-repeat":"repeat","background-position":"center center","background-size":"auto","background-attachment":"scroll","background-type":"","background-media":"","overlay-type":"","overlay-color":"","overlay-opacity":"","overlay-gradient":""},"tablet":{"background-color":"var(--ast-global-color-5)","background-image":"","background-repeat":"repeat","background-position":"center center","background-size":"auto","background-attachment":"scroll","background-type":"","background-media":"","overlay-type":"","overlay-color":"","overlay-opacity":"","overlay-gradient":""},"mobile":{"background-color":"var(--ast-global-color-5)","background-image":"","background-repeat":"repeat","background-position":"center center","background-size":"auto","background-attachment":"scroll","background-type":"","background-media":"","overlay-type":"","overlay-color":"","overlay-opacity":"","overlay-gradient":""}}},"product_brand":[],"product_cat":[527,582],"product_tag":[],"class_list":{"0":"post-56894","1":"product","2":"type-product","3":"status-publish","4":"has-post-thumbnail","6":"product_cat-abc-design-fi","7":"product_cat-pajukorit","8":"desktop-align-left","9":"tablet-align-left","10":"mobile-align-left","12":"first","13":"instock","14":"taxable","15":"shipping-taxable","16":"purchasable","17":"product-type-variable"},"acf":[],"aioseo_notices":[],"_links":{"self":[{"href":"https:\/\/hummy.ee\/fi\/wp-json\/wp\/v2\/product\/56894","targetHints":{"allow":["GET"]}}],"collection":[{"href":"https:\/\/hummy.ee\/fi\/wp-json\/wp\/v2\/product"}],"about":[{"href":"https:\/\/hummy.ee\/fi\/wp-json\/wp\/v2\/types\/product"}],"replies":[{"embeddable":true,"href":"https:\/\/hummy.ee\/fi\/wp-json\/wp\/v2\/comments?post=56894"}],"version-history":[{"count":10,"href":"https:\/\/hummy.ee\/fi\/wp-json\/wp\/v2\/product\/56894\/revisions"}],"predecessor-version":[{"id":87051,"href":"https:\/\/hummy.ee\/fi\/wp-json\/wp\/v2\/product\/56894\/revisions\/87051"}],"wp:featuredmedia":[{"embeddable":true,"href":"https:\/\/hummy.ee\/fi\/wp-json\/wp\/v2\/media\/56860"}],"wp:attachment":[{"href":"https:\/\/hummy.ee\/fi\/wp-json\/wp\/v2\/media?parent=56894"}],"wp:term":[{"taxonomy":"product_brand","embeddable":true,"href":"https:\/\/hummy.ee\/fi\/wp-json\/wp\/v2\/product_brand?post=56894"},{"taxonomy":"product_cat","embeddable":true,"href":"https:\/\/hummy.ee\/fi\/wp-json\/wp\/v2\/product_cat?post=56894"},{"taxonomy":"product_tag","embeddable":true,"href":"https:\/\/hummy.ee\/fi\/wp-json\/wp\/v2\/product_tag?post=56894"}],"curies":[{"name":"wp","href":"https:\/\/api.w.org\/{rel}","templated":true}]}}