{"id":56601,"date":"2025-04-22T07:06:24","date_gmt":"2025-04-22T07:06:24","guid":{"rendered":"https:\/\/hummy.ee\/product\/circle-tarvikesarja\/"},"modified":"2026-04-18T13:04:04","modified_gmt":"2026-04-18T13:04:04","slug":"circle-sadesuoja-hyttysverkko","status":"publish","type":"product","link":"https:\/\/hummy.ee\/fi\/tuote\/circle-sadesuoja-hyttysverkko\/","title":{"rendered":"Circle sadesuoja ja hyttysverkko"},"content":{"rendered":"<h6 data-start=\"633\" data-end=\"1152\"><em><strong data-start=\"633\" data-end=\"697\">Hyttysverkko eritt\u00e4in hienolla verkolla<\/strong><\/em><br data-start=\"697\" data-end=\"700\" \/>Lis\u00e4varustepakettiin kuuluva hyttysverkko on valmistettu poikkeuksellisen hienosta ja tihe\u00e4st\u00e4 verkosta, joka pit\u00e4\u00e4 loitolla jopa kaikkein pienimm\u00e4t hyttyset ja k\u00e4rp\u00e4set. Joustavan kuminauhan ansiosta verkko asettuu helposti S Two -rattaiden istuinosaan ja mahdollistaa erinomaisen ilmanvaihdon, tarjoten lapselle mukavan ja h\u00e4iri\u00f6tt\u00f6m\u00e4n unen. Kevyt ja kompaktisti kokoon taitettava muotoilu tekee verkosta helpon kuljettaa \u2013 se sopii t\u00e4ydellisesti vaippalaukkuun tai rattaiden alaosassa olevaan s\u00e4ilytyskoriin.<\/h6>\n<p>&nbsp;<\/p>\n<h6 data-start=\"1154\" data-end=\"1598\"><em><strong data-start=\"1154\" data-end=\"1204\">Sadesuoja<\/strong><\/em><br data-start=\"1204\" data-end=\"1207\" \/>Sadesuoja suojaa lastasi ja lastenvaunuja tehokkaasti sek\u00e4 kevyess\u00e4 sateessa ett\u00e4 rankemmassa sateessa. Sadesuoja kiinnittyy nopeasti ja turvallisesti vahvojen tarrakiinnitysten ansiosta. Integroitu tuuletus varmistaa hyv\u00e4n ilmanvaihdon, samalla kun l\u00e4pin\u00e4kyv\u00e4 muovi antaa lapsen jatkaa ymp\u00e4rist\u00f6n seuraamista. Kun sade on ohi, sen voi helposti taittaa kokoon ja s\u00e4ilytt\u00e4\u00e4 kompaktisti.<\/h6>\n<p>&nbsp;<\/p>\n<h6 data-start=\"1600\" data-end=\"1662\"><em><strong data-start=\"1600\" data-end=\"1662\">Helppo, joustava ja mukava \u2013 kaikki mit\u00e4 tarvitset jokap\u00e4iv\u00e4iseen el\u00e4m\u00e4\u00e4n<\/strong><\/em><\/h6>\n<ul data-start=\"1664\" data-end=\"1822\">\n<li class=\"\" data-start=\"1664\" data-end=\"1709\">\n<h6 data-start=\"1666\" data-end=\"1709\">Helppo asennus ja kompaktia tilaa s\u00e4\u00e4st\u00e4v\u00e4 muotoilu<\/h6>\n<\/li>\n<li class=\"\" data-start=\"1710\" data-end=\"1754\">\n<h6 data-start=\"1712\" data-end=\"1754\">Suoja auringolta, sateelta ja hy\u00f6nteisilt\u00e4<\/h6>\n<\/li>\n<li class=\"\" data-start=\"1755\" data-end=\"1822\">\n<h6 data-start=\"1757\" data-end=\"1822\">T\u00e4ydellinen jokap\u00e4iv\u00e4iseen k\u00e4ytt\u00f6\u00f6n sek\u00e4 kaupungissa ett\u00e4 luonnossa<\/h6>\n<\/li>\n<\/ul>\n<h6 data-start=\"1824\" data-end=\"1845\"><em><strong data-start=\"1824\" data-end=\"1843\">Pakkauksen sis\u00e4lt\u00f6:<\/strong><\/em><\/h6>\n<ul data-start=\"1846\" data-end=\"1877\">\n<li class=\"\" data-start=\"1846\" data-end=\"1862\">\n<h6 data-start=\"1848\" data-end=\"1862\">1x hyttysverkko<\/h6>\n<\/li>\n<li class=\"\" data-start=\"1863\" data-end=\"1877\">\n<h6 data-start=\"1865\" data-end=\"1877\">1x sadesuoja<\/h6>\n<\/li>\n<\/ul>\n<h6 data-start=\"1879\" data-end=\"1893\"><strong data-start=\"1879\" data-end=\"1891\">Sopivuus:<\/strong><\/h6>\n<ul data-start=\"1894\" data-end=\"1925\">\n<li class=\"\" data-start=\"1911\" data-end=\"1925\">\n<h6 data-start=\"1913\" data-end=\"1925\"><a href=\"https:\/\/hummy.ee\/fi\/tuote\/circle-s-two-matkarattaat\/\">Circle S Two<\/a><\/h6>\n<\/li>\n<\/ul>\n<h6><em>Lue lis\u00e4\u00e4 paketin <a href=\"https:\/\/www.youtube.com\/watch?v=4R7ubnDYsEk\" target=\"_blank\" rel=\"noopener\">esittelyvideosta<\/a>.<\/em><\/h6>\n","protected":false},"excerpt":{"rendered":"<h6 data-start=\"184\" data-end=\"275\">Circle by ABC Design -lis\u00e4varustepaketti \u2013 sadesuoja ja hyttysverkko <a href=\"https:\/\/hummy.ee\/fi\/tuote\/circle-s-two-matkarattaat\/\">Circle S Two<\/a> -rattaisiin. Paketti tarjoaa lapsellesi maksimaalisen suojan sateelta, tuulelta ja hy\u00f6nteisilt\u00e4.<\/h6>\n","protected":false},"featured_media":56593,"comment_status":"open","ping_status":"closed","template":"","meta":{"_acf_changed":false,"om_disable_all_campaigns":false,"_monsterinsights_skip_tracking":false,"_monsterinsights_sitenote_active":false,"_monsterinsights_sitenote_note":"","_monsterinsights_sitenote_category":0,"_uf_show_specific_survey":0,"_uf_disable_surveys":false,"site-sidebar-layout":"default","site-content-layout":"","ast-site-content-layout":"default","site-content-style":"default","site-sidebar-style":"default","ast-global-header-display":"","ast-banner-title-visibility":"","ast-main-header-display":"","ast-hfb-above-header-display":"","ast-hfb-below-header-display":"","ast-hfb-mobile-header-display":"","site-post-title":"","ast-breadcrumbs-content":"","ast-featured-img":"","footer-sml-layout":"","theme-transparent-header-meta":"default","adv-header-id-meta":"","stick-header-meta":"","header-above-stick-meta":"","header-main-stick-meta":"","header-below-stick-meta":"","astra-migrate-meta-layouts":"set","ast-page-background-enabled":"default","ast-page-background-meta":{"desktop":{"background-color":"var(--ast-global-color-4)","background-image":"","background-repeat":"repeat","background-position":"center center","background-size":"auto","background-attachment":"scroll","background-type":"","background-media":"","overlay-type":"","overlay-color":"","overlay-opacity":"","overlay-gradient":""},"tablet":{"background-color":"","background-image":"","background-repeat":"repeat","background-position":"center center","background-size":"auto","background-attachment":"scroll","background-type":"","background-media":"","overlay-type":"","overlay-color":"","overlay-opacity":"","overlay-gradient":""},"mobile":{"background-color":"","background-image":"","background-repeat":"repeat","background-position":"center center","background-size":"auto","background-attachment":"scroll","background-type":"","background-media":"","overlay-type":"","overlay-color":"","overlay-opacity":"","overlay-gradient":""}},"ast-content-background-meta":{"desktop":{"background-color":"var(--ast-global-color-5)","background-image":"","background-repeat":"repeat","background-position":"center center","background-size":"auto","background-attachment":"scroll","background-type":"","background-media":"","overlay-type":"","overlay-color":"","overlay-opacity":"","overlay-gradient":""},"tablet":{"background-color":"var(--ast-global-color-5)","background-image":"","background-repeat":"repeat","background-position":"center center","background-size":"auto","background-attachment":"scroll","background-type":"","background-media":"","overlay-type":"","overlay-color":"","overlay-opacity":"","overlay-gradient":""},"mobile":{"background-color":"var(--ast-global-color-5)","background-image":"","background-repeat":"repeat","background-position":"center center","background-size":"auto","background-attachment":"scroll","background-type":"","background-media":"","overlay-type":"","overlay-color":"","overlay-opacity":"","overlay-gradient":""}}},"product_brand":[],"product_cat":[527,376],"product_tag":[],"class_list":{"0":"post-56601","1":"product","2":"type-product","3":"status-publish","4":"has-post-thumbnail","6":"product_cat-abc-design-fi","7":"product_cat-vankilan-kannet","8":"desktop-align-left","9":"tablet-align-left","10":"mobile-align-left","12":"first","13":"instock","14":"taxable","15":"shipping-taxable","16":"purchasable","17":"product-type-simple"},"acf":[],"aioseo_notices":[],"_links":{"self":[{"href":"https:\/\/hummy.ee\/fi\/wp-json\/wp\/v2\/product\/56601","targetHints":{"allow":["GET"]}}],"collection":[{"href":"https:\/\/hummy.ee\/fi\/wp-json\/wp\/v2\/product"}],"about":[{"href":"https:\/\/hummy.ee\/fi\/wp-json\/wp\/v2\/types\/product"}],"replies":[{"embeddable":true,"href":"https:\/\/hummy.ee\/fi\/wp-json\/wp\/v2\/comments?post=56601"}],"version-history":[{"count":10,"href":"https:\/\/hummy.ee\/fi\/wp-json\/wp\/v2\/product\/56601\/revisions"}],"predecessor-version":[{"id":87079,"href":"https:\/\/hummy.ee\/fi\/wp-json\/wp\/v2\/product\/56601\/revisions\/87079"}],"wp:featuredmedia":[{"embeddable":true,"href":"https:\/\/hummy.ee\/fi\/wp-json\/wp\/v2\/media\/56593"}],"wp:attachment":[{"href":"https:\/\/hummy.ee\/fi\/wp-json\/wp\/v2\/media?parent=56601"}],"wp:term":[{"taxonomy":"product_brand","embeddable":true,"href":"https:\/\/hummy.ee\/fi\/wp-json\/wp\/v2\/product_brand?post=56601"},{"taxonomy":"product_cat","embeddable":true,"href":"https:\/\/hummy.ee\/fi\/wp-json\/wp\/v2\/product_cat?post=56601"},{"taxonomy":"product_tag","embeddable":true,"href":"https:\/\/hummy.ee\/fi\/wp-json\/wp\/v2\/product_tag?post=56601"}],"curies":[{"name":"wp","href":"https:\/\/api.w.org\/{rel}","templated":true}]}}