{"id":56519,"date":"2025-04-21T20:58:45","date_gmt":"2025-04-21T20:58:45","guid":{"rendered":"https:\/\/hummy.ee\/product\/circle-d-two-kaksikerroksiset-kevyet-rattaat\/"},"modified":"2026-04-14T10:11:33","modified_gmt":"2026-04-14T10:11:33","slug":"circle-d-two-sisarusrattaat","status":"publish","type":"product","link":"https:\/\/hummy.ee\/fi\/tuote\/circle-d-two-sisarusrattaat\/","title":{"rendered":"Circle D Two sisarusrattaat"},"content":{"rendered":"<h6><strong><em>Mukava molemmille lapsille yht\u00e4 lailla<\/em><\/strong><\/h6>\n<h6>D Two sisarusrattaat istuimet sijaitsevat vierekk\u00e4in, tarjoten molemmille lapsille yht\u00e4 paljon tilaa ja mukavuutta. Yksil\u00f6llisesti s\u00e4\u00e4dett\u00e4vien selk\u00e4nojien ja jalkatukien ansiosta molemmat lapset voivat nauttia henkil\u00f6kohtaisesta matkustuskokemuksesta. S\u00e4\u00e4dett\u00e4v\u00e4 selk\u00e4noja, mukaan lukien t\u00e4ysin makuuasento, takaa parhaan mahdollisen levon kaikenik\u00e4isille lapsille.<\/h6>\n<p>&nbsp;<\/p>\n<h6><strong><em>Turvallisuus etusijalla <\/em><\/strong><\/h6>\n<h6>Innovatiivinen HappyBelt\u00ae 5-pistevaljasj\u00e4rjestelm\u00e4, jossa on magneettikiinnikkeet ja pehmustetut olkahihnat, takaa, ett\u00e4 molemmat lapset istuvat aina turvallisesti ja mukavasti.<\/h6>\n<p>&nbsp;<\/p>\n<h6><strong><em>Helppo sis\u00e4\u00e4nk\u00e4ynti ja runsaasti tilaa<\/em><\/strong><\/h6>\n<h6>Lasten on helppo istua rattaissa itsen\u00e4isesti. Kaksi suurta koria, joissa on sivuvetoketjut, helpottavat tarvittavien tavaroiden kuljettamista \u2013 t\u00e4ydellinen jokap\u00e4iv\u00e4isiin seikkailuihin ja pidempiin k\u00e4velyretkiin.<\/h6>\n<p>&nbsp;<\/p>\n<h6><strong><em>Tasainen ja vakaa ajo kaikilla pinnoilla<\/em><\/strong><\/h6>\n<h6>Jousituksen ja helposti ohjattavan etupy\u00f6r\u00e4st\u00f6n ansiosta D Two liikkuu sujuvasti asfaltilla ja ahtaissa paikoissa. Erinomainen ohjattavuus tekee siit\u00e4 helpon liikuteltavan my\u00f6s kahden lapsen kanssa.<\/h6>\n<p>&nbsp;<\/p>\n<h6><em><strong>Sopii my\u00f6s vastasyntyneille<\/strong><\/em><\/h6>\n<h6>D Two -<a href=\"https:\/\/hummy.ee\/fi\/tuote\/circle-t-yksi-beebisisu\/\">vastasyntyneen lis\u00e4osan<\/a> (saatavana erikseen) kanssa D Two -rattaat voidaan k\u00e4ytt\u00e4\u00e4 syntym\u00e4st\u00e4 l\u00e4htien. Vastasyntyneen lis\u00e4osassa on vahvistetut sivut, pehme\u00e4 vuori ja irrotettava suojus lukituksella \u2013 se pit\u00e4\u00e4 vauvan turvassa ja l\u00e4mpim\u00e4n\u00e4.<\/h6>\n<p>&nbsp;<\/p>\n<h6><strong><em>Kompakti ja k\u00e4yt\u00e4nn\u00f6llinen \u2013 helppo taittaa yhdell\u00e4 k\u00e4dell\u00e4 kokoon<\/em><\/strong><\/h6>\n<h6>D Two sisarusrattaat on yll\u00e4tt\u00e4v\u00e4n kompakti kaksipaikkaiseksi rattaaksi. Yhden k\u00e4den taittomekanismi mahdollistaa nopean ja helpon s\u00e4ilytyksen.<\/h6>\n<p>&nbsp;<\/p>\n<h6><strong><em>Kenelle D Two -sisarusrattaat on tarkoitettu?<\/em><\/strong><\/h6>\n<ul>\n<li>\n<h6>Ik\u00e4: Sopii 6\u20139 kuukauden ik\u00e4isille lapsille, jotka osaavat istua itsen\u00e4isesti (vastasyntyneen lis\u00e4osan kanssa syntym\u00e4st\u00e4 l\u00e4htien)<\/h6>\n<\/li>\n<li>\n<h6>Painorajoitus lasta kohden: enint\u00e4\u00e4n 22 kg<\/h6>\n<\/li>\n<li>\n<h6>Ostosk\u00e4rryn kapasiteetti: enint\u00e4\u00e4n 5 kg<\/h6>\n<\/li>\n<\/ul>\n<h6><em><strong>Tekniset tiedot<\/strong><\/em><\/h6>\n<ul>\n<li>\n<h6>Ty\u00f6nt\u00f6tanko: kiinte\u00e4 korkeus<\/h6>\n<\/li>\n<li>\n<h6>Kokoonpano: yhden k\u00e4den taittoj\u00e4rjestelm\u00e4<\/h6>\n<\/li>\n<li>\n<h6>Py\u00f6r\u00e4t: ilmakammio (edess\u00e4: 19 cm, takana: 23,5 cm)<\/h6>\n<\/li>\n<li>\n<h6>Jousitus: nelipy\u00f6r\u00e4jousitus + ylim\u00e4\u00e4r\u00e4inen takajousitus<\/h6>\n<\/li>\n<li>\n<h6>Lukittavat etupy\u00f6r\u00e4t<\/h6>\n<\/li>\n<li>\n<h6>Seisontajarru<\/h6>\n<\/li>\n<\/ul>\n<h6><em><strong>Ominaisuudet<\/strong><\/em><\/h6>\n<ul>\n<li>\n<h6>Selk\u00e4noja: 4 asentoa, mukaan lukien t\u00e4ysin makuuasento<\/h6>\n<\/li>\n<li>\n<h6>Jalkatuki: 3 asentoa<\/h6>\n<\/li>\n<li>\n<h6>Etukaari: irrotettava ja avattava<\/h6>\n<\/li>\n<li>\n<h6>Kuomu: UPF50+, laajennettava<\/h6>\n<\/li>\n<\/ul>\n<h6><em><strong>Mitat ja paino<\/strong><\/em><\/h6>\n<ul>\n<li>\n<h6>Avattuna: 96 x 73,5 x 105 cm<\/h6>\n<\/li>\n<li>\n<h6>Taitettuna: 90 x 73,5 x 37,5 cm<\/h6>\n<\/li>\n<li>\n<h6>Kokoonpantuna ilman py\u00f6ri\u00e4: 96 x 73,5 x 37,5 cm<\/h6>\n<\/li>\n<li>\n<h6>Paino: 15,2 kg<\/h6>\n<\/li>\n<li>\n<h6>Istuma-alue: 20,5 x 30 cm<\/h6>\n<\/li>\n<li>\n<h6>Selk\u00e4noja: 47 x 30 cm<\/h6>\n<\/li>\n<li>\n<h6>Jalkatuki: 14 x 31 cm<\/h6>\n<\/li>\n<li>\n<h6>Lamamin asento: 78,5 x 93 cm<\/h6>\n<\/li>\n<\/ul>\n<h6><em>Katso lis\u00e4\u00e4 rattaita <a href=\"https:\/\/www.youtube.com\/watch?v=t8w9L6LJkx8\" target=\"_blank\" rel=\"noopener\">esittelev\u00e4lt\u00e4 videolta<\/a>.<\/em><\/h6>\n<p>&nbsp;<\/p>\n<h6 class=\"wp-block-column\"><em>Lue lis\u00e4\u00e4 Hummyn <a href=\"https:\/\/hummy.ee\/fi\/miten-valita-kevyt-vaunu\/\" target=\"_blank\" rel=\"nofollow noopener\">blogista<\/a>, miten valita itsellesi t\u00e4ydelliset matkarattaat. <\/em><\/h6>\n","protected":false},"excerpt":{"rendered":"<h6>Circle D Two by ABC Design \u2013 ihanteelliset kevyet sisarusrattaat kahden lapsen perheille. Olivatpa kyseess\u00e4 sitten kaksoset tai eri-ik\u00e4iset sisarukset, n\u00e4m\u00e4 mukavat, kevyet ja toimivat sisarusrattaat tekev\u00e4t jokap\u00e4iv\u00e4isist\u00e4 k\u00e4velylenkeist\u00e4 helppoja ja nautinnollisia.<\/h6>\n","protected":false},"featured_media":83024,"comment_status":"open","ping_status":"closed","template":"","meta":{"_acf_changed":false,"om_disable_all_campaigns":false,"_monsterinsights_skip_tracking":false,"_monsterinsights_sitenote_active":false,"_monsterinsights_sitenote_note":"","_monsterinsights_sitenote_category":0,"_uf_show_specific_survey":0,"_uf_disable_surveys":false,"site-sidebar-layout":"default","site-content-layout":"","ast-site-content-layout":"default","site-content-style":"default","site-sidebar-style":"default","ast-global-header-display":"","ast-banner-title-visibility":"","ast-main-header-display":"","ast-hfb-above-header-display":"","ast-hfb-below-header-display":"","ast-hfb-mobile-header-display":"","site-post-title":"","ast-breadcrumbs-content":"","ast-featured-img":"","footer-sml-layout":"","theme-transparent-header-meta":"default","adv-header-id-meta":"","stick-header-meta":"","header-above-stick-meta":"","header-main-stick-meta":"","header-below-stick-meta":"","astra-migrate-meta-layouts":"set","ast-page-background-enabled":"default","ast-page-background-meta":{"desktop":{"background-color":"var(--ast-global-color-4)","background-image":"","background-repeat":"repeat","background-position":"center center","background-size":"auto","background-attachment":"scroll","background-type":"","background-media":"","overlay-type":"","overlay-color":"","overlay-opacity":"","overlay-gradient":""},"tablet":{"background-color":"","background-image":"","background-repeat":"repeat","background-position":"center center","background-size":"auto","background-attachment":"scroll","background-type":"","background-media":"","overlay-type":"","overlay-color":"","overlay-opacity":"","overlay-gradient":""},"mobile":{"background-color":"","background-image":"","background-repeat":"repeat","background-position":"center center","background-size":"auto","background-attachment":"scroll","background-type":"","background-media":"","overlay-type":"","overlay-color":"","overlay-opacity":"","overlay-gradient":""}},"ast-content-background-meta":{"desktop":{"background-color":"var(--ast-global-color-5)","background-image":"","background-repeat":"repeat","background-position":"center center","background-size":"auto","background-attachment":"scroll","background-type":"","background-media":"","overlay-type":"","overlay-color":"","overlay-opacity":"","overlay-gradient":""},"tablet":{"background-color":"var(--ast-global-color-5)","background-image":"","background-repeat":"repeat","background-position":"center center","background-size":"auto","background-attachment":"scroll","background-type":"","background-media":"","overlay-type":"","overlay-color":"","overlay-opacity":"","overlay-gradient":""},"mobile":{"background-color":"var(--ast-global-color-5)","background-image":"","background-repeat":"repeat","background-position":"center center","background-size":"auto","background-attachment":"scroll","background-type":"","background-media":"","overlay-type":"","overlay-color":"","overlay-opacity":"","overlay-gradient":""}}},"product_brand":[],"product_cat":[527,561,410,409],"product_tag":[],"class_list":{"0":"post-56519","1":"product","2":"type-product","3":"status-publish","4":"has-post-thumbnail","6":"product_cat-abc-design-fi","7":"product_cat-kaksosrattaat","8":"product_cat-sailioauto","9":"product_cat-karryt","10":"desktop-align-left","11":"tablet-align-left","12":"mobile-align-left","14":"first","15":"instock","16":"sale","17":"taxable","18":"shipping-taxable","19":"purchasable","20":"product-type-variable"},"acf":[],"aioseo_notices":[],"_links":{"self":[{"href":"https:\/\/hummy.ee\/fi\/wp-json\/wp\/v2\/product\/56519","targetHints":{"allow":["GET"]}}],"collection":[{"href":"https:\/\/hummy.ee\/fi\/wp-json\/wp\/v2\/product"}],"about":[{"href":"https:\/\/hummy.ee\/fi\/wp-json\/wp\/v2\/types\/product"}],"replies":[{"embeddable":true,"href":"https:\/\/hummy.ee\/fi\/wp-json\/wp\/v2\/comments?post=56519"}],"version-history":[{"count":21,"href":"https:\/\/hummy.ee\/fi\/wp-json\/wp\/v2\/product\/56519\/revisions"}],"predecessor-version":[{"id":86720,"href":"https:\/\/hummy.ee\/fi\/wp-json\/wp\/v2\/product\/56519\/revisions\/86720"}],"wp:featuredmedia":[{"embeddable":true,"href":"https:\/\/hummy.ee\/fi\/wp-json\/wp\/v2\/media\/83024"}],"wp:attachment":[{"href":"https:\/\/hummy.ee\/fi\/wp-json\/wp\/v2\/media?parent=56519"}],"wp:term":[{"taxonomy":"product_brand","embeddable":true,"href":"https:\/\/hummy.ee\/fi\/wp-json\/wp\/v2\/product_brand?post=56519"},{"taxonomy":"product_cat","embeddable":true,"href":"https:\/\/hummy.ee\/fi\/wp-json\/wp\/v2\/product_cat?post=56519"},{"taxonomy":"product_tag","embeddable":true,"href":"https:\/\/hummy.ee\/fi\/wp-json\/wp\/v2\/product_tag?post=56519"}],"curies":[{"name":"wp","href":"https:\/\/api.w.org\/{rel}","templated":true}]}}