{"id":56013,"date":"2025-04-21T12:27:10","date_gmt":"2025-04-21T12:27:10","guid":{"rendered":"https:\/\/hummy.ee\/product\/circle-s-two-rattaat\/"},"modified":"2026-04-14T10:11:47","modified_gmt":"2026-04-14T10:11:47","slug":"circle-s-two-matkarattaat","status":"publish","type":"product","link":"https:\/\/hummy.ee\/fi\/tuote\/circle-s-two-matkarattaat\/","title":{"rendered":"Circle S Two matkarattaat"},"content":{"rendered":"<h6><strong><em>Mukavuus ja joustavuus jokaisella matkalla<\/em><\/strong><\/h6>\n<ul>\n<li>\n<h6>Suuret takapy\u00f6r\u00e4t ja jousitus takaavat sujuvan liikkumisen kaikilla alustoilla: asfaltilla, mukulakivill\u00e4, soratiell\u00e4 tai puistopoluilla<\/h6>\n<\/li>\n<li>\n<h6>K\u00e4\u00e4nnett\u00e4v\u00e4 istuin mahdollistaa lapsen matkasuunnan valinnan \u2013 kasvot sinua kohti turvallisuuden tunteen vuoksi tai poisp\u00e4in, jotta voitte yhdess\u00e4 tutkia maailmaa<\/h6>\n<\/li>\n<li>\n<h6>Taitettavissa istuimen kanssa \u2013 helppo kuljettaa ja s\u00e4ilytt\u00e4\u00e4 istuimen suunnasta riippumatta<\/h6>\n<\/li>\n<\/ul>\n<h6><strong><em>Maksimaalinen mukavuus lapsellesi<\/em><\/strong><\/h6>\n<ul>\n<li>\n<h6>4-asentoinen selk\u00e4noja (mukaan lukien t\u00e4ysin makuuasento) ja s\u00e4\u00e4dett\u00e4v\u00e4 jalkatuki takaavat ergonomisen asennon kaikenik\u00e4isille<\/h6>\n<\/li>\n<li>\n<h6>HappyBelt-s\u00e4\u00e4dett\u00e4v\u00e4t 5-pistevaljaat<\/h6>\n<\/li>\n<li>\n<h6>Irrotettava etukaari<\/h6>\n<\/li>\n<\/ul>\n<h6><strong><em>S\u00e4\u00e4nkest\u00e4v\u00e4:<\/em><\/strong><\/h6>\n<ul>\n<li>\n<h6>Kuomu (UPF 50+)<\/h6>\n<\/li>\n<li>\n<h6>Jalkatuki<\/h6>\n<\/li>\n<\/ul>\n<h6><strong><em>Helppo ottaa mukaan \u2013 helppo s\u00e4ilytt\u00e4\u00e4<\/em><\/strong><\/h6>\n<ul>\n<li>\n<h6>Yhden k\u00e4den taittomekanismi tekee k\u00e4yt\u00f6st\u00e4 erityisen mukavaa<\/h6>\n<\/li>\n<li>\n<h6>Integroitu kantokahva mahdollistaa rattaiden helpon siirt\u00e4misen my\u00f6s kokoontaitettuna<\/h6>\n<\/li>\n<\/ul>\n<h6><em><strong>Tekniset tiedot<\/strong><\/em><\/h6>\n<ul>\n<li>\n<h6>Sopii 6 kuukauden - 4 vuoden ik\u00e4isille<\/h6>\n<\/li>\n<li>\n<h6>Lapsen enimm\u00e4ispaino: 22 kg<\/h6>\n<\/li>\n<li>\n<h6>Ostoskorin kapasiteetti: 5 kg<\/h6>\n<\/li>\n<li>\n<h6>Py\u00f6r\u00e4t: ilmakammio (edess\u00e4 15 cm \/ takana 19,5 cm)<\/h6>\n<\/li>\n<li>\n<h6>Jousitus: 4-py\u00f6r\u00e4inen<\/h6>\n<\/li>\n<li>\n<h6>Taitettava kahva: kiinte\u00e4 (korkeus 106 cm)<\/h6>\n<\/li>\n<li>\n<h6>Kokoaminen: yhdell\u00e4 k\u00e4dell\u00e4<\/h6>\n<\/li>\n<li>\n<h6>Istuin: k\u00e4\u00e4nnett\u00e4v\u00e4,<\/h6>\n<\/li>\n<li>\n<h6>Jalkatuki: S\u00e4\u00e4dett\u00e4v\u00e4<\/h6>\n<\/li>\n<li>\n<h6>Selk\u00e4noja: S\u00e4\u00e4dett\u00e4v\u00e4<\/h6>\n<\/li>\n<\/ul>\n<h6><strong><em>Mitat ja painot<\/em><\/strong><\/h6>\n<ul>\n<li>\n<h6>Kokoonpantuna: 78 x 55 x 34 cm<\/h6>\n<\/li>\n<li>\n<h6>Avoimet mitat: 86 x 55 x 106 cm<\/h6>\n<\/li>\n<li>\n<h6>Kokoonpantuna ilman py\u00f6ri\u00e4: 78 x 45 x 34 cm<\/h6>\n<\/li>\n<li>\n<h6>Rungon paino: 5,5 kg<\/h6>\n<\/li>\n<li>\n<h6>Istuimen paino: 3,3 kg<\/h6>\n<\/li>\n<\/ul>\n<h6><strong><em>Mukavuus &amp; mitat<\/em><\/strong><\/h6>\n<ul>\n<li>\n<h6>Istuma-alue: 20 x 30 cm<\/h6>\n<\/li>\n<li>\n<h6>Selk\u00e4noja: 47 x 27 cm<\/h6>\n<\/li>\n<li>\n<h6>Jalkatuki: 22 x 36 cm<\/h6>\n<\/li>\n<li>\n<h6>Lamamin pinta: 90 x 99 cm<\/h6>\n<\/li>\n<\/ul>\n<h6><em><strong>Miksi valita S Two -matkarattaat?<\/strong><\/em><\/h6>\n<ul>\n<li>\n<h6>Ihanteellinen kaupungissa ja luonnossa<\/h6>\n<\/li>\n<li>\n<h6>Taitettavissa my\u00f6s istuimen kanssa<\/h6>\n<\/li>\n<li>\n<h6>Maksimaalinen lapsimukavuus kaikissa ik\u00e4ryhmiss\u00e4<\/h6>\n<\/li>\n<li>\n<h6>Suunniteltu aktiivisille vanhemmille<\/h6>\n<\/li>\n<li>\n<h6>Todella turvallinen ja kest\u00e4v\u00e4 valinta<\/h6>\n<\/li>\n<\/ul>\n<h6><\/h6>\n<h6><em>Katso tarkemmin <a href=\"https:\/\/www.youtube.com\/watch?v=c5wKVgIdjdM&amp;embeds_referring_euri=https%3A%2F%2Fwww.abc-design.de%2F&amp;embeds_referring_origin=https%3A%2F%2Fwww.abc-design.de\" target=\"_blank\" rel=\"noopener\">esittelyvideost<\/a>.<\/em><\/h6>\n<p>&nbsp;<\/p>\n<h6 class=\"wp-block-column\"><em>Lue lis\u00e4\u00e4 Hummyn <a href=\"https:\/\/hummy.ee\/fi\/mitka-pyorilla-varustetut-lastenrattaat-minun-pitaisi-valita\/\" target=\"_blank\" rel=\"nofollow noopener\">blogista<\/a>, miten valita itsellesi t\u00e4ydelliset matkarattaat. <\/em><\/h6>\n","protected":false},"excerpt":{"rendered":"<h6 data-start=\"218\" data-end=\"271\">Circle S Two by ABC Design \u2013 ihanteellinen suuripy\u00f6r\u00e4inen matkarattaat aktiiviselle perheelle. Jos etsit rattaat, jotka yhdist\u00e4v\u00e4t sporttisuuden, tyylin ja k\u00e4yt\u00e4nn\u00f6llisyyden, S Two on tehty juuri sinua varten. T\u00e4m\u00e4 monipuolinen rattaat sopii erinomaisesti niin p\u00e4ivitt\u00e4iseen liikkumiseen kaupungissa kuin viikonlopun luontoseikkailuihin.<\/h6>\n<h6><\/h6>\n","protected":false},"featured_media":83019,"comment_status":"open","ping_status":"closed","template":"","meta":{"_acf_changed":false,"om_disable_all_campaigns":false,"_monsterinsights_skip_tracking":false,"_monsterinsights_sitenote_active":false,"_monsterinsights_sitenote_note":"","_monsterinsights_sitenote_category":0,"_uf_show_specific_survey":0,"_uf_disable_surveys":false,"site-sidebar-layout":"default","site-content-layout":"","ast-site-content-layout":"default","site-content-style":"default","site-sidebar-style":"default","ast-global-header-display":"","ast-banner-title-visibility":"","ast-main-header-display":"","ast-hfb-above-header-display":"","ast-hfb-below-header-display":"","ast-hfb-mobile-header-display":"","site-post-title":"","ast-breadcrumbs-content":"","ast-featured-img":"","footer-sml-layout":"","theme-transparent-header-meta":"default","adv-header-id-meta":"","stick-header-meta":"","header-above-stick-meta":"","header-main-stick-meta":"","header-below-stick-meta":"","astra-migrate-meta-layouts":"set","ast-page-background-enabled":"default","ast-page-background-meta":{"desktop":{"background-color":"var(--ast-global-color-4)","background-image":"","background-repeat":"repeat","background-position":"center center","background-size":"auto","background-attachment":"scroll","background-type":"","background-media":"","overlay-type":"","overlay-color":"","overlay-opacity":"","overlay-gradient":""},"tablet":{"background-color":"","background-image":"","background-repeat":"repeat","background-position":"center center","background-size":"auto","background-attachment":"scroll","background-type":"","background-media":"","overlay-type":"","overlay-color":"","overlay-opacity":"","overlay-gradient":""},"mobile":{"background-color":"","background-image":"","background-repeat":"repeat","background-position":"center center","background-size":"auto","background-attachment":"scroll","background-type":"","background-media":"","overlay-type":"","overlay-color":"","overlay-opacity":"","overlay-gradient":""}},"ast-content-background-meta":{"desktop":{"background-color":"var(--ast-global-color-5)","background-image":"","background-repeat":"repeat","background-position":"center center","background-size":"auto","background-attachment":"scroll","background-type":"","background-media":"","overlay-type":"","overlay-color":"","overlay-opacity":"","overlay-gradient":""},"tablet":{"background-color":"var(--ast-global-color-5)","background-image":"","background-repeat":"repeat","background-position":"center center","background-size":"auto","background-attachment":"scroll","background-type":"","background-media":"","overlay-type":"","overlay-color":"","overlay-opacity":"","overlay-gradient":""},"mobile":{"background-color":"var(--ast-global-color-5)","background-image":"","background-repeat":"repeat","background-position":"center center","background-size":"auto","background-attachment":"scroll","background-type":"","background-media":"","overlay-type":"","overlay-color":"","overlay-opacity":"","overlay-gradient":""}}},"product_brand":[],"product_cat":[527,410,409],"product_tag":[],"class_list":{"0":"post-56013","1":"product","2":"type-product","3":"status-publish","4":"has-post-thumbnail","6":"product_cat-abc-design-fi","7":"product_cat-sailioauto","8":"product_cat-karryt","9":"desktop-align-left","10":"tablet-align-left","11":"mobile-align-left","13":"first","14":"instock","15":"sale","16":"taxable","17":"shipping-taxable","18":"purchasable","19":"product-type-variable"},"acf":[],"aioseo_notices":[],"_links":{"self":[{"href":"https:\/\/hummy.ee\/fi\/wp-json\/wp\/v2\/product\/56013","targetHints":{"allow":["GET"]}}],"collection":[{"href":"https:\/\/hummy.ee\/fi\/wp-json\/wp\/v2\/product"}],"about":[{"href":"https:\/\/hummy.ee\/fi\/wp-json\/wp\/v2\/types\/product"}],"replies":[{"embeddable":true,"href":"https:\/\/hummy.ee\/fi\/wp-json\/wp\/v2\/comments?post=56013"}],"version-history":[{"count":18,"href":"https:\/\/hummy.ee\/fi\/wp-json\/wp\/v2\/product\/56013\/revisions"}],"predecessor-version":[{"id":86721,"href":"https:\/\/hummy.ee\/fi\/wp-json\/wp\/v2\/product\/56013\/revisions\/86721"}],"wp:featuredmedia":[{"embeddable":true,"href":"https:\/\/hummy.ee\/fi\/wp-json\/wp\/v2\/media\/83019"}],"wp:attachment":[{"href":"https:\/\/hummy.ee\/fi\/wp-json\/wp\/v2\/media?parent=56013"}],"wp:term":[{"taxonomy":"product_brand","embeddable":true,"href":"https:\/\/hummy.ee\/fi\/wp-json\/wp\/v2\/product_brand?post=56013"},{"taxonomy":"product_cat","embeddable":true,"href":"https:\/\/hummy.ee\/fi\/wp-json\/wp\/v2\/product_cat?post=56013"},{"taxonomy":"product_tag","embeddable":true,"href":"https:\/\/hummy.ee\/fi\/wp-json\/wp\/v2\/product_tag?post=56013"}],"curies":[{"name":"wp","href":"https:\/\/api.w.org\/{rel}","templated":true}]}}