{"id":54499,"date":"2024-08-07T19:43:53","date_gmt":"2024-08-07T19:43:53","guid":{"rendered":"https:\/\/hummy.ee\/?post_type=product&#038;p=54499"},"modified":"2026-04-17T06:44:38","modified_gmt":"2026-04-17T06:44:38","slug":"kehdon-vuokraus","status":"publish","type":"product","link":"https:\/\/hummy.ee\/fi\/tuote\/kehdon-vuokraus\/","title":{"rendered":"KEHDON VUOKRAUS"},"content":{"rendered":"<p>Vanhemmat k\u00e4ytt\u00e4v\u00e4t turvaistuinta keskim\u00e4\u00e4rin vain vauvan ensimm\u00e4iset 9 kuukautta. Hummy haluaa osaltaan edist\u00e4\u00e4 tuotteidensa kest\u00e4v\u00e4\u00e4 k\u00e4ytt\u00f6\u00e4 ja tarjoaa NEW-telineille 9 kuukauden vuokra-ajan. Vuokra-ajan p\u00e4\u00e4tytty\u00e4 turvaistuimet huolletaan perusteellisesti, ja ne menev\u00e4t toiselle kierrokselle v\u00e4h\u00e4osaisille perheille.  <\/p>\n&#13;\n<p>\u00a0<\/p>&#13;\n","protected":false},"excerpt":{"rendered":"<h6><a href=\"https:\/\/hummy.ee\/wp-content\/uploads\/2024\/08\/TURVAHALLI-TULIP-KASUTUSRENDI-TINGIMUSED.docx\">TURVALLISUUSKEHIKON TULPPAANIK\u00c4YTT\u00c4J\u00c4N VUOKRASOPIMUKSEN EHDOT JA EDELLYTYKSET<\/a><\/h6>\n<h6><a href=\"https:\/\/hummy.ee\/fi\/tuote\/abc-design-tulip-i-size-turvakaukalo\/\">TUTUSTU TULPPAANIN TURVAKAUKALOON!<\/a><\/h6>\n","protected":false},"featured_media":23616,"comment_status":"closed","ping_status":"closed","template":"","meta":{"_acf_changed":false,"om_disable_all_campaigns":false,"_monsterinsights_skip_tracking":false,"_monsterinsights_sitenote_active":false,"_monsterinsights_sitenote_note":"","_monsterinsights_sitenote_category":0,"_uf_show_specific_survey":0,"_uf_disable_surveys":false,"site-sidebar-layout":"default","site-content-layout":"","ast-site-content-layout":"default","site-content-style":"default","site-sidebar-style":"default","ast-global-header-display":"","ast-banner-title-visibility":"","ast-main-header-display":"","ast-hfb-above-header-display":"","ast-hfb-below-header-display":"","ast-hfb-mobile-header-display":"","site-post-title":"","ast-breadcrumbs-content":"","ast-featured-img":"","footer-sml-layout":"","theme-transparent-header-meta":"default","adv-header-id-meta":"","stick-header-meta":"","header-above-stick-meta":"","header-main-stick-meta":"","header-below-stick-meta":"","astra-migrate-meta-layouts":"set","ast-page-background-enabled":"default","ast-page-background-meta":{"desktop":{"background-color":"var(--ast-global-color-4)","background-image":"","background-repeat":"repeat","background-position":"center center","background-size":"auto","background-attachment":"scroll","background-type":"","background-media":"","overlay-type":"","overlay-color":"","overlay-opacity":"","overlay-gradient":""},"tablet":{"background-color":"","background-image":"","background-repeat":"repeat","background-position":"center center","background-size":"auto","background-attachment":"scroll","background-type":"","background-media":"","overlay-type":"","overlay-color":"","overlay-opacity":"","overlay-gradient":""},"mobile":{"background-color":"","background-image":"","background-repeat":"repeat","background-position":"center center","background-size":"auto","background-attachment":"scroll","background-type":"","background-media":"","overlay-type":"","overlay-color":"","overlay-opacity":"","overlay-gradient":""}},"ast-content-background-meta":{"desktop":{"background-color":"var(--ast-global-color-5)","background-image":"","background-repeat":"repeat","background-position":"center center","background-size":"auto","background-attachment":"scroll","background-type":"","background-media":"","overlay-type":"","overlay-color":"","overlay-opacity":"","overlay-gradient":""},"tablet":{"background-color":"var(--ast-global-color-5)","background-image":"","background-repeat":"repeat","background-position":"center center","background-size":"auto","background-attachment":"scroll","background-type":"","background-media":"","overlay-type":"","overlay-color":"","overlay-opacity":"","overlay-gradient":""},"mobile":{"background-color":"var(--ast-global-color-5)","background-image":"","background-repeat":"repeat","background-position":"center center","background-size":"auto","background-attachment":"scroll","background-type":"","background-media":"","overlay-type":"","overlay-color":"","overlay-opacity":"","overlay-gradient":""}}},"product_brand":[],"product_cat":[1045,691],"product_tag":[],"class_list":{"0":"post-54499","1":"product","2":"type-product","3":"status-publish","4":"has-post-thumbnail","6":"product_cat-kayttoleasing","7":"product_cat-turvaistuimet","8":"desktop-align-left","9":"tablet-align-left","10":"mobile-align-left","12":"first","13":"instock","14":"sold-individually","15":"taxable","16":"shipping-taxable","17":"purchasable","18":"product-type-variable"},"acf":[],"aioseo_notices":[],"_links":{"self":[{"href":"https:\/\/hummy.ee\/fi\/wp-json\/wp\/v2\/product\/54499","targetHints":{"allow":["GET"]}}],"collection":[{"href":"https:\/\/hummy.ee\/fi\/wp-json\/wp\/v2\/product"}],"about":[{"href":"https:\/\/hummy.ee\/fi\/wp-json\/wp\/v2\/types\/product"}],"replies":[{"embeddable":true,"href":"https:\/\/hummy.ee\/fi\/wp-json\/wp\/v2\/comments?post=54499"}],"version-history":[{"count":6,"href":"https:\/\/hummy.ee\/fi\/wp-json\/wp\/v2\/product\/54499\/revisions"}],"predecessor-version":[{"id":86871,"href":"https:\/\/hummy.ee\/fi\/wp-json\/wp\/v2\/product\/54499\/revisions\/86871"}],"wp:featuredmedia":[{"embeddable":true,"href":"https:\/\/hummy.ee\/fi\/wp-json\/wp\/v2\/media\/23616"}],"wp:attachment":[{"href":"https:\/\/hummy.ee\/fi\/wp-json\/wp\/v2\/media?parent=54499"}],"wp:term":[{"taxonomy":"product_brand","embeddable":true,"href":"https:\/\/hummy.ee\/fi\/wp-json\/wp\/v2\/product_brand?post=54499"},{"taxonomy":"product_cat","embeddable":true,"href":"https:\/\/hummy.ee\/fi\/wp-json\/wp\/v2\/product_cat?post=54499"},{"taxonomy":"product_tag","embeddable":true,"href":"https:\/\/hummy.ee\/fi\/wp-json\/wp\/v2\/product_tag?post=54499"}],"curies":[{"name":"wp","href":"https:\/\/api.w.org\/{rel}","templated":true}]}}