{"id":54424,"date":"2025-03-02T20:43:01","date_gmt":"2025-03-02T20:43:01","guid":{"rendered":"https:\/\/hummy.ee\/product\/modulaarinen-vuodesohva-settee\/"},"modified":"2026-04-17T18:53:32","modified_gmt":"2026-04-17T18:53:32","slug":"play-rakennettava-sohva-settee","status":"publish","type":"product","link":"https:\/\/hummy.ee\/fi\/tuote\/play-rakennettava-sohva-settee\/","title":{"rendered":"Play Rakennettava Sohva - Settee"},"content":{"rendered":"<h6 data-start=\"190\" data-end=\"233\"><em><strong data-start=\"194\" data-end=\"231\">Pienet luksukset ja avara mukavuus<\/strong><\/em><\/h6>\n<h6 data-start=\"234\" data-end=\"455\">Kuinka ihanaa on omistaa oma pieni mutta avara moduulisohva? Olipa kyse leikkialueesta leikkien teekutsuille tai viihtyis\u00e4st\u00e4 nurkkauksesta kirjan lukemiseen ja torkuille \u2013 Settee-moduulisohva on aina valmis osallistumaan pienen omistajan puuhiin.<\/h6>\n<p>&nbsp;<\/p>\n<h6 data-start=\"457\" data-end=\"488\"><em><strong data-start=\"461\" data-end=\"486\">Lapset p\u00e4\u00e4tt\u00e4v\u00e4t<\/strong><\/em><\/h6>\n<h6 data-start=\"489\" data-end=\"688\">Anna pienille luojille vapaat k\u00e4det! 9-osainen Settee-moduulisohva tarjoaa loputtomasti mahdollisuuksia mielikuvitusleikkeihin \u2013 katso, kuinka suloinen sohva muuttuu hetkess\u00e4 autoksi, salaiseksi majaksi tai joksikin aivan uudeksi.<\/h6>\n<p>&nbsp;<\/p>\n<h6 data-start=\"690\" data-end=\"722\"><em><strong data-start=\"694\" data-end=\"720\">Sosiaalinen leikkikulma<\/strong><\/em><\/h6>\n<h6 data-start=\"723\" data-end=\"866\">Kutsu yst\u00e4v\u00e4t kyl\u00e4\u00e4n ja nauti siit\u00e4, kuinka lapset yhdess\u00e4 rakentavat linnoja, jakavat naurua ja luovat unohtumattomia muistoja t\u00e4m\u00e4n suloisen Settee-moduulisohvan \u00e4\u00e4rell\u00e4.<\/h6>\n<p>&nbsp;<\/p>\n<h6 data-start=\"0\" data-end=\"22\"><em><strong data-start=\"4\" data-end=\"20\">Avaa ja leiki<\/strong><\/em><\/h6>\n<h6 data-start=\"23\" data-end=\"193\">Jotta varmistamme tuotteidemme parhaan laadun, pakkaamme ne aina alkuper\u00e4isess\u00e4 koossaan. Settee toimitetaan kahdessa erillisess\u00e4 laatikossa \u2013 ota kaikki osat esiin ja anna seikkailujen alkaa!<\/h6>\n<p>&nbsp;<\/p>\n<h6 data-start=\"195\" data-end=\"227\"><em><strong data-start=\"199\" data-end=\"225\">Tilaa s\u00e4\u00e4st\u00e4v\u00e4 ratkaisu<\/strong><\/em><\/h6>\n<h6 data-start=\"228\" data-end=\"415\">Kun Settee ei ole linna tai laiva, se voidaan muuttaa hetkess\u00e4 takaisin mukavaksi sohvaksi, mik\u00e4 auttaa pit\u00e4m\u00e4\u00e4n tilan siistin\u00e4 ja j\u00e4rjestyksess\u00e4, mutta s\u00e4ilyy silti aina valmiina seuraavaa luovaa leikki\u00e4 varten.<\/h6>\n<p>&nbsp;<\/p>\n<h6 data-start=\"417\" data-end=\"451\"><em><strong data-start=\"421\" data-end=\"449\">Joustava ja helposti siirrett\u00e4v\u00e4<\/strong><\/em><\/h6>\n<h6 data-start=\"452\" data-end=\"581\">Kevyt ja helposti siirrett\u00e4v\u00e4 \u2013 Settee-moduulisohvan kaikki osat voidaan nopeasti j\u00e4rjest\u00e4\u00e4 uudelleen, jotta voidaan luoda aina uusi ja j\u00e4nnitt\u00e4v\u00e4 leikkiymp\u00e4rist\u00f6.<\/h6>\n<p>&nbsp;<\/p>\n<h6><em><strong><em><strong>Rakkaudella ja huolella tehty k\u00e4sity\u00f6<\/strong><\/em><\/strong><\/em><\/h6>\n<h6 data-start=\"38\" data-end=\"329\">Yli kymmenen vuoden kokemuksella olemme ylpeit\u00e4 siit\u00e4, ett\u00e4 toimitamme EU:n suurimmille v\u00e4hitt\u00e4iskauppiaille tuotteita, jotka on valmistettu huolella ja rakkaudella omassa tehtaassamme Latviassa. Valvomme itse jokaista tuotantovaihetta, kiinnit\u00e4mme huomiota pienimpiinkin yksityiskohtiin sek\u00e4 kehit\u00e4mme ja uudistamme tuotteitamme jatkuvasti.<\/h6>\n","protected":false},"excerpt":{"rendered":"<h6>Eritt\u00e4in monipuolinen ja jokaiseen perhekotiin sopivaksi suunniteltu Settee-moduulisohva luo turvallisen ymp\u00e4rist\u00f6n leikkimiseen, rentoutumiseen, p\u00e4iv\u00e4uniin tai mihin tahansa pienen omistajan puuhiin kulloinkin.<\/h6>\n","protected":false},"featured_media":45052,"comment_status":"open","ping_status":"closed","template":"","meta":{"_acf_changed":false,"om_disable_all_campaigns":false,"_monsterinsights_skip_tracking":false,"_monsterinsights_sitenote_active":false,"_monsterinsights_sitenote_note":"","_monsterinsights_sitenote_category":0,"_uf_show_specific_survey":0,"_uf_disable_surveys":false,"site-sidebar-layout":"default","site-content-layout":"","ast-site-content-layout":"default","site-content-style":"default","site-sidebar-style":"default","ast-global-header-display":"","ast-banner-title-visibility":"","ast-main-header-display":"","ast-hfb-above-header-display":"","ast-hfb-below-header-display":"","ast-hfb-mobile-header-display":"","site-post-title":"","ast-breadcrumbs-content":"","ast-featured-img":"","footer-sml-layout":"","theme-transparent-header-meta":"default","adv-header-id-meta":"","stick-header-meta":"","header-above-stick-meta":"","header-main-stick-meta":"","header-below-stick-meta":"","astra-migrate-meta-layouts":"set","ast-page-background-enabled":"default","ast-page-background-meta":{"desktop":{"background-color":"var(--ast-global-color-4)","background-image":"","background-repeat":"repeat","background-position":"center center","background-size":"auto","background-attachment":"scroll","background-type":"","background-media":"","overlay-type":"","overlay-color":"","overlay-opacity":"","overlay-gradient":""},"tablet":{"background-color":"","background-image":"","background-repeat":"repeat","background-position":"center center","background-size":"auto","background-attachment":"scroll","background-type":"","background-media":"","overlay-type":"","overlay-color":"","overlay-opacity":"","overlay-gradient":""},"mobile":{"background-color":"","background-image":"","background-repeat":"repeat","background-position":"center center","background-size":"auto","background-attachment":"scroll","background-type":"","background-media":"","overlay-type":"","overlay-color":"","overlay-opacity":"","overlay-gradient":""}},"ast-content-background-meta":{"desktop":{"background-color":"var(--ast-global-color-5)","background-image":"","background-repeat":"repeat","background-position":"center center","background-size":"auto","background-attachment":"scroll","background-type":"","background-media":"","overlay-type":"","overlay-color":"","overlay-opacity":"","overlay-gradient":""},"tablet":{"background-color":"var(--ast-global-color-5)","background-image":"","background-repeat":"repeat","background-position":"center center","background-size":"auto","background-attachment":"scroll","background-type":"","background-media":"","overlay-type":"","overlay-color":"","overlay-opacity":"","overlay-gradient":""},"mobile":{"background-color":"var(--ast-global-color-5)","background-image":"","background-repeat":"repeat","background-position":"center center","background-size":"auto","background-attachment":"scroll","background-type":"","background-media":"","overlay-type":"","overlay-color":"","overlay-opacity":"","overlay-gradient":""}}},"product_brand":[],"product_cat":[961],"product_tag":[],"class_list":{"0":"post-54424","1":"product","2":"type-product","3":"status-publish","4":"has-post-thumbnail","6":"product_cat-wigiwama-fi","7":"desktop-align-left","8":"tablet-align-left","9":"mobile-align-left","11":"first","12":"instock","13":"sale","14":"taxable","15":"shipping-taxable","16":"purchasable","17":"product-type-variable"},"acf":[],"aioseo_notices":[],"_links":{"self":[{"href":"https:\/\/hummy.ee\/fi\/wp-json\/wp\/v2\/product\/54424","targetHints":{"allow":["GET"]}}],"collection":[{"href":"https:\/\/hummy.ee\/fi\/wp-json\/wp\/v2\/product"}],"about":[{"href":"https:\/\/hummy.ee\/fi\/wp-json\/wp\/v2\/types\/product"}],"replies":[{"embeddable":true,"href":"https:\/\/hummy.ee\/fi\/wp-json\/wp\/v2\/comments?post=54424"}],"version-history":[{"count":5,"href":"https:\/\/hummy.ee\/fi\/wp-json\/wp\/v2\/product\/54424\/revisions"}],"predecessor-version":[{"id":87033,"href":"https:\/\/hummy.ee\/fi\/wp-json\/wp\/v2\/product\/54424\/revisions\/87033"}],"wp:featuredmedia":[{"embeddable":true,"href":"https:\/\/hummy.ee\/fi\/wp-json\/wp\/v2\/media\/45052"}],"wp:attachment":[{"href":"https:\/\/hummy.ee\/fi\/wp-json\/wp\/v2\/media?parent=54424"}],"wp:term":[{"taxonomy":"product_brand","embeddable":true,"href":"https:\/\/hummy.ee\/fi\/wp-json\/wp\/v2\/product_brand?post=54424"},{"taxonomy":"product_cat","embeddable":true,"href":"https:\/\/hummy.ee\/fi\/wp-json\/wp\/v2\/product_cat?post=54424"},{"taxonomy":"product_tag","embeddable":true,"href":"https:\/\/hummy.ee\/fi\/wp-json\/wp\/v2\/product_tag?post=54424"}],"curies":[{"name":"wp","href":"https:\/\/api.w.org\/{rel}","templated":true}]}}