{"id":54282,"date":"2025-03-02T20:43:04","date_gmt":"2025-03-02T20:43:04","guid":{"rendered":"https:\/\/hummy.ee\/product\/tumba-pouffe-original\/"},"modified":"2026-04-20T13:15:38","modified_gmt":"2026-04-20T13:15:38","slug":"rahi-pouffe-original","status":"publish","type":"product","link":"https:\/\/hummy.ee\/fi\/tuote\/rahi-pouffe-original\/","title":{"rendered":"Rahi - Pouffe Original"},"content":{"rendered":"<h6 data-start=\"0\" data-end=\"34\"><em><strong data-start=\"4\" data-end=\"32\">Enemm\u00e4n kuin pelkk\u00e4 istuin<\/strong><\/em><\/h6>\n<h6 data-start=\"35\" data-end=\"197\">Pouffe tarjoaa lapsille mukavan paikan lev\u00e4t\u00e4 ja ker\u00e4t\u00e4 uutta energiaa. K\u00e4yt\u00e4 sit\u00e4 istuimena, jalkatukena, viihtyis\u00e4n\u00e4 lukualustana \u2013 tai rakenna siit\u00e4 leikkilinna!<\/h6>\n<p>&nbsp;<\/p>\n<h6 data-start=\"199\" data-end=\"221\"><em><strong data-start=\"203\" data-end=\"219\">T\u00e4ydellinen kaksikko<\/strong><\/em><\/h6>\n<h6 data-start=\"222\" data-end=\"342\">Pouffe sopii t\u00e4ydellisesti yhteen Cloud Chair -tuolin kanssa. Valitse juuri se v\u00e4riyhdistelm\u00e4, josta pid\u00e4t eniten!<\/h6>\n<p>&nbsp;<\/p>\n<h6 data-start=\"344\" data-end=\"379\"><em><strong data-start=\"348\" data-end=\"377\">Todellinen aistillinen nautinto<\/strong><\/em><\/h6>\n<h6 data-start=\"380\" data-end=\"491\">Laadukkaasta kankaasta valmistettu pouffe on pehme\u00e4 ja mukava, ja se tarjoaa l\u00e4mpim\u00e4n ja rauhoittavan kosketuksen.<\/h6>\n<p>&nbsp;<\/p>\n<h6 data-start=\"579\" data-end=\"601\"><em><strong data-start=\"583\" data-end=\"599\">Pieni matkustaja<\/strong><\/em><\/h6>\n<h6 data-start=\"602\" data-end=\"724\">Kevyt ja helposti liikuteltava Pouffe antaa lapsille mahdollisuuden suunnitella oman leikkipaikkansa ja j\u00e4rjest\u00e4\u00e4 istuimet vapaasti uudelleen.<\/h6>\n<p>&nbsp;<\/p>\n<h6 data-start=\"726\" data-end=\"758\"><em><strong data-start=\"730\" data-end=\"756\">Tilaa s\u00e4\u00e4st\u00e4v\u00e4 ratkaisu<\/strong><\/em><\/h6>\n<h6 data-start=\"759\" data-end=\"834\">Puffi tarjoaa toimivan istuimen viem\u00e4tt\u00e4 liikaa tilaa.<\/h6>\n<p>&nbsp;<\/p>\n<h6><b><i>Helppo huolto<\/i><\/b><b><i><\/i><\/b><\/h6>\n<h6>Vetoketjullisen avauksen ansiosta p\u00e4\u00e4llinen on helppo irrottaa ja pest\u00e4. Pese p\u00e4\u00e4llinen k\u00e4sin (30 \u00b0C) samanv\u00e4risten kanssa ja ripusta kuivumaan.<\/h6>\n<p>&nbsp;<\/p>\n<h6><em><strong>K\u00e4sintehty rakkaudella ja huolella<\/strong><\/em><\/h6>\n<h6 data-start=\"38\" data-end=\"329\">Yli kymmenen vuoden kokemuksella olemme ylpeit\u00e4 siit\u00e4, ett\u00e4 toimitamme EU:n suurimmille v\u00e4hitt\u00e4iskauppiaille tuotteita, jotka on valmistettu huolella ja rakkaudella omassa tehtaassamme Latviassa. Valvomme itse jokaista tuotantovaihetta, kiinnit\u00e4mme huomiota pienimpiinkin yksityiskohtiin sek\u00e4 kehit\u00e4mme ja uudistamme tuotteitamme jatkuvasti.<\/h6>\n","protected":false},"excerpt":{"rendered":"<h6>Puffe on tyylik\u00e4s ja k\u00e4yt\u00e4nn\u00f6llinen huonekalu, jota voi k\u00e4ytt\u00e4\u00e4 jalkatukena tai ylim\u00e4\u00e4r\u00e4isen\u00e4 istuimena. Valmistettu korkealaatuisesta pehme\u00e4st\u00e4 samettikankaasta, joka tarjoaa ylellisen ja unohtumattoman kosketuskokemuksen.<\/h6>\n","protected":false},"featured_media":45504,"comment_status":"open","ping_status":"closed","template":"","meta":{"_acf_changed":false,"om_disable_all_campaigns":false,"_monsterinsights_skip_tracking":false,"_monsterinsights_sitenote_active":false,"_monsterinsights_sitenote_note":"","_monsterinsights_sitenote_category":0,"_uf_show_specific_survey":0,"_uf_disable_surveys":false,"site-sidebar-layout":"default","site-content-layout":"","ast-site-content-layout":"default","site-content-style":"default","site-sidebar-style":"default","ast-global-header-display":"","ast-banner-title-visibility":"","ast-main-header-display":"","ast-hfb-above-header-display":"","ast-hfb-below-header-display":"","ast-hfb-mobile-header-display":"","site-post-title":"","ast-breadcrumbs-content":"","ast-featured-img":"","footer-sml-layout":"","theme-transparent-header-meta":"default","adv-header-id-meta":"","stick-header-meta":"","header-above-stick-meta":"","header-main-stick-meta":"","header-below-stick-meta":"","astra-migrate-meta-layouts":"set","ast-page-background-enabled":"default","ast-page-background-meta":{"desktop":{"background-color":"var(--ast-global-color-4)","background-image":"","background-repeat":"repeat","background-position":"center center","background-size":"auto","background-attachment":"scroll","background-type":"","background-media":"","overlay-type":"","overlay-color":"","overlay-opacity":"","overlay-gradient":""},"tablet":{"background-color":"","background-image":"","background-repeat":"repeat","background-position":"center center","background-size":"auto","background-attachment":"scroll","background-type":"","background-media":"","overlay-type":"","overlay-color":"","overlay-opacity":"","overlay-gradient":""},"mobile":{"background-color":"","background-image":"","background-repeat":"repeat","background-position":"center center","background-size":"auto","background-attachment":"scroll","background-type":"","background-media":"","overlay-type":"","overlay-color":"","overlay-opacity":"","overlay-gradient":""}},"ast-content-background-meta":{"desktop":{"background-color":"var(--ast-global-color-5)","background-image":"","background-repeat":"repeat","background-position":"center center","background-size":"auto","background-attachment":"scroll","background-type":"","background-media":"","overlay-type":"","overlay-color":"","overlay-opacity":"","overlay-gradient":""},"tablet":{"background-color":"var(--ast-global-color-5)","background-image":"","background-repeat":"repeat","background-position":"center center","background-size":"auto","background-attachment":"scroll","background-type":"","background-media":"","overlay-type":"","overlay-color":"","overlay-opacity":"","overlay-gradient":""},"mobile":{"background-color":"var(--ast-global-color-5)","background-image":"","background-repeat":"repeat","background-position":"center center","background-size":"auto","background-attachment":"scroll","background-type":"","background-media":"","overlay-type":"","overlay-color":"","overlay-opacity":"","overlay-gradient":""}}},"product_brand":[],"product_cat":[961],"product_tag":[],"class_list":{"0":"post-54282","1":"product","2":"type-product","3":"status-publish","4":"has-post-thumbnail","6":"product_cat-wigiwama-fi","7":"desktop-align-left","8":"tablet-align-left","9":"mobile-align-left","11":"first","12":"instock","13":"taxable","14":"shipping-taxable","15":"purchasable","16":"product-type-variable"},"acf":[],"aioseo_notices":[],"_links":{"self":[{"href":"https:\/\/hummy.ee\/fi\/wp-json\/wp\/v2\/product\/54282","targetHints":{"allow":["GET"]}}],"collection":[{"href":"https:\/\/hummy.ee\/fi\/wp-json\/wp\/v2\/product"}],"about":[{"href":"https:\/\/hummy.ee\/fi\/wp-json\/wp\/v2\/types\/product"}],"replies":[{"embeddable":true,"href":"https:\/\/hummy.ee\/fi\/wp-json\/wp\/v2\/comments?post=54282"}],"version-history":[{"count":6,"href":"https:\/\/hummy.ee\/fi\/wp-json\/wp\/v2\/product\/54282\/revisions"}],"predecessor-version":[{"id":87325,"href":"https:\/\/hummy.ee\/fi\/wp-json\/wp\/v2\/product\/54282\/revisions\/87325"}],"wp:featuredmedia":[{"embeddable":true,"href":"https:\/\/hummy.ee\/fi\/wp-json\/wp\/v2\/media\/45504"}],"wp:attachment":[{"href":"https:\/\/hummy.ee\/fi\/wp-json\/wp\/v2\/media?parent=54282"}],"wp:term":[{"taxonomy":"product_brand","embeddable":true,"href":"https:\/\/hummy.ee\/fi\/wp-json\/wp\/v2\/product_brand?post=54282"},{"taxonomy":"product_cat","embeddable":true,"href":"https:\/\/hummy.ee\/fi\/wp-json\/wp\/v2\/product_cat?post=54282"},{"taxonomy":"product_tag","embeddable":true,"href":"https:\/\/hummy.ee\/fi\/wp-json\/wp\/v2\/product_tag?post=54282"}],"curies":[{"name":"wp","href":"https:\/\/api.w.org\/{rel}","templated":true}]}}