{"id":54275,"date":"2025-03-02T20:42:59","date_gmt":"2025-03-02T20:42:59","guid":{"rendered":"https:\/\/hummy.ee\/product\/tunnelmatyokalu-flip\/"},"modified":"2026-02-18T08:36:55","modified_gmt":"2026-02-18T08:36:55","slug":"tunnelmatyokalu-flip","status":"publish","type":"product","link":"https:\/\/hummy.ee\/fi\/tuote\/tunnelmatyokalu-flip\/","title":{"rendered":"Tunnelmaty\u00f6kalu - Flip"},"content":{"rendered":"<h6 data-start=\"0\" data-end=\"37\"><em><strong>Pehme\u00e4\u00e4 mukavuutta joka hetki<\/strong><\/em><\/h6>\n<h6 data-start=\"38\" data-end=\"174\">Olipa kyse kirjan lukemisesta, retkipelin pelaamisesta tai mukavista p\u00e4iv\u00e4unista, modulaarinen Flip-tuoli tarjoaa aina maksimaalisen mukavuuden ja helppouden kaikissa tilanteissa.<\/h6>\n<p>&nbsp;<\/p>\n<h6 data-start=\"176\" data-end=\"216\"><em><strong>Kaunis muotoilu jo varhain<\/strong><\/em><\/h6>\n<h6 data-start=\"217\" data-end=\"334\">Lis\u00e4\u00e4 esteettist\u00e4 ja toiminnallista eleganssia lapsen huoneeseen ja kehit\u00e4 rakkautta kauneuteen ja muotoiluun jo varhain.<\/h6>\n<p>&nbsp;<\/p>\n<h6 data-start=\"336\" data-end=\"373\"><strong><em>Paras kumppani y\u00f6pyv\u00e4lle yst\u00e4v\u00e4lle<\/em><\/strong><\/h6>\n<h6 data-start=\"374\" data-end=\"508\">Modulaarinen Flip-tuoli muuttuu hetkess\u00e4 mukavaksi nukkumamatoksi ja selk\u00e4nojalliseksi tuoliksi - t\u00e4ydellinen pienelle y\u00f6kyl\u00e4ilylle! Kenet kutsut?<\/h6>\n<p>&nbsp;<\/p>\n<h6 data-start=\"510\" data-end=\"554\"><em><strong>Ota se ulos laatikosta ja k\u00e4yt\u00e4 sit\u00e4 nyt!<\/strong><\/em><\/h6>\n<h6 data-start=\"555\" data-end=\"632\">Modulaarinen Flip-tuoli ei vaadi kokoonpanoa - avaa vain pakkaus ja seikkailu voi alkaa.<\/h6>\n<p>&nbsp;<\/p>\n<h6 data-start=\"634\" data-end=\"670\"><strong><em>Anna lapsellesi valinnanvapaus<\/em><\/strong><\/h6>\n<h6 data-start=\"671\" data-end=\"771\">Anna perheen pienen j\u00e4senen p\u00e4\u00e4tt\u00e4\u00e4, miss\u00e4 ja miten h\u00e4n haluaa k\u00e4ytt\u00e4\u00e4 uutta Flip-modulaarista tuoliaan.<\/h6>\n<p>&nbsp;<\/p>\n<h6 data-start=\"773\" data-end=\"809\"><strong><em>Nauti laatuaikaa perheen kanssa<\/em><\/strong><\/h6>\n<h6 data-start=\"810\" data-end=\"922\">Tarinoiden jakaminen, leikkiminen tai vain yhdess\u00e4 viett\u00e4m\u00e4ss\u00e4 laatuaikaa - n\u00e4m\u00e4 ovat hetki\u00e4, jotka j\u00e4\u00e4v\u00e4t ikuisesti mieleen.<\/h6>\n<p>&nbsp;<\/p>\n<h6><strong><i>Helppo huolto<\/i><\/strong><i><\/i><\/h6>\n<h6>Lukittavan aukon ansiosta kansi on helppo irrottaa ja pest\u00e4. Pese kansi k\u00e4sin (30 \u00b0C) samankaltaisilla v\u00e4reill\u00e4 ja ripusta kuivumaan.<\/h6>\n<p>&nbsp;<\/p>\n<h6><strong><em>Rakkaudella ja huolella tehty k\u00e4sity\u00f6<\/em><\/strong><\/h6>\n<h6 data-start=\"38\" data-end=\"329\">Meill\u00e4 on yli kymmenen vuoden kokemus, ja olemme ylpeit\u00e4 voidessamme toimittaa EU:n suurimmille v\u00e4hitt\u00e4iskauppiaille tuotteita, jotka on valmistettu huolella ja rakkaudella omassa tehtaassamme Latviassa. Valvomme itse tuotannon jokaista vaihetta, kiinnit\u00e4mme huomiota pienimpiinkin yksityiskohtiin ja kehit\u00e4mme ja innovoimme tuotteitamme jatkuvasti.<\/h6>\n","protected":false},"excerpt":{"rendered":"<h6>Wigiwaman samettikankainen Flip-moduulituoli on tyylik\u00e4s ja k\u00e4yt\u00e4nn\u00f6llinen lis\u00e4 mihin tahansa huoneeseen. Se on suunniteltu muuntumaan helposti makuualustaksi ja taittuvaksi tuoliksi. Valmistettu korkealaatuisesta, pehme\u00e4st\u00e4 samettikordukankaasta, joka tarjoaa ylellisen ja unohtumattoman kosketuskokemuksen.<\/h6>\n","protected":false},"featured_media":45404,"comment_status":"open","ping_status":"closed","template":"","meta":{"_acf_changed":false,"om_disable_all_campaigns":false,"_monsterinsights_skip_tracking":false,"_monsterinsights_sitenote_active":false,"_monsterinsights_sitenote_note":"","_monsterinsights_sitenote_category":0,"_uf_show_specific_survey":0,"_uf_disable_surveys":false,"site-sidebar-layout":"default","site-content-layout":"","ast-site-content-layout":"default","site-content-style":"default","site-sidebar-style":"default","ast-global-header-display":"","ast-banner-title-visibility":"","ast-main-header-display":"","ast-hfb-above-header-display":"","ast-hfb-below-header-display":"","ast-hfb-mobile-header-display":"","site-post-title":"","ast-breadcrumbs-content":"","ast-featured-img":"","footer-sml-layout":"","theme-transparent-header-meta":"default","adv-header-id-meta":"","stick-header-meta":"","header-above-stick-meta":"","header-main-stick-meta":"","header-below-stick-meta":"","astra-migrate-meta-layouts":"set","ast-page-background-enabled":"default","ast-page-background-meta":{"desktop":{"background-color":"var(--ast-global-color-4)","background-image":"","background-repeat":"repeat","background-position":"center center","background-size":"auto","background-attachment":"scroll","background-type":"","background-media":"","overlay-type":"","overlay-color":"","overlay-opacity":"","overlay-gradient":""},"tablet":{"background-color":"","background-image":"","background-repeat":"repeat","background-position":"center center","background-size":"auto","background-attachment":"scroll","background-type":"","background-media":"","overlay-type":"","overlay-color":"","overlay-opacity":"","overlay-gradient":""},"mobile":{"background-color":"","background-image":"","background-repeat":"repeat","background-position":"center center","background-size":"auto","background-attachment":"scroll","background-type":"","background-media":"","overlay-type":"","overlay-color":"","overlay-opacity":"","overlay-gradient":""}},"ast-content-background-meta":{"desktop":{"background-color":"var(--ast-global-color-5)","background-image":"","background-repeat":"repeat","background-position":"center center","background-size":"auto","background-attachment":"scroll","background-type":"","background-media":"","overlay-type":"","overlay-color":"","overlay-opacity":"","overlay-gradient":""},"tablet":{"background-color":"var(--ast-global-color-5)","background-image":"","background-repeat":"repeat","background-position":"center center","background-size":"auto","background-attachment":"scroll","background-type":"","background-media":"","overlay-type":"","overlay-color":"","overlay-opacity":"","overlay-gradient":""},"mobile":{"background-color":"var(--ast-global-color-5)","background-image":"","background-repeat":"repeat","background-position":"center center","background-size":"auto","background-attachment":"scroll","background-type":"","background-media":"","overlay-type":"","overlay-color":"","overlay-opacity":"","overlay-gradient":""}}},"product_brand":[],"product_cat":[961],"product_tag":[],"class_list":{"0":"post-54275","1":"product","2":"type-product","3":"status-publish","4":"has-post-thumbnail","6":"product_cat-wigiwama-fi","7":"desktop-align-left","8":"tablet-align-left","9":"mobile-align-left","11":"first","12":"instock","13":"sale","14":"taxable","15":"shipping-taxable","16":"purchasable","17":"product-type-variable"},"acf":[],"aioseo_notices":[],"_links":{"self":[{"href":"https:\/\/hummy.ee\/fi\/wp-json\/wp\/v2\/product\/54275","targetHints":{"allow":["GET"]}}],"collection":[{"href":"https:\/\/hummy.ee\/fi\/wp-json\/wp\/v2\/product"}],"about":[{"href":"https:\/\/hummy.ee\/fi\/wp-json\/wp\/v2\/types\/product"}],"replies":[{"embeddable":true,"href":"https:\/\/hummy.ee\/fi\/wp-json\/wp\/v2\/comments?post=54275"}],"version-history":[{"count":3,"href":"https:\/\/hummy.ee\/fi\/wp-json\/wp\/v2\/product\/54275\/revisions"}],"predecessor-version":[{"id":82543,"href":"https:\/\/hummy.ee\/fi\/wp-json\/wp\/v2\/product\/54275\/revisions\/82543"}],"wp:featuredmedia":[{"embeddable":true,"href":"https:\/\/hummy.ee\/fi\/wp-json\/wp\/v2\/media\/45404"}],"wp:attachment":[{"href":"https:\/\/hummy.ee\/fi\/wp-json\/wp\/v2\/media?parent=54275"}],"wp:term":[{"taxonomy":"product_brand","embeddable":true,"href":"https:\/\/hummy.ee\/fi\/wp-json\/wp\/v2\/product_brand?post=54275"},{"taxonomy":"product_cat","embeddable":true,"href":"https:\/\/hummy.ee\/fi\/wp-json\/wp\/v2\/product_cat?post=54275"},{"taxonomy":"product_tag","embeddable":true,"href":"https:\/\/hummy.ee\/fi\/wp-json\/wp\/v2\/product_tag?post=54275"}],"curies":[{"name":"wp","href":"https:\/\/api.w.org\/{rel}","templated":true}]}}