{"id":54158,"date":"2025-03-02T20:42:57","date_gmt":"2025-03-02T20:42:57","guid":{"rendered":"https:\/\/hummy.ee\/product\/padi-nallepussi\/"},"modified":"2026-04-20T13:53:31","modified_gmt":"2026-04-20T13:53:31","slug":"tyyny-teddy-pouch","status":"publish","type":"product","link":"https:\/\/hummy.ee\/fi\/tuote\/tyyny-teddy-pouch\/","title":{"rendered":"Tyyny - Teddy Pouch"},"content":{"rendered":"<h6 data-start=\"0\" data-end=\"32\"><strong><em>Vastustamattoman s\u00f6p\u00f6<\/em><\/strong><\/h6>\n<h6 data-start=\"34\" data-end=\"165\">On eritt\u00e4in todenn\u00e4k\u00f6ist\u00e4, ett\u00e4 t\u00e4m\u00e4 vieh\u00e4tt\u00e4v\u00e4 karhutyyny tulee nopeasti lapsesi parhaaksi halikaveriksi ja rakkaaksi osaksi perheen tarinaa.<\/h6>\n<p>&nbsp;<\/p>\n<h6 data-start=\"167\" data-end=\"196\"><strong><em>Kauniita unia<\/em><\/strong><\/h6>\n<h6 data-start=\"198\" data-end=\"344\">Kun on aika p\u00e4iv\u00e4unille, ei ole parempaa seuraa kuin karhutyyny! Katso, kuinka pikkuisesi vaipuu makeaan uneen, pehmeyden ja rakkauden ymp\u00e4r\u00f6im\u00e4n\u00e4.<\/h6>\n<p>&nbsp;<\/p>\n<h6 data-start=\"346\" data-end=\"374\"><strong><em>Viihtyis\u00e4 lukunurkkaus<\/em><\/strong><\/h6>\n<h6 data-start=\"376\" data-end=\"524\">Tee jokaisesta nurkasta taianomainen lukupaikka t\u00e4ll\u00e4 ihanalla tyynyll\u00e4, joka luo t\u00e4ydellisen ilmapiirin satukirjoista ja hiljaisista hetkist\u00e4 nauttimiseen.<\/h6>\n<p>&nbsp;<\/p>\n<h6 data-start=\"526\" data-end=\"555\"><strong><em>Hauska leikkikaveri<\/em><\/strong><\/h6>\n<h6 data-start=\"557\" data-end=\"681\">Kevyt ja luotettava karhu-tyyny kulkee lapsesi mukana kaikissa kodin seikkailuissa, ollen aina valmis leikkiin ja halauksiin.<\/h6>\n<p>&nbsp;<\/p>\n<h6 data-start=\"683\" data-end=\"717\"><strong><em>Pinoamiskelpoinen kest\u00e4vyys<\/em><\/strong><\/h6>\n<h6 data-start=\"719\" data-end=\"861\">Laadukkaasta luonnonkangasmateriaalista valmistettu karhutyyny on pehme\u00e4 ja hell\u00e4varainen, mutta suunniteltu kest\u00e4m\u00e4\u00e4n p\u00e4ivitt\u00e4iset halaukset ja leikkirynt\u00e4ykset.<\/h6>\n<p>&nbsp;<\/p>\n<h6 data-start=\"863\" data-end=\"912\"><strong><em>T\u00e4ydellinen lahja suurille hymyille<\/em><\/strong><\/h6>\n<h6 data-start=\"914\" data-end=\"1070\">Etsitk\u00f6 erityist\u00e4 lahjaa? Karhutyyny on syd\u00e4mellinen ja arvokas yll\u00e4tys syntym\u00e4p\u00e4iville, juhlapyhille, merkkip\u00e4iville tai vain suloiseen ilon hetkeen!<\/h6>\n<p>&nbsp;<\/p>\n<h6><strong><i>Helppo huolto<\/i><\/strong><i><\/i><\/h6>\n<h6>Vetoketjullisen avauksen ansiosta p\u00e4\u00e4llinen on helppo irrottaa ja pest\u00e4. Pese p\u00e4\u00e4llinen k\u00e4sin (30 \u00b0C) samanv\u00e4risten kanssa ja ripusta kuivumaan.<\/h6>\n<p>&nbsp;<\/p>\n<h6><strong><em>Valmistettu rakkaudella ja huolella<\/em><em>veneet<\/em><\/strong><\/h6>\n<h6 data-start=\"38\" data-end=\"329\">Yli kymmenen vuoden kokemuksella olemme ylpeit\u00e4 siit\u00e4, ett\u00e4 toimitamme EU:n suurimmille v\u00e4hitt\u00e4iskauppiaille tuotteita, jotka on valmistettu huolella ja rakkaudella omassa tehtaassamme Latviassa. Valvomme itse jokaista tuotantovaihetta, kiinnit\u00e4mme huomiota pienimpiinkin yksityiskohtiin sek\u00e4 kehit\u00e4mme ja uudistamme tuotteitamme jatkuvasti.<\/h6>\n","protected":false},"excerpt":{"rendered":"<h6 data-start=\"31\" data-end=\"121\">T\u00e4ydellinen lis\u00e4 mihin tahansa lastenhuoneeseen! T\u00e4ss\u00e4 s\u00f6p\u00f6ss\u00e4 tyynyss\u00e4 on s\u00f6p\u00f6t karhunkorvat. Se on valmistettu pehme\u00e4st\u00e4 nallekankaasta, joten se on t\u00e4ydellinen nallekaveri pienelle lapsellesi. Olipa kyseess\u00e4 leikki- tai p\u00e4iv\u00e4uniaika, t\u00e4m\u00e4 tyyny tuo varmasti hymyn lapsesi kasvoille!<\/h6>\n","protected":false},"featured_media":45648,"comment_status":"open","ping_status":"closed","template":"","meta":{"_acf_changed":false,"om_disable_all_campaigns":false,"_monsterinsights_skip_tracking":false,"_monsterinsights_sitenote_active":false,"_monsterinsights_sitenote_note":"","_monsterinsights_sitenote_category":0,"_uf_show_specific_survey":0,"_uf_disable_surveys":false,"site-sidebar-layout":"default","site-content-layout":"","ast-site-content-layout":"default","site-content-style":"default","site-sidebar-style":"default","ast-global-header-display":"","ast-banner-title-visibility":"","ast-main-header-display":"","ast-hfb-above-header-display":"","ast-hfb-below-header-display":"","ast-hfb-mobile-header-display":"","site-post-title":"","ast-breadcrumbs-content":"","ast-featured-img":"","footer-sml-layout":"","theme-transparent-header-meta":"default","adv-header-id-meta":"","stick-header-meta":"","header-above-stick-meta":"","header-main-stick-meta":"","header-below-stick-meta":"","astra-migrate-meta-layouts":"set","ast-page-background-enabled":"default","ast-page-background-meta":{"desktop":{"background-color":"var(--ast-global-color-4)","background-image":"","background-repeat":"repeat","background-position":"center center","background-size":"auto","background-attachment":"scroll","background-type":"","background-media":"","overlay-type":"","overlay-color":"","overlay-opacity":"","overlay-gradient":""},"tablet":{"background-color":"","background-image":"","background-repeat":"repeat","background-position":"center center","background-size":"auto","background-attachment":"scroll","background-type":"","background-media":"","overlay-type":"","overlay-color":"","overlay-opacity":"","overlay-gradient":""},"mobile":{"background-color":"","background-image":"","background-repeat":"repeat","background-position":"center center","background-size":"auto","background-attachment":"scroll","background-type":"","background-media":"","overlay-type":"","overlay-color":"","overlay-opacity":"","overlay-gradient":""}},"ast-content-background-meta":{"desktop":{"background-color":"var(--ast-global-color-5)","background-image":"","background-repeat":"repeat","background-position":"center center","background-size":"auto","background-attachment":"scroll","background-type":"","background-media":"","overlay-type":"","overlay-color":"","overlay-opacity":"","overlay-gradient":""},"tablet":{"background-color":"var(--ast-global-color-5)","background-image":"","background-repeat":"repeat","background-position":"center center","background-size":"auto","background-attachment":"scroll","background-type":"","background-media":"","overlay-type":"","overlay-color":"","overlay-opacity":"","overlay-gradient":""},"mobile":{"background-color":"var(--ast-global-color-5)","background-image":"","background-repeat":"repeat","background-position":"center center","background-size":"auto","background-attachment":"scroll","background-type":"","background-media":"","overlay-type":"","overlay-color":"","overlay-opacity":"","overlay-gradient":""}}},"product_brand":[],"product_cat":[961],"product_tag":[],"class_list":{"0":"post-54158","1":"product","2":"type-product","3":"status-publish","4":"has-post-thumbnail","6":"product_cat-wigiwama-fi","7":"desktop-align-left","8":"tablet-align-left","9":"mobile-align-left","11":"first","12":"instock","13":"sale","14":"taxable","15":"shipping-taxable","16":"purchasable","17":"product-type-variable"},"acf":[],"aioseo_notices":[],"_links":{"self":[{"href":"https:\/\/hummy.ee\/fi\/wp-json\/wp\/v2\/product\/54158","targetHints":{"allow":["GET"]}}],"collection":[{"href":"https:\/\/hummy.ee\/fi\/wp-json\/wp\/v2\/product"}],"about":[{"href":"https:\/\/hummy.ee\/fi\/wp-json\/wp\/v2\/types\/product"}],"replies":[{"embeddable":true,"href":"https:\/\/hummy.ee\/fi\/wp-json\/wp\/v2\/comments?post=54158"}],"version-history":[{"count":6,"href":"https:\/\/hummy.ee\/fi\/wp-json\/wp\/v2\/product\/54158\/revisions"}],"predecessor-version":[{"id":87341,"href":"https:\/\/hummy.ee\/fi\/wp-json\/wp\/v2\/product\/54158\/revisions\/87341"}],"wp:featuredmedia":[{"embeddable":true,"href":"https:\/\/hummy.ee\/fi\/wp-json\/wp\/v2\/media\/45648"}],"wp:attachment":[{"href":"https:\/\/hummy.ee\/fi\/wp-json\/wp\/v2\/media?parent=54158"}],"wp:term":[{"taxonomy":"product_brand","embeddable":true,"href":"https:\/\/hummy.ee\/fi\/wp-json\/wp\/v2\/product_brand?post=54158"},{"taxonomy":"product_cat","embeddable":true,"href":"https:\/\/hummy.ee\/fi\/wp-json\/wp\/v2\/product_cat?post=54158"},{"taxonomy":"product_tag","embeddable":true,"href":"https:\/\/hummy.ee\/fi\/wp-json\/wp\/v2\/product_tag?post=54158"}],"curies":[{"name":"wp","href":"https:\/\/api.w.org\/{rel}","templated":true}]}}