{"id":54132,"date":"2025-03-02T20:42:55","date_gmt":"2025-03-02T20:42:55","guid":{"rendered":"https:\/\/hummy.ee\/product\/padi-tahti\/"},"modified":"2026-04-20T14:04:30","modified_gmt":"2026-04-20T14:04:30","slug":"tyyny-star","status":"publish","type":"product","link":"https:\/\/hummy.ee\/fi\/tuote\/tyyny-star\/","title":{"rendered":"Tyyny - Star"},"content":{"rendered":"<h6 data-start=\"0\" data-end=\"39\"><em><strong data-start=\"4\" data-end=\"37\">Sek\u00e4 koristelu ett\u00e4 lelu<\/strong><\/em><\/h6>\n<h6 data-start=\"41\" data-end=\"149\">T\u00e4m\u00e4 pehme\u00e4 ja pehmoinen t\u00e4hdenmuotoinen tyyny t\u00e4ydent\u00e4\u00e4 mit\u00e4 tahansa lastenhuonetta ja tuo siihen upean ja maagisen kosketuksen.<\/h6>\n<p>&nbsp;<\/p>\n<h6 data-start=\"151\" data-end=\"182\"><em><strong data-start=\"155\" data-end=\"180\">Tuo s\u00e4ihkett\u00e4 jokaiseen p\u00e4iv\u00e4\u00e4n<\/strong><\/em><\/h6>\n<h6 data-start=\"184\" data-end=\"288\">Star-tyyny tuo hymyn lapsesi kasvoille ja on my\u00f6s erinomainen lahja perheenj\u00e4senille ja yst\u00e4ville.<\/h6>\n<p>&nbsp;<\/p>\n<h6 data-start=\"290\" data-end=\"319\"><em><strong data-start=\"294\" data-end=\"317\">Unelmoi suuresta<\/strong><\/em><\/h6>\n<h6 data-start=\"321\" data-end=\"449\">Kannusta lastasi unelmoimaan suuria \u2013 ja \u00e4l\u00e4 unohda unelmoida itse mukana! Anna Star-tyynyn muistuttaa aina, ett\u00e4 kaikki on mahdollista.<\/h6>\n<p>&nbsp;<\/p>\n<h6 data-start=\"451\" data-end=\"488\"><em><strong data-start=\"455\" data-end=\"486\">Yhdistele ja luo oma tyylisi<\/strong><\/em><\/h6>\n<h6 data-start=\"490\" data-end=\"576\">N\u00e4ytt\u00e4\u00e4 hyv\u00e4lt\u00e4 yksin\u00e4\u00e4n tai yhdistettyn\u00e4 muihin Wigiwama-tuotteisiin.<\/h6>\n<p>&nbsp;<\/p>\n<h6 data-start=\"578\" data-end=\"612\"><em><strong data-start=\"582\" data-end=\"610\">10\/10 pistett\u00e4 laadusta<\/strong><\/em><\/h6>\n<h6 data-start=\"614\" data-end=\"756\">Valmistettu pehmeimmist\u00e4 ja kodikkaimmista kankaista - tarpeeksi kest\u00e4v\u00e4 kest\u00e4m\u00e4\u00e4n seikkailuja ja tarpeeksi pehme\u00e4 tarjoamaan suloisia unia.<\/h6>\n<p>&nbsp;<\/p>\n<h6><b><i>Helppo huolto<\/i><\/b><b><i><\/i><\/b><\/h6>\n<h6>Vetoketjullisen avauksen ansiosta p\u00e4\u00e4llinen on helppo irrottaa ja pest\u00e4. Pese p\u00e4\u00e4llinen k\u00e4sin (30 \u00b0C) samanv\u00e4risten kanssa ja ripusta kuivumaan.<\/h6>\n<p>&nbsp;<\/p>\n<h6><em><strong>Rakkaudella ja huolella tehty k\u00e4sity\u00f6<\/strong><\/em><\/h6>\n<h6 data-start=\"38\" data-end=\"329\">Yli kymmenen vuoden kokemuksella olemme ylpeit\u00e4 siit\u00e4, ett\u00e4 toimitamme EU:n suurimmille v\u00e4hitt\u00e4iskauppiaille tuotteita, jotka on valmistettu huolella ja rakkaudella omassa tehtaassamme Latviassa. Valvomme itse jokaista tuotantovaihetta, kiinnit\u00e4mme huomiota pienimpiinkin yksityiskohtiin sek\u00e4 kehit\u00e4mme ja uudistamme tuotteitamme jatkuvasti.<\/h6>\n","protected":false},"excerpt":{"rendered":"<h6>Wigiwama Star -tyyny tuo lastenhuoneeseen juhlavuutta ja on erinomainen lahja niin perheenj\u00e4senille kuin yst\u00e4villekin. Valmistettu pehme\u00e4st\u00e4 ja p\u00f6rr\u00f6isest\u00e4 teddy-kankaasta, joka tuntuu erityisen miellytt\u00e4v\u00e4lt\u00e4 koskettaa.<\/h6>\n","protected":false},"featured_media":45768,"comment_status":"open","ping_status":"closed","template":"","meta":{"_acf_changed":false,"om_disable_all_campaigns":false,"_monsterinsights_skip_tracking":false,"_monsterinsights_sitenote_active":false,"_monsterinsights_sitenote_note":"","_monsterinsights_sitenote_category":0,"_uf_show_specific_survey":0,"_uf_disable_surveys":false,"site-sidebar-layout":"default","site-content-layout":"","ast-site-content-layout":"default","site-content-style":"default","site-sidebar-style":"default","ast-global-header-display":"","ast-banner-title-visibility":"","ast-main-header-display":"","ast-hfb-above-header-display":"","ast-hfb-below-header-display":"","ast-hfb-mobile-header-display":"","site-post-title":"","ast-breadcrumbs-content":"","ast-featured-img":"","footer-sml-layout":"","theme-transparent-header-meta":"default","adv-header-id-meta":"","stick-header-meta":"","header-above-stick-meta":"","header-main-stick-meta":"","header-below-stick-meta":"","astra-migrate-meta-layouts":"set","ast-page-background-enabled":"default","ast-page-background-meta":{"desktop":{"background-color":"var(--ast-global-color-4)","background-image":"","background-repeat":"repeat","background-position":"center center","background-size":"auto","background-attachment":"scroll","background-type":"","background-media":"","overlay-type":"","overlay-color":"","overlay-opacity":"","overlay-gradient":""},"tablet":{"background-color":"","background-image":"","background-repeat":"repeat","background-position":"center center","background-size":"auto","background-attachment":"scroll","background-type":"","background-media":"","overlay-type":"","overlay-color":"","overlay-opacity":"","overlay-gradient":""},"mobile":{"background-color":"","background-image":"","background-repeat":"repeat","background-position":"center center","background-size":"auto","background-attachment":"scroll","background-type":"","background-media":"","overlay-type":"","overlay-color":"","overlay-opacity":"","overlay-gradient":""}},"ast-content-background-meta":{"desktop":{"background-color":"var(--ast-global-color-5)","background-image":"","background-repeat":"repeat","background-position":"center center","background-size":"auto","background-attachment":"scroll","background-type":"","background-media":"","overlay-type":"","overlay-color":"","overlay-opacity":"","overlay-gradient":""},"tablet":{"background-color":"var(--ast-global-color-5)","background-image":"","background-repeat":"repeat","background-position":"center center","background-size":"auto","background-attachment":"scroll","background-type":"","background-media":"","overlay-type":"","overlay-color":"","overlay-opacity":"","overlay-gradient":""},"mobile":{"background-color":"var(--ast-global-color-5)","background-image":"","background-repeat":"repeat","background-position":"center center","background-size":"auto","background-attachment":"scroll","background-type":"","background-media":"","overlay-type":"","overlay-color":"","overlay-opacity":"","overlay-gradient":""}}},"product_brand":[],"product_cat":[961],"product_tag":[],"class_list":{"0":"post-54132","1":"product","2":"type-product","3":"status-publish","4":"has-post-thumbnail","6":"product_cat-wigiwama-fi","7":"desktop-align-left","8":"tablet-align-left","9":"mobile-align-left","11":"first","12":"instock","13":"sale","14":"taxable","15":"shipping-taxable","16":"purchasable","17":"product-type-variable"},"acf":[],"aioseo_notices":[],"_links":{"self":[{"href":"https:\/\/hummy.ee\/fi\/wp-json\/wp\/v2\/product\/54132","targetHints":{"allow":["GET"]}}],"collection":[{"href":"https:\/\/hummy.ee\/fi\/wp-json\/wp\/v2\/product"}],"about":[{"href":"https:\/\/hummy.ee\/fi\/wp-json\/wp\/v2\/types\/product"}],"replies":[{"embeddable":true,"href":"https:\/\/hummy.ee\/fi\/wp-json\/wp\/v2\/comments?post=54132"}],"version-history":[{"count":6,"href":"https:\/\/hummy.ee\/fi\/wp-json\/wp\/v2\/product\/54132\/revisions"}],"predecessor-version":[{"id":87346,"href":"https:\/\/hummy.ee\/fi\/wp-json\/wp\/v2\/product\/54132\/revisions\/87346"}],"wp:featuredmedia":[{"embeddable":true,"href":"https:\/\/hummy.ee\/fi\/wp-json\/wp\/v2\/media\/45768"}],"wp:attachment":[{"href":"https:\/\/hummy.ee\/fi\/wp-json\/wp\/v2\/media?parent=54132"}],"wp:term":[{"taxonomy":"product_brand","embeddable":true,"href":"https:\/\/hummy.ee\/fi\/wp-json\/wp\/v2\/product_brand?post=54132"},{"taxonomy":"product_cat","embeddable":true,"href":"https:\/\/hummy.ee\/fi\/wp-json\/wp\/v2\/product_cat?post=54132"},{"taxonomy":"product_tag","embeddable":true,"href":"https:\/\/hummy.ee\/fi\/wp-json\/wp\/v2\/product_tag?post=54132"}],"curies":[{"name":"wp","href":"https:\/\/api.w.org\/{rel}","templated":true}]}}