{"id":53962,"date":"2025-03-02T20:42:54","date_gmt":"2025-03-02T20:42:54","guid":{"rendered":"https:\/\/hummy.ee\/product\/padi-pehmuste\/"},"modified":"2026-04-20T13:43:10","modified_gmt":"2026-04-20T13:43:10","slug":"tukityyny-bolster","status":"publish","type":"product","link":"https:\/\/hummy.ee\/fi\/tuote\/tukityyny-bolster\/","title":{"rendered":"Tukityyny - Bolster"},"content":{"rendered":"<h6 data-start=\"190\" data-end=\"227\"><strong><em>Miksi j\u00e4tt\u00e4\u00e4 mukavuusalueesi&#8230;<\/em><\/strong><\/h6>\n<h6 data-start=\"229\" data-end=\"374\">&#8230;kun voit nauttia siit\u00e4 t\u00e4ysin siemauksin? K\u00e4yt\u00e4 useampaa kuin yht\u00e4 patjaa kerrallaan ja luo viihtyis\u00e4 nurkka lempikirjasi lukemiseen tai rentoutumiseen.<\/h6>\n<p>&nbsp;<\/p>\n<h6 data-start=\"376\" data-end=\"401\"><strong><em>1, 2, 3 - leikin aika!<\/em><\/strong><\/h6>\n<h6 data-start=\"403\" data-end=\"531\">Rohkaise pikkuista l\u00f6yt\u00e4m\u00e4\u00e4n, miten patjaa k\u00e4ytet\u00e4\u00e4n muuten. Tuleeko siit\u00e4 leikkiv\u00e4line vai tuleeko siit\u00e4 hauska tyynysota?<\/h6>\n<p>&nbsp;<\/p>\n<h6 data-start=\"533\" data-end=\"559\"><strong><em>Rauhoittava tunne<\/em><\/strong><\/h6>\n<h6 data-start=\"561\" data-end=\"707\">Pehme\u00e4 ja lempe\u00e4 kosketus luo todella rentouttavan ilmapiirin, joka kutsuu niin nuoret kuin vanhatkin rentoutumaan ja rentoutumaan pitk\u00e4n ja kiireisen p\u00e4iv\u00e4n j\u00e4lkeen.<\/h6>\n<p>&nbsp;<\/p>\n<h6 data-start=\"709\" data-end=\"728\"><strong><em>Aika olla yhdess\u00e4<\/em><\/strong><\/h6>\n<h6 data-start=\"730\" data-end=\"880\">Halaile pient\u00e4 lastasi, jaa hauskoja tarinoita, naura ja vain nauti toistenne seurasta, jotta jokainen yhteinen hetki olisi arvokas muisto.<\/h6>\n<p>&nbsp;<\/p>\n<h6 data-start=\"882\" data-end=\"909\"><strong><em>Aina raikas ja puhdas<\/em><\/strong><\/h6>\n<h6 data-start=\"911\" data-end=\"1070\">Vanhempien mielenrauhan vuoksi Bolster-tyyny on pest\u00e4v\u00e4, joten sen pit\u00e4minen puhtaana ja raikkaana on helppoa. K\u00e4sinpesu (30\u00b0C) samankaltaisten v\u00e4rien kanssa, ilmakuivaus.<\/h6>\n","protected":false},"excerpt":{"rendered":"<p>Miksi j\u00e4tt\u00e4\u00e4 mukavuusalueesi&#8230; &#8230;kun voit nauttia siit\u00e4 t\u00e4ysin siemauksin? K\u00e4yt\u00e4 useampaa kuin yht\u00e4 patjaa kerrallaan ja luo viihtyis\u00e4 nurkka lempikirjasi [&hellip;]<\/p>\n","protected":false},"featured_media":46488,"comment_status":"open","ping_status":"closed","template":"","meta":{"_acf_changed":false,"om_disable_all_campaigns":false,"_monsterinsights_skip_tracking":false,"_monsterinsights_sitenote_active":false,"_monsterinsights_sitenote_note":"","_monsterinsights_sitenote_category":0,"_uf_show_specific_survey":0,"_uf_disable_surveys":false,"site-sidebar-layout":"default","site-content-layout":"","ast-site-content-layout":"default","site-content-style":"default","site-sidebar-style":"default","ast-global-header-display":"","ast-banner-title-visibility":"","ast-main-header-display":"","ast-hfb-above-header-display":"","ast-hfb-below-header-display":"","ast-hfb-mobile-header-display":"","site-post-title":"","ast-breadcrumbs-content":"","ast-featured-img":"","footer-sml-layout":"","theme-transparent-header-meta":"default","adv-header-id-meta":"","stick-header-meta":"","header-above-stick-meta":"","header-main-stick-meta":"","header-below-stick-meta":"","astra-migrate-meta-layouts":"set","ast-page-background-enabled":"default","ast-page-background-meta":{"desktop":{"background-color":"var(--ast-global-color-4)","background-image":"","background-repeat":"repeat","background-position":"center center","background-size":"auto","background-attachment":"scroll","background-type":"","background-media":"","overlay-type":"","overlay-color":"","overlay-opacity":"","overlay-gradient":""},"tablet":{"background-color":"","background-image":"","background-repeat":"repeat","background-position":"center center","background-size":"auto","background-attachment":"scroll","background-type":"","background-media":"","overlay-type":"","overlay-color":"","overlay-opacity":"","overlay-gradient":""},"mobile":{"background-color":"","background-image":"","background-repeat":"repeat","background-position":"center center","background-size":"auto","background-attachment":"scroll","background-type":"","background-media":"","overlay-type":"","overlay-color":"","overlay-opacity":"","overlay-gradient":""}},"ast-content-background-meta":{"desktop":{"background-color":"var(--ast-global-color-5)","background-image":"","background-repeat":"repeat","background-position":"center center","background-size":"auto","background-attachment":"scroll","background-type":"","background-media":"","overlay-type":"","overlay-color":"","overlay-opacity":"","overlay-gradient":""},"tablet":{"background-color":"var(--ast-global-color-5)","background-image":"","background-repeat":"repeat","background-position":"center center","background-size":"auto","background-attachment":"scroll","background-type":"","background-media":"","overlay-type":"","overlay-color":"","overlay-opacity":"","overlay-gradient":""},"mobile":{"background-color":"var(--ast-global-color-5)","background-image":"","background-repeat":"repeat","background-position":"center center","background-size":"auto","background-attachment":"scroll","background-type":"","background-media":"","overlay-type":"","overlay-color":"","overlay-opacity":"","overlay-gradient":""}}},"product_brand":[],"product_cat":[961],"product_tag":[],"class_list":{"0":"post-53962","1":"product","2":"type-product","3":"status-publish","4":"has-post-thumbnail","6":"product_cat-wigiwama-fi","7":"desktop-align-left","8":"tablet-align-left","9":"mobile-align-left","11":"first","12":"instock","13":"sale","14":"taxable","15":"shipping-taxable","16":"purchasable","17":"product-type-variable"},"acf":[],"aioseo_notices":[],"_links":{"self":[{"href":"https:\/\/hummy.ee\/fi\/wp-json\/wp\/v2\/product\/53962","targetHints":{"allow":["GET"]}}],"collection":[{"href":"https:\/\/hummy.ee\/fi\/wp-json\/wp\/v2\/product"}],"about":[{"href":"https:\/\/hummy.ee\/fi\/wp-json\/wp\/v2\/types\/product"}],"replies":[{"embeddable":true,"href":"https:\/\/hummy.ee\/fi\/wp-json\/wp\/v2\/comments?post=53962"}],"version-history":[{"count":6,"href":"https:\/\/hummy.ee\/fi\/wp-json\/wp\/v2\/product\/53962\/revisions"}],"predecessor-version":[{"id":87337,"href":"https:\/\/hummy.ee\/fi\/wp-json\/wp\/v2\/product\/53962\/revisions\/87337"}],"wp:featuredmedia":[{"embeddable":true,"href":"https:\/\/hummy.ee\/fi\/wp-json\/wp\/v2\/media\/46488"}],"wp:attachment":[{"href":"https:\/\/hummy.ee\/fi\/wp-json\/wp\/v2\/media?parent=53962"}],"wp:term":[{"taxonomy":"product_brand","embeddable":true,"href":"https:\/\/hummy.ee\/fi\/wp-json\/wp\/v2\/product_brand?post=53962"},{"taxonomy":"product_cat","embeddable":true,"href":"https:\/\/hummy.ee\/fi\/wp-json\/wp\/v2\/product_cat?post=53962"},{"taxonomy":"product_tag","embeddable":true,"href":"https:\/\/hummy.ee\/fi\/wp-json\/wp\/v2\/product_tag?post=53962"}],"curies":[{"name":"wp","href":"https:\/\/api.w.org\/{rel}","templated":true}]}}