{"id":53899,"date":"2024-09-25T08:31:54","date_gmt":"2024-09-25T08:31:54","guid":{"rendered":"https:\/\/hummy.ee\/product\/abc-design-salsa-5-air-vaunusarja\/"},"modified":"2026-04-16T08:07:01","modified_gmt":"2026-04-16T08:07:01","slug":"abc-design-salsa-5-air-yhdistelmavaunut","status":"publish","type":"product","link":"https:\/\/hummy.ee\/fi\/tuote\/abc-design-salsa-5-air-yhdistelmavaunut\/","title":{"rendered":"ABC Design Salsa 5 Air 2-in-1 yhdistelm\u00e4vaunut"},"content":{"rendered":"<h6><strong><em>Laatikon sis\u00e4lt\u00f6:<\/em><\/strong><\/h6>\n<ul data-spread=\"false\">\n<li>\n<h6>Vaunukoppa<\/h6>\n<\/li>\n<li>\n<h6>Istuinosa<\/h6>\n<\/li>\n<li>\n<h6>Organizer-vaunulaukku<\/h6>\n<\/li>\n<li>\n<h6>CozyCloud\u00ae-patja<\/h6>\n<\/li>\n<\/ul>\n<h6 data-pm-slice=\"1 1 []\"><strong><em>Miksi valita Salsa 5 Air -yhdistelm\u00e4vaunut?<\/em><\/strong><\/h6>\n<ul data-spread=\"false\">\n<li>\n<h6>Monipuolisuus: Soveltuu kaikkiin maastoihin \u2013 kaupunkien kaduille, mukulakiville, lumisille teille, puistopolkuille, mets\u00e4poluille ja sorateille.<\/h6>\n<\/li>\n<li>\n<h6>Lapsen mukavuus: Kaksi avattavaa tuuletusaukkoa takaavat optimaalisen ilmanvaihdon. Uusi CozyCloud\u00ae -patja tarjoaa ergonomista tukea ja pehmeytt\u00e4.<\/h6>\n<\/li>\n<li>\n<h6>K\u00e4ytt\u00e4j\u00e4yst\u00e4v\u00e4llinen vanhemmille: s\u00e4\u00e4dett\u00e4v\u00e4 ty\u00f6nt\u00f6aisa, irrotettavat py\u00f6r\u00e4t ja helppok\u00e4ytt\u00f6inen kokoontaitettava muotoilu tekev\u00e4t siit\u00e4 eritt\u00e4in miellytt\u00e4v\u00e4n k\u00e4ytt\u00e4\u00e4.<\/h6>\n<\/li>\n<li>\n<h6>Yleiskiinnitys: kaikki lis\u00e4varusteet \u2013 vaippalaukku, mukiteline tai lamppu \u2013 voidaan kiinnitt\u00e4\u00e4 turvallisesti rattaisiin.<\/h6>\n<\/li>\n<\/ul>\n<h6><strong><em>Ominaisuudet, jotka tekev\u00e4t Salsa 5 Air -rattaista parhaan valinnan:<\/em><\/strong><\/h6>\n<ul data-spread=\"false\">\n<li>\n<h6>S\u00e4\u00e4dett\u00e4v\u00e4 selk\u00e4noja ja jalkatuki varmistavat, ett\u00e4 lapsi on aina mukavassa asennossa<\/h6>\n<\/li>\n<li>\n<h6>Irrotettava etukaari ja py\u00f6r\u00e4t \u2013 helppo s\u00e4ilytt\u00e4\u00e4 ja kuljettaa<\/h6>\n<\/li>\n<li>\n<h6>Laajennettava kuomu \u2013 suojaa auringolta ja sateelta<\/h6>\n<\/li>\n<li>\n<h6>Vett\u00e4 hylkiv\u00e4 kangas - helppo huoltaa ja kest\u00e4v\u00e4<\/h6>\n<\/li>\n<li>\n<h6>Seisontajarru ja kuljetuslukko - lis\u00e4turvaa kaikissa tilanteissa<\/h6>\n<\/li>\n<\/ul>\n<h6><\/h6>\n<h6><\/h6>\n<h6><strong><em>Helppok\u00e4ytt\u00f6inen ja kompakti rakenne<\/em><\/strong><\/h6>\n<h6>Salsa 5 Air -rattaat sopivat erinomaisesti kaiken pituisille vanhemmille \u2013 rattaiden ty\u00f6nt\u00f6aisan korkeutta voi s\u00e4\u00e4t\u00e4\u00e4 juuri oikean asennon l\u00f6yt\u00e4miseksi. Kompaktin taittomekanismin ansiosta rattaat voidaan taittaa kokoon nopeasti ja helposti, vaikka istuin olisi kiinnitetty runkoon.<\/h6>\n<p>&nbsp;<\/p>\n<p>&nbsp;<\/p>\n<h6><strong><em>Mukavuutta ja turvallisuutta heti ensimm\u00e4isest\u00e4 p\u00e4iv\u00e4st\u00e4 l\u00e4htien<\/em><\/strong><\/h6>\n<h6>Salsa 5 Air -vaunukoppa takaa vauvalle maksimaalisen mukavuuden ja turvallisuuden. Ergonominen CozyCloud\u00ae-patja yhdess\u00e4 hengitt\u00e4v\u00e4n materiaalin kanssa auttaa yll\u00e4pit\u00e4m\u00e4\u00e4n ihanteellisen nukkuma-asennon. Kahden erikseen avattavan tuuletusikkunan kautta varmistetaan optimaalinen ilmanvaihto, ja tarvittaessa vaunukoppa voidaan helposti taittaa kokoon tilan s\u00e4\u00e4st\u00e4miseksi.<\/h6>\n<p>&nbsp;<\/p>\n<h6>Kun lapsi kasvaa, vaunukoppa voidaan vaihtaa istuinosaan, joka mukautuu t\u00e4ysin lapsen tarpeisiin. S\u00e4\u00e4dett\u00e4v\u00e4n selk\u00e4nojan avulla voit valita nelj\u00e4n eri kallistusasennon v\u00e4lill\u00e4, mukaan lukien t\u00e4ysin makuuasennon. Hengitt\u00e4v\u00e4 istuintyyny ja selk\u00e4nojan tuuletusikkuna takaavat miellytt\u00e4v\u00e4n istuinilmaston.<\/h6>\n<p>&nbsp;<\/p>\n<h6>HappyBelt\u00ae 5-pistevaljaat magneettikiinnikkeill\u00e4 tekev\u00e4t lapsen kiinnitt\u00e4misest\u00e4 helppoa ja turvallista. Pehmustetut olkahihnat pysyv\u00e4t hyvin paikoillaan, jotta vauva on aina mukavasti ja turvallisesti kiinnitetty.<\/h6>\n<p>&nbsp;<\/p>\n<h6><strong><em>Tekniset tiedot:<\/em><\/strong><\/h6>\n<ul data-spread=\"false\">\n<li>\n<h6>Kantavuus: 27 kg:iin asti<\/h6>\n<\/li>\n<li>\n<h6>Syntym\u00e4st\u00e4 22 kiloon asti<\/h6>\n<\/li>\n<li>\n<h6>Mitat avattuna: 95,5 x 63,0 x 118,0 cm<\/h6>\n<\/li>\n<li>\n<h6>Mitat kokoontaitettuna: 86,0 x 63,0 x 42,0 cm<\/h6>\n<\/li>\n<li>\n<h6>Rungon paino: 10,1 kg<\/h6>\n<\/li>\n<li>\n<h6>Istuimen paino: 4,8 kg<\/h6>\n<\/li>\n<\/ul>\n<h6><\/h6>\n<h6><\/h6>\n<h6><strong>Yhteensopivuus turvakaukaloiden kanssa:<\/strong><\/h6>\n<ul>\n<li>\n<h6>ABC Design: Tulip<\/h6>\n<\/li>\n<li>\n<h6>Maxi-Cosi: City, Convertible-Fix, Coral, Pebble, Pebble Plus, Pebble Pro, Pebble 360, Pebble 360 Pro, Pebble 360 Pro 2.<\/h6>\n<\/li>\n<li>\n<h6>Cybex: Aton, Aton 5, Aton M, Aton M i-size, Aton Q, Aton Q Plus, Aton Q i-size, Cloud T, Cloud Q, Cloud Q Plus, Cloud Z i-size, Cloud Z2 i-size.<\/h6>\n<\/li>\n<li>\n<h6>Joie: i-Gemm<\/h6>\n<\/li>\n<li>\n<h6>BeSafe: iZi Go Modulaarinen X1 i-Size<\/h6>\n<\/li>\n<li>\n<h6>Avionautti: Cosmo, Pixel, Pro<\/h6>\n<\/li>\n<li>\n<h6>Nuna: Pipa Next i-Size, ARRA Next: Pipa Next i-Size, ARRA Next<\/h6>\n<\/li>\n<\/ul>\n<h6><\/h6>\n<h6><em>Katso <a href=\"https:\/\/www.youtube.com\/watch?v=bgXpSkp35MI\">esittelyvideo <\/a>ja saat lis\u00e4tietoja.<\/em><\/h6>\n<h6 class=\"wp-block-column\"><em>Hyv\u00e4t py\u00f6r\u00e4t tekev\u00e4t lastenvaunujen k\u00e4yt\u00f6st\u00e4 huomattavasti mukavampaa! Katso lis\u00e4\u00e4 Hummy-<a href=\"https:\/\/hummy.ee\/fi\/mitka-pyorilla-varustetut-lastenrattaat-minun-pitaisi-valita\/\" target=\"_blank\" rel=\"nofollow noopener\">blogista <\/a>ja l\u00f6yd\u00e4 itsellesi sopivin ratkaisu. <\/em><\/h6>\n","protected":false},"excerpt":{"rendered":"<h6>ABC Design Salsa 5 Air -yhdistelm\u00e4vaunut \u2013 t\u00e4ydellinen rattaat kaikille maastoille! Etsitk\u00f6 rattaita, jotka sopivat sek\u00e4 kaupungin kaduille ett\u00e4 seikkailuihin luonnossa? Salsa 5 Air on t\u00e4ydellinen valinta! Suuret ilmakumipy\u00f6r\u00e4t, laadukkaat kuulalaakerit ja integroitu jousitus takaavat maksimaalisen mukavuuden ja sujuvan ajon kaikilla pinnoilla \u2013 olipa kyseess\u00e4 sile\u00e4 asfaltti tai mets\u00e4polut.<\/h6>\n","protected":false},"featured_media":40092,"comment_status":"closed","ping_status":"closed","template":"","meta":{"_acf_changed":false,"om_disable_all_campaigns":false,"_monsterinsights_skip_tracking":false,"_monsterinsights_sitenote_active":false,"_monsterinsights_sitenote_note":"","_monsterinsights_sitenote_category":0,"_uf_show_specific_survey":0,"_uf_disable_surveys":false,"site-sidebar-layout":"default","site-content-layout":"","ast-site-content-layout":"default","site-content-style":"default","site-sidebar-style":"default","ast-global-header-display":"","ast-banner-title-visibility":"","ast-main-header-display":"","ast-hfb-above-header-display":"","ast-hfb-below-header-display":"","ast-hfb-mobile-header-display":"","site-post-title":"","ast-breadcrumbs-content":"","ast-featured-img":"","footer-sml-layout":"","theme-transparent-header-meta":"default","adv-header-id-meta":"","stick-header-meta":"","header-above-stick-meta":"","header-main-stick-meta":"","header-below-stick-meta":"","astra-migrate-meta-layouts":"set","ast-page-background-enabled":"default","ast-page-background-meta":{"desktop":{"background-color":"var(--ast-global-color-4)","background-image":"","background-repeat":"repeat","background-position":"center center","background-size":"auto","background-attachment":"scroll","background-type":"","background-media":"","overlay-type":"","overlay-color":"","overlay-opacity":"","overlay-gradient":""},"tablet":{"background-color":"","background-image":"","background-repeat":"repeat","background-position":"center center","background-size":"auto","background-attachment":"scroll","background-type":"","background-media":"","overlay-type":"","overlay-color":"","overlay-opacity":"","overlay-gradient":""},"mobile":{"background-color":"","background-image":"","background-repeat":"repeat","background-position":"center center","background-size":"auto","background-attachment":"scroll","background-type":"","background-media":"","overlay-type":"","overlay-color":"","overlay-opacity":"","overlay-gradient":""}},"ast-content-background-meta":{"desktop":{"background-color":"var(--ast-global-color-5)","background-image":"","background-repeat":"repeat","background-position":"center center","background-size":"auto","background-attachment":"scroll","background-type":"","background-media":"","overlay-type":"","overlay-color":"","overlay-opacity":"","overlay-gradient":""},"tablet":{"background-color":"var(--ast-global-color-5)","background-image":"","background-repeat":"repeat","background-position":"center center","background-size":"auto","background-attachment":"scroll","background-type":"","background-media":"","overlay-type":"","overlay-color":"","overlay-opacity":"","overlay-gradient":""},"mobile":{"background-color":"var(--ast-global-color-5)","background-image":"","background-repeat":"repeat","background-position":"center center","background-size":"auto","background-attachment":"scroll","background-type":"","background-media":"","overlay-type":"","overlay-color":"","overlay-opacity":"","overlay-gradient":""}}},"product_brand":[],"product_cat":[527,410,319],"product_tag":[],"class_list":{"0":"post-53899","1":"product","2":"type-product","3":"status-publish","4":"has-post-thumbnail","6":"product_cat-abc-design-fi","7":"product_cat-sailioauto","8":"product_cat-uncategorized-fi","9":"desktop-align-left","10":"tablet-align-left","11":"mobile-align-left","13":"first","14":"instock","15":"sale","16":"taxable","17":"shipping-taxable","18":"purchasable","19":"product-type-variable"},"acf":[],"aioseo_notices":[],"_links":{"self":[{"href":"https:\/\/hummy.ee\/fi\/wp-json\/wp\/v2\/product\/53899","targetHints":{"allow":["GET"]}}],"collection":[{"href":"https:\/\/hummy.ee\/fi\/wp-json\/wp\/v2\/product"}],"about":[{"href":"https:\/\/hummy.ee\/fi\/wp-json\/wp\/v2\/types\/product"}],"replies":[{"embeddable":true,"href":"https:\/\/hummy.ee\/fi\/wp-json\/wp\/v2\/comments?post=53899"}],"version-history":[{"count":15,"href":"https:\/\/hummy.ee\/fi\/wp-json\/wp\/v2\/product\/53899\/revisions"}],"predecessor-version":[{"id":86791,"href":"https:\/\/hummy.ee\/fi\/wp-json\/wp\/v2\/product\/53899\/revisions\/86791"}],"wp:featuredmedia":[{"embeddable":true,"href":"https:\/\/hummy.ee\/fi\/wp-json\/wp\/v2\/media\/40092"}],"wp:attachment":[{"href":"https:\/\/hummy.ee\/fi\/wp-json\/wp\/v2\/media?parent=53899"}],"wp:term":[{"taxonomy":"product_brand","embeddable":true,"href":"https:\/\/hummy.ee\/fi\/wp-json\/wp\/v2\/product_brand?post=53899"},{"taxonomy":"product_cat","embeddable":true,"href":"https:\/\/hummy.ee\/fi\/wp-json\/wp\/v2\/product_cat?post=53899"},{"taxonomy":"product_tag","embeddable":true,"href":"https:\/\/hummy.ee\/fi\/wp-json\/wp\/v2\/product_tag?post=53899"}],"curies":[{"name":"wp","href":"https:\/\/api.w.org\/{rel}","templated":true}]}}