{"id":53850,"date":"2024-10-01T11:54:26","date_gmt":"2024-10-01T11:54:26","guid":{"rendered":"https:\/\/hummy.ee\/product\/abc-design-avus-2-air-rattaat\/"},"modified":"2026-04-16T11:31:14","modified_gmt":"2026-04-16T11:31:14","slug":"abc-design-avus-2-air-rattaat","status":"publish","type":"product","link":"https:\/\/hummy.ee\/fi\/tuote\/abc-design-avus-2-air-rattaat\/","title":{"rendered":"ABC Design Avus 2 Air rattaat"},"content":{"rendered":"<h6 data-start=\"508\" data-end=\"538\"><strong><em>Laatikon sis\u00e4lt\u00f6:<\/em><\/strong><\/h6>\n<ul data-start=\"539\" data-end=\"590\">\n<li data-start=\"539\" data-end=\"553\">\n<h6>Istuinosa<\/h6>\n<\/li>\n<li data-start=\"554\" data-end=\"567\">\n<h6>Etukaari<\/h6>\n<\/li>\n<li data-start=\"568\" data-end=\"590\">\n<h6>Kuomu (UPF 50+)<\/h6>\n<\/li>\n<\/ul>\n<h6 data-start=\"592\" data-end=\"643\"><strong><em>Maksimaalinen mukavuus ja helppok\u00e4ytt\u00f6isyys<\/em><\/strong><\/h6>\n<h6 data-start=\"644\" data-end=\"937\">K\u00e4\u00e4ntyv\u00e4t etupy\u00f6r\u00e4t tekev\u00e4t ohjaamisesta helppoa my\u00f6s kapeilla kaduilla. Lis\u00e4ksi selk\u00e4noja ja jalkatuki ovat t\u00e4ysin s\u00e4\u00e4dett\u00e4viss\u00e4, joten lapsesi voi nauttia matkasta sek\u00e4 istuen ett\u00e4 maaten.<\/h6>\n<h6 data-start=\"939\" data-end=\"1255\">Vanhemmille Avus 2 Air -rattaat ovat eritt\u00e4in k\u00e4yt\u00e4nn\u00f6lliset \u2013 seisontajarru sijaitsee suoraan takapy\u00f6r\u00e4ss\u00e4, mik\u00e4 j\u00e4tt\u00e4\u00e4 enemm\u00e4n jalkatilaa ja tekee k\u00e4velyist\u00e4 mukavampia. Rattaiden kokoontaitto on nopeaa ja helppoa \u2013 piilotettu kahva mahdollistaa niiden taittamisen kokoon yhdell\u00e4 k\u00e4dell\u00e4. Kompaktin muotoilun ansiosta ne mahtuvat helposti autoon tai s\u00e4ilytystilaan.<\/h6>\n<p>&nbsp;<\/p>\n<h6 data-start=\"1257\" data-end=\"1307\"><strong><em>Matkustusj\u00e4rjestelm\u00e4 ja \u00e4lykk\u00e4\u00e4t lis\u00e4ominaisuudet<\/em><\/strong><\/h6>\n<h6 data-start=\"1308\" data-end=\"1588\">Avus 2 Air -rattaat voidaan muuttaa turvakaukalon adapterien avulla matkustusj\u00e4rjestelm\u00e4ksi, joka sopii k\u00e4ytett\u00e4v\u00e4ksi syntym\u00e4st\u00e4 l\u00e4htien. ABC Designin yleiskiinnitys mahdollistaa tarvittavien lis\u00e4varusteiden, kuten hoitolaukun, mukitelineen tai lampun, helpon kiinnitt\u00e4misen, mik\u00e4 tekee arjesta entist\u00e4kin sujuvampaa.<\/h6>\n<p>&nbsp;<\/p>\n<h6 data-start=\"1590\" data-end=\"1628\"><strong><em>T\u00e4rkeimm\u00e4t ominaisuudet ja edut:<\/em><\/strong><\/h6>\n<ul>\n<li data-start=\"1629\" data-end=\"2044\">\n<h6>Jousitettu alusta suurilla ilmakumipy\u00f6rill\u00e4<\/h6>\n<\/li>\n<li data-start=\"1629\" data-end=\"2044\">\n<h6>Yhdell\u00e4 k\u00e4dell\u00e4 toimiva kokoontaittomekanismi<\/h6>\n<\/li>\n<li data-start=\"1629\" data-end=\"2044\">\n<h6>Pidennett\u00e4v\u00e4 aurinkokuomu (UPF 50+)<\/h6>\n<\/li>\n<li data-start=\"1629\" data-end=\"2044\">\n<h6>S\u00e4\u00e4dett\u00e4v\u00e4 selk\u00e4noja ja jalkatuki<\/h6>\n<\/li>\n<li data-start=\"1629\" data-end=\"2044\">\n<h6>Yhteensopivuus turvakaukaloiden kanssa<\/h6>\n<\/li>\n<li data-start=\"1629\" data-end=\"2044\">\n<h6>Vett\u00e4 hylkiv\u00e4 kangas<\/h6>\n<\/li>\n<\/ul>\n<h6><\/h6>\n<h6 data-start=\"2046\" data-end=\"2074\"><strong><em>Tekniset tiedot:<\/em><\/strong><\/h6>\n<ul data-start=\"2075\" data-end=\"2482\">\n<li data-start=\"2075\" data-end=\"2115\">\n<h6>Sopii i\u00e4lle: syntym\u00e4st\u00e4 l\u00e4htien<\/h6>\n<\/li>\n<li data-start=\"2116\" data-end=\"2146\">\n<h6>Kokonaiskantavuus: 27 kg<\/h6>\n<\/li>\n<li data-start=\"2147\" data-end=\"2189\">\n<h6>Lapsen enimm\u00e4ispaino: enint\u00e4\u00e4n 22 kg<\/h6>\n<\/li>\n<li data-start=\"2190\" data-end=\"2235\">\n<h6>Suuri kori: jopa 5 kg:n kantavuus<\/h6>\n<\/li>\n<li data-start=\"2236\" data-end=\"2279\">\n<h6>Mitat avattuna: 80 x 54 cm<\/h6>\n<\/li>\n<li data-start=\"2280\" data-end=\"2322\">\n<h6>Ty\u00f6nt\u00f6tangon korkeus: 76,5 - 108,5 cm<\/h6>\n<\/li>\n<li data-start=\"2323\" data-end=\"2384\">\n<h6>Mitat kokoontaitettuna: 69 x 55,5 x 28,5 cm<\/h6>\n<\/li>\n<li data-start=\"2385\" data-end=\"2419\">\n<h6>Etupy\u00f6r\u00e4n koko: 19,5 cm<\/h6>\n<\/li>\n<li data-start=\"2420\" data-end=\"2455\">\n<h6>Takapy\u00f6r\u00e4n koko: 26,5 cm<\/h6>\n<\/li>\n<li data-start=\"2456\" data-end=\"2482\">\n<h6>Tuotteen paino: 9,3 kg<\/h6>\n<\/li>\n<\/ul>\n<h6 data-start=\"2484\" data-end=\"2519\"><strong><em>Yhteensopivuus turvakaukaloiden kanssa:<\/em><\/strong><\/h6>\n<h6 data-start=\"2520\" data-end=\"2567\">Avus 2 Air on yhteensopiva seuraavien turvakaukaloiden kanssa:<\/h6>\n<ul>\n<li>\n<h6><b>ABC Design:<\/b> Tulip<\/h6>\n<\/li>\n<li>\n<h6><b>Maxi-Cosi:<\/b> City, Convertible-Fix, Coral, Pebble, Pebble Plus, Pebble Pro, Pebble 360, Pebble 360 Pro, Pebble 360 Pro 2<\/h6>\n<\/li>\n<li>\n<h6><b>Cybex:<\/b> Aton, Aton 5, Aton M, Aton M i-size, Aton Q, Aton Q Plus, Aton Q i-size, Cloud T, Cloud Q, Cloud Q Plus, Cloud Z i-size, Cloud Z2 i-size<\/h6>\n<\/li>\n<li>\n<h6><b>Joie:<\/b> i-Gemm<\/h6>\n<\/li>\n<li>\n<h6><b>BeSafe: <\/b>iZi Go Modulaarinen X1 i-Size<\/h6>\n<\/li>\n<li>\n<h6><b>Avionautti:<\/b> Cosmo, Pixel, Pro<\/h6>\n<\/li>\n<\/ul>\n<h6 data-start=\"2845\" data-end=\"2972\">Avus 2 Air -rattaat yhdist\u00e4v\u00e4t tyylin, mukavuuden ja k\u00e4yt\u00e4nn\u00f6llisyyden, ja ovat ihanteellinen valinta p\u00e4ivitt\u00e4iseen k\u00e4ytt\u00f6\u00f6n sek\u00e4 kaupungissa ett\u00e4 luonnossa.<\/h6>\n<p>&nbsp;<\/p>\n<h6><em>Katso <a href=\"https:\/\/www.youtube.com\/watch?v=2eV_ZwPoM7U\">esittelyvideo<\/a>, josta saat lis\u00e4tietoja.<\/em><\/h6>\n<h6 class=\"wp-block-column\"><em>Oikeat py\u00f6r\u00e4t tekev\u00e4t lastenrattaiden k\u00e4yt\u00f6st\u00e4 paljon mukavampaa! Lue Hummy <a href=\"https:\/\/hummy.ee\/fi\/mitka-pyorilla-varustetut-lastenrattaat-minun-pitaisi-valita\/\" target=\"_blank\" rel=\"nofollow noopener\">-blogista<\/a>, miten voit valita itsellesi sopivan ratkaisun. <\/em><\/h6>\n","protected":false},"excerpt":{"rendered":"<h6 class=\"wp-block-heading\">Avus 2 Air on t\u00e4ydellinen rattaat sek\u00e4 kaupunki- ett\u00e4 maaseutuk\u00e4ytt\u00f6\u00f6n! Avus 2 Air on kest\u00e4v\u00e4 ja monipuolinen rattaat, jossa on integroitu jousitus ja mukavat ilmakumipy\u00f6r\u00e4t. Suuret ilmakumipy\u00f6r\u00e4t sek\u00e4 etu- ett\u00e4 takapy\u00f6riss\u00e4 takaavat sujuvan liikkumisen kaikilla maastoilla ja pinnoilla. K\u00e4\u00e4ntyvien etupy\u00f6rien ansiosta Avus 2 Air on poikkeuksellisen ketter\u00e4, mik\u00e4 tekee liikkumisesta kapeilla kaupungin kaduilla tai ep\u00e4tasaisilla puistoteill\u00e4 helppoa ja mukavaa.<\/h6>\n<h6><\/h6>\n","protected":false},"featured_media":83080,"comment_status":"closed","ping_status":"closed","template":"","meta":{"_acf_changed":false,"om_disable_all_campaigns":false,"_monsterinsights_skip_tracking":false,"_monsterinsights_sitenote_active":false,"_monsterinsights_sitenote_note":"","_monsterinsights_sitenote_category":0,"_uf_show_specific_survey":0,"_uf_disable_surveys":false,"site-sidebar-layout":"default","site-content-layout":"","ast-site-content-layout":"default","site-content-style":"default","site-sidebar-style":"default","ast-global-header-display":"","ast-banner-title-visibility":"","ast-main-header-display":"","ast-hfb-above-header-display":"","ast-hfb-below-header-display":"","ast-hfb-mobile-header-display":"","site-post-title":"","ast-breadcrumbs-content":"","ast-featured-img":"","footer-sml-layout":"","theme-transparent-header-meta":"default","adv-header-id-meta":"","stick-header-meta":"","header-above-stick-meta":"","header-main-stick-meta":"","header-below-stick-meta":"","astra-migrate-meta-layouts":"set","ast-page-background-enabled":"default","ast-page-background-meta":{"desktop":{"background-color":"var(--ast-global-color-4)","background-image":"","background-repeat":"repeat","background-position":"center center","background-size":"auto","background-attachment":"scroll","background-type":"","background-media":"","overlay-type":"","overlay-color":"","overlay-opacity":"","overlay-gradient":""},"tablet":{"background-color":"","background-image":"","background-repeat":"repeat","background-position":"center center","background-size":"auto","background-attachment":"scroll","background-type":"","background-media":"","overlay-type":"","overlay-color":"","overlay-opacity":"","overlay-gradient":""},"mobile":{"background-color":"","background-image":"","background-repeat":"repeat","background-position":"center center","background-size":"auto","background-attachment":"scroll","background-type":"","background-media":"","overlay-type":"","overlay-color":"","overlay-opacity":"","overlay-gradient":""}},"ast-content-background-meta":{"desktop":{"background-color":"var(--ast-global-color-5)","background-image":"","background-repeat":"repeat","background-position":"center center","background-size":"auto","background-attachment":"scroll","background-type":"","background-media":"","overlay-type":"","overlay-color":"","overlay-opacity":"","overlay-gradient":""},"tablet":{"background-color":"var(--ast-global-color-5)","background-image":"","background-repeat":"repeat","background-position":"center center","background-size":"auto","background-attachment":"scroll","background-type":"","background-media":"","overlay-type":"","overlay-color":"","overlay-opacity":"","overlay-gradient":""},"mobile":{"background-color":"var(--ast-global-color-5)","background-image":"","background-repeat":"repeat","background-position":"center center","background-size":"auto","background-attachment":"scroll","background-type":"","background-media":"","overlay-type":"","overlay-color":"","overlay-opacity":"","overlay-gradient":""}}},"product_brand":[],"product_cat":[527,410,565],"product_tag":[],"class_list":{"0":"post-53850","1":"product","2":"type-product","3":"status-publish","4":"has-post-thumbnail","6":"product_cat-abc-design-fi","7":"product_cat-sailioauto","8":"product_cat-lastenrattaat","9":"desktop-align-left","10":"tablet-align-left","11":"mobile-align-left","13":"first","14":"instock","15":"taxable","16":"shipping-taxable","17":"purchasable","18":"product-type-variable"},"acf":[],"aioseo_notices":[],"_links":{"self":[{"href":"https:\/\/hummy.ee\/fi\/wp-json\/wp\/v2\/product\/53850","targetHints":{"allow":["GET"]}}],"collection":[{"href":"https:\/\/hummy.ee\/fi\/wp-json\/wp\/v2\/product"}],"about":[{"href":"https:\/\/hummy.ee\/fi\/wp-json\/wp\/v2\/types\/product"}],"replies":[{"embeddable":true,"href":"https:\/\/hummy.ee\/fi\/wp-json\/wp\/v2\/comments?post=53850"}],"version-history":[{"count":11,"href":"https:\/\/hummy.ee\/fi\/wp-json\/wp\/v2\/product\/53850\/revisions"}],"predecessor-version":[{"id":86836,"href":"https:\/\/hummy.ee\/fi\/wp-json\/wp\/v2\/product\/53850\/revisions\/86836"}],"wp:featuredmedia":[{"embeddable":true,"href":"https:\/\/hummy.ee\/fi\/wp-json\/wp\/v2\/media\/83080"}],"wp:attachment":[{"href":"https:\/\/hummy.ee\/fi\/wp-json\/wp\/v2\/media?parent=53850"}],"wp:term":[{"taxonomy":"product_brand","embeddable":true,"href":"https:\/\/hummy.ee\/fi\/wp-json\/wp\/v2\/product_brand?post=53850"},{"taxonomy":"product_cat","embeddable":true,"href":"https:\/\/hummy.ee\/fi\/wp-json\/wp\/v2\/product_cat?post=53850"},{"taxonomy":"product_tag","embeddable":true,"href":"https:\/\/hummy.ee\/fi\/wp-json\/wp\/v2\/product_tag?post=53850"}],"curies":[{"name":"wp","href":"https:\/\/api.w.org\/{rel}","templated":true}]}}