{"id":53832,"date":"2024-10-01T11:31:43","date_gmt":"2024-10-01T11:31:43","guid":{"rendered":"https:\/\/hummy.ee\/product\/abc-design-ping-3-trekking-kevytrakenteinen-vaunu\/"},"modified":"2026-04-19T18:07:29","modified_gmt":"2026-04-19T18:07:29","slug":"abc-design-ping-3-trekking-matkarattaat","status":"publish","type":"product","link":"https:\/\/hummy.ee\/fi\/tuote\/abc-design-ping-3-trekking-matkarattaat\/","title":{"rendered":"ABC Design Ping 3 Trekking matkarattaat"},"content":{"rendered":"<h6><strong><em>Sujuva ja turvallinen ajo kaikissa maastoissa<\/em><\/strong><\/h6>\n<h6>Vilkkaista kaupunkikaduista rauhallisiin puistok\u00e4velyihin ja luontoretkille \u2013 suurten py\u00f6rien ja integroidun jousituksen ansiosta Ping 3 Trekking takaa lapsellesi vakaan ja sujuvan kyydin my\u00f6s ep\u00e4tasaisessa maastossa.<\/h6>\n<p>&nbsp;<\/p>\n<h6><strong><em>Laatikon sis\u00e4lt\u00f6:<\/em><\/strong><\/h6>\n<ul data-spread=\"false\">\n<li>\n<h6>Istuinosa<\/h6>\n<\/li>\n<li>\n<h6>Etukaari<\/h6>\n<\/li>\n<li>\n<h6>Kuomu (UPF 50+)<\/h6>\n<\/li>\n<li>\n<h6>Suojapussi<\/h6>\n<\/li>\n<\/ul>\n<h6><strong><em>\u00c4\u00e4rimm\u00e4inen mukavuus ja suoja<\/em><\/strong><\/h6>\n<h6>S\u00e4\u00e4dett\u00e4v\u00e4t selk\u00e4- ja jalkatuet mahdollistavat rattaiden mukauttamisen lapsesi tarpeiden mukaan. Olipa lapsi hereill\u00e4 tutkimassa ymp\u00e4rist\u00f6\u00e4 tai tarvitsee virkist\u00e4v\u00e4t unet, Ping 3 Trekking tarjoaa mukavan istuma-asennon ja rentouttavan makuuasennon. Lis\u00e4ksi eritt\u00e4in suuri UPF 50+ -kuomu tarjoaa luotettavan suojan auringolta, jotta ulkoilut olisivat huolettomia ja turvallisia.<\/h6>\n<p>&nbsp;<\/p>\n<h6><strong><em>K\u00e4yt\u00e4nn\u00f6llisyytt\u00e4 ja turvallisuutta joka askeleella<\/em><\/strong><\/h6>\n<h6>Ping 3 Trekking -matkarattaat on varustettu HappyBelt-s\u00e4\u00e4dett\u00e4v\u00e4ll\u00e4 5-pistevaljaalla, joka mukautuu lapsen kasvuun ja on vanhemmille helppok\u00e4ytt\u00f6inen. Jarru sijaitsee oikeassa takapy\u00f6r\u00e4ss\u00e4, mik\u00e4 tekee rattaista kevyemm\u00e4t ja helpommat ty\u00f6nt\u00e4\u00e4.<\/h6>\n<p>&nbsp;<\/p>\n<h6><strong><em>\u00c4lyk\u00e4s matkustusj\u00e4rjestelm\u00e4<\/em><\/strong><\/h6>\n<h6>Jos haluat k\u00e4ytt\u00e4\u00e4 rattaat jo vastasyntyneest\u00e4 alkaen, voit hankkia erikseen <a href=\"https:\/\/hummy.ee\/fi\/tuote\/abc-design-turvatelineen-sovitin\/\" target=\"_blank\" rel=\"noopener\">adapterit <\/a>ja <a href=\"https:\/\/hummy.ee\/fi\/tuote\/abc-design-ping-turvatelineen-linkki\/\" target=\"_blank\" rel=\"noopener\">yhdysosan<\/a>, joiden avulla turvakaukalo voidaan kiinnitt\u00e4\u00e4 rattaisiin. Lis\u00e4ksi ABC Designin universaali kiinnitysj\u00e4rjestelm\u00e4 mahdollistaa erilaisten lis\u00e4varusteiden helpon kiinnitt\u00e4misen, kuten hoitokassi, mukinpidike tai ABC Design -valo.<\/h6>\n<h6><\/h6>\n<p>&nbsp;<\/p>\n<h6><strong><em>Yhteensopivuus turvakaukaloiden kanssa:<\/em><\/strong><\/h6>\n<ul>\n<li>\n<h6><b>ABC Design:<\/b> Tulip<\/h6>\n<\/li>\n<li>\n<h6><b>Maxi-Cosi:<\/b> City, Convertible-Fix, Coral, Pebble, Pebble Plus, Pebble Pro, Pebble 360, Pebble 360 Pro, Pebble 360 Pro 2.<\/h6>\n<\/li>\n<li>\n<h6><b>Cybex:<\/b> Aton, Aton 5, Aton M, Aton M i-size, Aton Q, Aton Q Plus, Aton Q i-size, Cloud T, Cloud Q, Cloud Q Plus, Cloud Z i-size, Cloud Z2 i-size.<\/h6>\n<\/li>\n<li>\n<h6><b>Joie:<\/b> i-Gemm<\/h6>\n<\/li>\n<li>\n<h6><b>BeSafe: <\/b>iZi Go Modulaarinen X1 i-Size<\/h6>\n<\/li>\n<li>\n<h6><b>Avionautti:<\/b> Cosmo, Pixel, Pro<\/h6>\n<\/li>\n<\/ul>\n<h6><\/h6>\n<h6><strong><em>Muut ominaisuudet<\/em><\/strong><\/h6>\n<ul data-spread=\"false\">\n<li>\n<h6>Turvakaukalon kiinnitys<\/h6>\n<\/li>\n<li>\n<h6>S\u00e4\u00e4dett\u00e4v\u00e4 selk\u00e4- ja jalkatuki<\/h6>\n<\/li>\n<li>\n<h6>HappyBelt-s\u00e4\u00e4dett\u00e4v\u00e4t 5-pistevaljaat<\/h6>\n<\/li>\n<li>\n<h6>N\u00e4pp\u00e4r\u00e4t kiinnikkeet hoitokassille ja organizer<\/h6>\n<\/li>\n<li>\n<h6>Yhden k\u00e4den kokoaminen ja avaaminen<\/h6>\n<\/li>\n<li>\n<h6>Irrotettavat py\u00f6r\u00e4t ja etukaari<\/h6>\n<\/li>\n<li>\n<h6>Jatkettava kuomu 50+ SPF<\/h6>\n<\/li>\n<li>\n<h6>Vett\u00e4 hylkiv\u00e4 materiaali<\/h6>\n<\/li>\n<li>\n<h6>Jousitus kaikissa py\u00f6riss\u00e4<\/h6>\n<\/li>\n<li>\n<h6>K\u00e4\u00e4ntyv\u00e4t etupy\u00f6r\u00e4t ja kuljetuslukko<\/h6>\n<\/li>\n<li>\n<h6>EVA-vaahtomuovipy\u00f6r\u00e4t<\/h6>\n<\/li>\n<\/ul>\n<p>&nbsp;<\/p>\n<h6><strong><em>Tekniset tiedot:<\/em><\/strong><\/h6>\n<ul data-spread=\"false\">\n<li>\n<h6>Ik\u00e4suositus: syntym\u00e4st\u00e4 l\u00e4htien<\/h6>\n<\/li>\n<li>\n<h6>K\u00e4ytt\u00f6ik\u00e4: lapselle jopa 22 kg asti<\/h6>\n<\/li>\n<li>\n<h6>Mitat avattuna: 81 x 50,5 x 108 cm<\/h6>\n<\/li>\n<li>\n<h6>Ty\u00f6nt\u00f6kahvan korkeus: 106,5 cm<\/h6>\n<\/li>\n<li>\n<h6>Mitat koottuna: 56,6 x 50,5 x 33,5: 56,6 x 50,5 x 33,5<\/h6>\n<\/li>\n<li>\n<h6>Istuimen mitat: 34 x 21<\/h6>\n<\/li>\n<li>\n<h6>Jalkapohjan mitat: 15 x 34<\/h6>\n<\/li>\n<li>\n<h6>Selk\u00e4nojan mitat: 34 x 45<\/h6>\n<\/li>\n<li>\n<h6>Makuuasennon mitat: 81 x 34<\/h6>\n<\/li>\n<li>\n<h6>Etupy\u00f6r\u00e4n koko: 17,0 cm<\/h6>\n<\/li>\n<li>\n<h6>Takapy\u00f6r\u00e4n koko: 19,5 cm<\/h6>\n<\/li>\n<li>\n<h6>Tuotteen paino: 8,5 kg<\/h6>\n<\/li>\n<li>\n<h6>K\u00e4simatkatavaramitat ilman py\u00f6ri\u00e4: 56,5 x 44,0 x 25,5<\/h6>\n<\/li>\n<\/ul>\n<h6><\/h6>\n<h6><em>Ping 3 Trekking -matkarattaat on t\u00e4ydellinen valinta perheille, jotka arvostavat liikkuvuutta, kompaktia kokoa ja mukavuutta \u2013 olipa kyse kaupungista, luonnosta tai matkustamisesta. Lue lis\u00e4\u00e4 <a href=\"https:\/\/www.youtube.com\/watch?v=V77n78KZ6-w\">esittelyvideolta<\/a>. <\/em><\/h6>\n<h6><em>Lue lis\u00e4\u00e4 Hummyn <a href=\"https:\/\/hummy.ee\/fi\/miten-valita-kevyt-vaunu\/\" target=\"_blank\" rel=\"noopener\">blogista<\/a>, miten valita itsellesi t\u00e4ydelliset matkarattaat.<\/em><\/h6>\n","protected":false},"excerpt":{"rendered":"<h6 class=\"wp-block-heading\">ABC Design Ping 3 Trekking -matkarattaat on erinomainen kumppani jokaiseen matkaan, olipa kyseess\u00e4 auto, bussi, juna tai lentokone. Kevyet ja hyvin ohjattavat matkarattaat voidaan taittaa helposti kasaan ja avata yhdell\u00e4 k\u00e4dell\u00e4. Sen kompakti koko vastaa k\u00e4simatkatavaroiden mittoja, joten voit ottaa sen mukaan lentokoneeseen.<\/h6>\n<p><!-- \/wp:heading --><\/p>\n<p><!-- wp:paragraph --><\/p>\n","protected":false},"featured_media":73019,"comment_status":"closed","ping_status":"closed","template":"","meta":{"_acf_changed":false,"om_disable_all_campaigns":false,"_monsterinsights_skip_tracking":false,"_monsterinsights_sitenote_active":false,"_monsterinsights_sitenote_note":"","_monsterinsights_sitenote_category":0,"_uf_show_specific_survey":0,"_uf_disable_surveys":false,"site-sidebar-layout":"default","site-content-layout":"","ast-site-content-layout":"default","site-content-style":"default","site-sidebar-style":"default","ast-global-header-display":"","ast-banner-title-visibility":"","ast-main-header-display":"","ast-hfb-above-header-display":"","ast-hfb-below-header-display":"","ast-hfb-mobile-header-display":"","site-post-title":"","ast-breadcrumbs-content":"","ast-featured-img":"","footer-sml-layout":"","theme-transparent-header-meta":"default","adv-header-id-meta":"","stick-header-meta":"","header-above-stick-meta":"","header-main-stick-meta":"","header-below-stick-meta":"","astra-migrate-meta-layouts":"set","ast-page-background-enabled":"default","ast-page-background-meta":{"desktop":{"background-color":"var(--ast-global-color-4)","background-image":"","background-repeat":"repeat","background-position":"center center","background-size":"auto","background-attachment":"scroll","background-type":"","background-media":"","overlay-type":"","overlay-color":"","overlay-opacity":"","overlay-gradient":""},"tablet":{"background-color":"","background-image":"","background-repeat":"repeat","background-position":"center center","background-size":"auto","background-attachment":"scroll","background-type":"","background-media":"","overlay-type":"","overlay-color":"","overlay-opacity":"","overlay-gradient":""},"mobile":{"background-color":"","background-image":"","background-repeat":"repeat","background-position":"center center","background-size":"auto","background-attachment":"scroll","background-type":"","background-media":"","overlay-type":"","overlay-color":"","overlay-opacity":"","overlay-gradient":""}},"ast-content-background-meta":{"desktop":{"background-color":"var(--ast-global-color-5)","background-image":"","background-repeat":"repeat","background-position":"center center","background-size":"auto","background-attachment":"scroll","background-type":"","background-media":"","overlay-type":"","overlay-color":"","overlay-opacity":"","overlay-gradient":""},"tablet":{"background-color":"var(--ast-global-color-5)","background-image":"","background-repeat":"repeat","background-position":"center center","background-size":"auto","background-attachment":"scroll","background-type":"","background-media":"","overlay-type":"","overlay-color":"","overlay-opacity":"","overlay-gradient":""},"mobile":{"background-color":"var(--ast-global-color-5)","background-image":"","background-repeat":"repeat","background-position":"center center","background-size":"auto","background-attachment":"scroll","background-type":"","background-media":"","overlay-type":"","overlay-color":"","overlay-opacity":"","overlay-gradient":""}}},"product_brand":[],"product_cat":[527,410,409],"product_tag":[],"class_list":{"0":"post-53832","1":"product","2":"type-product","3":"status-publish","4":"has-post-thumbnail","6":"product_cat-abc-design-fi","7":"product_cat-sailioauto","8":"product_cat-karryt","9":"desktop-align-left","10":"tablet-align-left","11":"mobile-align-left","13":"first","14":"instock","15":"taxable","16":"shipping-taxable","17":"purchasable","18":"product-type-variable"},"acf":[],"aioseo_notices":[],"_links":{"self":[{"href":"https:\/\/hummy.ee\/fi\/wp-json\/wp\/v2\/product\/53832","targetHints":{"allow":["GET"]}}],"collection":[{"href":"https:\/\/hummy.ee\/fi\/wp-json\/wp\/v2\/product"}],"about":[{"href":"https:\/\/hummy.ee\/fi\/wp-json\/wp\/v2\/types\/product"}],"replies":[{"embeddable":true,"href":"https:\/\/hummy.ee\/fi\/wp-json\/wp\/v2\/comments?post=53832"}],"version-history":[{"count":15,"href":"https:\/\/hummy.ee\/fi\/wp-json\/wp\/v2\/product\/53832\/revisions"}],"predecessor-version":[{"id":86722,"href":"https:\/\/hummy.ee\/fi\/wp-json\/wp\/v2\/product\/53832\/revisions\/86722"}],"wp:featuredmedia":[{"embeddable":true,"href":"https:\/\/hummy.ee\/fi\/wp-json\/wp\/v2\/media\/73019"}],"wp:attachment":[{"href":"https:\/\/hummy.ee\/fi\/wp-json\/wp\/v2\/media?parent=53832"}],"wp:term":[{"taxonomy":"product_brand","embeddable":true,"href":"https:\/\/hummy.ee\/fi\/wp-json\/wp\/v2\/product_brand?post=53832"},{"taxonomy":"product_cat","embeddable":true,"href":"https:\/\/hummy.ee\/fi\/wp-json\/wp\/v2\/product_cat?post=53832"},{"taxonomy":"product_tag","embeddable":true,"href":"https:\/\/hummy.ee\/fi\/wp-json\/wp\/v2\/product_tag?post=53832"}],"curies":[{"name":"wp","href":"https:\/\/api.w.org\/{rel}","templated":true}]}}