{"id":53543,"date":"2025-03-02T20:43:02","date_gmt":"2025-03-02T20:43:02","guid":{"rendered":"https:\/\/hummy.ee\/product\/papusakki-tyokalu-bear\/"},"modified":"2026-02-18T08:37:29","modified_gmt":"2026-02-18T08:37:29","slug":"papusakki-tyokalu-bear","status":"publish","type":"product","link":"https:\/\/hummy.ee\/fi\/tuote\/papusakki-tyokalu-bear\/","title":{"rendered":"Papus\u00e4kki-ty\u00f6kalu - Bear"},"content":{"rendered":"<h6 data-start=\"0\" data-end=\"25\"><em><strong data-start=\"0\" data-end=\"23\">Pehme\u00e4 ja kannettava<\/strong><\/em><\/h6>\n<h6 data-start=\"27\" data-end=\"159\">Pehme\u00e4 ja pehmoinen Bear Bag -tuoli on t\u00e4ydellinen paikka k\u00e4perty\u00e4, uppoutua hyv\u00e4\u00e4n kirjaan tai vain rentoutua ja rentoutua.<\/h6>\n<p>&nbsp;<\/p>\n<h6 data-start=\"161\" data-end=\"183\"><em><strong data-start=\"161\" data-end=\"181\">Tullaan yst\u00e4viksi!<\/strong><\/em><\/h6>\n<h6 data-start=\"185\" data-end=\"391\">T\u00e4m\u00e4 laukku ja tuoli tuovat varmasti hymyn lasten kasvoille ja lis\u00e4\u00e4v\u00e4t iloa heid\u00e4n arkeensa. Ja katsokaa noita s\u00f6p\u00f6j\u00e4 korvia - eiv\u00e4tk\u00f6 ne olekin t\u00e4ydelliset kuuntelemaan pienen omistajan hartaimpia unelmia?<\/h6>\n<p>&nbsp;<\/p>\n<h6 data-start=\"393\" data-end=\"417\"><em><strong data-start=\"393\" data-end=\"415\">Suloisia muistoja<\/strong><\/em><\/h6>\n<h6 data-start=\"419\" data-end=\"516\">Lapsuus kuluu nopeasti - nauti hetkest\u00e4 ja vaali jokaista naurua ja perheen kanssa vietetty\u00e4 hetke\u00e4.<\/h6>\n<p>&nbsp;<\/p>\n<h6 data-start=\"419\" data-end=\"516\"><b><i>Helppo huolto<\/i><\/b><b><i><\/i><\/b><\/h6>\n<h6>Lukittavan aukon ansiosta kansi on helppo irrottaa ja pest\u00e4. Pese kansi k\u00e4sin (30 \u00b0C) samankaltaisilla v\u00e4reill\u00e4 ja ripusta kuivumaan.<\/h6>\n<p>&nbsp;<\/p>\n<h6><em><strong>Rakkaudella ja huolella tehty k\u00e4sity\u00f6<\/strong><\/em><\/h6>\n<h6 data-start=\"38\" data-end=\"329\">Meill\u00e4 on yli kymmenen vuoden kokemus, ja olemme ylpeit\u00e4 voidessamme toimittaa EU:n suurimmille v\u00e4hitt\u00e4iskauppiaille tuotteita, jotka on valmistettu huolella ja rakkaudella omassa tehtaassamme Latviassa. Valvomme itse tuotannon jokaista vaihetta, kiinnit\u00e4mme huomiota pienimpiinkin yksityiskohtiin ja kehit\u00e4mme ja innovoimme tuotteitamme jatkuvasti.<\/h6>\n","protected":false},"excerpt":{"rendered":"<h6 data-start=\"0\" data-end=\"80\">Suloisin Bear-papus\u00e4kkituoli - ylellinen ja k\u00e4yt\u00e4nn\u00f6llinen lis\u00e4 mihin tahansa lastenhuoneeseen. Jokainen tarvitsee rauhallisen paikan, jossa voi rentoutua ja lukea lempikirjaa pitk\u00e4n p\u00e4iv\u00e4n j\u00e4lkeen. Pehme\u00e4 ja mukava Bear-papus\u00e4kkituolimme on t\u00e4ydellinen valinta. Ja katsokaa noita pieni\u00e4 korvia - aivan t\u00e4ydellinen!<\/h6>\n","protected":false},"featured_media":44864,"comment_status":"open","ping_status":"closed","template":"","meta":{"_acf_changed":false,"om_disable_all_campaigns":false,"_monsterinsights_skip_tracking":false,"_monsterinsights_sitenote_active":false,"_monsterinsights_sitenote_note":"","_monsterinsights_sitenote_category":0,"_uf_show_specific_survey":0,"_uf_disable_surveys":false,"site-sidebar-layout":"default","site-content-layout":"","ast-site-content-layout":"default","site-content-style":"default","site-sidebar-style":"default","ast-global-header-display":"","ast-banner-title-visibility":"","ast-main-header-display":"","ast-hfb-above-header-display":"","ast-hfb-below-header-display":"","ast-hfb-mobile-header-display":"","site-post-title":"","ast-breadcrumbs-content":"","ast-featured-img":"","footer-sml-layout":"","theme-transparent-header-meta":"default","adv-header-id-meta":"","stick-header-meta":"","header-above-stick-meta":"","header-main-stick-meta":"","header-below-stick-meta":"","astra-migrate-meta-layouts":"set","ast-page-background-enabled":"default","ast-page-background-meta":{"desktop":{"background-color":"var(--ast-global-color-4)","background-image":"","background-repeat":"repeat","background-position":"center center","background-size":"auto","background-attachment":"scroll","background-type":"","background-media":"","overlay-type":"","overlay-color":"","overlay-opacity":"","overlay-gradient":""},"tablet":{"background-color":"","background-image":"","background-repeat":"repeat","background-position":"center center","background-size":"auto","background-attachment":"scroll","background-type":"","background-media":"","overlay-type":"","overlay-color":"","overlay-opacity":"","overlay-gradient":""},"mobile":{"background-color":"","background-image":"","background-repeat":"repeat","background-position":"center center","background-size":"auto","background-attachment":"scroll","background-type":"","background-media":"","overlay-type":"","overlay-color":"","overlay-opacity":"","overlay-gradient":""}},"ast-content-background-meta":{"desktop":{"background-color":"var(--ast-global-color-5)","background-image":"","background-repeat":"repeat","background-position":"center center","background-size":"auto","background-attachment":"scroll","background-type":"","background-media":"","overlay-type":"","overlay-color":"","overlay-opacity":"","overlay-gradient":""},"tablet":{"background-color":"var(--ast-global-color-5)","background-image":"","background-repeat":"repeat","background-position":"center center","background-size":"auto","background-attachment":"scroll","background-type":"","background-media":"","overlay-type":"","overlay-color":"","overlay-opacity":"","overlay-gradient":""},"mobile":{"background-color":"var(--ast-global-color-5)","background-image":"","background-repeat":"repeat","background-position":"center center","background-size":"auto","background-attachment":"scroll","background-type":"","background-media":"","overlay-type":"","overlay-color":"","overlay-opacity":"","overlay-gradient":""}}},"product_brand":[],"product_cat":[961],"product_tag":[],"class_list":{"0":"post-53543","1":"product","2":"type-product","3":"status-publish","4":"has-post-thumbnail","6":"product_cat-wigiwama-fi","7":"desktop-align-left","8":"tablet-align-left","9":"mobile-align-left","11":"first","12":"instock","13":"sale","14":"taxable","15":"shipping-taxable","16":"purchasable","17":"product-type-variable"},"acf":[],"aioseo_notices":[],"_links":{"self":[{"href":"https:\/\/hummy.ee\/fi\/wp-json\/wp\/v2\/product\/53543","targetHints":{"allow":["GET"]}}],"collection":[{"href":"https:\/\/hummy.ee\/fi\/wp-json\/wp\/v2\/product"}],"about":[{"href":"https:\/\/hummy.ee\/fi\/wp-json\/wp\/v2\/types\/product"}],"replies":[{"embeddable":true,"href":"https:\/\/hummy.ee\/fi\/wp-json\/wp\/v2\/comments?post=53543"}],"version-history":[{"count":3,"href":"https:\/\/hummy.ee\/fi\/wp-json\/wp\/v2\/product\/53543\/revisions"}],"predecessor-version":[{"id":82547,"href":"https:\/\/hummy.ee\/fi\/wp-json\/wp\/v2\/product\/53543\/revisions\/82547"}],"wp:featuredmedia":[{"embeddable":true,"href":"https:\/\/hummy.ee\/fi\/wp-json\/wp\/v2\/media\/44864"}],"wp:attachment":[{"href":"https:\/\/hummy.ee\/fi\/wp-json\/wp\/v2\/media?parent=53543"}],"wp:term":[{"taxonomy":"product_brand","embeddable":true,"href":"https:\/\/hummy.ee\/fi\/wp-json\/wp\/v2\/product_brand?post=53543"},{"taxonomy":"product_cat","embeddable":true,"href":"https:\/\/hummy.ee\/fi\/wp-json\/wp\/v2\/product_cat?post=53543"},{"taxonomy":"product_tag","embeddable":true,"href":"https:\/\/hummy.ee\/fi\/wp-json\/wp\/v2\/product_tag?post=53543"}],"curies":[{"name":"wp","href":"https:\/\/api.w.org\/{rel}","templated":true}]}}