{"id":53526,"date":"2025-03-02T20:43:28","date_gmt":"2025-03-02T20:43:28","guid":{"rendered":"https:\/\/hummy.ee\/product\/papupussi-tyokalu-bunny\/"},"modified":"2026-02-18T08:38:51","modified_gmt":"2026-02-18T08:38:51","slug":"papupussi-tyokalu-bunny","status":"publish","type":"product","link":"https:\/\/hummy.ee\/fi\/tuote\/papupussi-tyokalu-bunny\/","title":{"rendered":"Papupussi ty\u00f6kalu - Bunny"},"content":{"rendered":"<h6 data-start=\"0\" data-end=\"26\"><em><strong data-start=\"0\" data-end=\"24\">Vieh\u00e4tt\u00e4v\u00e4 ja monipuolinen<\/strong><\/em><\/h6>\n<h6 data-start=\"28\" data-end=\"171\">Olipa kyseess\u00e4 sitten viihtyis\u00e4 lukunurkkaus tai todellinen pupu mielikuvitusleikeiss\u00e4, t\u00e4m\u00e4 pussituoli tuo l\u00e4mpim\u00e4n ja kodikkaan lis\u00e4n mihin tahansa lastenhuoneeseen tai leikkialueelle.<\/h6>\n<p>&nbsp;<\/p>\n<h6 data-start=\"173\" data-end=\"198\"><em><strong data-start=\"173\" data-end=\"196\">Pitk\u00e4sorminen yst\u00e4v\u00e4<\/strong><\/em><\/h6>\n<h6 data-start=\"200\" data-end=\"330\">S\u00e4kkituoli, joka tuo iloa! Ja katso noita pitki\u00e4, p\u00f6rr\u00f6isi\u00e4 korvia - odottavat kuulevansa kaikki pikku omistajan salaisuudet.<\/h6>\n<p>&nbsp;<\/p>\n<h6 data-start=\"332\" data-end=\"353\"><em><strong data-start=\"332\" data-end=\"351\">Paritteluaika<\/strong><\/em><\/h6>\n<h6 data-start=\"355\" data-end=\"490\">Anna lapsesi uppoutua syv\u00e4lle pupupussituolin pehmeyteen, asetu mukavasti h\u00e4nen viereens\u00e4 ja nauttikaa yhteisest\u00e4 ajasta.<\/h6>\n<p>&nbsp;<\/p>\n<h6><b><i>Helppo huolto<\/i><\/b><b><i><\/i><\/b><\/h6>\n<h6>Lukittavan aukon ansiosta kansi on helppo irrottaa ja pest\u00e4. Pese kansi k\u00e4sin (30 \u00b0C) samankaltaisilla v\u00e4reill\u00e4 ja ripusta kuivumaan.<\/h6>\n<p>&nbsp;<\/p>\n<h6><em><strong>Rakkaudella ja huolella tehty k\u00e4sity\u00f6<\/strong><\/em><\/h6>\n<h6 data-start=\"38\" data-end=\"329\">Meill\u00e4 on yli kymmenen vuoden kokemus, ja olemme ylpeit\u00e4 voidessamme toimittaa EU:n suurimmille v\u00e4hitt\u00e4iskauppiaille tuotteita, jotka on valmistettu huolella ja rakkaudella omassa tehtaassamme Latviassa. Valvomme itse tuotannon jokaista vaihetta, kiinnit\u00e4mme huomiota pienimpiinkin yksityiskohtiin ja kehit\u00e4mme ja innovoimme tuotteitamme jatkuvasti.<\/h6>\n","protected":false},"excerpt":{"rendered":"<h6 data-start=\"0\" data-end=\"98\">Beanbag Bunny - Jokainen tarvitsee rauhallisen paikan, jossa voi rentoutua ja lukea lempikirjaa pitk\u00e4n p\u00e4iv\u00e4n j\u00e4lkeen. Wigiwaman pehme\u00e4 ja mukava Bunny-papus\u00e4kkituoli on t\u00e4ydellinen valinta. Ja katsokaa noita korvia - aivan t\u00e4ydelliset!<\/h6>\n","protected":false},"featured_media":44804,"comment_status":"open","ping_status":"closed","template":"","meta":{"_acf_changed":false,"om_disable_all_campaigns":false,"_monsterinsights_skip_tracking":false,"_monsterinsights_sitenote_active":false,"_monsterinsights_sitenote_note":"","_monsterinsights_sitenote_category":0,"_uf_show_specific_survey":0,"_uf_disable_surveys":false,"site-sidebar-layout":"default","site-content-layout":"","ast-site-content-layout":"default","site-content-style":"default","site-sidebar-style":"default","ast-global-header-display":"","ast-banner-title-visibility":"","ast-main-header-display":"","ast-hfb-above-header-display":"","ast-hfb-below-header-display":"","ast-hfb-mobile-header-display":"","site-post-title":"","ast-breadcrumbs-content":"","ast-featured-img":"","footer-sml-layout":"","theme-transparent-header-meta":"default","adv-header-id-meta":"","stick-header-meta":"","header-above-stick-meta":"","header-main-stick-meta":"","header-below-stick-meta":"","astra-migrate-meta-layouts":"set","ast-page-background-enabled":"default","ast-page-background-meta":{"desktop":{"background-color":"var(--ast-global-color-4)","background-image":"","background-repeat":"repeat","background-position":"center center","background-size":"auto","background-attachment":"scroll","background-type":"","background-media":"","overlay-type":"","overlay-color":"","overlay-opacity":"","overlay-gradient":""},"tablet":{"background-color":"","background-image":"","background-repeat":"repeat","background-position":"center center","background-size":"auto","background-attachment":"scroll","background-type":"","background-media":"","overlay-type":"","overlay-color":"","overlay-opacity":"","overlay-gradient":""},"mobile":{"background-color":"","background-image":"","background-repeat":"repeat","background-position":"center center","background-size":"auto","background-attachment":"scroll","background-type":"","background-media":"","overlay-type":"","overlay-color":"","overlay-opacity":"","overlay-gradient":""}},"ast-content-background-meta":{"desktop":{"background-color":"var(--ast-global-color-5)","background-image":"","background-repeat":"repeat","background-position":"center center","background-size":"auto","background-attachment":"scroll","background-type":"","background-media":"","overlay-type":"","overlay-color":"","overlay-opacity":"","overlay-gradient":""},"tablet":{"background-color":"var(--ast-global-color-5)","background-image":"","background-repeat":"repeat","background-position":"center center","background-size":"auto","background-attachment":"scroll","background-type":"","background-media":"","overlay-type":"","overlay-color":"","overlay-opacity":"","overlay-gradient":""},"mobile":{"background-color":"var(--ast-global-color-5)","background-image":"","background-repeat":"repeat","background-position":"center center","background-size":"auto","background-attachment":"scroll","background-type":"","background-media":"","overlay-type":"","overlay-color":"","overlay-opacity":"","overlay-gradient":""}}},"product_brand":[],"product_cat":[961],"product_tag":[],"class_list":{"0":"post-53526","1":"product","2":"type-product","3":"status-publish","4":"has-post-thumbnail","6":"product_cat-wigiwama-fi","7":"desktop-align-left","8":"tablet-align-left","9":"mobile-align-left","11":"first","12":"instock","13":"sale","14":"taxable","15":"shipping-taxable","16":"purchasable","17":"product-type-variable"},"acf":[],"aioseo_notices":[],"_links":{"self":[{"href":"https:\/\/hummy.ee\/fi\/wp-json\/wp\/v2\/product\/53526","targetHints":{"allow":["GET"]}}],"collection":[{"href":"https:\/\/hummy.ee\/fi\/wp-json\/wp\/v2\/product"}],"about":[{"href":"https:\/\/hummy.ee\/fi\/wp-json\/wp\/v2\/types\/product"}],"replies":[{"embeddable":true,"href":"https:\/\/hummy.ee\/fi\/wp-json\/wp\/v2\/comments?post=53526"}],"version-history":[{"count":2,"href":"https:\/\/hummy.ee\/fi\/wp-json\/wp\/v2\/product\/53526\/revisions"}],"predecessor-version":[{"id":82548,"href":"https:\/\/hummy.ee\/fi\/wp-json\/wp\/v2\/product\/53526\/revisions\/82548"}],"wp:featuredmedia":[{"embeddable":true,"href":"https:\/\/hummy.ee\/fi\/wp-json\/wp\/v2\/media\/44804"}],"wp:attachment":[{"href":"https:\/\/hummy.ee\/fi\/wp-json\/wp\/v2\/media?parent=53526"}],"wp:term":[{"taxonomy":"product_brand","embeddable":true,"href":"https:\/\/hummy.ee\/fi\/wp-json\/wp\/v2\/product_brand?post=53526"},{"taxonomy":"product_cat","embeddable":true,"href":"https:\/\/hummy.ee\/fi\/wp-json\/wp\/v2\/product_cat?post=53526"},{"taxonomy":"product_tag","embeddable":true,"href":"https:\/\/hummy.ee\/fi\/wp-json\/wp\/v2\/product_tag?post=53526"}],"curies":[{"name":"wp","href":"https:\/\/api.w.org\/{rel}","templated":true}]}}