{"id":53516,"date":"2024-10-03T08:56:21","date_gmt":"2024-10-03T08:56:21","guid":{"rendered":"https:\/\/hummy.ee\/product\/abc-design-4-seasons-sport-sadetakki\/"},"modified":"2026-04-18T11:48:27","modified_gmt":"2026-04-18T11:48:27","slug":"abc-design-4-seasons-sport-sadesuoja","status":"publish","type":"product","link":"https:\/\/hummy.ee\/fi\/tuote\/abc-design-4-seasons-sport-sadesuoja\/","title":{"rendered":"ABC Design 4 Seasons Sport sadesuoja"},"content":{"rendered":"<h6><strong><em>Miksi valita 4 Seasons -sadesuoja?<\/em><\/strong><\/h6>\n<ul>\n<li>\n<h6>Suojaa kaikissa s\u00e4\u00e4olosuhteissa \u2013 vedenpit\u00e4v\u00e4t vetoketjut pit\u00e4v\u00e4t sis\u00e4puolen kuivana my\u00f6s kovalla sateella.<\/h6>\n<\/li>\n<li>\n<h6>Tehokas ilmankierto \u2013 sivujen tuuletusaukot takaavat jatkuvan raikkaan ilman saannin.<\/h6>\n<\/li>\n<li>\n<h6>Nopea ja helppok\u00e4ytt\u00f6inen \u2013 joustava kiristysnaru mahdollistaa sadesuojan kiinnitt\u00e4misen sekunneissa.<\/h6>\n<\/li>\n<li>\n<h6>Parempi n\u00e4kyvyys ja turvallisuus \u2013 heijastimet ja heijastavat logot takaavat n\u00e4kyvyyden my\u00f6s h\u00e4m\u00e4r\u00e4ss\u00e4 ja heikossa n\u00e4kyvyydess\u00e4.<\/h6>\n<\/li>\n<li>\n<h6>K\u00e4yt\u00e4nn\u00f6llinen ja k\u00e4tev\u00e4 \u2013 sadesuojassa on kuljetuspussi ja kiinnike, joka kiinnittyy rattaiden runkoon, jotta se on aina helposti saatavilla.<\/h6>\n<\/li>\n<\/ul>\n<h6><\/h6>\n<h6><strong><em>\u00c4lykk\u00e4\u00e4sti suunniteltu sadesuoja<\/em><\/strong><\/h6>\n<ul data-spread=\"false\">\n<li>\n<h6>Helppo p\u00e4\u00e4sy lapseen \u2013 etuosa avautuu vetoketjuilla, mik\u00e4 mahdollistaa lapsen asettamisen rattaisiin ja pois ottamisen ilman sadesuojan irrottamista kokonaan.<\/h6>\n<\/li>\n<li>\n<h6>Sopii useisiin rattaisiin \u2013 yhteensopiva seuraavien vaunumallien kanssa:<\/h6>\n<ul data-spread=\"false\">\n<li>\n<h6>Avus<\/h6>\n<\/li>\n<li>\n<h6>Avus 2<\/h6>\n<\/li>\n<li>\n<h6>Avus Air<\/h6>\n<\/li>\n<li>\n<h6>Avus 2 Air<\/h6>\n<\/li>\n<li>\n<h6>Ping 2<\/h6>\n<\/li>\n<li>\n<h6>Ping 2 Trekking<\/h6>\n<\/li>\n<li>\n<h6>Ping 3 Travel<\/h6>\n<\/li>\n<li>\n<h6>Ping 3 Trekking<\/h6>\n<\/li>\n<\/ul>\n<\/li>\n<\/ul>\n<h6><\/h6>\n<h6><strong><em>Asenna helposti ja nauti huolettomista ulkoiluretkist\u00e4!<\/em><\/strong><\/h6>\n<h6>Sadesuoja kiinnittyy istuinosaan vain muutamassa helpossa vaiheessa. Rattaiden kuomu on edelleen avattavissa my\u00f6s sadesuojan ollessa k\u00e4yt\u00f6ss\u00e4.<\/h6>\n<p>&nbsp;<\/p>\n<h6><em>Katso <a href=\"https:\/\/www.youtube.com\/watch?v=-xTilpc0xfs\" target=\"_blank\" rel=\"noopener\">esittelyvideo<\/a>, josta saat lis\u00e4tietoja.<\/em><\/h6>\n","protected":false},"excerpt":{"rendered":"<h6 data-pm-slice=\"1 1 []\">ABC Design 4 Seasons -sadesuoja lastenvaunuihin \u2013 huolettomat ulkoiluretket s\u00e4\u00e4ss\u00e4 kuin s\u00e4\u00e4ss\u00e4. Luonnon tutkiminen lasten kanssa on yksi el\u00e4m\u00e4n parhaista hetkist\u00e4. Mutta mit\u00e4 tehd\u00e4, kun sade yll\u00e4tt\u00e4\u00e4? 4 Seasons -sadesuoja mahdollistaa ulkoilun ymp\u00e4ri vuoden s\u00e4\u00e4st\u00e4 riippumatta.<\/h6>\n","protected":false},"featured_media":38888,"comment_status":"closed","ping_status":"closed","template":"","meta":{"_acf_changed":false,"om_disable_all_campaigns":false,"_monsterinsights_skip_tracking":false,"_monsterinsights_sitenote_active":false,"_monsterinsights_sitenote_note":"","_monsterinsights_sitenote_category":0,"_uf_show_specific_survey":0,"_uf_disable_surveys":false,"site-sidebar-layout":"default","site-content-layout":"","ast-site-content-layout":"default","site-content-style":"default","site-sidebar-style":"default","ast-global-header-display":"","ast-banner-title-visibility":"","ast-main-header-display":"","ast-hfb-above-header-display":"","ast-hfb-below-header-display":"","ast-hfb-mobile-header-display":"","site-post-title":"","ast-breadcrumbs-content":"","ast-featured-img":"","footer-sml-layout":"","theme-transparent-header-meta":"default","adv-header-id-meta":"","stick-header-meta":"","header-above-stick-meta":"","header-main-stick-meta":"","header-below-stick-meta":"","astra-migrate-meta-layouts":"set","ast-page-background-enabled":"default","ast-page-background-meta":{"desktop":{"background-color":"var(--ast-global-color-4)","background-image":"","background-repeat":"repeat","background-position":"center center","background-size":"auto","background-attachment":"scroll","background-type":"","background-media":"","overlay-type":"","overlay-color":"","overlay-opacity":"","overlay-gradient":""},"tablet":{"background-color":"","background-image":"","background-repeat":"repeat","background-position":"center center","background-size":"auto","background-attachment":"scroll","background-type":"","background-media":"","overlay-type":"","overlay-color":"","overlay-opacity":"","overlay-gradient":""},"mobile":{"background-color":"","background-image":"","background-repeat":"repeat","background-position":"center center","background-size":"auto","background-attachment":"scroll","background-type":"","background-media":"","overlay-type":"","overlay-color":"","overlay-opacity":"","overlay-gradient":""}},"ast-content-background-meta":{"desktop":{"background-color":"var(--ast-global-color-5)","background-image":"","background-repeat":"repeat","background-position":"center center","background-size":"auto","background-attachment":"scroll","background-type":"","background-media":"","overlay-type":"","overlay-color":"","overlay-opacity":"","overlay-gradient":""},"tablet":{"background-color":"var(--ast-global-color-5)","background-image":"","background-repeat":"repeat","background-position":"center center","background-size":"auto","background-attachment":"scroll","background-type":"","background-media":"","overlay-type":"","overlay-color":"","overlay-opacity":"","overlay-gradient":""},"mobile":{"background-color":"var(--ast-global-color-5)","background-image":"","background-repeat":"repeat","background-position":"center center","background-size":"auto","background-attachment":"scroll","background-type":"","background-media":"","overlay-type":"","overlay-color":"","overlay-opacity":"","overlay-gradient":""}}},"product_brand":[],"product_cat":[527,323,376],"product_tag":[],"class_list":{"0":"post-53516","1":"product","2":"type-product","3":"status-publish","4":"has-post-thumbnail","6":"product_cat-abc-design-fi","7":"product_cat-trimmaustarvikkeet","8":"product_cat-vankilan-kannet","9":"desktop-align-left","10":"tablet-align-left","11":"mobile-align-left","13":"first","14":"instock","15":"virtual","16":"taxable","17":"purchasable","18":"product-type-simple"},"acf":[],"aioseo_notices":[],"_links":{"self":[{"href":"https:\/\/hummy.ee\/fi\/wp-json\/wp\/v2\/product\/53516","targetHints":{"allow":["GET"]}}],"collection":[{"href":"https:\/\/hummy.ee\/fi\/wp-json\/wp\/v2\/product"}],"about":[{"href":"https:\/\/hummy.ee\/fi\/wp-json\/wp\/v2\/types\/product"}],"replies":[{"embeddable":true,"href":"https:\/\/hummy.ee\/fi\/wp-json\/wp\/v2\/comments?post=53516"}],"version-history":[{"count":4,"href":"https:\/\/hummy.ee\/fi\/wp-json\/wp\/v2\/product\/53516\/revisions"}],"predecessor-version":[{"id":87058,"href":"https:\/\/hummy.ee\/fi\/wp-json\/wp\/v2\/product\/53516\/revisions\/87058"}],"wp:featuredmedia":[{"embeddable":true,"href":"https:\/\/hummy.ee\/fi\/wp-json\/wp\/v2\/media\/38888"}],"wp:attachment":[{"href":"https:\/\/hummy.ee\/fi\/wp-json\/wp\/v2\/media?parent=53516"}],"wp:term":[{"taxonomy":"product_brand","embeddable":true,"href":"https:\/\/hummy.ee\/fi\/wp-json\/wp\/v2\/product_brand?post=53516"},{"taxonomy":"product_cat","embeddable":true,"href":"https:\/\/hummy.ee\/fi\/wp-json\/wp\/v2\/product_cat?post=53516"},{"taxonomy":"product_tag","embeddable":true,"href":"https:\/\/hummy.ee\/fi\/wp-json\/wp\/v2\/product_tag?post=53516"}],"curies":[{"name":"wp","href":"https:\/\/api.w.org\/{rel}","templated":true}]}}