{"id":53472,"date":"2024-10-02T20:29:52","date_gmt":"2024-10-02T20:29:52","guid":{"rendered":"https:\/\/hummy.ee\/product\/abc-design-ping-3-istuintyyny\/"},"modified":"2026-04-18T17:44:41","modified_gmt":"2026-04-18T17:44:41","slug":"abc-design-ping-3-istuinpehmuste","status":"publish","type":"product","link":"https:\/\/hummy.ee\/fi\/tuote\/abc-design-ping-3-istuinpehmuste\/","title":{"rendered":"ABC Design Ping 3 istuinpehmuste"},"content":{"rendered":"<h6><strong><em>Miksi valita t\u00e4m\u00e4 istuinalustapehmustesetti<\/em><\/strong><\/h6>\r\n<ul>\r\n<li>\r\n<h6>Erinomainen hengitt\u00e4vyys \u2013 pehmuste pit\u00e4\u00e4 lapsen istuimen viile\u00e4n\u00e4, kuivana ja mukavana my\u00f6s l\u00e4mpimin\u00e4 p\u00e4ivin\u00e4.<\/h6>\r\n<\/li>\r\n<li>\r\n<h6>Maksimaalinen istumismukavuus \u2013 pehme\u00e4 ja tukeva CozyCloud\u00ae-pehmuste varmistaa optimaalisen asennon jokaisella matkalla.<\/h6>\r\n<\/li>\r\n<li>\r\n<h6>Turvallinen ja allergiayst\u00e4v\u00e4llinen \u2013 materiaalit on testattu haitallisten aineiden varalta ja ne sopivat my\u00f6s herk\u00e4lle iholle.<\/h6>\r\n<\/li>\r\n<li>\r\n<h6>Ergonominen muotoilu \u2013 mukautuu lapsen tarpeisiin ja tarjoaa lis\u00e4tukea sek\u00e4 mukavuutta my\u00f6s pidemmill\u00e4 k\u00e4velyretkill\u00e4.<\/h6>\r\n<\/li>\r\n<li>\r\n<h6>Helppo hoito \u2013 100 % polyesteri\u00e4, k\u00e4sin pest\u00e4v\u00e4 30 \u00b0C:ssa.<\/h6>\r\n<\/li>\r\n<\/ul>\r\n<h6>\u00a0<\/h6>\r\n<h6><strong><em>Sopivuus ja k\u00e4yt\u00e4nn\u00f6llisyys<\/em><\/strong><\/h6>\r\n<ul>\r\n<li>\r\n<h6>Yhteensopiva ABC Design -matkarattaiden kanssa: <a href=\"https:\/\/hummy.ee\/fi\/tuote\/abc-design-ping-3-travel-matkarattaat\/\" target=\"_blank\" rel=\"noopener\">Ping 3 Travel<\/a> &amp; <a href=\"https:\/\/hummy.ee\/fi\/tuote\/abc-design-ping-3-trekking-matkarattaat\/\" target=\"_blank\" rel=\"noopener\">Ping 3 Trekking<\/a>.<\/h6>\r\n<\/li>\r\n<li>\r\n<h6>Kasvaa lapsen mukana \u2013 tarjoaa pitk\u00e4aikaista mukavuutta ja tukea.<\/h6>\r\n<\/li>\r\n<li>\r\n<h6>Suojaa matkarattaiden istuinta \u2013 pident\u00e4\u00e4 rattaiden k\u00e4ytt\u00f6ik\u00e4\u00e4 ja pit\u00e4\u00e4 ne pidemp\u00e4\u00e4n hyv\u00e4ss\u00e4 kunnossa.<\/h6>\r\n<\/li>\r\n<\/ul>\r\n<h6>\u00a0<\/h6>\r\n<h6><strong><em>Entist\u00e4 enemm\u00e4n mukavuutta jokaiseen seikkailuun<\/em><\/strong><\/h6>\r\n<h6>Olipa kyse p\u00e4ivitt\u00e4isest\u00e4 k\u00e4velyretkest\u00e4 tai pidemm\u00e4st\u00e4 matkasta, ABC Design -istuinalustapehmuste tekee lapsen kyydist\u00e4 rentouttavan ja miellytt\u00e4v\u00e4n. Hengitt\u00e4v\u00e4t materiaalit ehk\u00e4isev\u00e4t hikoilua, samalla kun pehme\u00e4 pehmuste tarjoaa lis\u00e4mukavuutta.<\/h6>\r\n<h6>\u00a0<\/h6>\r\n<h6><!-- \/wp:post-content --><\/h6>\r\n<h6><!-- wp:paragraph --><\/h6>\r\n<h6>Katso <a href=\"https:\/\/www.youtube.com\/watch?v=nSqVumGopDQ\">esittelyvideo<\/a>, josta saat lis\u00e4tietoja.<\/h6>","protected":false},"excerpt":{"rendered":"<p><!-- wp:heading {\"level\":4} --><\/p>\n<h6 data-pm-slice=\"1 1 []\">ABC Design Ping 3 Travel, Ping 3 Trekking -istuinalustapehmuste setti \u2013 t\u00e4ydellinen mukavuus pienille seikkailijoille! Matkustaminen ja p\u00e4ivitt\u00e4iset k\u00e4velyretket muuttuvat entist\u00e4 mukavammiksi eritt\u00e4in pehme\u00e4n ja hengitt\u00e4v\u00e4n CozyCloud\u00ae-istuinalustapehmusteen ansiosta. T\u00e4m\u00e4 ergonominen pehmuste tarjoaa lapselle lis\u00e4tukea ja varmistaa miellytt\u00e4v\u00e4n istumiskokemuksen niin kaupungin kaduilla kuin luontopoluillakin.<\/h6>\n<p><!-- \/wp:paragraph --><\/p>\n<p><!-- wp:paragraph --><!-- \/wp:paragraph --><\/p>\n","protected":false},"featured_media":39008,"comment_status":"closed","ping_status":"closed","template":"","meta":{"_acf_changed":false,"om_disable_all_campaigns":false,"_monsterinsights_skip_tracking":false,"_monsterinsights_sitenote_active":false,"_monsterinsights_sitenote_note":"","_monsterinsights_sitenote_category":0,"_uf_show_specific_survey":0,"_uf_disable_surveys":false,"site-sidebar-layout":"default","site-content-layout":"","ast-site-content-layout":"default","site-content-style":"default","site-sidebar-style":"default","ast-global-header-display":"","ast-banner-title-visibility":"","ast-main-header-display":"","ast-hfb-above-header-display":"","ast-hfb-below-header-display":"","ast-hfb-mobile-header-display":"","site-post-title":"","ast-breadcrumbs-content":"","ast-featured-img":"","footer-sml-layout":"","theme-transparent-header-meta":"default","adv-header-id-meta":"","stick-header-meta":"","header-above-stick-meta":"","header-main-stick-meta":"","header-below-stick-meta":"","astra-migrate-meta-layouts":"set","ast-page-background-enabled":"default","ast-page-background-meta":{"desktop":{"background-color":"var(--ast-global-color-4)","background-image":"","background-repeat":"repeat","background-position":"center center","background-size":"auto","background-attachment":"scroll","background-type":"","background-media":"","overlay-type":"","overlay-color":"","overlay-opacity":"","overlay-gradient":""},"tablet":{"background-color":"","background-image":"","background-repeat":"repeat","background-position":"center center","background-size":"auto","background-attachment":"scroll","background-type":"","background-media":"","overlay-type":"","overlay-color":"","overlay-opacity":"","overlay-gradient":""},"mobile":{"background-color":"","background-image":"","background-repeat":"repeat","background-position":"center center","background-size":"auto","background-attachment":"scroll","background-type":"","background-media":"","overlay-type":"","overlay-color":"","overlay-opacity":"","overlay-gradient":""}},"ast-content-background-meta":{"desktop":{"background-color":"var(--ast-global-color-5)","background-image":"","background-repeat":"repeat","background-position":"center center","background-size":"auto","background-attachment":"scroll","background-type":"","background-media":"","overlay-type":"","overlay-color":"","overlay-opacity":"","overlay-gradient":""},"tablet":{"background-color":"var(--ast-global-color-5)","background-image":"","background-repeat":"repeat","background-position":"center center","background-size":"auto","background-attachment":"scroll","background-type":"","background-media":"","overlay-type":"","overlay-color":"","overlay-opacity":"","overlay-gradient":""},"mobile":{"background-color":"var(--ast-global-color-5)","background-image":"","background-repeat":"repeat","background-position":"center center","background-size":"auto","background-attachment":"scroll","background-type":"","background-media":"","overlay-type":"","overlay-color":"","overlay-opacity":"","overlay-gradient":""}}},"product_brand":[],"product_cat":[527,388,323],"product_tag":[],"class_list":{"0":"post-53472","1":"product","2":"type-product","3":"status-publish","4":"has-post-thumbnail","6":"product_cat-abc-design-fi","7":"product_cat-istuintyynyt","8":"product_cat-trimmaustarvikkeet","9":"desktop-align-left","10":"tablet-align-left","11":"mobile-align-left","13":"first","14":"instock","15":"taxable","16":"shipping-taxable","17":"purchasable","18":"product-type-variable"},"acf":[],"aioseo_notices":[],"_links":{"self":[{"href":"https:\/\/hummy.ee\/fi\/wp-json\/wp\/v2\/product\/53472","targetHints":{"allow":["GET"]}}],"collection":[{"href":"https:\/\/hummy.ee\/fi\/wp-json\/wp\/v2\/product"}],"about":[{"href":"https:\/\/hummy.ee\/fi\/wp-json\/wp\/v2\/types\/product"}],"replies":[{"embeddable":true,"href":"https:\/\/hummy.ee\/fi\/wp-json\/wp\/v2\/comments?post=53472"}],"version-history":[{"count":9,"href":"https:\/\/hummy.ee\/fi\/wp-json\/wp\/v2\/product\/53472\/revisions"}],"predecessor-version":[{"id":87110,"href":"https:\/\/hummy.ee\/fi\/wp-json\/wp\/v2\/product\/53472\/revisions\/87110"}],"wp:featuredmedia":[{"embeddable":true,"href":"https:\/\/hummy.ee\/fi\/wp-json\/wp\/v2\/media\/39008"}],"wp:attachment":[{"href":"https:\/\/hummy.ee\/fi\/wp-json\/wp\/v2\/media?parent=53472"}],"wp:term":[{"taxonomy":"product_brand","embeddable":true,"href":"https:\/\/hummy.ee\/fi\/wp-json\/wp\/v2\/product_brand?post=53472"},{"taxonomy":"product_cat","embeddable":true,"href":"https:\/\/hummy.ee\/fi\/wp-json\/wp\/v2\/product_cat?post=53472"},{"taxonomy":"product_tag","embeddable":true,"href":"https:\/\/hummy.ee\/fi\/wp-json\/wp\/v2\/product_tag?post=53472"}],"curies":[{"name":"wp","href":"https:\/\/api.w.org\/{rel}","templated":true}]}}