{"id":53406,"date":"2024-10-03T08:22:34","date_gmt":"2024-10-03T08:22:34","guid":{"rendered":"https:\/\/hummy.ee\/product\/abc-design-samba-salsa-zoom-istuinpehmusteiden-pehmusteet\/"},"modified":"2026-04-18T18:21:57","modified_gmt":"2026-04-18T18:21:57","slug":"abc-design-samba-salsa-zoom-istuinpehmuste","status":"publish","type":"product","link":"https:\/\/hummy.ee\/fi\/tuote\/abc-design-samba-salsa-zoom-istuinpehmuste\/","title":{"rendered":"ABC Design Samba, Salsa, Zoom istuinpehmuste"},"content":{"rendered":"<h6><strong><em>Miksi valita t\u00e4m\u00e4 istuinpehmustesetti?<\/em><\/strong><\/h6>\r\n<ul>\r\n<li>\r\n<h6>Erinomainen hengitt\u00e4vyys \u2013 pehmuste pit\u00e4\u00e4 istuimen miellytt\u00e4v\u00e4n viile\u00e4n\u00e4 ja kuivana my\u00f6s kuumina p\u00e4ivin\u00e4. Allergiayst\u00e4v\u00e4llinen ja turvallinen \u2013 materiaalit on testattu haitallisten aineiden varalta ja ne sopivat my\u00f6s herk\u00e4lle iholle.<\/h6>\r\n<\/li>\r\n<li>\r\n<h6>Maksimaalinen mukavuus \u2013 eritt\u00e4in pehme\u00e4 CozyCloud\u00ae-istuinpehmuste tarjoaa lis\u00e4tukea ja tekee jokaisesta matkasta miellytt\u00e4v\u00e4n.<\/h6>\r\n<\/li>\r\n<li>\r\n<h6>Helppo hoito \u2013 materiaali on 100 % polyesteri\u00e4 ja k\u00e4sin pest\u00e4v\u00e4 30 \u00b0C:ssa. Ergonominen muotoilu \u2013 mukautuu lapsen tarpeisiin ja tarjoaa maksimaalisen tuen.<\/h6>\r\n<\/li>\r\n<li>\r\n<h6>Universaali k\u00e4ytt\u00f6 \u2013 sopii erilaisiin lastenrattaisiin ja tekee jokaisesta matkasta lapselle miellytt\u00e4v\u00e4mm\u00e4n.<\/h6>\r\n<\/li>\r\n<\/ul>\r\n<h6>\u00a0<\/h6>\r\n<h6><strong><em>Yhteensopiva seuraavien mallien kanssa:<\/em><\/strong><\/h6>\r\n<ul>\r\n<li style=\"list-style-type: none;\">\r\n<ul data-spread=\"false\">\r\n<li>\r\n<h6><a href=\"https:\/\/hummy.ee\/fi\/tuote\/abc-design-salsa-5-air-yhdistelmavaunut\/\" target=\"_blank\" rel=\"noopener\">Salsa 5 Air<\/a><\/h6>\r\n<\/li>\r\n<li>\r\n<h6><a href=\"https:\/\/hummy.ee\/fi\/tuote\/abc-design-samba-2-rattaat\/\" target=\"_blank\" rel=\"noopener\">Samba 2<\/a><\/h6>\r\n<\/li>\r\n<li>\r\n<h6><a href=\"https:\/\/hummy.ee\/fi\/tuote\/abc-design-zoom-2-sisarusrattaat\/\" target=\"_blank\" rel=\"noopener\">Zoom 2<\/a><\/h6>\r\n<\/li>\r\n<\/ul>\r\n<\/li>\r\n<\/ul>\r\n<h6>\u00a0<\/h6>\r\n<h6><strong><em>K\u00e4ytt\u00f6mahdollisuudet:<\/em><\/strong><\/h6>\r\n<ul data-spread=\"false\">\r\n<li>\r\n<h6>T\u00e4ydellinen istumismukavuus \u2013 takaa mukavan ja turvallisen kokemuksen jokaisella retkell\u00e4.<\/h6>\r\n<\/li>\r\n<li>\r\n<h6>Ihanteellinen pitkiin k\u00e4velyretkiin \u2013 pehmuste auttaa ehk\u00e4isem\u00e4\u00e4n v\u00e4symyst\u00e4 ja tukee lapsen luonnollista ryhti\u00e4.<\/h6>\r\n<\/li>\r\n<li>\r\n<h6>Suojaa rattaiden istuinta \u2013 pident\u00e4\u00e4 rattaiden k\u00e4ytt\u00f6ik\u00e4\u00e4 ja pit\u00e4\u00e4 ne pidemp\u00e4\u00e4n hyv\u00e4ss\u00e4 kunnossa.<\/h6>\r\n<\/li>\r\n<\/ul>\r\n<h6>\u00a0<\/h6>\r\n<h6><strong><em>Entist\u00e4 enemm\u00e4n mukavuutta ja k\u00e4yt\u00e4nn\u00f6llisyytt\u00e4<\/em><\/strong><\/h6>\r\n<h6>ABC Design -istuinpehmuste on suunniteltu tekem\u00e4\u00e4n lapsen k\u00e4velyretkist\u00e4 entist\u00e4 mukavampia. \u00c4lykk\u00e4\u00e4n muotoilun ja hengitt\u00e4vien materiaalien ansiosta lapsi voi nauttia optimaalisesta l\u00e4mp\u00f6tilasta kaikissa tilanteissa. Pehmusteen kerros auttaa ehk\u00e4isem\u00e4\u00e4n liiallista hikoilua ja varmistaa, ett\u00e4 lapsi tuntee olonsa mukavaksi my\u00f6s pidemmill\u00e4 k\u00e4velyill\u00e4. Mukavuuden lis\u00e4ksi pehmuste on my\u00f6s tyylik\u00e4s ja k\u00e4yt\u00e4nn\u00f6llinen. Istuinpehmuste on helposti irrotettava ja huollettava, mik\u00e4 takaa aina raikkaan ja puhtaan ymp\u00e4rist\u00f6n lapsellesi.<\/h6>\r\n<h6>\u00a0<\/h6>\r\n<h6><!-- \/wp:post-content --><\/h6>\r\n<h6><!-- wp:paragraph --><\/h6>\r\n<h6><!-- \/wp:paragraph --><\/h6>\r\n<h6><!-- wp:paragraph --><\/h6>\r\n<h6><!-- \/wp:paragraph --><\/h6>\r\n<h6><!-- wp:paragraph --><\/h6>\r\n<h6><!-- \/wp:paragraph --><\/h6>\r\n<h6><!-- wp:paragraph --><\/h6>\r\n<h6>\u00a0<\/h6>\r\n<h6 class=\"flex-shrink-0 flex flex-col relative items-end\"><em>Katso <a href=\"https:\/\/www.youtube.com\/watch?v=8KNJFO-5_x0\">esittelyvideo<\/a>, josta saat lis\u00e4tietoja.<\/em><\/h6>","protected":false},"excerpt":{"rendered":"<p><!-- wp:heading {\"level\":4} --><\/p>\n<h6 data-pm-slice=\"1 1 []\">ABC Design Samba, Salsa, Zoom -istuinpehmuste \u2013 t\u00e4ydellinen mukavuus pienille seikkailijoille. Tarjoamme lapsellesi huippumukavuutta CozyCloud\u00ae-istuinpehmusteella, joka on pehme\u00e4, hengitt\u00e4v\u00e4 ja tukeva. T\u00e4m\u00e4 ergonomisesti suunniteltu istuinpehmuste takaa erinomaisen istumismukavuuden niin kaupunkiseikkailuihin kuin luontoretkillekin. Salsa 5 Air-, Samba 2- ja Zoom 2 -istuinpehmustesetti tarjoaa lapselle t\u00e4ydellisen istumismukavuuden ja miellytt\u00e4v\u00e4n tuntuman ihoa vasten jokaisella retkell\u00e4.<\/h6>\n","protected":false},"featured_media":39108,"comment_status":"closed","ping_status":"closed","template":"","meta":{"_acf_changed":false,"om_disable_all_campaigns":false,"_monsterinsights_skip_tracking":false,"_monsterinsights_sitenote_active":false,"_monsterinsights_sitenote_note":"","_monsterinsights_sitenote_category":0,"_uf_show_specific_survey":0,"_uf_disable_surveys":false,"site-sidebar-layout":"default","site-content-layout":"","ast-site-content-layout":"default","site-content-style":"default","site-sidebar-style":"default","ast-global-header-display":"","ast-banner-title-visibility":"","ast-main-header-display":"","ast-hfb-above-header-display":"","ast-hfb-below-header-display":"","ast-hfb-mobile-header-display":"","site-post-title":"","ast-breadcrumbs-content":"","ast-featured-img":"","footer-sml-layout":"","theme-transparent-header-meta":"default","adv-header-id-meta":"","stick-header-meta":"","header-above-stick-meta":"","header-main-stick-meta":"","header-below-stick-meta":"","astra-migrate-meta-layouts":"set","ast-page-background-enabled":"default","ast-page-background-meta":{"desktop":{"background-color":"var(--ast-global-color-4)","background-image":"","background-repeat":"repeat","background-position":"center center","background-size":"auto","background-attachment":"scroll","background-type":"","background-media":"","overlay-type":"","overlay-color":"","overlay-opacity":"","overlay-gradient":""},"tablet":{"background-color":"","background-image":"","background-repeat":"repeat","background-position":"center center","background-size":"auto","background-attachment":"scroll","background-type":"","background-media":"","overlay-type":"","overlay-color":"","overlay-opacity":"","overlay-gradient":""},"mobile":{"background-color":"","background-image":"","background-repeat":"repeat","background-position":"center center","background-size":"auto","background-attachment":"scroll","background-type":"","background-media":"","overlay-type":"","overlay-color":"","overlay-opacity":"","overlay-gradient":""}},"ast-content-background-meta":{"desktop":{"background-color":"var(--ast-global-color-5)","background-image":"","background-repeat":"repeat","background-position":"center center","background-size":"auto","background-attachment":"scroll","background-type":"","background-media":"","overlay-type":"","overlay-color":"","overlay-opacity":"","overlay-gradient":""},"tablet":{"background-color":"var(--ast-global-color-5)","background-image":"","background-repeat":"repeat","background-position":"center center","background-size":"auto","background-attachment":"scroll","background-type":"","background-media":"","overlay-type":"","overlay-color":"","overlay-opacity":"","overlay-gradient":""},"mobile":{"background-color":"var(--ast-global-color-5)","background-image":"","background-repeat":"repeat","background-position":"center center","background-size":"auto","background-attachment":"scroll","background-type":"","background-media":"","overlay-type":"","overlay-color":"","overlay-opacity":"","overlay-gradient":""}}},"product_brand":[],"product_cat":[527,388,323],"product_tag":[],"class_list":{"0":"post-53406","1":"product","2":"type-product","3":"status-publish","4":"has-post-thumbnail","6":"product_cat-abc-design-fi","7":"product_cat-istuintyynyt","8":"product_cat-trimmaustarvikkeet","9":"desktop-align-left","10":"tablet-align-left","11":"mobile-align-left","13":"first","14":"instock","15":"taxable","16":"shipping-taxable","17":"purchasable","18":"product-type-variable"},"acf":[],"aioseo_notices":[],"_links":{"self":[{"href":"https:\/\/hummy.ee\/fi\/wp-json\/wp\/v2\/product\/53406","targetHints":{"allow":["GET"]}}],"collection":[{"href":"https:\/\/hummy.ee\/fi\/wp-json\/wp\/v2\/product"}],"about":[{"href":"https:\/\/hummy.ee\/fi\/wp-json\/wp\/v2\/types\/product"}],"replies":[{"embeddable":true,"href":"https:\/\/hummy.ee\/fi\/wp-json\/wp\/v2\/comments?post=53406"}],"version-history":[{"count":10,"href":"https:\/\/hummy.ee\/fi\/wp-json\/wp\/v2\/product\/53406\/revisions"}],"predecessor-version":[{"id":87114,"href":"https:\/\/hummy.ee\/fi\/wp-json\/wp\/v2\/product\/53406\/revisions\/87114"}],"wp:featuredmedia":[{"embeddable":true,"href":"https:\/\/hummy.ee\/fi\/wp-json\/wp\/v2\/media\/39108"}],"wp:attachment":[{"href":"https:\/\/hummy.ee\/fi\/wp-json\/wp\/v2\/media?parent=53406"}],"wp:term":[{"taxonomy":"product_brand","embeddable":true,"href":"https:\/\/hummy.ee\/fi\/wp-json\/wp\/v2\/product_brand?post=53406"},{"taxonomy":"product_cat","embeddable":true,"href":"https:\/\/hummy.ee\/fi\/wp-json\/wp\/v2\/product_cat?post=53406"},{"taxonomy":"product_tag","embeddable":true,"href":"https:\/\/hummy.ee\/fi\/wp-json\/wp\/v2\/product_tag?post=53406"}],"curies":[{"name":"wp","href":"https:\/\/api.w.org\/{rel}","templated":true}]}}