{"id":53315,"date":"2024-11-09T08:29:18","date_gmt":"2024-11-09T08:29:18","guid":{"rendered":"https:\/\/hummy.ee\/product\/abc-design-salsa-5-juokseva-vaunu-vaunusarja\/"},"modified":"2026-03-18T20:32:12","modified_gmt":"2026-03-18T20:32:12","slug":"abc-design-salsa-5-juokseva-vaunu-vaunusarja","status":"publish","type":"product","link":"https:\/\/hummy.ee\/fi\/tuote\/abc-design-salsa-5-juokseva-vaunu-vaunusarja\/","title":{"rendered":"ABC Design Salsa 5 Run 2in1 yhdistelm\u00e4vaunut"},"content":{"rendered":"<h6><strong><em>Pakkaus sis\u00e4lt\u00e4\u00e4:<\/em><\/strong><\/h6>\n<ul data-spread=\"false\">\n<li>\n<h6>Pajut\u00f6it\u00e4<\/h6>\n<\/li>\n<li>\n<h6>Istuinosa (sis\u00e4lt\u00e4\u00e4 mukavuusistuimen)<\/h6>\n<\/li>\n<li>\n<h6>J\u00e4rjestelylaukku<\/h6>\n<\/li>\n<li>\n<h6>Uusi CozyCloud\u00ae-patja<\/h6>\n<\/li>\n<li>\n<h6>Turve<\/h6>\n<\/li>\n<li>\n<h6>XXL k\u00e4sivarren varjostin (UPF 50+)<\/h6>\n<\/li>\n<\/ul>\n<h6><strong><em>Tasainen ajokokemus miss\u00e4 tahansa maastossa<\/em><\/strong><\/h6>\n<ul>\n<li class=\"elementor-widget-container\">\n<h6>Kolme suurta ilmapy\u00f6r\u00e4\u00e4, lukittava etupy\u00f6r\u00e4 ja laadukas jousitus takaavat vakauden my\u00f6s ep\u00e4tasaisilla pinnoilla.<\/h6>\n<\/li>\n<li class=\"elementor-widget-container\">\n<h6>Ty\u00f6nt\u00f6aisan k\u00e4si- ja seisontajarrut, luotettavat ketjujarrut ja rannehihna lis\u00e4\u00e4v\u00e4t turvallisuutta.<\/h6>\n<\/li>\n<li class=\"elementor-widget-container\">\n<h6>Heijastavat nauhat parantavat n\u00e4kyvyytt\u00e4 h\u00e4m\u00e4r\u00e4ss\u00e4.<\/h6>\n<\/li>\n<li class=\"elementor-widget-container\">\n<h6>Pehmustettu istuin voidaan asettaa vaakasuoraan asentoon, mik\u00e4 tarjoaa lapselle maksimaalisen mukavuuden.<\/h6>\n<\/li>\n<li>\n<h6>Portaattomasti s\u00e4\u00e4dett\u00e4v\u00e4t HappyBelt 5-pistevaljaat takaavat turvallisen istuma-asennon.<\/h6>\n<\/li>\n<\/ul>\n<h6><strong><em>K\u00e4yt\u00e4nn\u00f6llinen ja ergonominen muotoilu<\/em><\/strong><\/h6>\n<ul>\n<li>\n<h6>S\u00e4\u00e4dett\u00e4v\u00e4 ty\u00f6nt\u00f6kahva - mukava jokaiselle vanhemmalle<\/h6>\n<\/li>\n<li>\n<h6>HappyBelt-turvavy\u00f6j\u00e4rjestelm\u00e4 - nopea ja helppo kiinnitys.<\/h6>\n<\/li>\n<li>\n<h6>Pehmustetut olkahihnat - tarjoavat lis\u00e4mukavuutta<\/h6>\n<\/li>\n<li>\n<h6>Kompakti kokoontaitettava muotoilu - helppo kuljettaa ja s\u00e4ilytt\u00e4\u00e4<\/h6>\n<\/li>\n<li>\n<h6>Jokap\u00e4iv\u00e4iseen k\u00e4ytt\u00f6\u00f6n ja urheiluun Salsa 5 Run -juoksumatto ei ole tarkoitettu vain urheiluun. Sit\u00e4 voi k\u00e4ytt\u00e4\u00e4 my\u00f6s jokap\u00e4iv\u00e4isiin k\u00e4velylenkkeihin ja retkiin.<\/h6>\n<\/li>\n<li>\n<h6>Sarjan mukana tulee ABC Design -vaunukoppa, joten se sopii k\u00e4ytett\u00e4v\u00e4ksi syntym\u00e4st\u00e4 l\u00e4htien.<\/h6>\n<\/li>\n<\/ul>\n<h6><strong><em>Lis\u00e4ominaisuudet:<\/em><\/strong><\/h6>\n<ul>\n<li style=\"list-style-type: none;\">\n<ul data-spread=\"false\">\n<li>\n<h6>Py\u00f6r\u00e4t, joissa on jousitus ja laakerit<\/h6>\n<\/li>\n<li>\n<h6>Ilmapy\u00f6r\u00e4t<\/h6>\n<\/li>\n<li>\n<h6>Py\u00f6riv\u00e4t py\u00f6r\u00e4t<\/h6>\n<\/li>\n<li>\n<h6>Mahdollisuus kiinnitt\u00e4\u00e4 kehikko runkoon.<\/h6>\n<\/li>\n<li>\n<h6>S\u00e4\u00e4dett\u00e4v\u00e4 selk\u00e4noja ja jalkatuki<\/h6>\n<\/li>\n<li>\n<h6>Vett\u00e4 hylkiv\u00e4 materiaali<\/h6>\n<\/li>\n<li>\n<h6>Irrotettavat py\u00f6r\u00e4t ja turvakaari<\/h6>\n<\/li>\n<li>\n<h6>Suuri kori (enint\u00e4\u00e4n 5 kg)<\/h6>\n<\/li>\n<li>\n<h6>K\u00e4\u00e4nnett\u00e4v\u00e4 istuin<\/h6>\n<\/li>\n<li>\n<h6>Kuljetuslukko<\/h6>\n<\/li>\n<li>\n<h6>K\u00e4\u00e4nnett\u00e4v\u00e4 istuin<\/h6>\n<\/li>\n<li>\n<h6>Universaalit kiinnityspisteet<\/h6>\n<\/li>\n<li>\n<h6>Yksiosainen kokoontaitettava<\/h6>\n<\/li>\n<li data-start=\"2628\" data-end=\"2703\">\n<h6>Sopii i\u00e4lle: syntym\u00e4st\u00e4 22 kg:n vauvan painoon asti.<\/h6>\n<\/li>\n<li data-start=\"2704\" data-end=\"2741\">\n<h6>Suurin kantavuus: 27 kg (lapsi enint\u00e4\u00e4n 22 kg + 5 kg lis\u00e4\u00e4 korissa).<\/h6>\n<\/li>\n<\/ul>\n<\/li>\n<\/ul>\n<h6><\/h6>\n<h6 data-start=\"2171\" data-end=\"2295\">Salsa 5 Run -rattaita voidaan k\u00e4ytt\u00e4\u00e4 my\u00f6s kantokopan kanssa, mik\u00e4 tekee siit\u00e4 k\u00e4yt\u00e4nn\u00f6llisen matkustusj\u00e4rjestelm\u00e4n. Sopii seuraaviin malleihin:<\/h6>\n<ul>\n<li>\n<h6>ABC Design: Tulppaani<\/h6>\n<\/li>\n<li>\n<h6>Maxi-Cosi: City, Convertible-Fix, Coral, Pebble, Pebble Plus, Pebble Pro, Pebble 360, Pebble 360 Pro, Pebble 360 Pro 2.<\/h6>\n<\/li>\n<li>\n<h6>Cybex: Aton, Aton 5, Aton M, Aton M i-size, Aton Q, Aton Q Plus, Aton Q i-size, Cloud T, Cloud Q, Cloud Q Plus, Cloud Z i-size, Cloud Z2 i-size.<\/h6>\n<\/li>\n<li>\n<h6>Joie: i-Gemm<\/h6>\n<\/li>\n<li>\n<h6>BeSafe: iZi Go Modulaarinen X1 i-Size<\/h6>\n<\/li>\n<li>\n<h6>Avionautti: Cosmo, Pixel, Pro<\/h6>\n<\/li>\n<li>\n<h6>Nuna: Pipa Next i-Size, ARRA Next: Pipa Next i-Size, ARRA Next<\/h6>\n<\/li>\n<\/ul>\n<h6 data-start=\"2599\" data-end=\"2627\"><\/h6>\n<h6><em>Katso <a href=\"https:\/\/www.youtube.com\/watch?v=CTDmPW1ZHTo\">esittelyvideo<\/a>, josta saat lis\u00e4tietoja.<\/em><\/h6>\n<h6><\/h6>\n<h6><em>Oikeat py\u00f6r\u00e4t tekev\u00e4t lastenrattaiden k\u00e4yt\u00f6st\u00e4 paljon mukavampaa! Lue Hummy <a href=\"https:\/\/hummy.ee\/fi\/mitka-pyorilla-varustetut-lastenrattaat-minun-pitaisi-valita\/\" target=\"_blank\" rel=\"nofollow noopener\">-blogista<\/a>, miten voit valita itsellesi sopivan ratkaisun. <\/em><\/h6>\n","protected":false},"excerpt":{"rendered":"<div class=\"elementor-element elementor-element-c67379b elementor-widget elementor-widget-woocommerce-product-short-description\" data-id=\"c67379b\" data-element_type=\"widget\" data-widget_type=\"woocommerce-product-short-description.default\">\n<div class=\"elementor-widget-container\">\n<div class=\"woocommerce-product-details__short-description\">\n<h6 data-pm-slice=\"1 1 []\">ABC Design Salsa 5 Run -rattaat - urheilullinen ja mukava aktiivisille perheille. Tutustu lenkkivaunuihin, jotka tekev\u00e4t lapsestasi treenikaverin. Olipa kyse sitten aamulenkist\u00e4 tai t\u00f6iden j\u00e4lkeisest\u00e4 rullaluistelusta, t\u00e4m\u00e4 kevyt ja mukava lastenvaunusarja tukee aktiivista el\u00e4m\u00e4ntapaa ja tarjoaa lapsellesi turvallisen ja vakaan ajokokemuksen.<\/h6>\n<\/div>\n<\/div>\n<\/div>\n<p><!-- \/wp:heading --><\/p>\n<p><!-- wp:paragraph --><\/p>\n","protected":false},"featured_media":41636,"comment_status":"closed","ping_status":"closed","template":"","meta":{"_acf_changed":false,"om_disable_all_campaigns":false,"_monsterinsights_skip_tracking":false,"_monsterinsights_sitenote_active":false,"_monsterinsights_sitenote_note":"","_monsterinsights_sitenote_category":0,"_uf_show_specific_survey":0,"_uf_disable_surveys":false,"site-sidebar-layout":"default","site-content-layout":"","ast-site-content-layout":"default","site-content-style":"default","site-sidebar-style":"default","ast-global-header-display":"","ast-banner-title-visibility":"","ast-main-header-display":"","ast-hfb-above-header-display":"","ast-hfb-below-header-display":"","ast-hfb-mobile-header-display":"","site-post-title":"","ast-breadcrumbs-content":"","ast-featured-img":"","footer-sml-layout":"","theme-transparent-header-meta":"default","adv-header-id-meta":"","stick-header-meta":"","header-above-stick-meta":"","header-main-stick-meta":"","header-below-stick-meta":"","astra-migrate-meta-layouts":"set","ast-page-background-enabled":"default","ast-page-background-meta":{"desktop":{"background-color":"var(--ast-global-color-4)","background-image":"","background-repeat":"repeat","background-position":"center center","background-size":"auto","background-attachment":"scroll","background-type":"","background-media":"","overlay-type":"","overlay-color":"","overlay-opacity":"","overlay-gradient":""},"tablet":{"background-color":"","background-image":"","background-repeat":"repeat","background-position":"center center","background-size":"auto","background-attachment":"scroll","background-type":"","background-media":"","overlay-type":"","overlay-color":"","overlay-opacity":"","overlay-gradient":""},"mobile":{"background-color":"","background-image":"","background-repeat":"repeat","background-position":"center center","background-size":"auto","background-attachment":"scroll","background-type":"","background-media":"","overlay-type":"","overlay-color":"","overlay-opacity":"","overlay-gradient":""}},"ast-content-background-meta":{"desktop":{"background-color":"var(--ast-global-color-5)","background-image":"","background-repeat":"repeat","background-position":"center center","background-size":"auto","background-attachment":"scroll","background-type":"","background-media":"","overlay-type":"","overlay-color":"","overlay-opacity":"","overlay-gradient":""},"tablet":{"background-color":"var(--ast-global-color-5)","background-image":"","background-repeat":"repeat","background-position":"center center","background-size":"auto","background-attachment":"scroll","background-type":"","background-media":"","overlay-type":"","overlay-color":"","overlay-opacity":"","overlay-gradient":""},"mobile":{"background-color":"var(--ast-global-color-5)","background-image":"","background-repeat":"repeat","background-position":"center center","background-size":"auto","background-attachment":"scroll","background-type":"","background-media":"","overlay-type":"","overlay-color":"","overlay-opacity":"","overlay-gradient":""}}},"product_brand":[273],"product_cat":[527,410,319,574],"product_tag":[],"class_list":{"0":"post-53315","1":"product","2":"type-product","3":"status-publish","4":"has-post-thumbnail","6":"product_brand-abc-design","7":"product_cat-abc-design-fi","8":"product_cat-sailioauto","9":"product_cat-uncategorized-fi","10":"product_cat-urheilukarryt","11":"desktop-align-left","12":"tablet-align-left","13":"mobile-align-left","15":"first","16":"instock","17":"sale","18":"taxable","19":"shipping-taxable","20":"purchasable","21":"product-type-variable"},"acf":[],"aioseo_notices":[],"_links":{"self":[{"href":"https:\/\/hummy.ee\/fi\/wp-json\/wp\/v2\/product\/53315","targetHints":{"allow":["GET"]}}],"collection":[{"href":"https:\/\/hummy.ee\/fi\/wp-json\/wp\/v2\/product"}],"about":[{"href":"https:\/\/hummy.ee\/fi\/wp-json\/wp\/v2\/types\/product"}],"replies":[{"embeddable":true,"href":"https:\/\/hummy.ee\/fi\/wp-json\/wp\/v2\/comments?post=53315"}],"version-history":[{"count":17,"href":"https:\/\/hummy.ee\/fi\/wp-json\/wp\/v2\/product\/53315\/revisions"}],"predecessor-version":[{"id":86195,"href":"https:\/\/hummy.ee\/fi\/wp-json\/wp\/v2\/product\/53315\/revisions\/86195"}],"wp:featuredmedia":[{"embeddable":true,"href":"https:\/\/hummy.ee\/fi\/wp-json\/wp\/v2\/media\/41636"}],"wp:attachment":[{"href":"https:\/\/hummy.ee\/fi\/wp-json\/wp\/v2\/media?parent=53315"}],"wp:term":[{"taxonomy":"product_brand","embeddable":true,"href":"https:\/\/hummy.ee\/fi\/wp-json\/wp\/v2\/product_brand?post=53315"},{"taxonomy":"product_cat","embeddable":true,"href":"https:\/\/hummy.ee\/fi\/wp-json\/wp\/v2\/product_cat?post=53315"},{"taxonomy":"product_tag","embeddable":true,"href":"https:\/\/hummy.ee\/fi\/wp-json\/wp\/v2\/product_tag?post=53315"}],"curies":[{"name":"wp","href":"https:\/\/api.w.org\/{rel}","templated":true}]}}