{"id":53299,"date":"2025-01-30T09:19:07","date_gmt":"2025-01-30T09:19:07","guid":{"rendered":"https:\/\/hummy.ee\/product\/abc-design-salsa-5-air-vaunusetti-maxi-cosi-pebble-360-pro%c2%b2-vaunujarjestelma\/"},"modified":"2026-04-14T18:34:32","modified_gmt":"2026-04-14T18:34:32","slug":"abc-design-salsa-5-air-yhdistelmavaunut-maxi-cosi","status":"publish","type":"product","link":"https:\/\/hummy.ee\/fi\/tuote\/abc-design-salsa-5-air-yhdistelmavaunut-maxi-cosi\/","title":{"rendered":"ABC Design Salsa 5 Air yhdistelm\u00e4vaunut + Maxi-Cosi turvakaukalo"},"content":{"rendered":"<h6><strong><em>Laatikon sis\u00e4lt\u00f6:<\/em><\/strong><\/h6>\n<ul>\n<li data-start=\"344\" data-end=\"872\">\n<h6>Vaunukoppa<\/h6>\n<\/li>\n<li data-start=\"344\" data-end=\"872\">\n<h6>Istuinosa<\/h6>\n<\/li>\n<li data-start=\"344\" data-end=\"872\">\n<h6>Organizer-vaunulaukku<\/h6>\n<\/li>\n<li data-start=\"344\" data-end=\"872\">\n<h6>CozyCloud\u00ae-patjat<\/h6>\n<\/li>\n<li data-start=\"344\" data-end=\"872\">\n<h6>Maxi-Cosi Pebble 360 Pro\u00b2 turvakaukalo<\/h6>\n<\/li>\n<li data-start=\"344\" data-end=\"872\">\n<h6>Turvakaukalon adapterit<\/h6>\n<\/li>\n<\/ul>\n<h6><\/h6>\n<h6><strong><em>Mukavuutta ja turvallisuutta ensimm\u00e4isest\u00e4 p\u00e4iv\u00e4st\u00e4 l\u00e4htien<\/em><\/strong><\/h6>\n<h6>Salsa 5 Air -vaunukoppa takaa vauvalle maksimaalisen mukavuuden ja turvallisuuden. Ergonominen CozyCloud\u00ae-patja yhdess\u00e4 hengitt\u00e4v\u00e4n materiaalin kanssa auttaa yll\u00e4pit\u00e4m\u00e4\u00e4n ihanteellisen nukkuma-asennon. Kahden erikseen avattavan tuuletusikkunan kautta varmistetaan optimaalinen ilmanvaihto, ja tarvittaessa vaunukopan voi helposti taittaa kokoon tilan s\u00e4\u00e4st\u00e4miseksi.<\/h6>\n<p>&nbsp;<\/p>\n<h6>Kun lapsi kasvaa, vaunukoppa voidaan korvata istuinosalla, joka mukautuu t\u00e4ysin lapsen tarpeisiin. S\u00e4\u00e4dett\u00e4v\u00e4n selk\u00e4nojan avulla voit valita nelj\u00e4n eri kallistuksen v\u00e4lill\u00e4, mukaan lukien t\u00e4ysin makuuasento. Hengitt\u00e4v\u00e4 istuintyyny ja selk\u00e4nojan tuuletusikkuna takaavat miellytt\u00e4v\u00e4n istumisilmaston.<\/h6>\n<p>&nbsp;<\/p>\n<h6>HappyBelt\u00ae 5-pistevaljaat, joissa on magneettikiinnikkeet, tekev\u00e4t lapsen kiinnitt\u00e4misest\u00e4 helppoa ja turvallista. Pehmustetut olkahihnat pysyv\u00e4t paikoillaan, jotta vauva olisi aina mukava ja turvallinen<\/h6>\n<h6><\/h6>\n<p>&nbsp;<\/p>\n<h6><strong><em>Helppok\u00e4ytt\u00f6inen ja kompakti rakenne<\/em><\/strong><\/h6>\n<h6>Salsa 5 Air -yhdistelm\u00e4vaunut sopivat erinomaisesti eripituisille vanhemmille. Ty\u00f6nt\u00f6aisan korkeutta voidaan s\u00e4\u00e4t\u00e4\u00e4, jotta l\u00f6yd\u00e4t itsellesi sopivan asennon. Kompaktin kokoontaittomekanismin ansiosta rattaat voidaan taittaa nopeasti ja helposti kasaan, vaikka istuinosa olisi kiinnitetty runkoon.<\/h6>\n<h6>Lis\u00e4ksi ABC Designin universaali kiinnitysmekanismi mahdollistaa lis\u00e4varusteiden, kuten mukitelineen, hoitolaukun tai valaisimen, kiinnitt\u00e4misen rattaisiin.<\/h6>\n<p>&nbsp;<\/p>\n<h6><strong><em>Maxi-Cosi Pebble 360 Pro\u00b2 -turvakaukalo \u2013 turvallinen ja mukava automatkoille<\/em><\/strong><\/h6>\n<h6>Pakkaukseen sis\u00e4ltyv\u00e4 Maxi-Cosi Pebble 360 Pro\u00b2 -turvakaukalo tarjoaa huippuluokan turvallisuutta ja mukavuutta. Sen kolme makuuasentoa, mukaan lukien t\u00e4ysin vaakasuora lepoasento, takaavat lapselle rauhallisen ja ergonomisen lepoasennon sek\u00e4 autossa ett\u00e4 rattaissa.<\/h6>\n<p>&nbsp;<\/p>\n<h6><strong><em>Korjausvaihtoehdot:<\/em><\/strong><\/h6>\n<ul>\n<li>\n<h6>K\u00e4ytet\u00e4\u00e4n auton 3-pisteturvavy\u00f6n kanssa.<\/h6>\n<\/li>\n<li>\n<h6>Yhteensopiva Isofix-alusta <a href=\"https:\/\/hummy.ee\/fi\/tuote\/maxi-cosi-familyfix-360-pro-alusta\/\" target=\"_blank\" rel=\"noopener\">FamilyFix 360 Pro<\/a>, joka mahdollistaa turvakaukalon k\u00e4\u00e4nt\u00e4misen ja k\u00e4\u00e4nt\u00e4misen kohti vanhempaa (myyd\u00e4\u00e4n erikseen).<\/h6>\n<\/li>\n<\/ul>\n<h6>Turvakaukalo sopii vastasyntyneille syntym\u00e4st\u00e4 noin 18 kuukauden ik\u00e4\u00e4n (40\u201387 cm), ja se on saanut Stiftung Warentestin korkean arvosanan (\u2018HYV\u00c4\u2019, 2,2, kes\u00e4kuu 2024). ClimaFlow-ventilaatio ja hengitt\u00e4v\u00e4t materiaalit takaavat optimaalisen ilmanvaihdon, ja irrotettava vastasyntyneen tukityyny auttaa tukemaan vauvan asentoa.<\/h6>\n<h6><\/h6>\n<p>&nbsp;<\/p>\n<h6><strong><em>Travel system \u2013 sujuva siirtyminen autosta rattaisiin<\/em><\/strong><\/h6>\n<h6>Mukana tulevien adapterien ansiosta Maxi-Cosi Pebble 360 Pro\u00b2 -turvakaukalo voidaan kiinnitt\u00e4\u00e4 nopeasti Salsa 5 Air -rattaisiin. T\u00e4m\u00e4 tarkoittaa, ett\u00e4 kun lapsi nukkuu autossa, turvakaukalo voidaan siirt\u00e4\u00e4 sujuvasti rattaisiin her\u00e4tt\u00e4m\u00e4tt\u00e4 lasta.<\/h6>\n<h6>Lis\u00e4ksi turvakaukalo on suunniteltu sopimaan Salsa 5 Air -yhdistelm\u00e4vaunuihin v\u00e4rin ja tyylin puolesta, tarjoten yhten\u00e4isen ja elegantin ilmeen.<\/h6>\n<h6><\/h6>\n<p>&nbsp;<\/p>\n<h6><em>Tutustu vaunusarjaan <a href=\"https:\/\/www.youtube.com\/watch?v=maCr4x398MI&amp;embeds_referring_euri=https%3A%2F%2Fwww.abc-design.de%2F&amp;embeds_referring_origin=https%3A%2F%2Fwww.abc-design.de\" target=\"_blank\" rel=\"noopener\">esittelyvideolla<\/a>.<\/em><\/h6>\n<p>&nbsp;<\/p>\n<h6 class=\"wp-block-column\"><em>Hyv\u00e4t py\u00f6r\u00e4t tekev\u00e4t lastenvaunujen k\u00e4yt\u00f6st\u00e4 huomattavasti mukavampaa! Katso lis\u00e4\u00e4 Hummy-<a href=\"https:\/\/hummy.ee\/fi\/mitka-pyorilla-varustetut-lastenrattaat-minun-pitaisi-valita\/\" target=\"_blank\" rel=\"nofollow noopener\">blogista <\/a>ja l\u00f6yd\u00e4 itsellesi sopivin ratkaisu. <\/em><\/h6>\n","protected":false},"excerpt":{"rendered":"<h6 class=\"lRu31\" dir=\"ltr\">T\u00e4m\u00e4n k\u00e4yt\u00e4nn\u00f6llisen ABC Design Salsa 5 Air -yhdistelm\u00e4vaunupaketin avulla vauvasi voi nauttia turvallisesta, mukavasta ja rentouttavasta matkasta alusta alkaen \u2013 niin rattaissa, autossa kuin travel systemin\u00e4 yhdess\u00e4 Maxi-Cosi-turvakaukalon kanssa. Lapsesi kokee maksimaalisen makuu- ja nukkumismukavuuden sek\u00e4 rattaissa ett\u00e4 turvakaukalossa, ja turvallisuus on aina taattu. Sen varmistavat kaksi laadukasta ja turvallista tuotetta yhdess\u00e4 paketissa: ABC Design Salsa 5 Air -yhdistelm\u00e4vaunut ja Maxi-Cosi Pebble 360 Pro\u00b2 -turvakaukalo.<\/h6>\n<h6><\/h6>\n","protected":false},"featured_media":40092,"comment_status":"open","ping_status":"closed","template":"","meta":{"_acf_changed":false,"om_disable_all_campaigns":false,"_monsterinsights_skip_tracking":false,"_monsterinsights_sitenote_active":false,"_monsterinsights_sitenote_note":"","_monsterinsights_sitenote_category":0,"_uf_show_specific_survey":0,"_uf_disable_surveys":false,"site-sidebar-layout":"no-sidebar","site-content-layout":"","ast-site-content-layout":"full-width-container","site-content-style":"default","site-sidebar-style":"default","ast-global-header-display":"","ast-banner-title-visibility":"","ast-main-header-display":"","ast-hfb-above-header-display":"","ast-hfb-below-header-display":"","ast-hfb-mobile-header-display":"","site-post-title":"disabled","ast-breadcrumbs-content":"","ast-featured-img":"disabled","footer-sml-layout":"","theme-transparent-header-meta":"default","adv-header-id-meta":"","stick-header-meta":"","header-above-stick-meta":"","header-main-stick-meta":"","header-below-stick-meta":"","astra-migrate-meta-layouts":"set","ast-page-background-enabled":"default","ast-page-background-meta":{"desktop":{"background-color":"var(--ast-global-color-4)","background-image":"","background-repeat":"repeat","background-position":"center center","background-size":"auto","background-attachment":"scroll","background-type":"","background-media":"","overlay-type":"","overlay-color":"","overlay-opacity":"","overlay-gradient":""},"tablet":{"background-color":"","background-image":"","background-repeat":"repeat","background-position":"center center","background-size":"auto","background-attachment":"scroll","background-type":"","background-media":"","overlay-type":"","overlay-color":"","overlay-opacity":"","overlay-gradient":""},"mobile":{"background-color":"","background-image":"","background-repeat":"repeat","background-position":"center center","background-size":"auto","background-attachment":"scroll","background-type":"","background-media":"","overlay-type":"","overlay-color":"","overlay-opacity":"","overlay-gradient":""}},"ast-content-background-meta":{"desktop":{"background-color":"var(--ast-global-color-5)","background-image":"","background-repeat":"repeat","background-position":"center center","background-size":"auto","background-attachment":"scroll","background-type":"","background-media":"","overlay-type":"","overlay-color":"","overlay-opacity":"","overlay-gradient":""},"tablet":{"background-color":"var(--ast-global-color-5)","background-image":"","background-repeat":"repeat","background-position":"center center","background-size":"auto","background-attachment":"scroll","background-type":"","background-media":"","overlay-type":"","overlay-color":"","overlay-opacity":"","overlay-gradient":""},"mobile":{"background-color":"var(--ast-global-color-5)","background-image":"","background-repeat":"repeat","background-position":"center center","background-size":"auto","background-attachment":"scroll","background-type":"","background-media":"","overlay-type":"","overlay-color":"","overlay-opacity":"","overlay-gradient":""}}},"product_brand":[],"product_cat":[527,410,319],"product_tag":[],"class_list":{"0":"post-53299","1":"product","2":"type-product","3":"status-publish","4":"has-post-thumbnail","6":"product_cat-abc-design-fi","7":"product_cat-sailioauto","8":"product_cat-uncategorized-fi","9":"desktop-align-left","10":"tablet-align-left","11":"mobile-align-left","13":"first","14":"instock","15":"sale","16":"taxable","17":"shipping-taxable","18":"purchasable","19":"product-type-variable"},"acf":[],"aioseo_notices":[],"_links":{"self":[{"href":"https:\/\/hummy.ee\/fi\/wp-json\/wp\/v2\/product\/53299","targetHints":{"allow":["GET"]}}],"collection":[{"href":"https:\/\/hummy.ee\/fi\/wp-json\/wp\/v2\/product"}],"about":[{"href":"https:\/\/hummy.ee\/fi\/wp-json\/wp\/v2\/types\/product"}],"replies":[{"embeddable":true,"href":"https:\/\/hummy.ee\/fi\/wp-json\/wp\/v2\/comments?post=53299"}],"version-history":[{"count":18,"href":"https:\/\/hummy.ee\/fi\/wp-json\/wp\/v2\/product\/53299\/revisions"}],"predecessor-version":[{"id":86770,"href":"https:\/\/hummy.ee\/fi\/wp-json\/wp\/v2\/product\/53299\/revisions\/86770"}],"wp:featuredmedia":[{"embeddable":true,"href":"https:\/\/hummy.ee\/fi\/wp-json\/wp\/v2\/media\/40092"}],"wp:attachment":[{"href":"https:\/\/hummy.ee\/fi\/wp-json\/wp\/v2\/media?parent=53299"}],"wp:term":[{"taxonomy":"product_brand","embeddable":true,"href":"https:\/\/hummy.ee\/fi\/wp-json\/wp\/v2\/product_brand?post=53299"},{"taxonomy":"product_cat","embeddable":true,"href":"https:\/\/hummy.ee\/fi\/wp-json\/wp\/v2\/product_cat?post=53299"},{"taxonomy":"product_tag","embeddable":true,"href":"https:\/\/hummy.ee\/fi\/wp-json\/wp\/v2\/product_tag?post=53299"}],"curies":[{"name":"wp","href":"https:\/\/api.w.org\/{rel}","templated":true}]}}