{"id":53073,"date":"2024-10-07T08:58:57","date_gmt":"2024-10-07T08:58:57","guid":{"rendered":"https:\/\/hummy.ee\/product\/iglu-pelisarja-mega-fun-slider\/"},"modified":"2026-02-22T13:31:21","modified_gmt":"2026-02-22T13:31:21","slug":"iglu-pelisarja-mega-fun-slider","status":"publish","type":"product","link":"https:\/\/hummy.ee\/fi\/tuote\/iglu-pelisarja-mega-fun-slider\/","title":{"rendered":"IGLU pelisarja - Mega Fun Slider"},"content":{"rendered":"<ul>\n<li>\n<h6>IGLU Hell\u00e4varaiset, halattavat palikat ovat kuin yst\u00e4vi\u00e4, jotka kehitt\u00e4v\u00e4t lasten liikkumista ja motorisia taitoja. Erilaiset muodot auttavat lapsia kehitt\u00e4m\u00e4\u00e4n koordinaatiota ja motorisia taitoja - sormien liikuttelusta ry\u00f6mimiseen, kiipeilyyn ja korkeuksien tutkimiseen.<\/h6>\n<\/li>\n<li>\n<h6>Nauraminen sisarusten, yst\u00e4vien ja kavereiden kanssa edist\u00e4\u00e4 sosiaalisia taitoja, synnytt\u00e4\u00e4 keskusteluja ja sitoo ihmisi\u00e4. Yhteisty\u00f6 vanhempien tai yst\u00e4vien kanssa auttaa oppimaan nopeasti ja omaksumaan siistej\u00e4 geometrisia muotoja ja kirkkaita v\u00e4rej\u00e4. Muotojen \u00e4\u00e4ret\u00f6n yhdistelm\u00e4 on kuin aarrearkku, josta voi luoda mielikuvitusmaailmoja - linnoja, linnoituksia ja paljon muuta.<\/h6>\n<\/li>\n<li>\n<h6>Kun lapset kasvavat, n\u00e4ist\u00e4 muodoista tulee loistavia ty\u00f6kaluja. Rakenna esteit\u00e4, valloita portaat s\u00e4nkyihin ja tuoleihin - mahdollisuudet ovat rajattomat. Jopa lemmikkiel\u00e4imet liittyv\u00e4t mielell\u00e4\u00e4n mukaan hauskanpitoon. My\u00f6s aikuiset voivat k\u00e4ytt\u00e4\u00e4 muotoja esimerkiksi tietokoneen alustana.<\/h6>\n<\/li>\n<\/ul>\n<h6><\/h6>\n<h6><\/h6>\n<h6><em><strong data-start=\"504\" data-end=\"532\">Miksi valita IGLU leikkiv\u00e4line?<\/strong><\/em><\/h6>\n<ul>\n<li>\n<h6>Lis\u00e4\u00e4 fyysist\u00e4 aktiivisuutta<\/h6>\n<\/li>\n<li>\n<h6>Lis\u00e4\u00e4 luovuutta ja mielikuvitusta<\/h6>\n<\/li>\n<li>\n<h6>Auttaa hallitsemaan ylim\u00e4\u00e4r\u00e4ist\u00e4 energiaa ja stressi\u00e4<\/h6>\n<\/li>\n<li>\n<h6>Tarjoaa aistien stimulointia<\/h6>\n<\/li>\n<li>\n<h6>Pit\u00e4\u00e4 lapset erossa n\u00e4yt\u00f6ist\u00e4<\/h6>\n<\/li>\n<li>\n<h6>Kehitt\u00e4\u00e4 sosiaalisia taitoja, kuten jakamista ja yhteisty\u00f6t\u00e4<\/h6>\n<\/li>\n<\/ul>\n<h6><\/h6>\n<h6><\/h6>\n<h6>IGLU palikat on valmistettu vahvasta, 100-prosenttisesti kierr\u00e4tett\u00e4v\u00e4st\u00e4, korkealaatuisesta vaahtomuovista, jossa on suljettu solurakenne - pehme\u00e4 ja eritt\u00e4in kevyt. P\u00e4\u00e4llystetty kest\u00e4v\u00e4ll\u00e4 vegaaninahalla. Palikat ovat vahvoja ja pehmeit\u00e4, niiss\u00e4 on miellytt\u00e4v\u00e4 pintak\u00e4sittely, niit\u00e4 on helppo huoltaa, ne s\u00e4ilytt\u00e4v\u00e4t hyvin muotonsa ja ne on testattu haitallisten aineiden varalta. IGLU leikkisarjat ovat CE-merkittyj\u00e4 EU-direktiivin 88\/378\/ mukaisesti ja t\u00e4ysin turvallisia pienille lapsille.<\/h6>\n<h6><\/h6>\n<h6><img decoding=\"async\" class=\"\" src=\"https:\/\/iglusoftplay.eu\/cdn\/shop\/files\/ikonas_enviroment-01_061d9a06-5ad9-4fb7-a868-c7b23eff39bb_1.png?v=1700659334\" width=\"50\" height=\"50\" \/>BPA+ ftalaatiton<\/h6>\n<h6><img decoding=\"async\" class=\"\" src=\"https:\/\/iglusoftplay.eu\/cdn\/shop\/files\/ikonas_enviroment-04_5c6aa86a-aa33-4666-949c-b2f12b5af4ef_1.png?v=1700659334\" width=\"50\" height=\"50\" \/>Helppo puhdistaa<\/h6>\n<h6><img decoding=\"async\" class=\"\" src=\"https:\/\/iglusoftplay.eu\/cdn\/shop\/files\/ikonas_enviroment-03_543f8be0-895f-4ba5-9b54-80ea85594c82_1.png?v=1700659334\" width=\"50\" height=\"50\" \/>Luotu kest\u00e4v\u00e4sti<\/h6>\n<p>&nbsp;<\/p>\n<h6><em>Tutustu leikkisarjojen <a href=\"https:\/\/hummy.ee\/fi\/iglu-johdanto\/\" target=\"_blank\" rel=\"noopener\">valikoimaan<\/a> osoitteessa IGLU.<\/em><\/h6>\n","protected":false},"excerpt":{"rendered":"<h6>Hauskanpito alkakoon! Tutustu pehme\u00e4n leikin maailmaan askel kerrallaan. Mega Fun Slider -sarjamme avaa lapsellesi j\u00e4nnitt\u00e4v\u00e4n maailman, joka kutsuu h\u00e4net kiipeilem\u00e4\u00e4n ja liukumaan. Se on seikkailu, joka odottaa l\u00f6yt\u00e4mist\u00e4. Mega Fun Slider -leikkisetti on suunniteltu kest\u00e4m\u00e4\u00e4n tuntikausia innokasta leikki\u00e4, ja se on kest\u00e4v\u00e4 ja suunniteltu pitk\u00e4aikaiseen viihteeseen.<\/h6>\n","protected":false},"featured_media":81728,"comment_status":"closed","ping_status":"closed","template":"","meta":{"_acf_changed":false,"om_disable_all_campaigns":false,"_monsterinsights_skip_tracking":false,"_monsterinsights_sitenote_active":false,"_monsterinsights_sitenote_note":"","_monsterinsights_sitenote_category":0,"_uf_show_specific_survey":0,"_uf_disable_surveys":false,"site-sidebar-layout":"default","site-content-layout":"","ast-site-content-layout":"default","site-content-style":"default","site-sidebar-style":"default","ast-global-header-display":"","ast-banner-title-visibility":"","ast-main-header-display":"","ast-hfb-above-header-display":"","ast-hfb-below-header-display":"","ast-hfb-mobile-header-display":"","site-post-title":"","ast-breadcrumbs-content":"","ast-featured-img":"","footer-sml-layout":"","theme-transparent-header-meta":"default","adv-header-id-meta":"","stick-header-meta":"","header-above-stick-meta":"","header-main-stick-meta":"","header-below-stick-meta":"","astra-migrate-meta-layouts":"set","ast-page-background-enabled":"default","ast-page-background-meta":{"desktop":{"background-color":"var(--ast-global-color-4)","background-image":"","background-repeat":"repeat","background-position":"center center","background-size":"auto","background-attachment":"scroll","background-type":"","background-media":"","overlay-type":"","overlay-color":"","overlay-opacity":"","overlay-gradient":""},"tablet":{"background-color":"","background-image":"","background-repeat":"repeat","background-position":"center center","background-size":"auto","background-attachment":"scroll","background-type":"","background-media":"","overlay-type":"","overlay-color":"","overlay-opacity":"","overlay-gradient":""},"mobile":{"background-color":"","background-image":"","background-repeat":"repeat","background-position":"center center","background-size":"auto","background-attachment":"scroll","background-type":"","background-media":"","overlay-type":"","overlay-color":"","overlay-opacity":"","overlay-gradient":""}},"ast-content-background-meta":{"desktop":{"background-color":"var(--ast-global-color-5)","background-image":"","background-repeat":"repeat","background-position":"center center","background-size":"auto","background-attachment":"scroll","background-type":"","background-media":"","overlay-type":"","overlay-color":"","overlay-opacity":"","overlay-gradient":""},"tablet":{"background-color":"var(--ast-global-color-5)","background-image":"","background-repeat":"repeat","background-position":"center center","background-size":"auto","background-attachment":"scroll","background-type":"","background-media":"","overlay-type":"","overlay-color":"","overlay-opacity":"","overlay-gradient":""},"mobile":{"background-color":"var(--ast-global-color-5)","background-image":"","background-repeat":"repeat","background-position":"center center","background-size":"auto","background-attachment":"scroll","background-type":"","background-media":"","overlay-type":"","overlay-color":"","overlay-opacity":"","overlay-gradient":""}}},"product_brand":[277],"product_cat":[503,461,464,462],"product_tag":[],"class_list":{"0":"post-53073","1":"product","2":"type-product","3":"status-publish","4":"has-post-thumbnail","6":"product_brand-iglu","7":"product_cat-iglu-fi-2","8":"product_cat-iglu-fi","9":"product_cat-lahjaideat","10":"product_cat-leikkikentat","11":"desktop-align-left","12":"tablet-align-left","13":"mobile-align-left","15":"first","16":"instock","17":"sale","18":"taxable","19":"shipping-taxable","20":"purchasable","21":"product-type-variable"},"acf":[],"aioseo_notices":[],"_links":{"self":[{"href":"https:\/\/hummy.ee\/fi\/wp-json\/wp\/v2\/product\/53073","targetHints":{"allow":["GET"]}}],"collection":[{"href":"https:\/\/hummy.ee\/fi\/wp-json\/wp\/v2\/product"}],"about":[{"href":"https:\/\/hummy.ee\/fi\/wp-json\/wp\/v2\/types\/product"}],"replies":[{"embeddable":true,"href":"https:\/\/hummy.ee\/fi\/wp-json\/wp\/v2\/comments?post=53073"}],"version-history":[{"count":5,"href":"https:\/\/hummy.ee\/fi\/wp-json\/wp\/v2\/product\/53073\/revisions"}],"predecessor-version":[{"id":84232,"href":"https:\/\/hummy.ee\/fi\/wp-json\/wp\/v2\/product\/53073\/revisions\/84232"}],"wp:featuredmedia":[{"embeddable":true,"href":"https:\/\/hummy.ee\/fi\/wp-json\/wp\/v2\/media\/81728"}],"wp:attachment":[{"href":"https:\/\/hummy.ee\/fi\/wp-json\/wp\/v2\/media?parent=53073"}],"wp:term":[{"taxonomy":"product_brand","embeddable":true,"href":"https:\/\/hummy.ee\/fi\/wp-json\/wp\/v2\/product_brand?post=53073"},{"taxonomy":"product_cat","embeddable":true,"href":"https:\/\/hummy.ee\/fi\/wp-json\/wp\/v2\/product_cat?post=53073"},{"taxonomy":"product_tag","embeddable":true,"href":"https:\/\/hummy.ee\/fi\/wp-json\/wp\/v2\/product_tag?post=53073"}],"curies":[{"name":"wp","href":"https:\/\/api.w.org\/{rel}","templated":true}]}}