{"id":52883,"date":"2024-10-03T09:37:20","date_gmt":"2024-10-03T09:37:20","guid":{"rendered":"https:\/\/hummy.ee\/product\/abc-design-korkeussovitin\/"},"modified":"2026-02-13T11:00:44","modified_gmt":"2026-02-13T11:00:44","slug":"abc-design-korkeussovitin","status":"publish","type":"product","link":"https:\/\/hummy.ee\/fi\/tuote\/abc-design-korkeussovitin\/","title":{"rendered":"ABC Design korkeussovitin"},"content":{"rendered":"<h6>Tuntuuko lastenrattaiden ty\u00f6nt\u00e4minen ep\u00e4mukavalta tai joudutko jatkuvasti kumartumaan? ABC Design Height Adapter nostaa vaunukoppaa tai istuinta +10 cm, mik\u00e4 lis\u00e4\u00e4 mukavuutta ja parantaa ryhti\u00e4. Se on t\u00e4ydellinen ratkaisu pitkille vanhemmille, jotka haluavat nauttia ergonomisesta ja stressitt\u00f6m\u00e4st\u00e4 k\u00e4velyst\u00e4.  <\/h6>\n<p>&nbsp;<\/p>\n<h6><strong><em>Miksi valita ABC Design korkeussovitin?<\/em><\/strong><\/h6>\n<ul>\n<li>\n<h6>Ergonominen muotoilu - parantaa ryhti\u00e4 ja v\u00e4hent\u00e4\u00e4 sel\u00e4n rasitusta.<\/h6>\n<\/li>\n<li>\n<h6>Helppo asentaa - sovitin on vakaa ja tukevasti kiinnitetty.<\/h6>\n<\/li>\n<li>\n<h6>Helpompi p\u00e4\u00e4sy vauvan luo - ei tarvitse kumartua, vauva on k\u00e4den ulottuvilla.<\/h6>\n<\/li>\n<li>\n<h6>Lis\u00e4\u00e4 lastenrattaiden jalkatilaa - enemm\u00e4n liikkumatilaa ja parempi tasapaino.<\/h6>\n<\/li>\n<li>\n<h6>Vahva ja kest\u00e4v\u00e4 - vankka ankkuri, joka takaa turvallisuuden.<\/h6>\n<\/li>\n<\/ul>\n<p>&nbsp;<\/p>\n<h6><strong><em>T\u00e4ydellinen ratkaisu pitkille vanhemmille<\/em><\/strong><\/h6>\n<h6>Monet vanhemmat kohtaavat ongelman, ett\u00e4 lastenrattaiden korkeus ei ole heille optimaalinen. T\u00e4m\u00e4 pakottaa heid\u00e4t nojaamaan jatkuvasti eteenp\u00e4in, mik\u00e4 voi aiheuttaa selk\u00e4kipuja ja ep\u00e4mukavuutta. ABC Design Height Adaptor ratkaisee t\u00e4m\u00e4n ongelman nostamalla lasta korkeammalle ja antamalla vanhemman s\u00e4ilytt\u00e4\u00e4 luonnollisen asennon.  <\/h6>\n<p>&nbsp;<\/p>\n<h6><strong><em>Korkeussovitin sopii seuraaviin ABC Design -vaunuihin:<\/em><\/strong><\/h6>\n<ul>\n<li>\n<h6>Salsa 5 Air - vaunukoppa, istuin, Tulip-teline ja muiden merkkien kehdot.<\/h6>\n<\/li>\n<li>\n<h6>Salsa 4 Air - Vaunukoppa, istuin, Tulip-teline ja muiden merkkien kehdot.<\/h6>\n<\/li>\n<li>\n<h6>Samba 2 -vaunukoppa, Tulip-teline ja muiden merkkien kehdot.<\/h6>\n<\/li>\n<li>\n<h6>Salsa 5 Run - vaunukoppa, Tulip-teline ja muiden merkkien kehdot.<\/h6>\n<\/li>\n<li>\n<h6>Zoom 2 -vaunukoppa, Tulip-telineeseen ja muiden merkkien kehtoihin.<\/h6>\n<\/li>\n<li>\n<h6>Ping 3 Trekking - Tulip kehto ja muiden merkkien kehdot.<\/h6>\n<\/li>\n<\/ul>\n<p>&nbsp;<\/p>\n<h6><strong><em>Yhteensopivuus suosittujen turvakaukaloiden kanssa<\/em><\/strong><\/h6>\n<ul>\n<li>\n<h6>ABC Design korkeussovitin, joka on yhteensopiva seuraavien telineiden kanssa:<\/h6>\n<\/li>\n<li>\n<h6>Maxi Cosi Pebble 360 Pro 2<\/h6>\n<\/li>\n<li>\n<h6>ABC Design Tulppaani<\/h6>\n<\/li>\n<li>\n<h6>Joie i-Gemm<\/h6>\n<\/li>\n<li>\n<h6>Maxi Cosi CabrioFix<\/h6>\n<\/li>\n<li>\n<h6>Maxi Cosi Coral<\/h6>\n<\/li>\n<li>\n<h6>Avionautti Cosmo<\/h6>\n<\/li>\n<li>\n<h6>Maxi Cosi Pebble 360<\/h6>\n<\/li>\n<li>\n<h6>Cybex Cloud T<\/h6>\n<\/li>\n<\/ul>\n<h6><\/h6>\n<h6>Tutustu ABC Design -korkeussovittimeen ja nauti mukavammasta ja ergonomisemmasta k\u00e4velykokemuksesta.<a href=\"https:\/\/hummy.ee\/fi\/abc-design\/\" target=\"_blank\" rel=\"noopener\"> ABC Design<\/a> lastenrattaiden kanssa.<\/h6>\n<p>&nbsp;<\/p>\n<h6><em>Katso <a href=\"https:\/\/www.youtube.com\/watch?v=p9GQ0Yc4Cqo\" target=\"_blank\" rel=\"noopener\">esittelyvideo<\/a>, josta saat lis\u00e4tietoja.<\/em><\/h6>\n","protected":false},"excerpt":{"rendered":"<p><!-- wp:paragraph --><\/p>\n<h6>Sovitin nostaa rattaiden tai Lastenrattaiden korkeutta (+10 cm), mik\u00e4 parantaa k\u00e4ytt\u00f6mukavuutta - ihanteellinen pidemmille vanhemmille. Korotettujen kiinnikkeiden ansiosta voit mukavammin ja helpommin laittaa vauvan rattaisiin tai ottaa h\u00e4net ulos ilman kumartumista. T\u00e4m\u00e4 helpottaa selk\u00e4\u00e4 ja tekee vaunuista helpommin k\u00e4sitelt\u00e4v\u00e4t.  <\/h6>\n<p><!-- \/wp:paragraph --><\/p>\n<p><!-- wp:paragraph --><\/p>\n<p><!-- \/wp:paragraph --><\/p>\n<p><!-- wp:heading {\"level\":4} --><\/p>\n<p><!-- \/wp:paragraph --><\/p>\n<p><!-- wp:heading {\"level\":4} --><\/p>\n<p><!-- \/wp:heading --><\/p>\n<p><!-- wp:paragraph --><\/p>\n","protected":false},"featured_media":38856,"comment_status":"closed","ping_status":"closed","template":"","meta":{"_acf_changed":false,"om_disable_all_campaigns":false,"_monsterinsights_skip_tracking":false,"_monsterinsights_sitenote_active":false,"_monsterinsights_sitenote_note":"","_monsterinsights_sitenote_category":0,"_uf_show_specific_survey":0,"_uf_disable_surveys":false,"site-sidebar-layout":"default","site-content-layout":"","ast-site-content-layout":"default","site-content-style":"default","site-sidebar-style":"default","ast-global-header-display":"","ast-banner-title-visibility":"","ast-main-header-display":"","ast-hfb-above-header-display":"","ast-hfb-below-header-display":"","ast-hfb-mobile-header-display":"","site-post-title":"","ast-breadcrumbs-content":"","ast-featured-img":"","footer-sml-layout":"","theme-transparent-header-meta":"default","adv-header-id-meta":"","stick-header-meta":"","header-above-stick-meta":"","header-main-stick-meta":"","header-below-stick-meta":"","astra-migrate-meta-layouts":"default","ast-page-background-enabled":"default","ast-page-background-meta":{"desktop":{"background-color":"var(--ast-global-color-4)","background-image":"","background-repeat":"repeat","background-position":"center center","background-size":"auto","background-attachment":"scroll","background-type":"","background-media":"","overlay-type":"","overlay-color":"","overlay-opacity":"","overlay-gradient":""},"tablet":{"background-color":"","background-image":"","background-repeat":"repeat","background-position":"center center","background-size":"auto","background-attachment":"scroll","background-type":"","background-media":"","overlay-type":"","overlay-color":"","overlay-opacity":"","overlay-gradient":""},"mobile":{"background-color":"","background-image":"","background-repeat":"repeat","background-position":"center center","background-size":"auto","background-attachment":"scroll","background-type":"","background-media":"","overlay-type":"","overlay-color":"","overlay-opacity":"","overlay-gradient":""}},"ast-content-background-meta":{"desktop":{"background-color":"var(--ast-global-color-5)","background-image":"","background-repeat":"repeat","background-position":"center center","background-size":"auto","background-attachment":"scroll","background-type":"","background-media":"","overlay-type":"","overlay-color":"","overlay-opacity":"","overlay-gradient":""},"tablet":{"background-color":"var(--ast-global-color-5)","background-image":"","background-repeat":"repeat","background-position":"center center","background-size":"auto","background-attachment":"scroll","background-type":"","background-media":"","overlay-type":"","overlay-color":"","overlay-opacity":"","overlay-gradient":""},"mobile":{"background-color":"var(--ast-global-color-5)","background-image":"","background-repeat":"repeat","background-position":"center center","background-size":"auto","background-attachment":"scroll","background-type":"","background-media":"","overlay-type":"","overlay-color":"","overlay-opacity":"","overlay-gradient":""}}},"product_brand":[273],"product_cat":[527,374,323],"product_tag":[],"class_list":{"0":"post-52883","1":"product","2":"type-product","3":"status-publish","4":"has-post-thumbnail","6":"product_brand-abc-design","7":"product_cat-abc-design-fi","8":"product_cat-sovittimet","9":"product_cat-trimmaustarvikkeet","10":"desktop-align-left","11":"tablet-align-left","12":"mobile-align-left","14":"first","15":"instock","16":"taxable","17":"shipping-taxable","18":"purchasable","19":"product-type-simple"},"acf":[],"aioseo_notices":[],"_links":{"self":[{"href":"https:\/\/hummy.ee\/fi\/wp-json\/wp\/v2\/product\/52883","targetHints":{"allow":["GET"]}}],"collection":[{"href":"https:\/\/hummy.ee\/fi\/wp-json\/wp\/v2\/product"}],"about":[{"href":"https:\/\/hummy.ee\/fi\/wp-json\/wp\/v2\/types\/product"}],"replies":[{"embeddable":true,"href":"https:\/\/hummy.ee\/fi\/wp-json\/wp\/v2\/comments?post=52883"}],"version-history":[{"count":2,"href":"https:\/\/hummy.ee\/fi\/wp-json\/wp\/v2\/product\/52883\/revisions"}],"predecessor-version":[{"id":80932,"href":"https:\/\/hummy.ee\/fi\/wp-json\/wp\/v2\/product\/52883\/revisions\/80932"}],"wp:featuredmedia":[{"embeddable":true,"href":"https:\/\/hummy.ee\/fi\/wp-json\/wp\/v2\/media\/38856"}],"wp:attachment":[{"href":"https:\/\/hummy.ee\/fi\/wp-json\/wp\/v2\/media?parent=52883"}],"wp:term":[{"taxonomy":"product_brand","embeddable":true,"href":"https:\/\/hummy.ee\/fi\/wp-json\/wp\/v2\/product_brand?post=52883"},{"taxonomy":"product_cat","embeddable":true,"href":"https:\/\/hummy.ee\/fi\/wp-json\/wp\/v2\/product_cat?post=52883"},{"taxonomy":"product_tag","embeddable":true,"href":"https:\/\/hummy.ee\/fi\/wp-json\/wp\/v2\/product_tag?post=52883"}],"curies":[{"name":"wp","href":"https:\/\/api.w.org\/{rel}","templated":true}]}}