{"id":52827,"date":"2024-10-02T07:05:02","date_gmt":"2024-10-02T07:05:02","guid":{"rendered":"https:\/\/hummy.ee\/product\/abc-design-hip-bag-vyotarolaukku\/"},"modified":"2025-09-06T18:38:05","modified_gmt":"2025-09-06T18:38:05","slug":"abc-design-hip-bag-vyotarolaukku","status":"publish","type":"product","link":"https:\/\/hummy.ee\/fi\/tuote\/abc-design-hip-bag-vyotarolaukku\/","title":{"rendered":"ABC Design Hip Bag vy\u00f6t\u00e4r\u00f6laukku"},"content":{"rendered":"<h6 data-start=\"491\" data-end=\"780\"><strong><em>Eleganssi ja kest\u00e4vyys<\/em><\/strong><br data-start=\"519\" data-end=\"522\">Hip Bag on valmistettu korkealaatuisista materiaaleista, ja sen vegaaninahkaiset yksityiskohdat lis\u00e4\u00e4v\u00e4t tyyli\u00e4 ja ylellisyytt\u00e4. Vedenpit\u00e4v\u00e4 kangas suojaa puhelinta, lompakkoa ja muita tavaroita kosteudelta ja lialta, mik\u00e4 takaa huolettoman k\u00e4yt\u00f6n kaikissa tilanteissa. <\/h6>\n<p>&nbsp;<\/p>\n<h6 data-start=\"782\" data-end=\"819\"><strong><em>\u00c4lykk\u00e4\u00e4sti j\u00e4rjestetty s\u00e4ilytystila<\/em><\/strong><\/h6>\n<ul data-start=\"820\" data-end=\"1067\">\n<li data-start=\"820\" data-end=\"897\">\n<h6>Ulkopuolinen vetoketjullinen tasku mahdollistaa nopean p\u00e4\u00e4syn v\u00e4ltt\u00e4m\u00e4tt\u00f6miin tavaroihin.<\/h6>\n<\/li>\n<li data-start=\"898\" data-end=\"1005\">\n<h6>Suuri sis\u00e4tasku, jossa on kaksi k\u00e4yt\u00e4nn\u00f6llist\u00e4 lokeroa sek\u00e4 vetoketjullinen tasku lis\u00e4turvaa varten.<\/h6>\n<\/li>\n<li data-start=\"1006\" data-end=\"1067\">\n<h6>Laukun takaosassa on liukutasku k\u00e4tev\u00e4\u00e4 s\u00e4ilytyst\u00e4 varten.<\/h6>\n<\/li>\n<\/ul>\n<h6 data-start=\"1069\" data-end=\"1124\"><strong><em>Tyylik\u00e4s ja mukava - t\u00e4ydellinen joka tilanteeseen!<\/em><\/strong><\/h6>\n<h6 data-start=\"1125\" data-end=\"1350\">ABC Design Vy\u00f6t\u00e4r\u00f6laukku tarjoaa mukavuutta, k\u00e4yt\u00e4nn\u00f6llisyytt\u00e4 ja ajatonta muotoilua, joten se on t\u00e4ydellinen valinta aktiiviselle ja tyylikk\u00e4\u00e4lle henkil\u00f6lle. L\u00f6yd\u00e4 t\u00e4ydellinen tasapaino toiminnallisuuden ja muodin v\u00e4lill\u00e4 - uusi suosikkilaukkusi odottaa sinua! <\/h6>\n<p>&nbsp;<\/p>\n<h6><em>Katso <a href=\"https:\/\/www.youtube.com\/watch?v=IK5twL5t2hI\">esittelyvideo <\/a>ja lue lis\u00e4\u00e4. <a href=\"https:\/\/hummy.ee\/fi\/abc-design\/\" target=\"_blank\" rel=\"noopener\">ABC Design<\/a> tuotevalikoimasta.<\/em><\/h6>\n<h6><\/h6>\n","protected":false},"excerpt":{"rendered":"<h6 data-start=\"111\" data-end=\"186\">ABC Design vy\u00f6t\u00e4r\u00f6laukku on tyylik\u00e4s ja k\u00e4yt\u00e4nn\u00f6llinen lantiolaukku jokaiseen p\u00e4iv\u00e4\u00e4n. Olitpa sitten kaupungilla, matkoilla tai nauttimassa arjesta, ABC Design vy\u00f6t\u00e4r\u00f6laukku on t\u00e4ydellinen kumppani. Siin\u00e4 yhdistyv\u00e4t tyyli ja k\u00e4yt\u00e4nn\u00f6llisyys. T\u00e4m\u00e4 monipuolinen lantiolaukku voi olla sek\u00e4 rinta- ett\u00e4 vy\u00f6t\u00e4r\u00f6laukku, ja se mukautuu t\u00e4ydellisesti tarpeisiisi s\u00e4\u00e4dett\u00e4v\u00e4n olkahihnan ansiosta.   <\/h6>\n","protected":false},"featured_media":41204,"comment_status":"closed","ping_status":"closed","template":"","meta":{"_acf_changed":false,"om_disable_all_campaigns":false,"_monsterinsights_skip_tracking":false,"_monsterinsights_sitenote_active":false,"_monsterinsights_sitenote_note":"","_monsterinsights_sitenote_category":0,"_uf_show_specific_survey":0,"_uf_disable_surveys":false,"site-sidebar-layout":"default","site-content-layout":"","ast-site-content-layout":"default","site-content-style":"default","site-sidebar-style":"default","ast-global-header-display":"","ast-banner-title-visibility":"","ast-main-header-display":"","ast-hfb-above-header-display":"","ast-hfb-below-header-display":"","ast-hfb-mobile-header-display":"","site-post-title":"","ast-breadcrumbs-content":"","ast-featured-img":"","footer-sml-layout":"","theme-transparent-header-meta":"default","adv-header-id-meta":"","stick-header-meta":"","header-above-stick-meta":"","header-main-stick-meta":"","header-below-stick-meta":"","astra-migrate-meta-layouts":"default","ast-page-background-enabled":"default","ast-page-background-meta":{"desktop":{"background-color":"var(--ast-global-color-4)","background-image":"","background-repeat":"repeat","background-position":"center center","background-size":"auto","background-attachment":"scroll","background-type":"","background-media":"","overlay-type":"","overlay-color":"","overlay-opacity":"","overlay-gradient":""},"tablet":{"background-color":"","background-image":"","background-repeat":"repeat","background-position":"center center","background-size":"auto","background-attachment":"scroll","background-type":"","background-media":"","overlay-type":"","overlay-color":"","overlay-opacity":"","overlay-gradient":""},"mobile":{"background-color":"","background-image":"","background-repeat":"repeat","background-position":"center center","background-size":"auto","background-attachment":"scroll","background-type":"","background-media":"","overlay-type":"","overlay-color":"","overlay-opacity":"","overlay-gradient":""}},"ast-content-background-meta":{"desktop":{"background-color":"var(--ast-global-color-5)","background-image":"","background-repeat":"repeat","background-position":"center center","background-size":"auto","background-attachment":"scroll","background-type":"","background-media":"","overlay-type":"","overlay-color":"","overlay-opacity":"","overlay-gradient":""},"tablet":{"background-color":"var(--ast-global-color-5)","background-image":"","background-repeat":"repeat","background-position":"center center","background-size":"auto","background-attachment":"scroll","background-type":"","background-media":"","overlay-type":"","overlay-color":"","overlay-opacity":"","overlay-gradient":""},"mobile":{"background-color":"var(--ast-global-color-5)","background-image":"","background-repeat":"repeat","background-position":"center center","background-size":"auto","background-attachment":"scroll","background-type":"","background-media":"","overlay-type":"","overlay-color":"","overlay-opacity":"","overlay-gradient":""}}},"product_brand":[273],"product_cat":[527,536,323],"product_tag":[329],"class_list":{"0":"post-52827","1":"product","2":"type-product","3":"status-publish","4":"has-post-thumbnail","6":"product_brand-abc-design","7":"product_cat-abc-design-fi","8":"product_cat-laukut-ja-reput","9":"product_cat-trimmaustarvikkeet","10":"product_tag-erilliset-tuotteet","11":"desktop-align-left","12":"tablet-align-left","13":"mobile-align-left","15":"first","16":"instock","17":"taxable","18":"shipping-taxable","19":"purchasable","20":"product-type-variable"},"acf":[],"aioseo_notices":[],"_links":{"self":[{"href":"https:\/\/hummy.ee\/fi\/wp-json\/wp\/v2\/product\/52827","targetHints":{"allow":["GET"]}}],"collection":[{"href":"https:\/\/hummy.ee\/fi\/wp-json\/wp\/v2\/product"}],"about":[{"href":"https:\/\/hummy.ee\/fi\/wp-json\/wp\/v2\/types\/product"}],"replies":[{"embeddable":true,"href":"https:\/\/hummy.ee\/fi\/wp-json\/wp\/v2\/comments?post=52827"}],"version-history":[{"count":1,"href":"https:\/\/hummy.ee\/fi\/wp-json\/wp\/v2\/product\/52827\/revisions"}],"predecessor-version":[{"id":67218,"href":"https:\/\/hummy.ee\/fi\/wp-json\/wp\/v2\/product\/52827\/revisions\/67218"}],"wp:featuredmedia":[{"embeddable":true,"href":"https:\/\/hummy.ee\/fi\/wp-json\/wp\/v2\/media\/41204"}],"wp:attachment":[{"href":"https:\/\/hummy.ee\/fi\/wp-json\/wp\/v2\/media?parent=52827"}],"wp:term":[{"taxonomy":"product_brand","embeddable":true,"href":"https:\/\/hummy.ee\/fi\/wp-json\/wp\/v2\/product_brand?post=52827"},{"taxonomy":"product_cat","embeddable":true,"href":"https:\/\/hummy.ee\/fi\/wp-json\/wp\/v2\/product_cat?post=52827"},{"taxonomy":"product_tag","embeddable":true,"href":"https:\/\/hummy.ee\/fi\/wp-json\/wp\/v2\/product_tag?post=52827"}],"curies":[{"name":"wp","href":"https:\/\/api.w.org\/{rel}","templated":true}]}}