{"id":52791,"date":"2024-04-07T18:34:28","date_gmt":"2024-04-07T18:34:28","guid":{"rendered":"https:\/\/hummy.ee\/product\/leclercbaby-jarjestaja\/"},"modified":"2026-04-13T15:49:43","modified_gmt":"2026-04-13T15:49:43","slug":"leclercbaby-organizer-laukku","status":"publish","type":"product","link":"https:\/\/hummy.ee\/fi\/tuote\/leclercbaby-organizer-laukku\/","title":{"rendered":"Leclercbaby organizer-laukku"},"content":{"rendered":"<h6 data-start=\"360\" data-end=\"754\">Leclercbaby organizer-laukku pit\u00e4\u00e4 kaaoksen poissa! Jokainen vanhempi tiet\u00e4\u00e4, kuinka t\u00e4rke\u00e4\u00e4 on omistaa hyvin j\u00e4rjestetty laukku, jossa kaikki tarvittavat tavarat ovat helposti saatavilla ja nopeasti l\u00f6ydett\u00e4viss\u00e4. Jos olet kyll\u00e4stynyt kaivamaan laukun pohjalta tuttia, vaippoja tai kosteuspyyhkeit\u00e4 yh\u00e4 uudelleen ja uudelleen, t\u00e4m\u00e4 organizer on juuri sinua varten!<\/h6>\n<p>&nbsp;<\/p>\n<h6 data-start=\"360\" data-end=\"754\">Onko sinulla k\u00e4yt\u00f6ss\u00e4 useita laukkuja ja joudutko jatkuvasti siirt\u00e4m\u00e4\u00e4n tavaroita laukusta toiseen? Se voi olla aikaa viev\u00e4 ja \u00e4rsytt\u00e4v\u00e4 prosessi, jonka aikana jokin t\u00e4rke\u00e4 tavara voi helposti unohtua v\u00e4\u00e4r\u00e4\u00e4n laukkuun. T\u00e4m\u00e4 organizer auttaa sinua v\u00e4ltt\u00e4m\u00e4\u00e4n t\u00e4m\u00e4n ongelman \u2013 useiden taskujen ja \u00e4lykk\u00e4\u00e4n sijoittelun ansiosta voit j\u00e4rjest\u00e4\u00e4 kaikki tarvittavat tavarat k\u00e4tev\u00e4sti ja tarvittaessa siirt\u00e4\u00e4 ne nopeasti laukusta toiseen.<\/h6>\n<p>&nbsp;<\/p>\n<h6 data-start=\"756\" data-end=\"1149\">Leclercbaby organizer-laukussa on 9 lokeroa, jotka mahdollistavat jokaiselle tavaralle oman paikan. Vaipat, kosteuspyyhkeet, tutit, v\u00e4lipalat ja jopa henkil\u00f6kohtaiset tavarat, kuten puhelin ja lompakko \u2013 kaikki pysyy j\u00e4rjestyksess\u00e4 ja helposti l\u00f6ydett\u00e4viss\u00e4. Lis\u00e4ksi siin\u00e4 on erityiset hihnat, joiden avulla voit kiinnitt\u00e4\u00e4 sen nopeasti ja k\u00e4tev\u00e4sti rattaisiin, tehden liikkumisesta lapsen kanssa entist\u00e4 helpompaa.<\/h6>\n<p>&nbsp;<\/p>\n<h6 data-start=\"1151\" data-end=\"1178\"><strong><em>Mit\u00e4 sis\u00e4ltyy?<\/em><\/strong><\/h6>\n<ul>\n<li data-start=\"1179\" data-end=\"1415\">\n<h6>Organizer-laukku \u2013 tilava ja k\u00e4yt\u00e4nn\u00f6llinen laukku, jonka taskut ja lokerot auttavat pit\u00e4m\u00e4\u00e4n tavarat j\u00e4rjestyksess\u00e4.<\/h6>\n<\/li>\n<li data-start=\"1179\" data-end=\"1415\">\n<h6>Tutin s\u00e4ilytyspussi \u2013 pieni ja k\u00e4tev\u00e4 pussi, johon voit hygienisesti s\u00e4ilytt\u00e4\u00e4 tutin, jotta se on aina puhdas ja helposti saatavilla.<\/h6>\n<\/li>\n<\/ul>\n<h6 data-start=\"1417\" data-end=\"1742\">Leclercbaby organizer-laukku on ihanteellinen ratkaisu vanhemmille, jotka haluavat helpottaa arkeaan pit\u00e4m\u00e4ll\u00e4 kaikki tarvittavat tavarat yhdess\u00e4 kompaktissa ja hyvin j\u00e4rjestetyss\u00e4 paikassa. Tee el\u00e4m\u00e4st\u00e4si helpompaa ja nauti j\u00e4rjestetyst\u00e4 laukkusysteemist\u00e4, joka auttaa sinua keskittym\u00e4\u00e4n siihen, mik\u00e4 on todella t\u00e4rke\u00e4\u00e4 \u2013 hetkiin lapsesi kanssa!<\/h6>\n<p>&nbsp;<\/p>\n<h6 data-start=\"175\" data-end=\"377\"><strong><em>Tilavuus<\/em><\/strong>:<br data-start=\"205\" data-end=\"208\" \/>\u2013 9 erikokoista taskua, jotta kaikki tarvittava on j\u00e4rjestyksess\u00e4 ja helposti saatavilla.<br data-start=\"283\" data-end=\"286\" \/>\u2013 Erillinen lokero vaipoille, kosteuspyyhkeille ja henkil\u00f6kohtaisille tavaroille (esim. puhelin, lompakko).<\/h6>\n<p>&nbsp;<\/p>\n<h6 data-start=\"379\" data-end=\"572\"><strong><em>Universaali yhteensopivuus:<\/em><\/strong><br data-start=\"406\" data-end=\"409\" \/>\u2013 Sopii useimpiin matkarattaisiin, kiinnittyy helposti s\u00e4\u00e4dett\u00e4vien hihnojen avulla.<br data-start=\"492\" data-end=\"495\" \/>\u2013 Voidaan k\u00e4ytt\u00e4\u00e4 my\u00f6s itsen\u00e4isen\u00e4 laukkuna, kun tarvitset k\u00e4yt\u00e4nn\u00f6llisen ratkaisun liikkeell\u00e4 ollessa.<\/h6>\n<p>&nbsp;<\/p>\n<h6 data-start=\"574\" data-end=\"747\"><strong><em>Laatu ja kest\u00e4vyys:<\/em><\/strong><br data-start=\"606\" data-end=\"609\" \/>\u2013 Valmistettu vedenpit\u00e4v\u00e4st\u00e4 ja helposti puhdistettavasta materiaalista.<br data-start=\"673\" data-end=\"676\" \/>\u2013 Vahvat saumat ja laadukkaat kiinnikkeet takaavat pitk\u00e4n k\u00e4ytt\u00f6i\u00e4n.<\/h6>\n<p>&nbsp;<\/p>\n<h6 data-start=\"749\" data-end=\"929\"><strong><em>Mukavuus ja k\u00e4yt\u00e4nn\u00f6llisyys:<\/em><\/strong><br data-start=\"778\" data-end=\"781\" \/>- Nopea p\u00e4\u00e4sy v\u00e4ltt\u00e4m\u00e4tt\u00f6miin tarvikkeisiin - ihanteellinen nopeaan toimintaan.<br data-start=\"851\" data-end=\"854\" \/>- Mukana lokasuoja, joka pit\u00e4\u00e4 lokasuojan hygieenisen\u00e4 ja helposti l\u00f6ydett\u00e4v\u00e4n\u00e4.<\/h6>\n<p>&nbsp;<\/p>\n<h6 data-start=\"931\" data-end=\"1086\"><strong><em>Kompakti ja kevyt:<\/em><\/strong><br data-start=\"956\" data-end=\"959\" \/>\u2013 Helposti taitettava ja s\u00e4ilytett\u00e4v\u00e4, kun sit\u00e4 ei k\u00e4ytet\u00e4.<br data-start=\"1026\" data-end=\"1029\" \/>\u2013 Ihanteellinen matkustamiseen ja p\u00e4ivitt\u00e4isille k\u00e4velyille.<\/h6>\n<p>&nbsp;<\/p>\n<h6 data-start=\"1088\" data-end=\"1268\"><strong><em>Tyylik\u00e4s muotoilu:<\/em><\/strong><br data-start=\"1109\" data-end=\"1112\" \/>\u2013 Elegantti ja neutraali ulkon\u00e4k\u00f6 sopii erilaisiin matkarattaisiin.<br data-start=\"1196\" data-end=\"1199\" \/>\u2013 Saatavilla eri v\u00e4rivaihtoehtoina, jotta se sopii mieltymyksiisi.<\/h6>\n<p>&nbsp;<\/p>\n<h6><em>Tutustu Leclercbaby tuotevalikoimaan <a href=\"https:\/\/hummy.ee\/fi\/leclerbabyn-esittely\/\" target=\"_blank\" rel=\"noopener\">t\u00e4\u00e4ll\u00e4<\/a>.<\/em><\/h6>\n","protected":false},"excerpt":{"rendered":"<h6>Organizerin ansiosta laukussasi ei vallitse en\u00e4\u00e4 koskaan kaaosta! Etk\u00f6 l\u00f6yd\u00e4 tavaroita laukustasi? Vai k\u00e4yt\u00e4tk\u00f6 useita laukkuja ja joudutko jatkuvasti siirt\u00e4m\u00e4\u00e4n tavaroita laukusta toiseen? Jos n\u00e4in on, t\u00e4m\u00e4 j\u00e4rjest\u00e4j\u00e4 on oikea valinta. Leclercbaby organizer-laukussa on 9 lokeroa, joten voit l\u00f6yt\u00e4\u00e4 sopivan paikan kaikille tavaroille. Siin\u00e4 on my\u00f6s hihnat, jotta voit kiinnitt\u00e4\u00e4 laukun vaunuun nopeasti ja k\u00e4tev\u00e4sti.<\/h6>\n","protected":false},"featured_media":31672,"comment_status":"closed","ping_status":"closed","template":"","meta":{"_acf_changed":false,"om_disable_all_campaigns":false,"_monsterinsights_skip_tracking":false,"_monsterinsights_sitenote_active":false,"_monsterinsights_sitenote_note":"","_monsterinsights_sitenote_category":0,"_uf_show_specific_survey":0,"_uf_disable_surveys":false,"site-sidebar-layout":"default","site-content-layout":"","ast-site-content-layout":"default","site-content-style":"default","site-sidebar-style":"default","ast-global-header-display":"","ast-banner-title-visibility":"","ast-main-header-display":"","ast-hfb-above-header-display":"","ast-hfb-below-header-display":"","ast-hfb-mobile-header-display":"","site-post-title":"","ast-breadcrumbs-content":"","ast-featured-img":"","footer-sml-layout":"","theme-transparent-header-meta":"default","adv-header-id-meta":"","stick-header-meta":"","header-above-stick-meta":"","header-main-stick-meta":"","header-below-stick-meta":"","astra-migrate-meta-layouts":"set","ast-page-background-enabled":"default","ast-page-background-meta":{"desktop":{"background-color":"var(--ast-global-color-4)","background-image":"","background-repeat":"repeat","background-position":"center center","background-size":"auto","background-attachment":"scroll","background-type":"","background-media":"","overlay-type":"","overlay-color":"","overlay-opacity":"","overlay-gradient":""},"tablet":{"background-color":"","background-image":"","background-repeat":"repeat","background-position":"center center","background-size":"auto","background-attachment":"scroll","background-type":"","background-media":"","overlay-type":"","overlay-color":"","overlay-opacity":"","overlay-gradient":""},"mobile":{"background-color":"","background-image":"","background-repeat":"repeat","background-position":"center center","background-size":"auto","background-attachment":"scroll","background-type":"","background-media":"","overlay-type":"","overlay-color":"","overlay-opacity":"","overlay-gradient":""}},"ast-content-background-meta":{"desktop":{"background-color":"var(--ast-global-color-5)","background-image":"","background-repeat":"repeat","background-position":"center center","background-size":"auto","background-attachment":"scroll","background-type":"","background-media":"","overlay-type":"","overlay-color":"","overlay-opacity":"","overlay-gradient":""},"tablet":{"background-color":"var(--ast-global-color-5)","background-image":"","background-repeat":"repeat","background-position":"center center","background-size":"auto","background-attachment":"scroll","background-type":"","background-media":"","overlay-type":"","overlay-color":"","overlay-opacity":"","overlay-gradient":""},"mobile":{"background-color":"var(--ast-global-color-5)","background-image":"","background-repeat":"repeat","background-position":"center center","background-size":"auto","background-attachment":"scroll","background-type":"","background-media":"","overlay-type":"","overlay-color":"","overlay-opacity":"","overlay-gradient":""}}},"product_brand":[],"product_cat":[536,324,323],"product_tag":[329,327],"class_list":{"0":"post-52791","1":"product","2":"type-product","3":"status-publish","4":"has-post-thumbnail","6":"product_cat-laukut-ja-reput","7":"product_cat-leclercbaby","8":"product_cat-trimmaustarvikkeet","9":"product_tag-erilliset-tuotteet","10":"product_tag-raataloity-verkkosivusto","11":"desktop-align-left","12":"tablet-align-left","13":"mobile-align-left","15":"first","16":"instock","17":"sale","18":"taxable","19":"shipping-taxable","20":"purchasable","21":"product-type-variable"},"acf":[],"aioseo_notices":[],"_links":{"self":[{"href":"https:\/\/hummy.ee\/fi\/wp-json\/wp\/v2\/product\/52791","targetHints":{"allow":["GET"]}}],"collection":[{"href":"https:\/\/hummy.ee\/fi\/wp-json\/wp\/v2\/product"}],"about":[{"href":"https:\/\/hummy.ee\/fi\/wp-json\/wp\/v2\/types\/product"}],"replies":[{"embeddable":true,"href":"https:\/\/hummy.ee\/fi\/wp-json\/wp\/v2\/comments?post=52791"}],"version-history":[{"count":11,"href":"https:\/\/hummy.ee\/fi\/wp-json\/wp\/v2\/product\/52791\/revisions"}],"predecessor-version":[{"id":68968,"href":"https:\/\/hummy.ee\/fi\/wp-json\/wp\/v2\/product\/52791\/revisions\/68968"}],"wp:featuredmedia":[{"embeddable":true,"href":"https:\/\/hummy.ee\/fi\/wp-json\/wp\/v2\/media\/31672"}],"wp:attachment":[{"href":"https:\/\/hummy.ee\/fi\/wp-json\/wp\/v2\/media?parent=52791"}],"wp:term":[{"taxonomy":"product_brand","embeddable":true,"href":"https:\/\/hummy.ee\/fi\/wp-json\/wp\/v2\/product_brand?post=52791"},{"taxonomy":"product_cat","embeddable":true,"href":"https:\/\/hummy.ee\/fi\/wp-json\/wp\/v2\/product_cat?post=52791"},{"taxonomy":"product_tag","embeddable":true,"href":"https:\/\/hummy.ee\/fi\/wp-json\/wp\/v2\/product_tag?post=52791"}],"curies":[{"name":"wp","href":"https:\/\/api.w.org\/{rel}","templated":true}]}}