{"id":52784,"date":"2024-04-07T18:55:31","date_gmt":"2024-04-07T18:55:31","guid":{"rendered":"https:\/\/hummy.ee\/product\/leclercbaby-saasuojaus\/"},"modified":"2026-04-13T15:41:04","modified_gmt":"2026-04-13T15:41:04","slug":"leclercbaby-tuulisuoja","status":"publish","type":"product","link":"https:\/\/hummy.ee\/fi\/tuote\/leclercbaby-tuulisuoja\/","title":{"rendered":"Leclercbaby tuulisuoja"},"content":{"rendered":"<div class=\"elementor-element elementor-element-5196f96 elementor-widget elementor-widget-woocommerce-product-short-description\" data-id=\"5196f96\" data-element_type=\"widget\" data-widget_type=\"woocommerce-product-short-description.default\">\n<div class=\"elementor-widget-container\">\n<div class=\"woocommerce-product-details__short-description\">\n<h6><strong><em style=\"font-size: 1.1em; font-weight: bold;\">Ominaisuudet <\/em><\/strong><\/h6>\n<\/div>\n<ul>\n<li>\n<h6>Tuulisuoja suojaa lapsen s\u00e4\u00e4lt\u00e4. Sade, lumi, tuuli ja p\u00f6ly pysyv\u00e4t poissa rattaista, joten lapsesi voi nauttia matkasta ja n\u00e4kee my\u00f6s hyvin ulos.<\/h6>\n<\/li>\n<li>\n<h6>Helposti kiinnitett\u00e4v\u00e4 \u2013 helppo ja nopea asennus kaikkiin Leclercbaby-rattaisiin.<\/h6>\n<\/li>\n<li>\n<h6>Kompakti ja helposti mukana kuljetettava \u2013 kokoontaitettava muotoilu mahdollistaa sen k\u00e4tev\u00e4n kuljettamisen ja s\u00e4ilytt\u00e4misen.<\/h6>\n<\/li>\n<li>\n<h6>Laadukas materiaali \u2013 kest\u00e4v\u00e4, hengitt\u00e4v\u00e4 ja helposti puhdistettava materiaali takaa pitk\u00e4n k\u00e4ytt\u00f6i\u00e4n.<\/h6>\n<\/li>\n<li>\n<h6>Tyylik\u00e4s ja toimiva \u2013 sopii t\u00e4ydellisesti Leclercbaby-rattaiden (ja monien muiden merkkien) muotoiluun, tarjoten sek\u00e4 suojaa ett\u00e4 esteettisen ilmeen.<\/h6>\n<\/li>\n<\/ul>\n<h6><em>Tutustu Leclercbaby tuotevalikoimaan <a href=\"https:\/\/hummy.ee\/fi\/leclerbabyn-esittely\/\" target=\"_blank\" rel=\"noopener\">t\u00e4\u00e4ll\u00e4<\/a>.<\/em><\/h6>\n<\/div>\n<\/div>\n","protected":false},"excerpt":{"rendered":"<h6>Mukavasti kuomun yli ulottuva tuulisuoja pit\u00e4\u00e4 lapsen l\u00e4mpim\u00e4n\u00e4 tuulisella, sateisella tai lumisella s\u00e4\u00e4ll\u00e4. Sopii kaikkiin Leclercbaby-rattaisiin (ja moniin muihin merkkeihin), pit\u00e4en pienen aina l\u00e4mpim\u00e4n\u00e4 ja kuivana.<\/h6>\n<p>&nbsp;<\/p>\n","protected":false},"featured_media":44332,"comment_status":"closed","ping_status":"closed","template":"","meta":{"_acf_changed":false,"om_disable_all_campaigns":false,"_monsterinsights_skip_tracking":false,"_monsterinsights_sitenote_active":false,"_monsterinsights_sitenote_note":"","_monsterinsights_sitenote_category":0,"_uf_show_specific_survey":0,"_uf_disable_surveys":false,"site-sidebar-layout":"no-sidebar","site-content-layout":"","ast-site-content-layout":"full-width-container","site-content-style":"default","site-sidebar-style":"default","ast-global-header-display":"","ast-banner-title-visibility":"","ast-main-header-display":"","ast-hfb-above-header-display":"","ast-hfb-below-header-display":"","ast-hfb-mobile-header-display":"","site-post-title":"disabled","ast-breadcrumbs-content":"","ast-featured-img":"disabled","footer-sml-layout":"","theme-transparent-header-meta":"default","adv-header-id-meta":"","stick-header-meta":"","header-above-stick-meta":"","header-main-stick-meta":"","header-below-stick-meta":"","astra-migrate-meta-layouts":"set","ast-page-background-enabled":"default","ast-page-background-meta":{"desktop":{"background-color":"var(--ast-global-color-4)","background-image":"","background-repeat":"repeat","background-position":"center center","background-size":"auto","background-attachment":"scroll","background-type":"","background-media":"","overlay-type":"","overlay-color":"","overlay-opacity":"","overlay-gradient":""},"tablet":{"background-color":"","background-image":"","background-repeat":"repeat","background-position":"center center","background-size":"auto","background-attachment":"scroll","background-type":"","background-media":"","overlay-type":"","overlay-color":"","overlay-opacity":"","overlay-gradient":""},"mobile":{"background-color":"","background-image":"","background-repeat":"repeat","background-position":"center center","background-size":"auto","background-attachment":"scroll","background-type":"","background-media":"","overlay-type":"","overlay-color":"","overlay-opacity":"","overlay-gradient":""}},"ast-content-background-meta":{"desktop":{"background-color":"var(--ast-global-color-5)","background-image":"","background-repeat":"repeat","background-position":"center center","background-size":"auto","background-attachment":"scroll","background-type":"","background-media":"","overlay-type":"","overlay-color":"","overlay-opacity":"","overlay-gradient":""},"tablet":{"background-color":"var(--ast-global-color-5)","background-image":"","background-repeat":"repeat","background-position":"center center","background-size":"auto","background-attachment":"scroll","background-type":"","background-media":"","overlay-type":"","overlay-color":"","overlay-opacity":"","overlay-gradient":""},"mobile":{"background-color":"var(--ast-global-color-5)","background-image":"","background-repeat":"repeat","background-position":"center center","background-size":"auto","background-attachment":"scroll","background-type":"","background-media":"","overlay-type":"","overlay-color":"","overlay-opacity":"","overlay-gradient":""}}},"product_brand":[],"product_cat":[324,323,376],"product_tag":[329,327],"class_list":{"0":"post-52784","1":"product","2":"type-product","3":"status-publish","4":"has-post-thumbnail","6":"product_cat-leclercbaby","7":"product_cat-trimmaustarvikkeet","8":"product_cat-vankilan-kannet","9":"product_tag-erilliset-tuotteet","10":"product_tag-raataloity-verkkosivusto","11":"desktop-align-left","12":"tablet-align-left","13":"mobile-align-left","15":"first","16":"instock","17":"sale","18":"taxable","19":"shipping-taxable","20":"purchasable","21":"product-type-simple"},"acf":[],"aioseo_notices":[],"_links":{"self":[{"href":"https:\/\/hummy.ee\/fi\/wp-json\/wp\/v2\/product\/52784","targetHints":{"allow":["GET"]}}],"collection":[{"href":"https:\/\/hummy.ee\/fi\/wp-json\/wp\/v2\/product"}],"about":[{"href":"https:\/\/hummy.ee\/fi\/wp-json\/wp\/v2\/types\/product"}],"replies":[{"embeddable":true,"href":"https:\/\/hummy.ee\/fi\/wp-json\/wp\/v2\/comments?post=52784"}],"version-history":[{"count":11,"href":"https:\/\/hummy.ee\/fi\/wp-json\/wp\/v2\/product\/52784\/revisions"}],"predecessor-version":[{"id":86623,"href":"https:\/\/hummy.ee\/fi\/wp-json\/wp\/v2\/product\/52784\/revisions\/86623"}],"wp:featuredmedia":[{"embeddable":true,"href":"https:\/\/hummy.ee\/fi\/wp-json\/wp\/v2\/media\/44332"}],"wp:attachment":[{"href":"https:\/\/hummy.ee\/fi\/wp-json\/wp\/v2\/media?parent=52784"}],"wp:term":[{"taxonomy":"product_brand","embeddable":true,"href":"https:\/\/hummy.ee\/fi\/wp-json\/wp\/v2\/product_brand?post=52784"},{"taxonomy":"product_cat","embeddable":true,"href":"https:\/\/hummy.ee\/fi\/wp-json\/wp\/v2\/product_cat?post=52784"},{"taxonomy":"product_tag","embeddable":true,"href":"https:\/\/hummy.ee\/fi\/wp-json\/wp\/v2\/product_tag?post=52784"}],"curies":[{"name":"wp","href":"https:\/\/api.w.org\/{rel}","templated":true}]}}