{"id":52768,"date":"2024-04-07T18:22:25","date_gmt":"2024-04-07T18:22:25","guid":{"rendered":"https:\/\/hummy.ee\/product\/leclercbaby-polar-lampopussi\/"},"modified":"2026-04-13T16:00:59","modified_gmt":"2026-04-13T16:00:59","slug":"leclercbaby-polar-lampopussi","status":"publish","type":"product","link":"https:\/\/hummy.ee\/fi\/tuote\/leclercbaby-polar-lampopussi\/","title":{"rendered":"Leclercbaby Polar l\u00e4mp\u00f6pussi"},"content":{"rendered":"<h6 data-start=\"381\" data-end=\"418\"><strong><em>Miksi valita Polar-l\u00e4mp\u00f6pussi?<\/em><\/strong><\/h6>\n<ul>\n<li data-start=\"420\" data-end=\"1071\">\n<h6>\u00c4\u00e4rimm\u00e4inen l\u00e4mp\u00f6 ja suoja - erityisesti kylm\u00e4lt\u00e4, tuulelta ja kosteudelta suojaavat materiaalit pit\u00e4v\u00e4t vauvasi l\u00e4mpim\u00e4n\u00e4 ja mukavana.<\/h6>\n<\/li>\n<li data-start=\"420\" data-end=\"1071\">\n<h6>S\u00e4\u00e4dett\u00e4v\u00e4 huppu - voit sovittaa sen t\u00e4sm\u00e4lleen lapsesi p\u00e4\u00e4n ymp\u00e4rille, jotta kylm\u00e4 ilma pysyy ulkona ja l\u00e4mp\u00f6 sis\u00e4ll\u00e4.<\/h6>\n<\/li>\n<li data-start=\"420\" data-end=\"1071\">\n<h6>Pehme\u00e4 ja mukava sis\u00e4puoli - lapsesi nauttii kuumavesipullossa rentoutumisesta jopa pitkill\u00e4 k\u00e4velyretkill\u00e4.<\/h6>\n<\/li>\n<li data-start=\"420\" data-end=\"1071\">\n<h6>Helppo asentaa - suunniteltu sopimaan useimpiin rattaisiin, erityisen ihanteellinen Leclercbaby -malleihin.<\/h6>\n<\/li>\n<li data-start=\"420\" data-end=\"1071\">\n<h6>Sopii pitk\u00e4aikaiseen k\u00e4ytt\u00f6\u00f6n - suunniteltu 6 kuukauden - 5 vuoden ik\u00e4isille lapsille, jotta he saavat siit\u00e4 kaiken irti.<\/h6>\n<\/li>\n<\/ul>\n<h6 data-start=\"1073\" data-end=\"1107\"><strong><em>Perimm\u00e4inen mukavuus kaikissa s\u00e4\u00e4olosuhteissa<\/em><\/strong><\/h6>\n<h6 data-start=\"1109\" data-end=\"1397\">Polar-l\u00e4mp\u00f6pussi ei ole pelkk\u00e4 tavallinen l\u00e4mp\u00f6pussi \u2013 se on suunniteltu maksimaalista mukavuutta ja suojaa varten, tarjoten lapselle kodikkaan ja turvallisen ymp\u00e4rist\u00f6n my\u00f6s kylmimpin\u00e4 p\u00e4ivin\u00e4. Tuulenpit\u00e4v\u00e4n materiaalin ansiosta sinun ei tarvitse huolehtia kylm\u00e4st\u00e4 tuulesta tai sateesta k\u00e4velyiden aikana.<\/h6>\n<h6 data-start=\"1399\" data-end=\"1540\">Lis\u00e4ksi kangas on hengitt\u00e4v\u00e4, mik\u00e4 auttaa s\u00e4\u00e4telem\u00e4\u00e4n l\u00e4mp\u00f6tilaa ja ehk\u00e4isem\u00e4\u00e4n ylikuumenemista, jotta lapsi tuntisi olonsa aina mukavaksi ja hyv\u00e4ksi.<\/h6>\n<p>&nbsp;<\/p>\n<h6 data-start=\"1542\" data-end=\"1577\"><strong><em>Suuri valikoima tyylikk\u00e4it\u00e4 v\u00e4rej\u00e4<\/em><\/strong><\/h6>\n<h6 data-start=\"1579\" data-end=\"1821\">Saatavilla eri v\u00e4reiss\u00e4, jotka sopivat Leclercbaby -matkarattaisiin, jotta voit l\u00f6yt\u00e4\u00e4 t\u00e4ydellisen yhdistelm\u00e4n. Haluatko jotain klassisen mustaa, neutraalia harmaata vai n\u00e4ytt\u00e4v\u00e4n v\u00e4rik\u00e4st\u00e4? Valinta on sinun!<\/h6>\n<p>&nbsp;<\/p>\n<h6 data-start=\"1823\" data-end=\"1850\"><strong><em>Materiaali ja mitat<\/em><\/strong><\/h6>\n<ul>\n<li data-start=\"1852\" data-end=\"2106\">\n<h6>Kankaan materiaali: Kest\u00e4v\u00e4 ja s\u00e4\u00e4nkest\u00e4v\u00e4 Canvas-kangas, joka kest\u00e4\u00e4 niin sateen, lumen kuin tuulenkin.<\/h6>\n<\/li>\n<li data-start=\"1852\" data-end=\"2106\">\n<h6>Mitat: 85 cm (pituus) x 42 cm (leveys) - tarpeeksi tilava lapsellesi, mutta tarpeeksi tiivis pit\u00e4m\u00e4\u00e4n l\u00e4mpim\u00e4n\u00e4.<\/h6>\n<\/li>\n<\/ul>\n<p>&nbsp;<\/p>\n<h6 data-start=\"2108\" data-end=\"2142\"><strong><em>Tyyli\u00e4 ja k\u00e4yt\u00e4nn\u00f6llisyytt\u00e4 yhdess\u00e4<\/em><\/strong><\/h6>\n<h6 data-start=\"2144\" data-end=\"2446\">Koska Leclercbaby -muotoilussa yhdistyv\u00e4t aina toiminnallisuus ja kauneus, my\u00f6s Polar on n\u00e4ytt\u00e4v\u00e4 ja elegantti lis\u00e4varuste jokaiseen matkarattaaseen. Laadukkaiden materiaalien ja \u00e4lykk\u00e4\u00e4n muotoilun ansiosta se kest\u00e4\u00e4 vuosia tarjoten lapselle maksimaalista mukavuutta ja suojaa kaikissa s\u00e4\u00e4olosuhteissa.<\/h6>\n<p>&nbsp;<\/p>\n<h6 data-start=\"2975\" data-end=\"3018\">\u00c4l\u00e4 anna kylm\u00e4n tulla tiellesi - valitse Leclercbaby Polarin l\u00e4mp\u00f6pussi ja nauti k\u00e4velyist\u00e4si ymp\u00e4ri vuoden!<\/h6>\n<p>&nbsp;<\/p>\n<h6><em>Tutustu Leclercbaby tuotevalikoimaan <a href=\"https:\/\/hummy.ee\/fi\/leclerbabyn-esittely\/\" target=\"_blank\" rel=\"noopener\">t\u00e4\u00e4ll\u00e4<\/a>.<\/em><\/h6>\n","protected":false},"excerpt":{"rendered":"<h6 data-start=\"0\" data-end=\"73\">Leclercbaby Polar-l\u00e4mp\u00f6pussi - paras suoja kylm\u00e4\u00e4 ja tuulta vastaan! Kun s\u00e4\u00e4 muuttuu kylm\u00e4ksi ja tuuliseksi, Leclercbaby Polar-l\u00e4mp\u00f6pussi on t\u00e4ydellinen ratkaisu pit\u00e4m\u00e4\u00e4n pikku maailmanmatkaajasi l\u00e4mpim\u00e4n\u00e4 ja mukavana. Erityisesti kylmemp\u00e4\u00e4n s\u00e4\u00e4h\u00e4n suunniteltu Polar-l\u00e4mp\u00f6pussi takaa, ett\u00e4 lapsesi tuntee olonsa turvalliseksi ja mukavaksi jokaisella k\u00e4velyretkell\u00e4 s\u00e4\u00e4st\u00e4 riippumatta.<\/h6>\n","protected":false},"featured_media":45776,"comment_status":"closed","ping_status":"closed","template":"","meta":{"_acf_changed":false,"om_disable_all_campaigns":false,"_monsterinsights_skip_tracking":false,"_monsterinsights_sitenote_active":false,"_monsterinsights_sitenote_note":"","_monsterinsights_sitenote_category":0,"_uf_show_specific_survey":0,"_uf_disable_surveys":false,"site-sidebar-layout":"default","site-content-layout":"","ast-site-content-layout":"default","site-content-style":"default","site-sidebar-style":"default","ast-global-header-display":"","ast-banner-title-visibility":"","ast-main-header-display":"","ast-hfb-above-header-display":"","ast-hfb-below-header-display":"","ast-hfb-mobile-header-display":"","site-post-title":"","ast-breadcrumbs-content":"","ast-featured-img":"","footer-sml-layout":"","theme-transparent-header-meta":"default","adv-header-id-meta":"","stick-header-meta":"","header-above-stick-meta":"","header-main-stick-meta":"","header-below-stick-meta":"","astra-migrate-meta-layouts":"set","ast-page-background-enabled":"default","ast-page-background-meta":{"desktop":{"background-color":"var(--ast-global-color-4)","background-image":"","background-repeat":"repeat","background-position":"center center","background-size":"auto","background-attachment":"scroll","background-type":"","background-media":"","overlay-type":"","overlay-color":"","overlay-opacity":"","overlay-gradient":""},"tablet":{"background-color":"","background-image":"","background-repeat":"repeat","background-position":"center center","background-size":"auto","background-attachment":"scroll","background-type":"","background-media":"","overlay-type":"","overlay-color":"","overlay-opacity":"","overlay-gradient":""},"mobile":{"background-color":"","background-image":"","background-repeat":"repeat","background-position":"center center","background-size":"auto","background-attachment":"scroll","background-type":"","background-media":"","overlay-type":"","overlay-color":"","overlay-opacity":"","overlay-gradient":""}},"ast-content-background-meta":{"desktop":{"background-color":"var(--ast-global-color-5)","background-image":"","background-repeat":"repeat","background-position":"center center","background-size":"auto","background-attachment":"scroll","background-type":"","background-media":"","overlay-type":"","overlay-color":"","overlay-opacity":"","overlay-gradient":""},"tablet":{"background-color":"var(--ast-global-color-5)","background-image":"","background-repeat":"repeat","background-position":"center center","background-size":"auto","background-attachment":"scroll","background-type":"","background-media":"","overlay-type":"","overlay-color":"","overlay-opacity":"","overlay-gradient":""},"mobile":{"background-color":"var(--ast-global-color-5)","background-image":"","background-repeat":"repeat","background-position":"center center","background-size":"auto","background-attachment":"scroll","background-type":"","background-media":"","overlay-type":"","overlay-color":"","overlay-opacity":"","overlay-gradient":""}}},"product_brand":[],"product_cat":[417,324,323],"product_tag":[329,327],"class_list":{"0":"post-52768","1":"product","2":"type-product","3":"status-publish","4":"has-post-thumbnail","6":"product_cat-kuumat-pussit","7":"product_cat-leclercbaby","8":"product_cat-trimmaustarvikkeet","9":"product_tag-erilliset-tuotteet","10":"product_tag-raataloity-verkkosivusto","11":"desktop-align-left","12":"tablet-align-left","13":"mobile-align-left","15":"first","16":"instock","17":"sale","18":"taxable","19":"shipping-taxable","20":"purchasable","21":"product-type-variable"},"acf":[],"aioseo_notices":[],"_links":{"self":[{"href":"https:\/\/hummy.ee\/fi\/wp-json\/wp\/v2\/product\/52768","targetHints":{"allow":["GET"]}}],"collection":[{"href":"https:\/\/hummy.ee\/fi\/wp-json\/wp\/v2\/product"}],"about":[{"href":"https:\/\/hummy.ee\/fi\/wp-json\/wp\/v2\/types\/product"}],"replies":[{"embeddable":true,"href":"https:\/\/hummy.ee\/fi\/wp-json\/wp\/v2\/comments?post=52768"}],"version-history":[{"count":8,"href":"https:\/\/hummy.ee\/fi\/wp-json\/wp\/v2\/product\/52768\/revisions"}],"predecessor-version":[{"id":86637,"href":"https:\/\/hummy.ee\/fi\/wp-json\/wp\/v2\/product\/52768\/revisions\/86637"}],"wp:featuredmedia":[{"embeddable":true,"href":"https:\/\/hummy.ee\/fi\/wp-json\/wp\/v2\/media\/45776"}],"wp:attachment":[{"href":"https:\/\/hummy.ee\/fi\/wp-json\/wp\/v2\/media?parent=52768"}],"wp:term":[{"taxonomy":"product_brand","embeddable":true,"href":"https:\/\/hummy.ee\/fi\/wp-json\/wp\/v2\/product_brand?post=52768"},{"taxonomy":"product_cat","embeddable":true,"href":"https:\/\/hummy.ee\/fi\/wp-json\/wp\/v2\/product_cat?post=52768"},{"taxonomy":"product_tag","embeddable":true,"href":"https:\/\/hummy.ee\/fi\/wp-json\/wp\/v2\/product_tag?post=52768"}],"curies":[{"name":"wp","href":"https:\/\/api.w.org\/{rel}","templated":true}]}}