{"id":52723,"date":"2024-04-07T18:27:05","date_gmt":"2024-04-07T18:27:05","guid":{"rendered":"https:\/\/hummy.ee\/product\/leclercbaby-kalan-lammin-pussi\/"},"modified":"2026-04-13T15:52:05","modified_gmt":"2026-04-13T15:52:05","slug":"leclercbaby-monnalisa-lampopussi","status":"publish","type":"product","link":"https:\/\/hummy.ee\/fi\/tuote\/leclercbaby-monnalisa-lampopussi\/","title":{"rendered":"Leclercbaby Monnalisa l\u00e4mp\u00f6pussi"},"content":{"rendered":"<h6><strong><em>Leclercbaby Monnalisa l\u00e4mp\u00f6pussi on oiva valinta kylm\u00e4n\u00e4 p\u00e4iv\u00e4n\u00e4.<\/em><\/strong><\/h6>\n<h6>Leclercbaby Monnalisa -l\u00e4mp\u00f6pussissa on ihanan l\u00e4mmin ja pehme\u00e4 vuori, joten lapsen on aina mukava ja l\u00e4mmin olla kaikilla reissuilla. Polar-l\u00e4mp\u00f6pussi sopii kylm\u00e4\u00e4n s\u00e4\u00e4h\u00e4n, mutta sit\u00e4 voidaan k\u00e4ytt\u00e4\u00e4 my\u00f6s l\u00e4mpim\u00e4mm\u00e4ss\u00e4kin s\u00e4\u00e4ss\u00e4, sill\u00e4 siit\u00e4 saa k\u00e4tev\u00e4n peiton vetoketjun avaamalla. 6 kk\u20135-vuotiaille sopivassa l\u00e4mp\u00f6pussissa on sama tuttu Monnalisan kukkakuvio. Monnalisa-l\u00e4mp\u00f6pussi sopii t\u00e4ydellisesti yhteen Leclercbaby by Monnalisa -rattaiden kanssa, ja sit\u00e4 voidaan k\u00e4ytt\u00e4\u00e4 my\u00f6s kaikissa muissa Leclercbaby -rattaissa.<\/h6>\n<p>&nbsp;<\/p>\n<h6><strong><em>Tiedot:<\/em><\/strong><\/h6>\n<ul>\n<li>\n<h6>Polar-l\u00e4mp\u00f6pussi sopii kylm\u00e4\u00e4n s\u00e4\u00e4h\u00e4n, mutta sit\u00e4 voidaan k\u00e4ytt\u00e4\u00e4 my\u00f6s l\u00e4mpim\u00e4mm\u00e4ss\u00e4kin s\u00e4\u00e4ss\u00e4, sill\u00e4 siit\u00e4 saa k\u00e4tev\u00e4n peiton vetoketjun avaamalla.<\/h6>\n<\/li>\n<li>\n<h6>L\u00e4mp\u00f6pussissa on Monnalisan erehtym\u00e4tt\u00f6m\u00e4sti tunnistettava kukkakuosi.<\/h6>\n<\/li>\n<li>\n<h6>Sopii 6 kuukauden - 5 vuoden ik\u00e4isille lapsille.<\/h6>\n<\/li>\n<li>\n<h6>Helppo asentaa.<\/h6>\n<\/li>\n<li>\n<h6>Mukava ja pehme\u00e4.<\/h6>\n<\/li>\n<li>\n<h6>Saatavana eri v\u00e4reiss\u00e4, jotka sopivat Leclercbaby Monnalisa-rattaisiin.<\/h6>\n<\/li>\n<li>\n<h6>L\u00e4mp\u00f6pussin mitat: 90 cm (pituus) x 42 cm (leveys).<\/h6>\n<\/li>\n<\/ul>\n<h6><\/h6>\n<h6><strong><em>Kukkakuvio tuo ripauksen romantiikkaa!<\/em><\/strong><\/h6>\n<h6>Leclercbaby by Monnalisa -mallisto on todellinen \u201dfashion statement\u201d, jossa ensiluokkainen mukavuus, toimivuus ja upea design yhdistyv\u00e4t tyylikk\u00e4\u00e4ksi kokonaisuudeksi. N\u00e4ytt\u00e4v\u00e4t kankaat ja kiilt\u00e4v\u00e4 samppanjan, beigen tai ruusukullan s\u00e4vyinen runko viimeistelev\u00e4t tyylisi. Leclercbaby by Monnalisa -malliston tuotteissa on upea kukkakuvio, todella laadukkaat materiaalit ja n\u00e4pp\u00e4r\u00e4 taittomekanismi.<\/h6>\n<h6>Leclercbaby by Monnalisa -rattaissa on kolme v\u00e4rivaihtoehtoa: Antique Pink, Birch ja Black, ja hohtava ruusukullan s\u00e4vyinen runko viimeistelee ikonisen kukkaprintin. Leclercbaby by Monnalisa -mallistosta l\u00f6yd\u00e4t my\u00f6s lapsiperheen arkea helpottavat yhteensopivat tarvikkeet, jotka viimeistelev\u00e4t kokonaisuuden.<\/h6>\n<p>&nbsp;<\/p>\n<h6><em>Lue lis\u00e4\u00e4 siit\u00e4, miten valita matkarattaat Hummyn <a href=\"https:\/\/hummy.ee\/fi\/blogi\/\" target=\"_blank\" rel=\"noopener\">blogista<\/a>.<\/em><\/h6>\n<h6><em>Tutustu <a href=\"https:\/\/www.youtube.com\/watch?v=PR4culPs7BE\" target=\"_blank\" rel=\"noopener\">tarkemmin<\/a> Monnalisa-rattaisiin, jotka ovat yht\u00e4 ainutlaatuiset kuin lapsesi! <\/em><\/h6>\n","protected":false},"excerpt":{"rendered":"<h6>Polar-l\u00e4mp\u00f6pussi sopii kylm\u00e4\u00e4n s\u00e4\u00e4h\u00e4n, mutta sit\u00e4 voidaan k\u00e4ytt\u00e4\u00e4 my\u00f6s l\u00e4mpim\u00e4mm\u00e4ss\u00e4kin s\u00e4\u00e4ss\u00e4, sill\u00e4 siit\u00e4 saa k\u00e4tev\u00e4n peiton vetoketjun avaamalla. Monnalisa-l\u00e4mp\u00f6pussi sopii t\u00e4ydellisesti yhteen Leclercbaby by Monnalisa -rattaiden kanssa, ja sit\u00e4 voidaan k\u00e4ytt\u00e4\u00e4 my\u00f6s kaikissa muissa Leclercbaby -rattaissa.<\/h6>\n","protected":false},"featured_media":39792,"comment_status":"closed","ping_status":"closed","template":"","meta":{"_acf_changed":false,"om_disable_all_campaigns":false,"_monsterinsights_skip_tracking":false,"_monsterinsights_sitenote_active":false,"_monsterinsights_sitenote_note":"","_monsterinsights_sitenote_category":0,"_uf_show_specific_survey":0,"_uf_disable_surveys":false,"site-sidebar-layout":"default","site-content-layout":"","ast-site-content-layout":"default","site-content-style":"default","site-sidebar-style":"default","ast-global-header-display":"","ast-banner-title-visibility":"","ast-main-header-display":"","ast-hfb-above-header-display":"","ast-hfb-below-header-display":"","ast-hfb-mobile-header-display":"","site-post-title":"","ast-breadcrumbs-content":"","ast-featured-img":"","footer-sml-layout":"","theme-transparent-header-meta":"default","adv-header-id-meta":"","stick-header-meta":"","header-above-stick-meta":"","header-main-stick-meta":"","header-below-stick-meta":"","astra-migrate-meta-layouts":"set","ast-page-background-enabled":"default","ast-page-background-meta":{"desktop":{"background-color":"var(--ast-global-color-4)","background-image":"","background-repeat":"repeat","background-position":"center center","background-size":"auto","background-attachment":"scroll","background-type":"","background-media":"","overlay-type":"","overlay-color":"","overlay-opacity":"","overlay-gradient":""},"tablet":{"background-color":"","background-image":"","background-repeat":"repeat","background-position":"center center","background-size":"auto","background-attachment":"scroll","background-type":"","background-media":"","overlay-type":"","overlay-color":"","overlay-opacity":"","overlay-gradient":""},"mobile":{"background-color":"","background-image":"","background-repeat":"repeat","background-position":"center center","background-size":"auto","background-attachment":"scroll","background-type":"","background-media":"","overlay-type":"","overlay-color":"","overlay-opacity":"","overlay-gradient":""}},"ast-content-background-meta":{"desktop":{"background-color":"var(--ast-global-color-5)","background-image":"","background-repeat":"repeat","background-position":"center center","background-size":"auto","background-attachment":"scroll","background-type":"","background-media":"","overlay-type":"","overlay-color":"","overlay-opacity":"","overlay-gradient":""},"tablet":{"background-color":"var(--ast-global-color-5)","background-image":"","background-repeat":"repeat","background-position":"center center","background-size":"auto","background-attachment":"scroll","background-type":"","background-media":"","overlay-type":"","overlay-color":"","overlay-opacity":"","overlay-gradient":""},"mobile":{"background-color":"var(--ast-global-color-5)","background-image":"","background-repeat":"repeat","background-position":"center center","background-size":"auto","background-attachment":"scroll","background-type":"","background-media":"","overlay-type":"","overlay-color":"","overlay-opacity":"","overlay-gradient":""}}},"product_brand":[],"product_cat":[417,324,323],"product_tag":[329],"class_list":{"0":"post-52723","1":"product","2":"type-product","3":"status-publish","4":"has-post-thumbnail","6":"product_cat-kuumat-pussit","7":"product_cat-leclercbaby","8":"product_cat-trimmaustarvikkeet","9":"product_tag-erilliset-tuotteet","10":"desktop-align-left","11":"tablet-align-left","12":"mobile-align-left","14":"first","15":"instock","16":"sale","17":"taxable","18":"shipping-taxable","19":"purchasable","20":"product-type-variable"},"acf":[],"aioseo_notices":[],"_links":{"self":[{"href":"https:\/\/hummy.ee\/fi\/wp-json\/wp\/v2\/product\/52723","targetHints":{"allow":["GET"]}}],"collection":[{"href":"https:\/\/hummy.ee\/fi\/wp-json\/wp\/v2\/product"}],"about":[{"href":"https:\/\/hummy.ee\/fi\/wp-json\/wp\/v2\/types\/product"}],"replies":[{"embeddable":true,"href":"https:\/\/hummy.ee\/fi\/wp-json\/wp\/v2\/comments?post=52723"}],"version-history":[{"count":9,"href":"https:\/\/hummy.ee\/fi\/wp-json\/wp\/v2\/product\/52723\/revisions"}],"predecessor-version":[{"id":86632,"href":"https:\/\/hummy.ee\/fi\/wp-json\/wp\/v2\/product\/52723\/revisions\/86632"}],"wp:featuredmedia":[{"embeddable":true,"href":"https:\/\/hummy.ee\/fi\/wp-json\/wp\/v2\/media\/39792"}],"wp:attachment":[{"href":"https:\/\/hummy.ee\/fi\/wp-json\/wp\/v2\/media?parent=52723"}],"wp:term":[{"taxonomy":"product_brand","embeddable":true,"href":"https:\/\/hummy.ee\/fi\/wp-json\/wp\/v2\/product_brand?post=52723"},{"taxonomy":"product_cat","embeddable":true,"href":"https:\/\/hummy.ee\/fi\/wp-json\/wp\/v2\/product_cat?post=52723"},{"taxonomy":"product_tag","embeddable":true,"href":"https:\/\/hummy.ee\/fi\/wp-json\/wp\/v2\/product_tag?post=52723"}],"curies":[{"name":"wp","href":"https:\/\/api.w.org\/{rel}","templated":true}]}}