{"id":52672,"date":"2024-04-07T18:54:43","date_gmt":"2024-04-07T18:54:43","guid":{"rendered":"https:\/\/hummy.ee\/product\/the-jiffle-turvatelineen-sovitin\/"},"modified":"2026-04-19T17:40:46","modified_gmt":"2026-04-19T17:40:46","slug":"the-jiffle-turvakaukalon-adapterit","status":"publish","type":"product","link":"https:\/\/hummy.ee\/fi\/tuote\/the-jiffle-turvakaukalon-adapterit\/","title":{"rendered":"The Jiffle turvakaukalon adapterit"},"content":{"rendered":"<h6 data-start=\"425\" data-end=\"462\"><strong><em>Nopea ja helppo kiinnitys<\/em><\/strong><\/h6>\n<h6 data-start=\"463\" data-end=\"572\">Turvakaukalon kiinnitt\u00e4minen The Jiffle -runkoon on adaptereiden ansiosta \u00e4\u00e4rimm\u00e4isen helppoa.<\/h6>\n<ul data-start=\"574\" data-end=\"889\">\n<li data-start=\"574\" data-end=\"752\">\n<h6>Selke\u00e4t merkinn\u00e4t \u2013 adapterit on varustettu merkityill\u00e4 tarroilla, jotka auttavat erottamaan vasemman ja oikean puolen oikein, varmistaen nopean ja oikean asennuksen.<\/h6>\n<\/li>\n<li data-start=\"753\" data-end=\"889\">\n<h6>Turvallinen kiinnitys \u2013 kiinnityksen j\u00e4lkeen turvakaukalo on tukevasti lukittuna runkoon, tarjoten maksimaalisen turvallisuuden ja vakauden.<\/h6>\n<\/li>\n<\/ul>\n<h6 data-start=\"891\" data-end=\"935\"><strong><em>Mukavuus ja k\u00e4yt\u00e4nn\u00f6llisyys jokaisella matkalla.<\/em><\/strong><\/h6>\n<ul>\n<li data-start=\"936\" data-end=\"1047\">\n<h6>Kun turvakaukalo on kiinnitetty The Jiffle -runkoon, vauvasi voi nauttia mukavasta ja tasaisesta matkasta.<\/h6>\n<\/li>\n<li data-start=\"1049\" data-end=\"1423\">\n<h6>Sis\u00e4\u00e4nrakennettu jousitus \u2013 aivan kuten vaunukopassa ja istuinosassa, jousitus sijaitsee suoraan turvakaukalon alla. Se v\u00e4hent\u00e4\u00e4 t\u00e4rin\u00e4\u00e4 ja tarjoaa lapselle erityisen pehme\u00e4n ja tasaisen matkustuskokemuksen.<\/h6>\n<h6>Runsaasti tilaa ostokorissa \u2013 turvakaukalo kiinnittyy k\u00e4tev\u00e4sti rungon yl\u00e4osaan. N\u00e4in ostokoriin j\u00e4\u00e4 riitt\u00e4v\u00e4sti tilaa kaikille tarvittaville tavaroille, kuten ostoskasseille tai vauvan tarvikkeille.<\/h6>\n<\/li>\n<\/ul>\n<h6 data-start=\"1425\" data-end=\"1469\"><strong><em>Yhteensopivuus erilaisten turvakaukaloiden kanssa<\/em><\/strong><\/h6>\n<h6 data-start=\"1470\" data-end=\"1594\">The Jiffle -turvakaukaloadapterit ovat universaaleja ja sopivat useisiin suosittuihin turvakaukaloihin, mukaan lukien:<\/h6>\n<ul>\n<li>\n<h6>Maxi-Cosi Pebble 360<\/h6>\n<\/li>\n<li>\n<h6>Maxi-Cosi Coral<\/h6>\n<\/li>\n<li>\n<h6>Maxi-Cosi Cabriofix<\/h6>\n<\/li>\n<li>\n<h6>Maxi-Cosi Pebble<\/h6>\n<\/li>\n<li>\n<h6>Maxi-Cosi Rock<\/h6>\n<\/li>\n<li>\n<h6>Cybex Aton<\/h6>\n<\/li>\n<li>\n<h6>Cybex Cloud Z<\/h6>\n<\/li>\n<li>\n<h6>Joolz Pebble Pro<\/h6>\n<\/li>\n<li>\n<h6>BeSafe iZi Go<\/h6>\n<\/li>\n<li>\n<h6>Nuna Pipa Next<\/h6>\n<\/li>\n<\/ul>\n<h6 data-start=\"1761\" data-end=\"1815\"><strong><em>Miksi valita The Jiffle -turvakaukaloadapterit?<\/em><\/strong><\/h6>\n<ul data-start=\"1816\" data-end=\"2192\">\n<li data-start=\"1816\" data-end=\"1904\">\n<h6>Nopea ja helppo kiinnitys<\/h6>\n<\/li>\n<li data-start=\"1905\" data-end=\"1983\">\n<h6>Turvallinen ja vakaa liit\u00e4nt\u00e4<\/h6>\n<\/li>\n<li data-start=\"1984\" data-end=\"2059\">\n<h6>Jousitettu runko<\/h6>\n<\/li>\n<li data-start=\"2060\" data-end=\"2125\">\n<h6>Tilava ostoskori<\/h6>\n<\/li>\n<li data-start=\"2126\" data-end=\"2192\">\n<h6>Laaja yhteensopivuus<\/h6>\n<\/li>\n<\/ul>\n<h6 data-start=\"2194\" data-end=\"2251\"><strong><em>Tee jokaisesta k\u00e4velyhetkest\u00e4 helpompi ja mukavampi<\/em><\/strong><\/h6>\n<h6 data-start=\"2252\" data-end=\"2539\">Voit kiinnitt\u00e4\u00e4 lapsesi turvakaukalon nopeasti ja turvallisesti rattaisiin ilman, ett\u00e4 sinun tarvitsee her\u00e4tt\u00e4\u00e4 vauvaa tai siirt\u00e4\u00e4 h\u00e4nt\u00e4 toiseen paikkaan. Lis\u00e4ksi voit nauttia p\u00e4iv\u00e4st\u00e4si huoletta, tiet\u00e4en ett\u00e4 lapsesi on turvallisesti ja mukavasti omassa paikassaan.<\/h6>\n<p>&nbsp;<\/p>\n<h6>The Jiffle -adapterit sopivat t\u00e4ydellisesti <a href=\"https:\/\/hummy.ee\/fi\/tuote\/the-jiffle-wagon2-yhdistelmavaunut\/\">The Jiffle<\/a> -vaunuun ja tekev\u00e4t arjen matkoista sujuvia, k\u00e4yt\u00e4nn\u00f6llisi\u00e4 ja stressitt\u00f6mi\u00e4.<\/h6>\n<p>&nbsp;<\/p>\n<h6>Lue lis\u00e4\u00e4 Hummy <a href=\"https:\/\/hummy.ee\/fi\/the-jiffle-vaunut-enemman-kuin-vaunuilta-voisi-odottaa\/\">-blogista<\/a> ja katso <a href=\"https:\/\/youtu.be\/E0A7CEXsU74?si=Y1NSEBD7V8koOfMq\">esittelyvideo<\/a>.<\/h6>\n<h6 data-start=\"2541\" data-end=\"2670\"><\/h6>\n","protected":false},"excerpt":{"rendered":"<h6 data-start=\"0\" data-end=\"96\">The Jiffle -turvakaukaloadapterit \u2013 mukava ja turvallinen yhteys turvakaukalon ja rungon v\u00e4lill\u00e4. Jos haluat kiinnitt\u00e4\u00e4 turvakaukalosi nopeasti ja helposti The Jiffle -runkoon, n\u00e4m\u00e4 adapterit ovat juuri sit\u00e4 mit\u00e4 tarvitset. Ne on suunniteltu tekem\u00e4\u00e4n p\u00e4ivitt\u00e4isist\u00e4 menoistasi lapsen kanssa sujuvampia ja mukavampia, tarjoten nopean ja turvallisen yhteyden turvakaukalon ja rattaiden v\u00e4lill\u00e4.<\/h6>\n","protected":false},"featured_media":60656,"comment_status":"closed","ping_status":"closed","template":"","meta":{"_acf_changed":false,"om_disable_all_campaigns":false,"_monsterinsights_skip_tracking":false,"_monsterinsights_sitenote_active":false,"_monsterinsights_sitenote_note":"","_monsterinsights_sitenote_category":0,"_uf_show_specific_survey":0,"_uf_disable_surveys":false,"site-sidebar-layout":"default","site-content-layout":"","ast-site-content-layout":"default","site-content-style":"default","site-sidebar-style":"default","ast-global-header-display":"","ast-banner-title-visibility":"","ast-main-header-display":"","ast-hfb-above-header-display":"","ast-hfb-below-header-display":"","ast-hfb-mobile-header-display":"","site-post-title":"","ast-breadcrumbs-content":"","ast-featured-img":"","footer-sml-layout":"","theme-transparent-header-meta":"default","adv-header-id-meta":"","stick-header-meta":"","header-above-stick-meta":"","header-main-stick-meta":"","header-below-stick-meta":"","astra-migrate-meta-layouts":"set","ast-page-background-enabled":"default","ast-page-background-meta":{"desktop":{"background-color":"var(--ast-global-color-4)","background-image":"","background-repeat":"repeat","background-position":"center center","background-size":"auto","background-attachment":"scroll","background-type":"","background-media":"","overlay-type":"","overlay-color":"","overlay-opacity":"","overlay-gradient":""},"tablet":{"background-color":"","background-image":"","background-repeat":"repeat","background-position":"center center","background-size":"auto","background-attachment":"scroll","background-type":"","background-media":"","overlay-type":"","overlay-color":"","overlay-opacity":"","overlay-gradient":""},"mobile":{"background-color":"","background-image":"","background-repeat":"repeat","background-position":"center center","background-size":"auto","background-attachment":"scroll","background-type":"","background-media":"","overlay-type":"","overlay-color":"","overlay-opacity":"","overlay-gradient":""}},"ast-content-background-meta":{"desktop":{"background-color":"var(--ast-global-color-5)","background-image":"","background-repeat":"repeat","background-position":"center center","background-size":"auto","background-attachment":"scroll","background-type":"","background-media":"","overlay-type":"","overlay-color":"","overlay-opacity":"","overlay-gradient":""},"tablet":{"background-color":"var(--ast-global-color-5)","background-image":"","background-repeat":"repeat","background-position":"center center","background-size":"auto","background-attachment":"scroll","background-type":"","background-media":"","overlay-type":"","overlay-color":"","overlay-opacity":"","overlay-gradient":""},"mobile":{"background-color":"var(--ast-global-color-5)","background-image":"","background-repeat":"repeat","background-position":"center center","background-size":"auto","background-attachment":"scroll","background-type":"","background-media":"","overlay-type":"","overlay-color":"","overlay-opacity":"","overlay-gradient":""}}},"product_brand":[],"product_cat":[777,374,323],"product_tag":[329,327],"class_list":{"0":"post-52672","1":"product","2":"type-product","3":"status-publish","4":"has-post-thumbnail","6":"product_cat-jiffle-fi","7":"product_cat-sovittimet","8":"product_cat-trimmaustarvikkeet","9":"product_tag-erilliset-tuotteet","10":"product_tag-raataloity-verkkosivusto","11":"desktop-align-left","12":"tablet-align-left","13":"mobile-align-left","15":"first","16":"instock","17":"taxable","18":"shipping-taxable","19":"purchasable","20":"product-type-simple"},"acf":[],"aioseo_notices":[],"_links":{"self":[{"href":"https:\/\/hummy.ee\/fi\/wp-json\/wp\/v2\/product\/52672","targetHints":{"allow":["GET"]}}],"collection":[{"href":"https:\/\/hummy.ee\/fi\/wp-json\/wp\/v2\/product"}],"about":[{"href":"https:\/\/hummy.ee\/fi\/wp-json\/wp\/v2\/types\/product"}],"replies":[{"embeddable":true,"href":"https:\/\/hummy.ee\/fi\/wp-json\/wp\/v2\/comments?post=52672"}],"version-history":[{"count":4,"href":"https:\/\/hummy.ee\/fi\/wp-json\/wp\/v2\/product\/52672\/revisions"}],"predecessor-version":[{"id":87211,"href":"https:\/\/hummy.ee\/fi\/wp-json\/wp\/v2\/product\/52672\/revisions\/87211"}],"wp:featuredmedia":[{"embeddable":true,"href":"https:\/\/hummy.ee\/fi\/wp-json\/wp\/v2\/media\/60656"}],"wp:attachment":[{"href":"https:\/\/hummy.ee\/fi\/wp-json\/wp\/v2\/media?parent=52672"}],"wp:term":[{"taxonomy":"product_brand","embeddable":true,"href":"https:\/\/hummy.ee\/fi\/wp-json\/wp\/v2\/product_brand?post=52672"},{"taxonomy":"product_cat","embeddable":true,"href":"https:\/\/hummy.ee\/fi\/wp-json\/wp\/v2\/product_cat?post=52672"},{"taxonomy":"product_tag","embeddable":true,"href":"https:\/\/hummy.ee\/fi\/wp-json\/wp\/v2\/product_tag?post=52672"}],"curies":[{"name":"wp","href":"https:\/\/api.w.org\/{rel}","templated":true}]}}