{"id":52665,"date":"2024-04-07T18:54:27","date_gmt":"2024-04-07T18:54:27","guid":{"rendered":"https:\/\/hummy.ee\/product\/the-jiffle-vaunun-hyttysverkko\/"},"modified":"2025-05-15T00:01:15","modified_gmt":"2025-05-15T00:01:15","slug":"the-jiffle-vaunun-hyttysverkko","status":"publish","type":"product","link":"https:\/\/hummy.ee\/fi\/tuote\/the-jiffle-vaunun-hyttysverkko\/","title":{"rendered":"The Jiffle vaunun hyttysverkko"},"content":{"rendered":"<h6 data-start=\"429\" data-end=\"468\"><strong><em>Yleisk\u00e4ytt\u00f6inen ja k\u00e4tev\u00e4 k\u00e4ytt\u00f6<\/em><\/strong><\/h6>\n<h6 data-start=\"469\" data-end=\"801\">The Jiffle vaunujen hyttysverkko on suunniteltu erityisesti niin, ett\u00e4 se sopii sek\u00e4 istuimeen ett\u00e4 vaunukoppaan, mik\u00e4 tarjoaa joustavuutta ja monipuolisuutta. T\u00e4m\u00e4 tarkoittaa, ett\u00e4 olipa lapsesi istumassa tai nukkumassa, voit olla varma, ett\u00e4 h\u00e4n on suojassa hyttysilt\u00e4, k\u00e4rp\u00e4silt\u00e4 ja muilta \u00e4rsytt\u00e4vilt\u00e4 hy\u00f6nteisilt\u00e4. <\/h6>\n<p>&nbsp;<\/p>\n<h6 data-start=\"803\" data-end=\"868\"><strong><em>K\u00e4yt\u00e4nn\u00f6llinen vetoketjullinen aukko - lapsi p\u00e4\u00e4see helposti k\u00e4siksi.<\/em><\/strong><\/h6>\n<h6 data-start=\"869\" data-end=\"1167\">Hyttysverkon sivulla on n\u00e4pp\u00e4r\u00e4 ja k\u00e4tev\u00e4 vetoketju, jonka avulla p\u00e4\u00e4set nopeasti ja vaivattomasti vauvasi luo ilman, ett\u00e4 sinun tarvitsee poistaa koko verkkoa. Se on erityisen hy\u00f6dyllinen silloin, kun haluat nopeasti lohduttaa vauvaa, antaa h\u00e4nelle lelun tai vain tarkistaa, ett\u00e4 h\u00e4n on kunnossa. <\/h6>\n<p>&nbsp;<\/p>\n<h6 data-start=\"1169\" data-end=\"1231\"><strong><em>Laadukas ja hengitt\u00e4v\u00e4 materiaali - paras valinta lapsellesi.<\/em><\/strong><\/h6>\n<h6 data-start=\"1232\" data-end=\"1557\">Hyttysverkko on valmistettu hengitt\u00e4v\u00e4st\u00e4 ja kest\u00e4v\u00e4st\u00e4 materiaalista, joka takaa hyv\u00e4n ilmankierron ja pit\u00e4\u00e4 samalla kaikki ei-toivotut hy\u00f6nteiset poissa. Sen kevyt mutta kest\u00e4v\u00e4 rakenne tekee siit\u00e4 ihanteellisen k\u00e4ytett\u00e4v\u00e4ksi sek\u00e4 kuumina kes\u00e4p\u00e4ivin\u00e4 ett\u00e4 viile\u00e4mpin\u00e4 iltoina, jolloin lapsesi saa aina mukavan ja turvallisen ymp\u00e4rist\u00f6n. <\/h6>\n<p>&nbsp;<\/p>\n<h6 data-start=\"1559\" data-end=\"1609\"><strong><em>Miksi valita The Jiffle vaunujen hyttysverkko?<\/em><\/strong><\/h6>\n<ul>\n<li data-start=\"1610\" data-end=\"1966\">\n<h6><em>Tehokas suoja - pit\u00e4\u00e4 hyttyset, k\u00e4rp\u00e4set ja muut hy\u00f6nteiset loitolla.<\/em><\/h6>\n<\/li>\n<li data-start=\"1610\" data-end=\"1966\">\n<h6><em>Monipuolinen k\u00e4ytt\u00f6 - sopii sek\u00e4 istuimeen ett\u00e4 vaunukoppaan<\/em><\/h6>\n<\/li>\n<li data-start=\"1610\" data-end=\"1966\">\n<h6><em>K\u00e4tev\u00e4 vetoketjullinen aukko - lapsi p\u00e4\u00e4see helposti k\u00e4siksi.<\/em><\/h6>\n<\/li>\n<li data-start=\"1610\" data-end=\"1966\">\n<h6><em>Hengitt\u00e4v\u00e4 ja laadukas materiaali - takaa ilmankierron ja mukavuuden.<\/em><\/h6>\n<\/li>\n<li data-start=\"1610\" data-end=\"1966\">\n<h6><em>Helppo asentaa ja irrottaa - nopea ja k\u00e4yt\u00e4nn\u00f6llinen ratkaisu jokaiseen puistok\u00e4velyyn.<\/em><\/h6>\n<\/li>\n<\/ul>\n<h6 data-start=\"1968\" data-end=\"2030\"><strong><em>Turvalliset ja rauhalliset k\u00e4velyretket kaikissa olosuhteissa<\/em><\/strong><\/h6>\n<h6 data-start=\"2031\" data-end=\"2353\">The Jiffle Vaunun hyttysverkko on ihanteellinen ratkaisu vanhemmille, jotka haluavat tarjota lapselleen turvallisen ja h\u00e4iri\u00f6tt\u00f6m\u00e4n ulkoilmaymp\u00e4rist\u00f6n. Olipa kyse sitten kes\u00e4k\u00e4velyist\u00e4 mets\u00e4ss\u00e4, kaupungin puistossa tai maaseudulla mummolassa, t\u00e4m\u00e4 hyttysverkko varmistaa, ett\u00e4 lapsesi voi nauttia raikkaasta ilmasta ilman ep\u00e4miellytt\u00e4vi\u00e4 hy\u00f6nteisi\u00e4. <\/h6>\n<p>&nbsp;<\/p>\n<h6>The Jiffle hyttysverkko sopii t\u00e4ydellisesti <a href=\"https:\/\/hummy.ee\/fi\/toode\/the-jiffle-vaunu-2-vaunusarja\/\">The Jiffle -vaunuihin<\/a> ja tarjoaa lapsellesi luotettavan ratkaisun joka vuodenaikaan!<\/h6>\n<p>&nbsp;<\/p>\n<h6><em>Lue lis\u00e4\u00e4 Hummy <a href=\"https:\/\/hummy.ee\/fi\/the-jiffle-vaunut-enemman-kuin-vaunuilta-voisi-odottaa\/\">-blogista<\/a> ja katso <a href=\"https:\/\/youtu.be\/E0A7CEXsU74?si=Y1NSEBD7V8koOfMq\">esittelyvideo<\/a>.<\/em><\/h6>\n","protected":false},"excerpt":{"rendered":"<h6 data-start=\"0\" data-end=\"82\">The Jiffle hyttysverkko - tehokas suoja hy\u00f6nteisi\u00e4 vastaan jokaisella k\u00e4velyll\u00e4. Jos haluat tarjota lapsellesi rauhallisen ja h\u00e4iri\u00f6tt\u00f6m\u00e4n k\u00e4velykokemuksen, The Jiffle vaunujen hyttysverkko on t\u00e4ydellinen ratkaisu. T\u00e4m\u00e4 laadukas ja k\u00e4yt\u00e4nn\u00f6llinen hyttysverkko auttaa pit\u00e4m\u00e4\u00e4n \u00e4rsytt\u00e4v\u00e4t ja haitalliset hy\u00f6nteiset loitolla ja tarjoaa samalla lapsellesi mukavan ja turvallisen ymp\u00e4rist\u00f6n kes\u00e4k\u00e4velyill\u00e4 sek\u00e4 torkkuessa ulkona.  <\/h6>\n","protected":false},"featured_media":60686,"comment_status":"closed","ping_status":"closed","template":"","meta":{"_acf_changed":false,"om_disable_all_campaigns":false,"_monsterinsights_skip_tracking":false,"_monsterinsights_sitenote_active":false,"_monsterinsights_sitenote_note":"","_monsterinsights_sitenote_category":0,"_uf_show_specific_survey":0,"_uf_disable_surveys":false,"site-sidebar-layout":"default","site-content-layout":"","ast-site-content-layout":"default","site-content-style":"default","site-sidebar-style":"default","ast-global-header-display":"","ast-banner-title-visibility":"","ast-main-header-display":"","ast-hfb-above-header-display":"","ast-hfb-below-header-display":"","ast-hfb-mobile-header-display":"","site-post-title":"","ast-breadcrumbs-content":"","ast-featured-img":"","footer-sml-layout":"","theme-transparent-header-meta":"default","adv-header-id-meta":"","stick-header-meta":"","header-above-stick-meta":"","header-main-stick-meta":"","header-below-stick-meta":"","astra-migrate-meta-layouts":"default","ast-page-background-enabled":"default","ast-page-background-meta":{"desktop":{"background-color":"var(--ast-global-color-4)","background-image":"","background-repeat":"repeat","background-position":"center center","background-size":"auto","background-attachment":"scroll","background-type":"","background-media":"","overlay-type":"","overlay-color":"","overlay-opacity":"","overlay-gradient":""},"tablet":{"background-color":"","background-image":"","background-repeat":"repeat","background-position":"center center","background-size":"auto","background-attachment":"scroll","background-type":"","background-media":"","overlay-type":"","overlay-color":"","overlay-opacity":"","overlay-gradient":""},"mobile":{"background-color":"","background-image":"","background-repeat":"repeat","background-position":"center center","background-size":"auto","background-attachment":"scroll","background-type":"","background-media":"","overlay-type":"","overlay-color":"","overlay-opacity":"","overlay-gradient":""}},"ast-content-background-meta":{"desktop":{"background-color":"var(--ast-global-color-5)","background-image":"","background-repeat":"repeat","background-position":"center center","background-size":"auto","background-attachment":"scroll","background-type":"","background-media":"","overlay-type":"","overlay-color":"","overlay-opacity":"","overlay-gradient":""},"tablet":{"background-color":"var(--ast-global-color-5)","background-image":"","background-repeat":"repeat","background-position":"center center","background-size":"auto","background-attachment":"scroll","background-type":"","background-media":"","overlay-type":"","overlay-color":"","overlay-opacity":"","overlay-gradient":""},"mobile":{"background-color":"var(--ast-global-color-5)","background-image":"","background-repeat":"repeat","background-position":"center center","background-size":"auto","background-attachment":"scroll","background-type":"","background-media":"","overlay-type":"","overlay-color":"","overlay-opacity":"","overlay-gradient":""}}},"product_brand":[276],"product_cat":[777,323],"product_tag":[329,327],"class_list":{"0":"post-52665","1":"product","2":"type-product","3":"status-publish","4":"has-post-thumbnail","6":"product_brand-the-jiffle","7":"product_cat-jiffle-fi","8":"product_cat-trimmaustarvikkeet","9":"product_tag-erilliset-tuotteet","10":"product_tag-raataloity-verkkosivusto","11":"desktop-align-left","12":"tablet-align-left","13":"mobile-align-left","15":"first","16":"instock","17":"taxable","18":"shipping-taxable","19":"purchasable","20":"product-type-simple"},"acf":[],"aioseo_notices":[],"_links":{"self":[{"href":"https:\/\/hummy.ee\/fi\/wp-json\/wp\/v2\/product\/52665","targetHints":{"allow":["GET"]}}],"collection":[{"href":"https:\/\/hummy.ee\/fi\/wp-json\/wp\/v2\/product"}],"about":[{"href":"https:\/\/hummy.ee\/fi\/wp-json\/wp\/v2\/types\/product"}],"replies":[{"embeddable":true,"href":"https:\/\/hummy.ee\/fi\/wp-json\/wp\/v2\/comments?post=52665"}],"version-history":[{"count":1,"href":"https:\/\/hummy.ee\/fi\/wp-json\/wp\/v2\/product\/52665\/revisions"}],"predecessor-version":[{"id":59214,"href":"https:\/\/hummy.ee\/fi\/wp-json\/wp\/v2\/product\/52665\/revisions\/59214"}],"wp:featuredmedia":[{"embeddable":true,"href":"https:\/\/hummy.ee\/fi\/wp-json\/wp\/v2\/media\/60686"}],"wp:attachment":[{"href":"https:\/\/hummy.ee\/fi\/wp-json\/wp\/v2\/media?parent=52665"}],"wp:term":[{"taxonomy":"product_brand","embeddable":true,"href":"https:\/\/hummy.ee\/fi\/wp-json\/wp\/v2\/product_brand?post=52665"},{"taxonomy":"product_cat","embeddable":true,"href":"https:\/\/hummy.ee\/fi\/wp-json\/wp\/v2\/product_cat?post=52665"},{"taxonomy":"product_tag","embeddable":true,"href":"https:\/\/hummy.ee\/fi\/wp-json\/wp\/v2\/product_tag?post=52665"}],"curies":[{"name":"wp","href":"https:\/\/api.w.org\/{rel}","templated":true}]}}