{"id":52662,"date":"2024-04-07T18:54:34","date_gmt":"2024-04-07T18:54:34","guid":{"rendered":"https:\/\/hummy.ee\/product\/the-jiffle-sadetakki\/"},"modified":"2026-04-18T12:12:35","modified_gmt":"2026-04-18T12:12:35","slug":"the-jiffle-sadesuoja","status":"publish","type":"product","link":"https:\/\/hummy.ee\/fi\/tuote\/the-jiffle-sadesuoja\/","title":{"rendered":"The Jiffle sadesuoja"},"content":{"rendered":"<h6 data-start=\"401\" data-end=\"439\"><strong><em>Tehokas suoja huonoissa s\u00e4\u00e4olosuhteissa<\/em><\/strong><\/h6>\n<h6 data-start=\"440\" data-end=\"689\">S\u00e4\u00e4 on arvaamaton \u2013 aurinkoinen aamu voi muuttua hetkess\u00e4 sateiseksi iltap\u00e4iv\u00e4ksi. The Jiffle wagon -sadesuoja on suunniteltu juuri t\u00e4llaisiin tilanteisiin. Se suojaa lastasi sateelta ja tuulelta kaikissa s\u00e4\u00e4olosuhteissa.<\/h6>\n<ul data-start=\"691\" data-end=\"928\">\n<li data-start=\"691\" data-end=\"780\">\n<h6>Vedenpit\u00e4v\u00e4 ja kest\u00e4v\u00e4 materiaali suojaa lasta sateelta ja kosteudelta.<\/h6>\n<\/li>\n<li data-start=\"781\" data-end=\"928\">\n<h6>Universaali yhteensopivuus \u2013 sopii sek\u00e4 istuinosaan ett\u00e4 vaunukoppaan, tarjoten joustavan ja k\u00e4yt\u00e4nn\u00f6llisen k\u00e4yt\u00f6n.<\/h6>\n<\/li>\n<\/ul>\n<h6 data-start=\"930\" data-end=\"984\"><strong><em>Vetoketjuavaus \u2013 helppo ja nopea p\u00e4\u00e4sy lapseen<\/em><\/strong><\/h6>\n<h6 data-start=\"985\" data-end=\"1266\">Sadesuojan sivussa oleva k\u00e4yt\u00e4nn\u00f6llinen vetoketju mahdollistaa nopean ja helpon p\u00e4\u00e4syn lapseen ilman koko suojan irrottamista. T\u00e4m\u00e4 helpottaa arkea esimerkiksi silloin, kun haluat antaa lapselle jotain tai tarkistaa, ett\u00e4 kaikki on hyvin.<\/h6>\n<p>&nbsp;<\/p>\n<h6 data-start=\"1268\" data-end=\"1315\"><strong><em>Erinomainen tuuletus ja hyv\u00e4 n\u00e4kyvyys<\/em><\/strong><\/h6>\n<h6 data-start=\"1316\" data-end=\"1465\">Toisin kuin tavalliset sadesuojat, t\u00e4m\u00e4 sadesuoja sis\u00e4lt\u00e4\u00e4 \u00e4lykk\u00e4\u00e4t sivuaukot, jotka varmistavat optimaalisen ilmanvaihdon.<\/h6>\n<ul>\n<li data-start=\"1467\" data-end=\"1658\">\n<h6>Tehokas tuuletus \u2013 est\u00e4\u00e4 liiallisen kosteuden ja takaa lapselle raikkaan ilman.<\/h6>\n<\/li>\n<li data-start=\"1467\" data-end=\"1658\">\n<h6>L\u00e4pin\u00e4kyv\u00e4 materiaali \u2013 ehk\u00e4isee sadesuojan huurtumista ja varmistaa hyv\u00e4n n\u00e4kyvyyden lapselle.<\/h6>\n<\/li>\n<\/ul>\n<h6 data-start=\"1660\" data-end=\"1710\"><strong><em>Miksi valita The Jiffle wagon -sadesuoja?<\/em><\/strong><\/h6>\n<ul data-start=\"1711\" data-end=\"2089\">\n<li data-start=\"1711\" data-end=\"1797\">\n<h6>Luotettava suoja sateelta ja tuulelta \u2013 t\u00e4ydellinen jokap\u00e4iv\u00e4iseen k\u00e4ytt\u00f6\u00f6n<\/h6>\n<\/li>\n<li data-start=\"1798\" data-end=\"1867\">\n<h6>Universaali muotoilu \u2013 sopii sek\u00e4 vaunukoppaan ett\u00e4 istuimeen<\/h6>\n<\/li>\n<li data-start=\"1868\" data-end=\"1934\">\n<h6>Vetoketjuavaus \u2013 vaivaton ja helppo p\u00e4\u00e4sy lapseen<\/h6>\n<\/li>\n<li data-start=\"1935\" data-end=\"2004\">\n<h6>Hengitt\u00e4v\u00e4 ja huurtumista est\u00e4v\u00e4 \u2013 varmistaa hyv\u00e4n ilmanvaihdon ja selke\u00e4n n\u00e4kyvyyden<\/h6>\n<\/li>\n<li data-start=\"2005\" data-end=\"2089\">\n<h6>Kevyt ja kompakti \u2013 helppo ottaa mukaan jokaiselle k\u00e4velyretkelle<\/h6>\n<\/li>\n<\/ul>\n<h6 data-start=\"2091\" data-end=\"2132\"><strong><em>Nauti ulkoilusta s\u00e4\u00e4ss\u00e4 kuin s\u00e4\u00e4ss\u00e4<\/em><\/strong><\/h6>\n<h6 data-start=\"2133\" data-end=\"2459\">\u00c4l\u00e4 anna sateisen s\u00e4\u00e4n pilata suunnitelmiasi! T\u00e4m\u00e4 sadesuoja varmistaa, ett\u00e4 lapsesi pysyy kuivana, l\u00e4mpim\u00e4n\u00e4 ja mukavana, samalla kun voit nauttia ulkoilusta huoletta. K\u00e4yt\u00e4 sit\u00e4 kaikissa s\u00e4\u00e4olosuhteissa \u2013 olipa kyseess\u00e4 kevyt tihkusade tai rankempi sade \u2013 lapsesi on aina suojattu ja turvallisesti peitetty. The Jiffle -sadesuoja sopii t\u00e4ydellisesti <a href=\"https:\/\/hummy.ee\/fi\/tuote\/the-jiffle-wagon2-yhdistelmavaunut\/\">The Jiffle wagon -vaunuun<\/a>, tehden jokaisesta k\u00e4velyst\u00e4 huolettoman ja miellytt\u00e4v\u00e4n!<\/h6>\n<p>&nbsp;<\/p>\n<h6><em>Lue lis\u00e4\u00e4 Hummy <a href=\"https:\/\/hummy.ee\/fi\/the-jiffle-vaunut-enemman-kuin-vaunuilta-voisi-odottaa\/\">-blogista<\/a> ja katso <a href=\"https:\/\/youtu.be\/E0A7CEXsU74?si=Y1NSEBD7V8koOfMq\">esittelyvideo<\/a>.<\/em><\/h6>\n","protected":false},"excerpt":{"rendered":"<h6 data-start=\"0\" data-end=\"76\">The Jiffle wagon -sadesuoja \u2013 luotettava suoja sateelta ja tuulelta. The Jiffle wagon -sadesuoja on ihanteellinen ratkaisu vanhemmille, jotka haluavat pit\u00e4\u00e4 lapsensa kuivana ja mukavana my\u00f6s sateisina tai tuulisina p\u00e4ivin\u00e4. T\u00e4m\u00e4 laadukas ja k\u00e4yt\u00e4nn\u00f6llinen sadesuoja sopii sek\u00e4 The Jiffle wagon -istuimeen ett\u00e4 vaunukoppaan, tarjoten monipuolista suojaa erilaisissa s\u00e4\u00e4olosuhteissa.<\/h6>\n","protected":false},"featured_media":60601,"comment_status":"closed","ping_status":"closed","template":"","meta":{"_acf_changed":false,"om_disable_all_campaigns":false,"_monsterinsights_skip_tracking":false,"_monsterinsights_sitenote_active":false,"_monsterinsights_sitenote_note":"","_monsterinsights_sitenote_category":0,"_uf_show_specific_survey":0,"_uf_disable_surveys":false,"site-sidebar-layout":"default","site-content-layout":"","ast-site-content-layout":"default","site-content-style":"default","site-sidebar-style":"default","ast-global-header-display":"","ast-banner-title-visibility":"","ast-main-header-display":"","ast-hfb-above-header-display":"","ast-hfb-below-header-display":"","ast-hfb-mobile-header-display":"","site-post-title":"","ast-breadcrumbs-content":"","ast-featured-img":"","footer-sml-layout":"","theme-transparent-header-meta":"default","adv-header-id-meta":"","stick-header-meta":"","header-above-stick-meta":"","header-main-stick-meta":"","header-below-stick-meta":"","astra-migrate-meta-layouts":"set","ast-page-background-enabled":"default","ast-page-background-meta":{"desktop":{"background-color":"var(--ast-global-color-4)","background-image":"","background-repeat":"repeat","background-position":"center center","background-size":"auto","background-attachment":"scroll","background-type":"","background-media":"","overlay-type":"","overlay-color":"","overlay-opacity":"","overlay-gradient":""},"tablet":{"background-color":"","background-image":"","background-repeat":"repeat","background-position":"center center","background-size":"auto","background-attachment":"scroll","background-type":"","background-media":"","overlay-type":"","overlay-color":"","overlay-opacity":"","overlay-gradient":""},"mobile":{"background-color":"","background-image":"","background-repeat":"repeat","background-position":"center center","background-size":"auto","background-attachment":"scroll","background-type":"","background-media":"","overlay-type":"","overlay-color":"","overlay-opacity":"","overlay-gradient":""}},"ast-content-background-meta":{"desktop":{"background-color":"var(--ast-global-color-5)","background-image":"","background-repeat":"repeat","background-position":"center center","background-size":"auto","background-attachment":"scroll","background-type":"","background-media":"","overlay-type":"","overlay-color":"","overlay-opacity":"","overlay-gradient":""},"tablet":{"background-color":"var(--ast-global-color-5)","background-image":"","background-repeat":"repeat","background-position":"center center","background-size":"auto","background-attachment":"scroll","background-type":"","background-media":"","overlay-type":"","overlay-color":"","overlay-opacity":"","overlay-gradient":""},"mobile":{"background-color":"var(--ast-global-color-5)","background-image":"","background-repeat":"repeat","background-position":"center center","background-size":"auto","background-attachment":"scroll","background-type":"","background-media":"","overlay-type":"","overlay-color":"","overlay-opacity":"","overlay-gradient":""}}},"product_brand":[],"product_cat":[777,323,376],"product_tag":[329,327],"class_list":{"0":"post-52662","1":"product","2":"type-product","3":"status-publish","4":"has-post-thumbnail","6":"product_cat-jiffle-fi","7":"product_cat-trimmaustarvikkeet","8":"product_cat-vankilan-kannet","9":"product_tag-erilliset-tuotteet","10":"product_tag-raataloity-verkkosivusto","11":"desktop-align-left","12":"tablet-align-left","13":"mobile-align-left","15":"first","16":"instock","17":"taxable","18":"shipping-taxable","19":"purchasable","20":"product-type-simple"},"acf":[],"aioseo_notices":[],"_links":{"self":[{"href":"https:\/\/hummy.ee\/fi\/wp-json\/wp\/v2\/product\/52662","targetHints":{"allow":["GET"]}}],"collection":[{"href":"https:\/\/hummy.ee\/fi\/wp-json\/wp\/v2\/product"}],"about":[{"href":"https:\/\/hummy.ee\/fi\/wp-json\/wp\/v2\/types\/product"}],"replies":[{"embeddable":true,"href":"https:\/\/hummy.ee\/fi\/wp-json\/wp\/v2\/comments?post=52662"}],"version-history":[{"count":3,"href":"https:\/\/hummy.ee\/fi\/wp-json\/wp\/v2\/product\/52662\/revisions"}],"predecessor-version":[{"id":87063,"href":"https:\/\/hummy.ee\/fi\/wp-json\/wp\/v2\/product\/52662\/revisions\/87063"}],"wp:featuredmedia":[{"embeddable":true,"href":"https:\/\/hummy.ee\/fi\/wp-json\/wp\/v2\/media\/60601"}],"wp:attachment":[{"href":"https:\/\/hummy.ee\/fi\/wp-json\/wp\/v2\/media?parent=52662"}],"wp:term":[{"taxonomy":"product_brand","embeddable":true,"href":"https:\/\/hummy.ee\/fi\/wp-json\/wp\/v2\/product_brand?post=52662"},{"taxonomy":"product_cat","embeddable":true,"href":"https:\/\/hummy.ee\/fi\/wp-json\/wp\/v2\/product_cat?post=52662"},{"taxonomy":"product_tag","embeddable":true,"href":"https:\/\/hummy.ee\/fi\/wp-json\/wp\/v2\/product_tag?post=52662"}],"curies":[{"name":"wp","href":"https:\/\/api.w.org\/{rel}","templated":true}]}}