{"id":52611,"date":"2024-04-07T18:35:37","date_gmt":"2024-04-07T18:35:37","guid":{"rendered":"https:\/\/hummy.ee\/product\/the-jiffle-duo-cart-iste\/"},"modified":"2026-04-18T18:29:36","modified_gmt":"2026-04-18T18:29:36","slug":"the-jiffle-duo-cart-istuinpehmuste","status":"publish","type":"product","link":"https:\/\/hummy.ee\/fi\/tuote\/the-jiffle-duo-cart-istuinpehmuste\/","title":{"rendered":"The Jiffle Duo &amp; Cart istuinpehmuste"},"content":{"rendered":"<h6 data-start=\"213\" data-end=\"567\">Se on eritt\u00e4in helppo kiinnitt\u00e4\u00e4 per\u00e4vaunuk\u00e4rryyn k\u00e4yt\u00e4nn\u00f6llisten neppareiden ansiosta. Lis\u00e4ksi, kun k\u00e4rryn suojakansi k\u00e4\u00e4nnet\u00e4\u00e4n osittain yl\u00f6s, lapsi on paremmin suojattu s\u00e4\u00e4lt\u00e4 ja tuulelta. Halutessasi sit\u00e4 voi k\u00e4ytt\u00e4\u00e4 my\u00f6s ilman suojaa \u2013 aivan yht\u00e4 mukavasti, juuri niin kuin teille parhaiten sopii.<\/h6>\n<p>&nbsp;<\/p>\n<h6>K\u00e4ytetyt materiaalit ovat laadukkaita ja helposti puhdistettavia, mink\u00e4 vuoksi se on ihanteellinen valinta sek\u00e4 p\u00e4ivitt\u00e4isille k\u00e4velyille ett\u00e4 pidemmille seikkailuille. Jos siis etsit t\u00e4ydellist\u00e4 ratkaisua lapsen mukavuuden ja turvallisuuden varmistamiseen, The Jiffle Duo &amp; Cart -istuin on juuri sit\u00e4, mit\u00e4 tarvitset.<\/h6>\n<p>&nbsp;<\/p>\n<h6>The Jiffle Duo &amp; Cart -istuin sopii t\u00e4ydellisesti <a href=\"https:\/\/hummy.ee\/fi\/tuote\/the-jiffle-wagon2-yhdistelmavaunut\/\">The Jiffle<\/a> -vaunuun, tarjoten lapselle suurta mukavuutta ja vanhemmille mielenrauhaa jokaisella matkalla!<\/h6>\n<p>&nbsp;<\/p>\n<h6><em>Lue lis\u00e4\u00e4 Hummy <a href=\"https:\/\/hummy.ee\/fi\/the-jiffle-vaunut-enemman-kuin-vaunuilta-voisi-odottaa\/\">-blogista<\/a> ja katso <a href=\"https:\/\/youtu.be\/E0A7CEXsU74?si=Y1NSEBD7V8koOfMq\">esittelyvideo<\/a>.<\/em><\/h6>\n","protected":false},"excerpt":{"rendered":"<h6>The Jiffle Duo &amp; Cart -istuimen avulla The Jiffle -vaunulla liikkuminen muuttuu entist\u00e4 mukavammaksi. T\u00e4m\u00e4 miellytt\u00e4v\u00e4 ja turvallinen valjailla varustettu istuinpehmuste on paitsi pehme\u00e4, my\u00f6s tarjoaa erinomaisen tuen lapsen sel\u00e4lle.<\/h6>\n<h6 data-start=\"213\" data-end=\"567\"><\/h6>\n","protected":false},"featured_media":40936,"comment_status":"closed","ping_status":"closed","template":"","meta":{"_acf_changed":false,"om_disable_all_campaigns":false,"_monsterinsights_skip_tracking":false,"_monsterinsights_sitenote_active":false,"_monsterinsights_sitenote_note":"","_monsterinsights_sitenote_category":0,"_uf_show_specific_survey":0,"_uf_disable_surveys":false,"site-sidebar-layout":"default","site-content-layout":"","ast-site-content-layout":"default","site-content-style":"default","site-sidebar-style":"default","ast-global-header-display":"","ast-banner-title-visibility":"","ast-main-header-display":"","ast-hfb-above-header-display":"","ast-hfb-below-header-display":"","ast-hfb-mobile-header-display":"","site-post-title":"","ast-breadcrumbs-content":"","ast-featured-img":"","footer-sml-layout":"","theme-transparent-header-meta":"default","adv-header-id-meta":"","stick-header-meta":"","header-above-stick-meta":"","header-main-stick-meta":"","header-below-stick-meta":"","astra-migrate-meta-layouts":"set","ast-page-background-enabled":"default","ast-page-background-meta":{"desktop":{"background-color":"var(--ast-global-color-4)","background-image":"","background-repeat":"repeat","background-position":"center center","background-size":"auto","background-attachment":"scroll","background-type":"","background-media":"","overlay-type":"","overlay-color":"","overlay-opacity":"","overlay-gradient":""},"tablet":{"background-color":"","background-image":"","background-repeat":"repeat","background-position":"center center","background-size":"auto","background-attachment":"scroll","background-type":"","background-media":"","overlay-type":"","overlay-color":"","overlay-opacity":"","overlay-gradient":""},"mobile":{"background-color":"","background-image":"","background-repeat":"repeat","background-position":"center center","background-size":"auto","background-attachment":"scroll","background-type":"","background-media":"","overlay-type":"","overlay-color":"","overlay-opacity":"","overlay-gradient":""}},"ast-content-background-meta":{"desktop":{"background-color":"var(--ast-global-color-5)","background-image":"","background-repeat":"repeat","background-position":"center center","background-size":"auto","background-attachment":"scroll","background-type":"","background-media":"","overlay-type":"","overlay-color":"","overlay-opacity":"","overlay-gradient":""},"tablet":{"background-color":"var(--ast-global-color-5)","background-image":"","background-repeat":"repeat","background-position":"center center","background-size":"auto","background-attachment":"scroll","background-type":"","background-media":"","overlay-type":"","overlay-color":"","overlay-opacity":"","overlay-gradient":""},"mobile":{"background-color":"var(--ast-global-color-5)","background-image":"","background-repeat":"repeat","background-position":"center center","background-size":"auto","background-attachment":"scroll","background-type":"","background-media":"","overlay-type":"","overlay-color":"","overlay-opacity":"","overlay-gradient":""}}},"product_brand":[],"product_cat":[388,777,323],"product_tag":[329,327],"class_list":{"0":"post-52611","1":"product","2":"type-product","3":"status-publish","4":"has-post-thumbnail","6":"product_cat-istuintyynyt","7":"product_cat-jiffle-fi","8":"product_cat-trimmaustarvikkeet","9":"product_tag-erilliset-tuotteet","10":"product_tag-raataloity-verkkosivusto","11":"desktop-align-left","12":"tablet-align-left","13":"mobile-align-left","15":"first","16":"instock","17":"taxable","18":"shipping-taxable","19":"purchasable","20":"product-type-variable"},"acf":[],"aioseo_notices":[],"_links":{"self":[{"href":"https:\/\/hummy.ee\/fi\/wp-json\/wp\/v2\/product\/52611","targetHints":{"allow":["GET"]}}],"collection":[{"href":"https:\/\/hummy.ee\/fi\/wp-json\/wp\/v2\/product"}],"about":[{"href":"https:\/\/hummy.ee\/fi\/wp-json\/wp\/v2\/types\/product"}],"replies":[{"embeddable":true,"href":"https:\/\/hummy.ee\/fi\/wp-json\/wp\/v2\/comments?post=52611"}],"version-history":[{"count":5,"href":"https:\/\/hummy.ee\/fi\/wp-json\/wp\/v2\/product\/52611\/revisions"}],"predecessor-version":[{"id":65489,"href":"https:\/\/hummy.ee\/fi\/wp-json\/wp\/v2\/product\/52611\/revisions\/65489"}],"wp:featuredmedia":[{"embeddable":true,"href":"https:\/\/hummy.ee\/fi\/wp-json\/wp\/v2\/media\/40936"}],"wp:attachment":[{"href":"https:\/\/hummy.ee\/fi\/wp-json\/wp\/v2\/media?parent=52611"}],"wp:term":[{"taxonomy":"product_brand","embeddable":true,"href":"https:\/\/hummy.ee\/fi\/wp-json\/wp\/v2\/product_brand?post=52611"},{"taxonomy":"product_cat","embeddable":true,"href":"https:\/\/hummy.ee\/fi\/wp-json\/wp\/v2\/product_cat?post=52611"},{"taxonomy":"product_tag","embeddable":true,"href":"https:\/\/hummy.ee\/fi\/wp-json\/wp\/v2\/product_tag?post=52611"}],"curies":[{"name":"wp","href":"https:\/\/api.w.org\/{rel}","templated":true}]}}