{"id":52596,"date":"2024-04-07T18:29:48","date_gmt":"2024-04-07T18:29:48","guid":{"rendered":"https:\/\/hummy.ee\/product\/abc-design-avus-rattaat\/"},"modified":"2026-04-16T12:03:38","modified_gmt":"2026-04-16T12:03:38","slug":"abc-design-avus-rattaat","status":"publish","type":"product","link":"https:\/\/hummy.ee\/fi\/tuote\/abc-design-avus-rattaat\/","title":{"rendered":"ABC Design Avus rattaat"},"content":{"rendered":"<h6 data-pm-slice=\"1 1 []\"><strong><em>Laatikon sis\u00e4lt\u00f6:<\/em><\/strong><\/h6>\n<ul data-spread=\"false\">\n<li>\n<h6>Istuinosa<\/h6>\n<\/li>\n<li>\n<h6>Etukaari<\/h6>\n<\/li>\n<li>\n<h6>Kuomu (UPF 50+)<\/h6>\n<\/li>\n<\/ul>\n<h6><strong><em>K\u00e4tevyys ja joustavuus kaikissa tilanteissa<\/em><\/strong><\/h6>\n<h6>Avus-rattaat on suunniteltu tarjoamaan maksimaalista mukavuutta sek\u00e4 lapselle ett\u00e4 vanhemmalle. S\u00e4\u00e4dett\u00e4v\u00e4 selk\u00e4noja ja jalkatuki mahdollistavat lapsen maailman tutkimisen istuen tai tarvittaessa t\u00e4ysin vaakasuoran lepoasennon. Suuret etu- ja takapy\u00f6r\u00e4t yhdess\u00e4 integroidun jousitusj\u00e4rjestelm\u00e4n kanssa takaavat sujuvan ajon kaikilla pinnoilla.<\/h6>\n<p>&nbsp;<\/p>\n<h6><strong><em>Innovatiivinen jarruj\u00e4rjestelm\u00e4 ja kompakti rakenne<\/em><\/strong><\/h6>\n<h6>Avuksen tekee erityiseksi se, ett\u00e4 seisontajarru sijaitsee suoraan takapy\u00f6r\u00e4ss\u00e4. T\u00e4m\u00e4 poistaa jarruakselin tarpeen, tekee rattaista kevyemm\u00e4t ja tarjoaa enemm\u00e4n jalkatilaa \u2013 erityisen hy\u00f6dyllist\u00e4 pidemmille vanhemmille. K\u00e4yt\u00e4nn\u00f6llisen itsest\u00e4\u00e4n seisovan toiminnon ja kuljetuslukon ansiosta Avus -rattaat ovat erinomainen matkakumppani.<\/h6>\n<p>&nbsp;<\/p>\n<h6><strong><em>T\u00e4rkeimm\u00e4t ominaisuudet:<\/em><\/strong><\/h6>\n<ul data-spread=\"false\">\n<li>\n<h6>Turvakaukalon kiinnitysmahdollisuus<\/h6>\n<\/li>\n<li>\n<h6>Seisontajarru<\/h6>\n<\/li>\n<li>\n<h6>Jousitus kaikissa nelj\u00e4ss\u00e4 py\u00f6r\u00e4ss\u00e4<\/h6>\n<\/li>\n<li>\n<h6>K\u00e4\u00e4ntyv\u00e4t etupy\u00f6r\u00e4t<\/h6>\n<\/li>\n<li>\n<h6>Kuljetuslukko<\/h6>\n<\/li>\n<li>\n<h6>Yhdell\u00e4 k\u00e4dell\u00e4 kokoontaitettava<\/h6>\n<\/li>\n<li>\n<h6>S\u00e4\u00e4dett\u00e4v\u00e4 selk\u00e4noja ja jalkatuki<\/h6>\n<\/li>\n<li>\n<h6>5-pisteturvavy\u00f6t<\/h6>\n<\/li>\n<li>\n<h6>Universaalit kiinnityspisteet<\/h6>\n<\/li>\n<li>\n<h6>EVA-py\u00f6r\u00e4t<\/h6>\n<\/li>\n<li>\n<h6>Irrotettava turvakaari ja py\u00f6r\u00e4t<\/h6>\n<\/li>\n<li>\n<h6>Pidennett\u00e4v\u00e4 kuomu<\/h6>\n<\/li>\n<li>\n<h6>Vett\u00e4 hylkiv\u00e4 materiaali<\/h6>\n<\/li>\n<\/ul>\n<h6><strong><em>Tekniset tiedot:<\/em><\/strong><\/h6>\n<ul data-spread=\"false\">\n<li>\n<h6>Sopii i\u00e4lle: syntym\u00e4st\u00e4 l\u00e4htien<\/h6>\n<\/li>\n<li>\n<h6>Kokonaiskantavuus: 27 kg<\/h6>\n<\/li>\n<li>\n<h6>Lapsen enimm\u00e4ispaino: enint\u00e4\u00e4n 22 kg<\/h6>\n<\/li>\n<li>\n<h6>Suuri kori: jopa 5 kg:n kapasiteetti<\/h6>\n<\/li>\n<li>\n<h6>Mitat avattuna: 80 x 54 cm<\/h6>\n<\/li>\n<li>\n<h6>Ty\u00f6nt\u00f6tangon korkeus: 72 - 106 cm<\/h6>\n<\/li>\n<li>\n<h6>Mitat kokoontaitettuna: 75 x 54 x 31 cm<\/h6>\n<\/li>\n<li>\n<h6>Istuimen mitat: 23 x 35 cm<\/h6>\n<\/li>\n<li>\n<h6>Selk\u00e4nojan mitat: 35 x 49,5 cm<\/h6>\n<\/li>\n<li>\n<h6>Etupy\u00f6r\u00e4n koko: 18,5 cm<\/h6>\n<\/li>\n<li>\n<h6>Takapy\u00f6r\u00e4n koko: 26,5 cm<\/h6>\n<\/li>\n<li>\n<h6>Tuotteen paino: 9,3 kg<\/h6>\n<\/li>\n<\/ul>\n<h6><strong><em>Yhteensopivuus turvakaukaloiden kanssa:<\/em><\/strong><\/h6>\n<ul>\n<li>\n<h6><b>ABC Design:<\/b> Tulip<\/h6>\n<\/li>\n<li>\n<h6><b>Maxi-Cosi:<\/b> City, Convertible-Fix, Coral, Pebble, Pebble Plus, Pebble Pro, Pebble 360, Pebble 360 Pro, Pebble 360 Pro 2<\/h6>\n<\/li>\n<li>\n<h6><b>Cybex:<\/b> Aton, Aton 5, Aton M, Aton M i-size, Aton Q, Aton Q Plus, Aton Q i-size, Cloud T, Cloud Q, Cloud Q Plus, Cloud Z i-size, Cloud Z2 i-size<\/h6>\n<\/li>\n<li>\n<h6><b>Joie:<\/b> i-Gemm<\/h6>\n<\/li>\n<li>\n<h6><b>BeSafe: <\/b>iZi Go Modulaarinen X1 i-Size<\/h6>\n<\/li>\n<li>\n<h6><b>Avionautti:<\/b> Cosmo, Pixel, Pro<\/h6>\n<\/li>\n<\/ul>\n<h6>ABC Design Avus on ihanteellinen valinta perheille, jotka etsiv\u00e4t luotettavia, mukavia ja monipuolisia rattaita p\u00e4ivitt\u00e4iseen k\u00e4ytt\u00f6\u00f6n.<\/h6>\n<p>&nbsp;<\/p>\n<h6><em>Katso <a href=\"https:\/\/www.youtube.com\/watch?v=Y_X0zy6TBDg&amp;t=2s\" target=\"_blank\" rel=\"noopener\">esittelyvideo<\/a>, josta saat lis\u00e4tietoja.<\/em><\/h6>\n<h6><em>Oikeat py\u00f6r\u00e4t tekev\u00e4t lastenrattaiden k\u00e4yt\u00f6st\u00e4 paljon mukavampaa! Lue Hummy <a href=\"https:\/\/hummy.ee\/fi\/mitka-pyorilla-varustetut-lastenrattaat-minun-pitaisi-valita\/\" target=\"_blank\" rel=\"nofollow noopener\">-blogista<\/a>, miten voit valita itsellesi sopivan ratkaisun. <\/em><\/h6>\n","protected":false},"excerpt":{"rendered":"<h6 data-pm-slice=\"1 1 []\">ABC Design Avus -rattaat \u2013 kevyt, mukava ja k\u00e4yt\u00e4nn\u00f6llinen rattaat kaikille alustoille. ABC Design Avus on ihanteellinen rattaat sek\u00e4 kaupungin kaduille ett\u00e4 maastoon. Sen kevyt ja kompakti muotoilu takaa erinomaisen ohjattavuuden, samalla kun k\u00e4\u00e4ntyv\u00e4t etupy\u00f6r\u00e4t tekev\u00e4t liikkumisesta sujuvaa ja vaivatonta. Helppok\u00e4ytt\u00f6isen mekanismin ansiosta rattaat voidaan taittaa nopeasti ja k\u00e4tev\u00e4sti kokoon ja ottaa mukaan.<\/h6>\n","protected":false},"featured_media":40244,"comment_status":"closed","ping_status":"closed","template":"","meta":{"_acf_changed":false,"om_disable_all_campaigns":false,"_monsterinsights_skip_tracking":false,"_monsterinsights_sitenote_active":false,"_monsterinsights_sitenote_note":"","_monsterinsights_sitenote_category":0,"_uf_show_specific_survey":0,"_uf_disable_surveys":false,"site-sidebar-layout":"default","site-content-layout":"","ast-site-content-layout":"default","site-content-style":"default","site-sidebar-style":"default","ast-global-header-display":"","ast-banner-title-visibility":"","ast-main-header-display":"","ast-hfb-above-header-display":"","ast-hfb-below-header-display":"","ast-hfb-mobile-header-display":"","site-post-title":"","ast-breadcrumbs-content":"","ast-featured-img":"","footer-sml-layout":"","theme-transparent-header-meta":"default","adv-header-id-meta":"","stick-header-meta":"","header-above-stick-meta":"","header-main-stick-meta":"","header-below-stick-meta":"","astra-migrate-meta-layouts":"set","ast-page-background-enabled":"default","ast-page-background-meta":{"desktop":{"background-color":"var(--ast-global-color-4)","background-image":"","background-repeat":"repeat","background-position":"center center","background-size":"auto","background-attachment":"scroll","background-type":"","background-media":"","overlay-type":"","overlay-color":"","overlay-opacity":"","overlay-gradient":""},"tablet":{"background-color":"","background-image":"","background-repeat":"repeat","background-position":"center center","background-size":"auto","background-attachment":"scroll","background-type":"","background-media":"","overlay-type":"","overlay-color":"","overlay-opacity":"","overlay-gradient":""},"mobile":{"background-color":"","background-image":"","background-repeat":"repeat","background-position":"center center","background-size":"auto","background-attachment":"scroll","background-type":"","background-media":"","overlay-type":"","overlay-color":"","overlay-opacity":"","overlay-gradient":""}},"ast-content-background-meta":{"desktop":{"background-color":"var(--ast-global-color-5)","background-image":"","background-repeat":"repeat","background-position":"center center","background-size":"auto","background-attachment":"scroll","background-type":"","background-media":"","overlay-type":"","overlay-color":"","overlay-opacity":"","overlay-gradient":""},"tablet":{"background-color":"var(--ast-global-color-5)","background-image":"","background-repeat":"repeat","background-position":"center center","background-size":"auto","background-attachment":"scroll","background-type":"","background-media":"","overlay-type":"","overlay-color":"","overlay-opacity":"","overlay-gradient":""},"mobile":{"background-color":"var(--ast-global-color-5)","background-image":"","background-repeat":"repeat","background-position":"center center","background-size":"auto","background-attachment":"scroll","background-type":"","background-media":"","overlay-type":"","overlay-color":"","overlay-opacity":"","overlay-gradient":""}}},"product_brand":[],"product_cat":[527,507,410,565],"product_tag":[],"class_list":{"0":"post-52596","1":"product","2":"type-product","3":"status-publish","4":"has-post-thumbnail","6":"product_cat-abc-design-fi","7":"product_cat-kampanja","8":"product_cat-sailioauto","9":"product_cat-lastenrattaat","10":"desktop-align-left","11":"tablet-align-left","12":"mobile-align-left","14":"first","15":"instock","16":"sale","17":"taxable","18":"shipping-taxable","19":"purchasable","20":"product-type-variable"},"acf":[],"aioseo_notices":[],"_links":{"self":[{"href":"https:\/\/hummy.ee\/fi\/wp-json\/wp\/v2\/product\/52596","targetHints":{"allow":["GET"]}}],"collection":[{"href":"https:\/\/hummy.ee\/fi\/wp-json\/wp\/v2\/product"}],"about":[{"href":"https:\/\/hummy.ee\/fi\/wp-json\/wp\/v2\/types\/product"}],"replies":[{"embeddable":true,"href":"https:\/\/hummy.ee\/fi\/wp-json\/wp\/v2\/comments?post=52596"}],"version-history":[{"count":6,"href":"https:\/\/hummy.ee\/fi\/wp-json\/wp\/v2\/product\/52596\/revisions"}],"predecessor-version":[{"id":86849,"href":"https:\/\/hummy.ee\/fi\/wp-json\/wp\/v2\/product\/52596\/revisions\/86849"}],"wp:featuredmedia":[{"embeddable":true,"href":"https:\/\/hummy.ee\/fi\/wp-json\/wp\/v2\/media\/40244"}],"wp:attachment":[{"href":"https:\/\/hummy.ee\/fi\/wp-json\/wp\/v2\/media?parent=52596"}],"wp:term":[{"taxonomy":"product_brand","embeddable":true,"href":"https:\/\/hummy.ee\/fi\/wp-json\/wp\/v2\/product_brand?post=52596"},{"taxonomy":"product_cat","embeddable":true,"href":"https:\/\/hummy.ee\/fi\/wp-json\/wp\/v2\/product_cat?post=52596"},{"taxonomy":"product_tag","embeddable":true,"href":"https:\/\/hummy.ee\/fi\/wp-json\/wp\/v2\/product_tag?post=52596"}],"curies":[{"name":"wp","href":"https:\/\/api.w.org\/{rel}","templated":true}]}}