{"id":52556,"date":"2024-04-07T18:28:35","date_gmt":"2024-04-07T18:28:35","guid":{"rendered":"https:\/\/hummy.ee\/product\/abc-design-avus-air-rattaat\/"},"modified":"2026-04-20T15:57:39","modified_gmt":"2026-04-20T15:57:39","slug":"abc-design-avus-air-rattaat","status":"publish","type":"product","link":"https:\/\/hummy.ee\/fi\/tuote\/abc-design-avus-air-rattaat\/","title":{"rendered":"ABC Design Avus Air rattaat"},"content":{"rendered":"<h6 data-pm-slice=\"1 1 []\"><strong><em>Miksi valita Avus Air -rattaat?<\/em><\/strong><\/h6>\n<ul data-spread=\"false\">\n<li>\n<h6>Sujuva ajo kaikilla alustoilla \u2013 suuret ilmakumipy\u00f6r\u00e4t edess\u00e4 ja takana takaavat pehme\u00e4n ja vakaan liikkumisen tiepinnasta riippumatta.<\/h6>\n<\/li>\n<li>\n<h6>Helppo ohjattavuus \u2013 k\u00e4\u00e4ntyv\u00e4t etupy\u00f6r\u00e4t tekev\u00e4t rattaista eritt\u00e4in ketter\u00e4t ja helpot ohjata, mik\u00e4 tekee liikkumisesta ahtaissa paikoissa vaivatonta.<\/h6>\n<\/li>\n<li>\n<h6>S\u00e4\u00e4dett\u00e4v\u00e4 mukavuus \u2013 selk\u00e4noja ja jalkatuki ovat s\u00e4\u00e4dett\u00e4viss\u00e4, jotta lapsi voi istua, lev\u00e4t\u00e4 tai nukkua juuri h\u00e4nelle parhaiten sopivalla tavalla.<\/h6>\n<\/li>\n<li>\n<h6>Helppok\u00e4ytt\u00f6isyys vanhemmille \u2013 seisontajarru on sijoitettu suoraan takapy\u00f6r\u00e4\u00e4n, mik\u00e4 s\u00e4\u00e4st\u00e4\u00e4 tilaa ja tarjoaa enemm\u00e4n jalkatilaa.<\/h6>\n<\/li>\n<li>\n<h6>Kompakti ja helposti kokoontaitettava \u2013 Avus Air -rattaat on varustettu k\u00e4yt\u00e4nn\u00f6llisell\u00e4 itsest\u00e4\u00e4n seisovalla toiminnolla, jonka ansiosta ne on helppo pys\u00e4k\u00f6id\u00e4 ja s\u00e4ilytt\u00e4\u00e4.<\/h6>\n<\/li>\n<li>\n<h6>Muuttuu matkustusj\u00e4rjestelm\u00e4ksi \u2013 adapterien avulla runkoon voidaan kiinnitt\u00e4\u00e4 turvakaukalo, mik\u00e4 mahdollistaa rattaiden k\u00e4yt\u00f6n jo syntym\u00e4st\u00e4 l\u00e4htien.<\/h6>\n<\/li>\n<\/ul>\n<h6><strong><em>Laatikon sis\u00e4lt\u00f6:<\/em><\/strong><\/h6>\n<ul data-spread=\"false\">\n<li>\n<h6>Istuinosa<\/h6>\n<\/li>\n<li>\n<h6>Etukaari<\/h6>\n<\/li>\n<li>\n<h6>Kuomu (UPF 50+)<\/h6>\n<\/li>\n<\/ul>\n<h6><strong><em>Tekniset tiedot:<\/em><\/strong><\/h6>\n<ul data-spread=\"false\">\n<li>\n<h6>Lapsen enimm\u00e4ispaino: 22 kg<\/h6>\n<\/li>\n<li>\n<h6>Kokonaiskantavuus: 27 kg (kori mukaan lukien)<\/h6>\n<\/li>\n<li>\n<h6>Suuri kori: mahtuu jopa 5 kg<\/h6>\n<\/li>\n<li>\n<h6>Vaunun mitat avattuna: 80 x 54 cm<\/h6>\n<\/li>\n<li>\n<h6>Koottuna: 69 x 55,5 x 28,5 cm<\/h6>\n<\/li>\n<li>\n<h6>Istuimet: 23 x 35 cm<\/h6>\n<\/li>\n<li>\n<h6>Selk\u00e4nojan koko: 35 x 49,5 cm<\/h6>\n<\/li>\n<li>\n<h6>Etupy\u00f6r\u00e4t: 19,5 cm, takapy\u00f6r\u00e4t: 26,5 cm<\/h6>\n<\/li>\n<li>\n<h6>Tuotteen paino: 9,3 kg<\/h6>\n<\/li>\n<\/ul>\n<h6><strong><em>Lis\u00e4ominaisuudet:<\/em><\/strong><\/h6>\n<ul>\n<li>\n<h6>Seisontajarru ja jousitus kaikissa nelj\u00e4ss\u00e4 py\u00f6r\u00e4ss\u00e4<\/h6>\n<\/li>\n<li>\n<h6>Irrotettava etukaari<\/h6>\n<\/li>\n<li>\n<h6>Pidennett\u00e4v\u00e4, vett\u00e4hylkiv\u00e4 kuomu<\/h6>\n<\/li>\n<li>\n<h6>S\u00e4\u00e4dett\u00e4v\u00e4t 5-pisteturvavy\u00f6t<\/h6>\n<\/li>\n<li>\n<h6>Korkeuss\u00e4\u00e4dett\u00e4v\u00e4 ty\u00f6nt\u00f6tanko<\/h6>\n<\/li>\n<li>\n<h6>Kuljetuslukko takaa turvallisen s\u00e4ilytyksen<\/h6>\n<\/li>\n<\/ul>\n<h6><strong><em>Avus Air on yhteensopiva seuraavien turvakaukaloiden kanssa:<\/em><\/strong><\/h6>\n<ul>\n<li>\n<h6><b>ABC Design:<\/b> Tulip<\/h6>\n<\/li>\n<li>\n<h6><b>Maxi-Cosi:<\/b> City, Cabrio-Fix, Coral, Pebble, Pebble Plus, Pebble Pro, Pebble 360, Pebble 360 Pro, Pebble 360 Pro 2<\/h6>\n<\/li>\n<li>\n<h6><b>Cybex:<\/b> Aton, Aton 5, Aton M, Aton M i-size, Aton Q, Aton Q Plus, Aton Q i-size, Cloud T, Cloud Q, Cloud Q Plus, Cloud Z i-size, Cloud Z2 i-size<\/h6>\n<\/li>\n<li>\n<h6><b>Joie:<\/b> i-Gemm<\/h6>\n<\/li>\n<li>\n<h6><b>BeSafe: <\/b>iZi Go Modular X1 i-Size<\/h6>\n<\/li>\n<li>\n<h6><b>Avionaut:<\/b> Cosmo, Pixel, Pro<\/h6>\n<\/li>\n<\/ul>\n<h6>ABC Design Avus Air -rattaat on \u00e4lyk\u00e4s valinta vanhemmille, jotka arvostavat mukavuutta, kest\u00e4vyytt\u00e4 ja joustavuutta. Minne el\u00e4m\u00e4 sinut viekin, n\u00e4m\u00e4 rattaat takaavat lapsellesi miellytt\u00e4v\u00e4n ja turvallisen kyydin! <\/h6>\n<p>&nbsp;<\/p>\n<h6><em>Katso <a href=\"https:\/\/www.youtube.com\/watch?v=XkQ3_6lrcLI\">esittelyvideo<\/a>, josta saat lis\u00e4tietoja.<\/em><\/h6>\n<h6><em>Oikeat py\u00f6r\u00e4t tekev\u00e4t lastenrattaiden k\u00e4yt\u00f6st\u00e4 paljon mukavampaa! Lue <a href=\"https:\/\/hummy.ee\/fi\/mitka-pyorilla-varustetut-lastenrattaat-minun-pitaisi-valita\/\" target=\"_blank\" rel=\"nofollow noopener\">blogistamme<\/a>, miten voit valita sinulle sopivan ratkaisun. <\/em><\/h6>\n","protected":false},"excerpt":{"rendered":"<h6 data-pm-slice=\"1 1 []\">ABC Design Avus Air -rattaat \u2013 mukavuutta ja monipuolisuutta kaikilla alustoilla! Etsitk\u00f6 rattaita, jotka pysyv\u00e4t aktiivisen el\u00e4m\u00e4ntyylisi mukana? ABC Design Avus Air -rattaat on suunniteltu juuri siihen! Olipa kyse k\u00e4velyist\u00e4 kaupungin kaduilla tai mets\u00e4polkujen tutkimisesta, n\u00e4m\u00e4 rattaat takaavat sujuvan ja mukavan ajon kaikilla pinnoilla. Avus Air on varustettu tehokkailla ilmakumipy\u00f6rill\u00e4 ja integroidulla jousituksella, jotka takaavat poikkeuksellisen pehme\u00e4n kyydin niin tasaisella asfaltilla kuin ep\u00e4tasaisilla mets\u00e4teill\u00e4. Se on ihanteellinen valinta vanhemmille, jotka arvostavat tinkim\u00e4t\u00f6nt\u00e4 laatua, turvallisuutta ja k\u00e4ytt\u00f6mukavuutta.     <\/h6>\n<h6><\/h6>\n","protected":false},"featured_media":40520,"comment_status":"closed","ping_status":"closed","template":"","meta":{"_acf_changed":false,"om_disable_all_campaigns":false,"_monsterinsights_skip_tracking":false,"_monsterinsights_sitenote_active":false,"_monsterinsights_sitenote_note":"","_monsterinsights_sitenote_category":0,"_uf_show_specific_survey":0,"_uf_disable_surveys":false,"site-sidebar-layout":"default","site-content-layout":"","ast-site-content-layout":"default","site-content-style":"default","site-sidebar-style":"default","ast-global-header-display":"","ast-banner-title-visibility":"","ast-main-header-display":"","ast-hfb-above-header-display":"","ast-hfb-below-header-display":"","ast-hfb-mobile-header-display":"","site-post-title":"","ast-breadcrumbs-content":"","ast-featured-img":"","footer-sml-layout":"","theme-transparent-header-meta":"default","adv-header-id-meta":"","stick-header-meta":"","header-above-stick-meta":"","header-main-stick-meta":"","header-below-stick-meta":"","astra-migrate-meta-layouts":"set","ast-page-background-enabled":"default","ast-page-background-meta":{"desktop":{"background-color":"var(--ast-global-color-4)","background-image":"","background-repeat":"repeat","background-position":"center center","background-size":"auto","background-attachment":"scroll","background-type":"","background-media":"","overlay-type":"","overlay-color":"","overlay-opacity":"","overlay-gradient":""},"tablet":{"background-color":"","background-image":"","background-repeat":"repeat","background-position":"center center","background-size":"auto","background-attachment":"scroll","background-type":"","background-media":"","overlay-type":"","overlay-color":"","overlay-opacity":"","overlay-gradient":""},"mobile":{"background-color":"","background-image":"","background-repeat":"repeat","background-position":"center center","background-size":"auto","background-attachment":"scroll","background-type":"","background-media":"","overlay-type":"","overlay-color":"","overlay-opacity":"","overlay-gradient":""}},"ast-content-background-meta":{"desktop":{"background-color":"var(--ast-global-color-5)","background-image":"","background-repeat":"repeat","background-position":"center center","background-size":"auto","background-attachment":"scroll","background-type":"","background-media":"","overlay-type":"","overlay-color":"","overlay-opacity":"","overlay-gradient":""},"tablet":{"background-color":"var(--ast-global-color-5)","background-image":"","background-repeat":"repeat","background-position":"center center","background-size":"auto","background-attachment":"scroll","background-type":"","background-media":"","overlay-type":"","overlay-color":"","overlay-opacity":"","overlay-gradient":""},"mobile":{"background-color":"var(--ast-global-color-5)","background-image":"","background-repeat":"repeat","background-position":"center center","background-size":"auto","background-attachment":"scroll","background-type":"","background-media":"","overlay-type":"","overlay-color":"","overlay-opacity":"","overlay-gradient":""}}},"product_brand":[],"product_cat":[527,507,410,565],"product_tag":[],"class_list":{"0":"post-52556","1":"product","2":"type-product","3":"status-publish","4":"has-post-thumbnail","6":"product_cat-abc-design-fi","7":"product_cat-kampanja","8":"product_cat-sailioauto","9":"product_cat-lastenrattaat","10":"desktop-align-left","11":"tablet-align-left","12":"mobile-align-left","14":"first","15":"instock","16":"sale","17":"taxable","18":"shipping-taxable","19":"purchasable","20":"product-type-variable"},"acf":[],"aioseo_notices":[],"_links":{"self":[{"href":"https:\/\/hummy.ee\/fi\/wp-json\/wp\/v2\/product\/52556","targetHints":{"allow":["GET"]}}],"collection":[{"href":"https:\/\/hummy.ee\/fi\/wp-json\/wp\/v2\/product"}],"about":[{"href":"https:\/\/hummy.ee\/fi\/wp-json\/wp\/v2\/types\/product"}],"replies":[{"embeddable":true,"href":"https:\/\/hummy.ee\/fi\/wp-json\/wp\/v2\/comments?post=52556"}],"version-history":[{"count":11,"href":"https:\/\/hummy.ee\/fi\/wp-json\/wp\/v2\/product\/52556\/revisions"}],"predecessor-version":[{"id":87354,"href":"https:\/\/hummy.ee\/fi\/wp-json\/wp\/v2\/product\/52556\/revisions\/87354"}],"wp:featuredmedia":[{"embeddable":true,"href":"https:\/\/hummy.ee\/fi\/wp-json\/wp\/v2\/media\/40520"}],"wp:attachment":[{"href":"https:\/\/hummy.ee\/fi\/wp-json\/wp\/v2\/media?parent=52556"}],"wp:term":[{"taxonomy":"product_brand","embeddable":true,"href":"https:\/\/hummy.ee\/fi\/wp-json\/wp\/v2\/product_brand?post=52556"},{"taxonomy":"product_cat","embeddable":true,"href":"https:\/\/hummy.ee\/fi\/wp-json\/wp\/v2\/product_cat?post=52556"},{"taxonomy":"product_tag","embeddable":true,"href":"https:\/\/hummy.ee\/fi\/wp-json\/wp\/v2\/product_tag?post=52556"}],"curies":[{"name":"wp","href":"https:\/\/api.w.org\/{rel}","templated":true}]}}