{"id":52443,"date":"2024-04-07T18:37:44","date_gmt":"2024-04-07T18:37:44","guid":{"rendered":"https:\/\/hummy.ee\/product\/abc-design-tulip-i-size-turvakehikko\/"},"modified":"2026-04-17T06:44:38","modified_gmt":"2026-04-17T06:44:38","slug":"abc-design-tulip-i-size-turvakaukalo","status":"publish","type":"product","link":"https:\/\/hummy.ee\/fi\/tuote\/abc-design-tulip-i-size-turvakaukalo\/","title":{"rendered":"ABC Design Tulip i-Size turvakaukalo"},"content":{"rendered":"<h6>Tunnustettu turvallisuus! Tulip on saanut ADACin ja Stiftung Warentestin testeiss\u00e4 arvosanan \u201chyv\u00e4\u201d (2,2), mik\u00e4 vahvistaa sen olevan yksi turvallisimmista valinnoista vauvallesi.<\/h6>\n<p>&nbsp;<\/p>\n<h6><strong><em>Maksimaalinen turvallisuus ja mukavuus \u2013 joka hetki<\/em><\/strong><\/h6>\n<ul>\n<li data-start=\"699\" data-end=\"992\">\n<h6>S\u00e4\u00e4dett\u00e4v\u00e4 niskatuki \u2013 mukautuu vauvan kasvuun ja tarjoaa optimaalisen tuen<\/h6>\n<\/li>\n<li data-start=\"699\" data-end=\"992\">\n<h6>Irrotettava istuintyyny \u2013 lis\u00e4\u00e4 mukavuutta ja tukea liikkeell\u00e4 ollessa<\/h6>\n<\/li>\n<li data-start=\"699\" data-end=\"992\">\n<h6>Kumipintainen pohja \u2013 antaa kehdon keinua kevyesti<\/h6>\n<\/li>\n<li data-start=\"699\" data-end=\"992\">\n<h6>Hyv\u00e4\u201d (2,2) turvallisuusluokitus \u2013 ADACin ja Stiftung Warentestin my\u00f6nt\u00e4m\u00e4 tunnustus<\/h6>\n<\/li>\n<\/ul>\n<h6><strong><em>Helppo kiinnitys sek\u00e4 autoon ett\u00e4 lastenvaunuihin<\/em><\/strong><\/h6>\n<ul>\n<li data-start=\"1055\" data-end=\"1316\">\n<h6>Nopea kuljetusj\u00e4rjestelm\u00e4 \u2013 kiinnit\u00e4 telakka ABC Design -vaunun runkoon vain muutamassa hetkess\u00e4<\/h6>\n<\/li>\n<li data-start=\"1055\" data-end=\"1316\">\n<h6>Yhteensopiva<a href=\"https:\/\/hummy.ee\/fi\/tuote\/abc-design-isofix-base-root-telakka\/\" target=\"_blank\" rel=\"noopener\"> Isofix Root -telakan<\/a> kanssa \u2013 takaa turvallisen ja vakaan asennuksen autoon<\/h6>\n<\/li>\n<li data-start=\"1055\" data-end=\"1316\">\n<h6>Irrotettava ja pest\u00e4v\u00e4 p\u00e4\u00e4llinen \u2013 helppohoitoinen ja raikas jokaisella k\u00e4ytt\u00f6kerralla<\/h6>\n<\/li>\n<\/ul>\n<h6><strong><em>Tekniset tiedot<\/em><\/strong><\/h6>\n<ul>\n<li data-start=\"1352\" data-end=\"1469\">\n<h6>Mitat: 64 x 44 x 59 cm<\/h6>\n<\/li>\n<li data-start=\"1352\" data-end=\"1469\">\n<h6>Paino: 3,95 kg<\/h6>\n<\/li>\n<li data-start=\"1352\" data-end=\"1469\">\n<h6>Sopii: 0-15 kk, 45-85 cm, enint\u00e4\u00e4n 13 kg<\/h6>\n<\/li>\n<\/ul>\n<h6><strong><em>Sopii seuraaviin ABC Design -vaunumalleihin:<\/em><\/strong><\/h6>\n<ul>\n<li data-start=\"1534\" data-end=\"1745\">\n<h6>Ping \/ Ping Trekking<\/h6>\n<\/li>\n<li data-start=\"1534\" data-end=\"1745\">\n<h6>Avus \/ Avus Air<\/h6>\n<\/li>\n<li data-start=\"1534\" data-end=\"1745\">\n<h6>Samba<\/h6>\n<\/li>\n<li data-start=\"1534\" data-end=\"1745\">\n<h6>Salsa<\/h6>\n<\/li>\n<li data-start=\"1534\" data-end=\"1745\">\n<h6>Zoom<\/h6>\n<\/li>\n<\/ul>\n<h6>ABC Design Tulip -turvakaukalo on turvallinen, mukava ja k\u00e4yt\u00e4nn\u00f6llinen valinta jokaiselle vanhemmalle. Se tarjoaa vauvallesi korkean tason suojan ja optimaalisen mukavuuden jokaisella automatkalla ja k\u00e4velyretkell\u00e4.<\/h6>\n<p>&nbsp;<\/p>\n<h6><em>Katso <a href=\"https:\/\/www.youtube.com\/watch?v=tzVPv3UReXk\">esittelyvideo<\/a>, josta saat lis\u00e4tietoja.<\/em><\/h6>\n","protected":false},"excerpt":{"rendered":"<h6 data-start=\"66\" data-end=\"459\">ABC Design Tulip -turvakaukalo on ihanteellinen kumppani vauvan ensimm\u00e4isen elinvuoden ajaksi, tarjoten korkeimman tason turvallisuutta ja mukavuutta jokaisella automatkalla. Se sopii 0\u201315 kuukauden ik\u00e4isille, 45\u201385 cm pituisille tai enint\u00e4\u00e4n 13 kg painaville lapsille. S\u00e4\u00e4dett\u00e4v\u00e4 p\u00e4\u00e4ntuki ja integroitu istuintyyny tarjoavat ergonomista tukea, ja kaareva pohja mahdollistaa keinuttamisen, auttaen vauvaa rauhoittumaan ja nukahtamaan.<\/h6>\n<h6 data-start=\"461\" data-end=\"639\"><\/h6>\n","protected":false},"featured_media":77594,"comment_status":"closed","ping_status":"closed","template":"","meta":{"_acf_changed":false,"om_disable_all_campaigns":false,"_monsterinsights_skip_tracking":false,"_monsterinsights_sitenote_active":false,"_monsterinsights_sitenote_note":"","_monsterinsights_sitenote_category":0,"_uf_show_specific_survey":0,"_uf_disable_surveys":false,"site-sidebar-layout":"default","site-content-layout":"","ast-site-content-layout":"default","site-content-style":"default","site-sidebar-style":"default","ast-global-header-display":"","ast-banner-title-visibility":"","ast-main-header-display":"","ast-hfb-above-header-display":"","ast-hfb-below-header-display":"","ast-hfb-mobile-header-display":"","site-post-title":"","ast-breadcrumbs-content":"","ast-featured-img":"","footer-sml-layout":"","theme-transparent-header-meta":"default","adv-header-id-meta":"","stick-header-meta":"","header-above-stick-meta":"","header-main-stick-meta":"","header-below-stick-meta":"","astra-migrate-meta-layouts":"set","ast-page-background-enabled":"default","ast-page-background-meta":{"desktop":{"background-color":"var(--ast-global-color-4)","background-image":"","background-repeat":"repeat","background-position":"center center","background-size":"auto","background-attachment":"scroll","background-type":"","background-media":"","overlay-type":"","overlay-color":"","overlay-opacity":"","overlay-gradient":""},"tablet":{"background-color":"","background-image":"","background-repeat":"repeat","background-position":"center center","background-size":"auto","background-attachment":"scroll","background-type":"","background-media":"","overlay-type":"","overlay-color":"","overlay-opacity":"","overlay-gradient":""},"mobile":{"background-color":"","background-image":"","background-repeat":"repeat","background-position":"center center","background-size":"auto","background-attachment":"scroll","background-type":"","background-media":"","overlay-type":"","overlay-color":"","overlay-opacity":"","overlay-gradient":""}},"ast-content-background-meta":{"desktop":{"background-color":"var(--ast-global-color-5)","background-image":"","background-repeat":"repeat","background-position":"center center","background-size":"auto","background-attachment":"scroll","background-type":"","background-media":"","overlay-type":"","overlay-color":"","overlay-opacity":"","overlay-gradient":""},"tablet":{"background-color":"var(--ast-global-color-5)","background-image":"","background-repeat":"repeat","background-position":"center center","background-size":"auto","background-attachment":"scroll","background-type":"","background-media":"","overlay-type":"","overlay-color":"","overlay-opacity":"","overlay-gradient":""},"mobile":{"background-color":"var(--ast-global-color-5)","background-image":"","background-repeat":"repeat","background-position":"center center","background-size":"auto","background-attachment":"scroll","background-type":"","background-media":"","overlay-type":"","overlay-color":"","overlay-opacity":"","overlay-gradient":""}}},"product_brand":[],"product_cat":[527,691],"product_tag":[],"class_list":{"0":"post-52443","1":"product","2":"type-product","3":"status-publish","4":"has-post-thumbnail","6":"product_cat-abc-design-fi","7":"product_cat-turvaistuimet","8":"desktop-align-left","9":"tablet-align-left","10":"mobile-align-left","12":"first","13":"instock","14":"taxable","15":"shipping-taxable","16":"purchasable","17":"product-type-variable"},"acf":[],"aioseo_notices":[],"_links":{"self":[{"href":"https:\/\/hummy.ee\/fi\/wp-json\/wp\/v2\/product\/52443","targetHints":{"allow":["GET"]}}],"collection":[{"href":"https:\/\/hummy.ee\/fi\/wp-json\/wp\/v2\/product"}],"about":[{"href":"https:\/\/hummy.ee\/fi\/wp-json\/wp\/v2\/types\/product"}],"replies":[{"embeddable":true,"href":"https:\/\/hummy.ee\/fi\/wp-json\/wp\/v2\/comments?post=52443"}],"version-history":[{"count":6,"href":"https:\/\/hummy.ee\/fi\/wp-json\/wp\/v2\/product\/52443\/revisions"}],"predecessor-version":[{"id":86870,"href":"https:\/\/hummy.ee\/fi\/wp-json\/wp\/v2\/product\/52443\/revisions\/86870"}],"wp:featuredmedia":[{"embeddable":true,"href":"https:\/\/hummy.ee\/fi\/wp-json\/wp\/v2\/media\/77594"}],"wp:attachment":[{"href":"https:\/\/hummy.ee\/fi\/wp-json\/wp\/v2\/media?parent=52443"}],"wp:term":[{"taxonomy":"product_brand","embeddable":true,"href":"https:\/\/hummy.ee\/fi\/wp-json\/wp\/v2\/product_brand?post=52443"},{"taxonomy":"product_cat","embeddable":true,"href":"https:\/\/hummy.ee\/fi\/wp-json\/wp\/v2\/product_cat?post=52443"},{"taxonomy":"product_tag","embeddable":true,"href":"https:\/\/hummy.ee\/fi\/wp-json\/wp\/v2\/product_tag?post=52443"}],"curies":[{"name":"wp","href":"https:\/\/api.w.org\/{rel}","templated":true}]}}