{"id":52402,"date":"2024-04-07T18:39:00","date_gmt":"2024-04-07T18:39:00","guid":{"rendered":"https:\/\/hummy.ee\/product\/abc-design-lily-i-size-turvakaukalo\/"},"modified":"2026-04-17T07:08:36","modified_gmt":"2026-04-17T07:08:36","slug":"abc-design-lily-i-size-turvaistuin","status":"publish","type":"product","link":"https:\/\/hummy.ee\/fi\/tuote\/abc-design-lily-i-size-turvaistuin\/","title":{"rendered":"ABC Design Lily i-Size turvaistuin"},"content":{"rendered":"<h6><strong><em>Miksi valita ABC Design Lily i-Size?<\/em><\/strong><\/h6>\n<h6>360\u00b0 k\u00e4\u00e4ntyv\u00e4 ISOFIX-j\u00e4rjestelm\u00e4 \u2013 mukavuutta jokaiseen hetkeen<\/h6>\n<h6>Yhdist\u00e4m\u00e4ll\u00e4 Lily i-Size -turvaistuimen Isofix Base Root -telakkaan saat k\u00e4ytt\u00f6\u00f6si 360\u00b0 k\u00e4\u00e4nt\u00f6toiminnon, joka helpottaa lapsen nostamista autoon enemm\u00e4n kuin koskaan. Ei en\u00e4\u00e4 kurottelua tai selk\u00e4kipuja \u2013 k\u00e4\u00e4nn\u00e4 istuin itse\u00e4si kohti, kiinnit\u00e4 lapsi turvallisesti ja k\u00e4\u00e4nn\u00e4 istuin haluttuun suuntaan!<\/h6>\n<p>&nbsp;<\/p>\n<h6><strong><em>Kasvaa lapsesi mukana<\/em><\/strong><\/h6>\n<ul>\n<li data-start=\"998\" data-end=\"1247\">\n<h6>Sopii syntym\u00e4st\u00e4 4-vuotiaille (45-105 cm)<\/h6>\n<\/li>\n<li data-start=\"998\" data-end=\"1247\">\n<h6>10-portainen s\u00e4\u00e4dett\u00e4v\u00e4 p\u00e4\u00e4ntuki \u2013 aina t\u00e4ydellinen istuvuus<\/h6>\n<\/li>\n<li data-start=\"998\" data-end=\"1247\">\n<h6>Irrotettava vauvan sis\u00e4osa \u2013 t\u00e4ydellinen vastasyntyneelle<\/h6>\n<\/li>\n<li data-start=\"998\" data-end=\"1247\">\n<h6>3 erilaista istuma- ja makuuasentoa \u2013 takaa mukavuuden my\u00f6s pitkill\u00e4 matkoilla<\/h6>\n<\/li>\n<\/ul>\n<h6><\/h6>\n<h6><strong><em>Maksimaalinen turvallisuus jokaisella matkalla<\/em><\/strong><\/h6>\n<h6>Lily i-Size on suunniteltu t\u00e4ytt\u00e4m\u00e4\u00e4n uusimmat i-Size-turvallisuusstandardit, mik\u00e4 tarjoaa lapsellesi paremman suojan kaikissa ik\u00e4ryhmiss\u00e4.<\/h6>\n<ul>\n<li>\n<h6>Selk\u00e4 menosuuntaan 15 kuukauden ik\u00e4\u00e4n asti (45\u201376 cm) \u2013 maksimaalisen turvallisuuden varmistamiseksi suositeltu k\u00e4ytt\u00f6asento.<\/h6>\n<\/li>\n<li>\n<h6>5-pisteen turvavy\u00f6t pehmeill\u00e4 olkatyynyill\u00e4 \u2013 turvalliset ja mukavat.<\/h6>\n<\/li>\n<li>\n<h6>Sivut\u00f6rm\u00e4yssuojaus \u2013 jakaa t\u00f6rm\u00e4ysvoiman tasaisesti ja suojaa p\u00e4\u00e4t\u00e4, niskaa ja vartaloa.<\/h6>\n<\/li>\n<li>\n<h6>Energiaa vaimentava kotelo \u2013 v\u00e4hent\u00e4\u00e4 t\u00f6rm\u00e4ysvaurioiden riski\u00e4 ja parantaa turvallisuutta.<\/h6>\n<\/li>\n<\/ul>\n<h6><strong><em>Tekniset tiedot:<\/em><\/strong><\/h6>\n<ul>\n<li data-start=\"1784\" data-end=\"2027\">\n<h6>Mitat: 59 x 41 x 57 cm<\/h6>\n<\/li>\n<li data-start=\"1784\" data-end=\"2027\">\n<h6>Paino: 7,05 kg<\/h6>\n<\/li>\n<li data-start=\"1784\" data-end=\"2027\">\n<h6>Lapsen pituus: 45-105 cm<\/h6>\n<\/li>\n<li data-start=\"1784\" data-end=\"2027\">\n<h6>Ik\u00e4suositus: syntym\u00e4st\u00e4 4 vuoden ik\u00e4\u00e4n<\/h6>\n<\/li>\n<li data-start=\"1784\" data-end=\"2027\">\n<h6>Kiinnitys: <a href=\"https:\/\/hummy.ee\/fi\/tuote\/abc-design-isofix-base-root-telakka\/\">Isofix Base Root -telakka<\/a> (myyd\u00e4\u00e4n erikseen)<\/h6>\n<\/li>\n<li data-start=\"1784\" data-end=\"2027\">\n<h6>Ajosuunnat: selk\u00e4 menosuuntaan (suositellaan) ja kasvot menosuuntaan<\/h6>\n<\/li>\n<\/ul>\n<h6>ABC Design Lily i-Size -turvaistuin yhdist\u00e4\u00e4 innovatiivisen muotoilun, helppok\u00e4ytt\u00f6isyyden ja korkeimman turvallisuustason. Tee jokaisesta automatkasta rauhallinen ja huoleton tiet\u00e4en, ett\u00e4 pienokaisesi matkustaa parhaassa mahdollisessa turvaistuimessa!<\/h6>\n<p>&nbsp;<\/p>\n<h6><em>Katso <a href=\"https:\/\/www.youtube.com\/watch?v=_6WP65u7uG8\">esittelyvideo<\/a>, josta saat lis\u00e4tietoja.<\/em><\/h6>\n","protected":false},"excerpt":{"rendered":"<h6 data-start=\"59\" data-end=\"150\">ABC Design Lily i-Size -turvaistuin \u2013 turvallisuutta ja mukavuutta ensimm\u00e4isille nelj\u00e4lle elinvuodelle. Lapsesi turvallisuus ja mukavuus automatkalla ovat ensisijaisen t\u00e4rkeit\u00e4! ABC Design Lily i-Size -turvaistuin tarjoaa ensiluokkaista suojaa ja optimaalista ergonomiaa syntym\u00e4st\u00e4 nelj\u00e4n vuoden ik\u00e4\u00e4n asti (45\u2013105 cm). Isofix Base Root -telakan ansiosta istuinta voidaan k\u00e4ytt\u00e4\u00e4 sek\u00e4 selk\u00e4 ett\u00e4 kasvot menosuuntaan, mik\u00e4 mahdollistaa mukavan ja turvallisen matkustamisen lapsen i\u00e4n ja tarpeiden mukaan.<\/h6>\n","protected":false},"featured_media":23088,"comment_status":"closed","ping_status":"closed","template":"","meta":{"_acf_changed":false,"om_disable_all_campaigns":false,"_monsterinsights_skip_tracking":false,"_monsterinsights_sitenote_active":false,"_monsterinsights_sitenote_note":"","_monsterinsights_sitenote_category":0,"_uf_show_specific_survey":0,"_uf_disable_surveys":false,"site-sidebar-layout":"default","site-content-layout":"","ast-site-content-layout":"default","site-content-style":"default","site-sidebar-style":"default","ast-global-header-display":"","ast-banner-title-visibility":"","ast-main-header-display":"","ast-hfb-above-header-display":"","ast-hfb-below-header-display":"","ast-hfb-mobile-header-display":"","site-post-title":"","ast-breadcrumbs-content":"","ast-featured-img":"","footer-sml-layout":"","theme-transparent-header-meta":"default","adv-header-id-meta":"","stick-header-meta":"","header-above-stick-meta":"","header-main-stick-meta":"","header-below-stick-meta":"","astra-migrate-meta-layouts":"set","ast-page-background-enabled":"default","ast-page-background-meta":{"desktop":{"background-color":"var(--ast-global-color-4)","background-image":"","background-repeat":"repeat","background-position":"center center","background-size":"auto","background-attachment":"scroll","background-type":"","background-media":"","overlay-type":"","overlay-color":"","overlay-opacity":"","overlay-gradient":""},"tablet":{"background-color":"","background-image":"","background-repeat":"repeat","background-position":"center center","background-size":"auto","background-attachment":"scroll","background-type":"","background-media":"","overlay-type":"","overlay-color":"","overlay-opacity":"","overlay-gradient":""},"mobile":{"background-color":"","background-image":"","background-repeat":"repeat","background-position":"center center","background-size":"auto","background-attachment":"scroll","background-type":"","background-media":"","overlay-type":"","overlay-color":"","overlay-opacity":"","overlay-gradient":""}},"ast-content-background-meta":{"desktop":{"background-color":"var(--ast-global-color-5)","background-image":"","background-repeat":"repeat","background-position":"center center","background-size":"auto","background-attachment":"scroll","background-type":"","background-media":"","overlay-type":"","overlay-color":"","overlay-opacity":"","overlay-gradient":""},"tablet":{"background-color":"var(--ast-global-color-5)","background-image":"","background-repeat":"repeat","background-position":"center center","background-size":"auto","background-attachment":"scroll","background-type":"","background-media":"","overlay-type":"","overlay-color":"","overlay-opacity":"","overlay-gradient":""},"mobile":{"background-color":"var(--ast-global-color-5)","background-image":"","background-repeat":"repeat","background-position":"center center","background-size":"auto","background-attachment":"scroll","background-type":"","background-media":"","overlay-type":"","overlay-color":"","overlay-opacity":"","overlay-gradient":""}}},"product_brand":[],"product_cat":[527,691],"product_tag":[],"class_list":{"0":"post-52402","1":"product","2":"type-product","3":"status-publish","4":"has-post-thumbnail","6":"product_cat-abc-design-fi","7":"product_cat-turvaistuimet","8":"desktop-align-left","9":"tablet-align-left","10":"mobile-align-left","12":"first","13":"instock","14":"taxable","15":"shipping-taxable","16":"purchasable","17":"product-type-variable"},"acf":[],"aioseo_notices":[],"_links":{"self":[{"href":"https:\/\/hummy.ee\/fi\/wp-json\/wp\/v2\/product\/52402","targetHints":{"allow":["GET"]}}],"collection":[{"href":"https:\/\/hummy.ee\/fi\/wp-json\/wp\/v2\/product"}],"about":[{"href":"https:\/\/hummy.ee\/fi\/wp-json\/wp\/v2\/types\/product"}],"replies":[{"embeddable":true,"href":"https:\/\/hummy.ee\/fi\/wp-json\/wp\/v2\/comments?post=52402"}],"version-history":[{"count":4,"href":"https:\/\/hummy.ee\/fi\/wp-json\/wp\/v2\/product\/52402\/revisions"}],"predecessor-version":[{"id":86877,"href":"https:\/\/hummy.ee\/fi\/wp-json\/wp\/v2\/product\/52402\/revisions\/86877"}],"wp:featuredmedia":[{"embeddable":true,"href":"https:\/\/hummy.ee\/fi\/wp-json\/wp\/v2\/media\/23088"}],"wp:attachment":[{"href":"https:\/\/hummy.ee\/fi\/wp-json\/wp\/v2\/media?parent=52402"}],"wp:term":[{"taxonomy":"product_brand","embeddable":true,"href":"https:\/\/hummy.ee\/fi\/wp-json\/wp\/v2\/product_brand?post=52402"},{"taxonomy":"product_cat","embeddable":true,"href":"https:\/\/hummy.ee\/fi\/wp-json\/wp\/v2\/product_cat?post=52402"},{"taxonomy":"product_tag","embeddable":true,"href":"https:\/\/hummy.ee\/fi\/wp-json\/wp\/v2\/product_tag?post=52402"}],"curies":[{"name":"wp","href":"https:\/\/api.w.org\/{rel}","templated":true}]}}